{"id":541,"date":"2024-12-17T19:13:01","date_gmt":"2024-12-17T18:13:01","guid":{"rendered":"https:\/\/zaragoza.wordcamp.org\/2025\/?page_id=541"},"modified":"2025-11-20T09:46:15","modified_gmt":"2025-11-20T08:46:15","slug":"ubicacion","status":"publish","type":"page","link":"https:\/\/zaragoza.wordcamp.org\/2026\/ubicacion","title":{"rendered":"Ubicaci\u00f3n"},"content":{"rendered":"\n<h2 class=\"wp-block-heading has-text-align-center has-contrast-color has-text-color has-link-color has-x-large-font-size wp-elements-8e150bb9ab821ed26ce9af866eb55eee\" style=\"padding-bottom:var(--wp--preset--spacing--30)\"><strong>ETOPIA Centro de emprendimiento, innovaci\u00f3n y tecnolog\u00eda<\/strong><\/h2>\n\n\n\n<div class=\"wp-block-cover alignfull\"><span aria-hidden=\"true\" class=\"wp-block-cover__background has-background-dim-100 has-background-dim\"><\/span><div class=\"wp-block-cover__inner-container has-global-padding is-layout-constrained wp-container-core-cover-is-layout-704e782a wp-block-cover-is-layout-constrained\">\n<div class=\"wp-block-columns has-accent-3-background-color has-background is-layout-flex wp-container-core-columns-is-layout-1a2ddb66 wp-block-columns-is-layout-flex\" style=\"border-radius:25px;padding-right:var(--wp--preset--spacing--30);padding-left:var(--wp--preset--spacing--30)\">\n<div class=\"wp-block-column has-base-color has-text-color has-link-color wp-elements-f6e90697b73df79c9c2ec0c445320e5a is-layout-flow wp-block-column-is-layout-flow\" style=\"padding-top:0;padding-bottom:0;flex-basis:60%\">\n<figure class=\"wp-block-image size-full is-resized has-custom-border\"><img data-recalc-dims=\"1\" decoding=\"async\" src=\"https:\/\/i0.wp.com\/zaragoza.wordcamp.org\/2024\/files\/2023\/11\/etopia-zaragoza.webp?ssl=1\" alt=\"\" class=\"wp-image-1647\" style=\"border-radius:25px;width:528px;height:auto\" \/><\/figure>\n<\/div>\n\n\n\n<div class=\"wp-block-column has-base-color has-text-color has-link-color wp-elements-799ec361a1297a10c03cf4bd88d1402e is-layout-flow wp-block-column-is-layout-flow\" style=\"padding-top:var(--wp--preset--spacing--50);padding-bottom:var(--wp--preset--spacing--50);flex-basis:40%\">\n<ul class=\"wp-block-list\">\n<li class=\"has-contrast-color has-text-color has-link-color wp-elements-34a075e924eed5fd4ecf4bd716b4134a\"><strong>\u00bfD\u00f3nde se ubica ETOPIA?<\/strong><\/li>\n\n\n\n<li class=\"has-contrast-color has-text-color has-link-color wp-elements-ccfd3dcfea0ffac5bb17ebcf6fad5cb9\"><strong>\u00bfC\u00f3mo llegar?<\/strong>\n<ul class=\"wp-block-list\">\n<li class=\"has-contrast-color has-text-color has-link-color wp-elements-843c6e67e18103c0fcb121f0cc5997a7\"><a href=\"#venir_en_avion\">\u2708\ufe0f Venir en avi\u00f3n<\/a><\/li>\n\n\n\n<li><a href=\"#venir_en_tren\">\ud83d\ude86 Venir en tren<\/a><\/li>\n\n\n\n<li><a href=\"#venir_en_bus\">\ud83d\ude8d Venir en bus<\/a><\/li>\n\n\n\n<li><a href=\"#venir_en_coche\">\ud83d\ude98 Venir en coche<\/a><\/li>\n<\/ul>\n<\/li>\n<\/ul>\n<\/div>\n<\/div>\n<\/div><\/div>\n\n\n\n<div class=\"wp-block-group alignfull has-contrast-color has-text-color has-link-color wp-elements-5048b9d4ff1e405bc5d03e8e812a5f35 has-global-padding is-layout-constrained wp-container-core-group-is-layout-3d24883f wp-block-group-is-layout-constrained\" style=\"padding-top:var(--wp--preset--spacing--40);padding-right:var(--wp--preset--spacing--50);padding-bottom:var(--wp--preset--spacing--40);padding-left:var(--wp--preset--spacing--50)\">\n<div class=\"wp-block-columns is-layout-flex wp-container-core-columns-is-layout-7abde1fe wp-block-columns-is-layout-flex\" style=\"padding-top:var(--wp--preset--spacing--40);padding-bottom:var(--wp--preset--spacing--40)\">\n<div class=\"wp-block-column is-vertically-aligned-center is-layout-flow wp-block-column-is-layout-flow\" style=\"flex-basis:60%\">\n<h2 class=\"wp-block-heading has-text-align-left has-contrast-color has-text-color has-link-color has-x-large-font-size wp-elements-7ee8cdafea1bb5081a51f57d69c16c77\" style=\"padding-bottom:var(--wp--preset--spacing--30)\"><strong>\u00bfD\u00f3nde se ubica ETOPIA?<\/strong><\/h2>\n\n\n\n<p class=\"has-foreground-color has-text-color\">El edificio ETOPIA se encuentra a cinco minutos andando de la Estaci\u00f3n del AVE \u2014 conectada directamente a trav\u00e9s de una pasarela \u2014 en plena puerta de entrada a Zaragoza a trav\u00e9s de la autopista A-68.<\/p>\n\n\n\n<p class=\"has-foreground-color has-text-color\">Se ubica en el punto de intersecci\u00f3n de dos de los ejes urbanos con m\u00e1s capacidad de atracci\u00f3n cultural y empresarial: el Parque Empresarial Expo (zona de la Exposici\u00f3n Internacional que tuvo lugar en Zaragoza, en 2008), que incluye el Pabell\u00f3n Puente, la Torre del Agua, el Instituto de Investigaci\u00f3n de Cambio Clim\u00e1tico, el Acuario Fluvial y el Parque Metropolitano del Agua \u00abLuis Bu\u00f1uel\u00bb.<\/p>\n<\/div>\n\n\n\n<div class=\"wp-block-column is-vertically-aligned-center is-layout-flow wp-block-column-is-layout-flow\" style=\"flex-basis:40%\">\n<figure class=\"wp-block-image aligncenter size-full is-resized has-custom-border\"><a href=\"https:\/\/www.google.com\/maps\/dir\/\/ETOPIA+Centro+de+Arte+y+Tecnolog%C3%ADa,+Av.+de+la+Cdad.+de+Soria,+8,+50003+Zaragoza\/@41.6593809,-0.9072339,15z\/data=!3m1!5s0xd596af915e786bd:0xa3932567691e485a!4m9!4m8!1m0!1m5!1m1!1s0xd596b4aded0f4d1:0x12f8c30f1a51a61f!2m2!1d-0.9072339!2d41.6593809!3e0?entry=ttu\" target=\"_blank\" rel=\"noreferrer noopener\"><img data-recalc-dims=\"1\" decoding=\"async\" src=\"https:\/\/i0.wp.com\/zaragoza.wordcamp.org\/2024\/files\/2023\/11\/mapa-etopia-como-llegar-1.jpg?ssl=1\" alt=\"\" class=\"wp-image-2584\" style=\"border-radius:12px;aspect-ratio:1;object-fit:cover;width:705px;height:auto\" \/><\/a><\/figure>\n\n\n\n<h2 class=\"wp-block-heading has-text-align-center has-medium-font-size\"><a href=\"https:\/\/www.google.com\/maps\/dir\/\/ETOPIA+Centro+de+Arte+y+Tecnolog%C3%ADa,+Av.+de+la+Cdad.+de+Soria,+8,+50003+Zaragoza\/@41.6593809,-0.9072339,15z\/data=!3m1!5s0xd596af915e786bd:0xa3932567691e485a!4m9!4m8!1m0!1m5!1m1!1s0xd596b4aded0f4d1:0x12f8c30f1a51a61f!2m2!1d-0.9072339!2d41.6593809!3e0?entry=ttu\" data-type=\"link\" data-id=\"https:\/\/www.google.com\/maps\/dir\/\/ETOPIA+Centro+de+Arte+y+Tecnolog%C3%ADa,+Av.+de+la+Cdad.+de+Soria,+8,+50003+Zaragoza\/@41.6593809,-0.9072339,15z\/data=!3m1!5s0xd596af915e786bd:0xa3932567691e485a!4m9!4m8!1m0!1m5!1m1!1s0xd596b4aded0f4d1:0x12f8c30f1a51a61f!2m2!1d-0.9072339!2d41.6593809!3e0?entry=ttu\">\ud83d\udd0eEcha un vistazo al mapa<\/a><\/h2>\n<\/div>\n<\/div>\n<\/div>\n\n\n\n<div class=\"wp-block-group alignwide has-global-padding is-layout-constrained wp-container-core-group-is-layout-e3580c9e wp-block-group-is-layout-constrained\" style=\"padding-top:var(--wp--preset--spacing--50);padding-right:var(--wp--preset--spacing--40);padding-bottom:var(--wp--preset--spacing--50);padding-left:var(--wp--preset--spacing--40)\">\n<h2 class=\"wp-block-heading has-text-align-left has-x-large-font-size\"><strong>\u00bfC\u00f3mo llegar?<\/strong><\/h2>\n\n\n\n<p class=\"has-text-align-left\">Zaragoza es la quinta ciudad espa\u00f1ola a nivel de poblaci\u00f3n y es uno de los centros log\u00edsticos m\u00e1s importantes del sur de Europa, porque es el centro entre otros grandes n\u00facleos urbanos situados a tan s\u00f3lo 300km. de distancia como Madrid, Barcelona, Valencia, Bilbao en Espa\u00f1a y Toulouse en Francia, lo cual es bastante ventajoso para vuestra llegada.<\/p>\n\n\n\n<p class=\"has-text-align-left\" style=\"margin-bottom:var(--wp--preset--spacing--40)\">Adem\u00e1s, el lugar elegido para esta magn\u00edfica WordCamp Zaragoza 2026 es el mismo de siempre, el edificio&nbsp;<strong>ETOPIA <\/strong>Centro de emprendimiento, innovaci\u00f3n y tecnolog\u00eda, que es un equipamiento urbano del Ayuntamiento de Zaragoza que alberga laboratorios, espacios de creaci\u00f3n, salas de exposiciones, incubadoras de industrias culturales y creativas y una residencia para creadores multidisciplinares, con un equipo humano que favorece la interconexi\u00f3n entre todas ellas.<\/p>\n<\/div>\n\n\n\n<div class=\"wp-block-cover\" style=\"border-radius:25px;margin-top:0;margin-bottom:0;padding-top:0;padding-bottom:0\" id=\"Zaragoza\"><span aria-hidden=\"true\" class=\"wp-block-cover__background has-accent-3-background-color has-background-dim-100 has-background-dim\"><\/span><div class=\"wp-block-cover__inner-container has-global-padding is-layout-constrained wp-block-cover-is-layout-constrained\">\n<h2 class=\"wp-block-heading alignwide has-text-align-center has-x-large-font-size\"><strong>Todos los caminos llevan a\u2026 Caesaraugusta,<\/strong><\/h2>\n\n\n\n<h3 class=\"wp-block-heading alignwide has-text-align-center has-large-font-size\">os dejamos todas las explicaciones de como llegar aqu\u00ed <\/h3>\n\n\n\n<div style=\"height:20px\" aria-hidden=\"true\" class=\"wp-block-spacer\"><\/div>\n\n\n\n<div class=\"wp-block-buttons alignwide is-content-justification-center is-layout-flex wp-container-core-buttons-is-layout-a89b3969 wp-block-buttons-is-layout-flex\">\n<div class=\"wp-block-button boton-blanco\"><a class=\"wp-block-button__link has-contrast-color has-text-color has-link-color has-medium-font-size has-text-align-left has-custom-font-size wp-element-button\" href=\"#venir_en_avion\">\u2708\ufe0f Venir en avi\u00f3n<\/a><\/div>\n\n\n\n<div class=\"wp-block-button boton-blanco\"><a class=\"wp-block-button__link has-contrast-color has-text-color has-link-color has-medium-font-size has-custom-font-size wp-element-button\" href=\"#venir_en_tren\">\ud83d\ude86 Venir en tren<\/a><\/div>\n\n\n\n<div class=\"wp-block-button boton-blanco\"><a class=\"wp-block-button__link has-contrast-color has-text-color has-link-color has-medium-font-size has-custom-font-size wp-element-button\" href=\"#venir_en_bus\">\ud83d\ude8d Venir en bus<\/a><\/div>\n\n\n\n<div class=\"wp-block-button boton-blanco\"><a class=\"wp-block-button__link has-contrast-color has-text-color has-link-color has-medium-font-size has-custom-font-size wp-element-button\" href=\"#venir_en_coche\">\ud83d\ude98 Venir en coche<\/a><\/div>\n<\/div>\n<\/div><\/div>\n\n\n\n<div class=\"wp-block-group alignwide has-global-padding is-layout-constrained wp-block-group-is-layout-constrained\"><\/div>\n\n\n\n<div class=\"wp-block-group alignfull has-base-color has-text-color has-link-color wp-elements-90b913e5bd968a4b867185272b315975 has-global-padding is-layout-constrained wp-container-core-group-is-layout-8203cff8 wp-block-group-is-layout-constrained\" id=\"avi\u00f3n\" style=\"padding-top:0;padding-right:0;padding-bottom:0;padding-left:0\">\n<h2 class=\"wp-block-heading has-text-align-left has-contrast-color has-text-color has-link-color wp-elements-aa0d8b2012f8f84b436913c037bba173\" id=\"venir_en_avion\" style=\"margin-top:var(--wp--preset--spacing--60);margin-bottom:var(--wp--preset--spacing--20)\"><strong>\u2708\ufe0f Venir en Avi\u00f3n<\/strong><\/h2>\n\n\n\n<p class=\"has-contrast-color has-text-color has-link-color wp-elements-66ebad212da1e605cee5aa163e70eee9\">Si vas a venir en avi\u00f3n, te explicamos las opciones que se te presentan:<\/p>\n\n\n\n<div class=\"wp-block-group is-layout-flow wp-container-core-group-is-layout-98ad658b wp-block-group-is-layout-flow\" style=\"margin-top:var(--wp--preset--spacing--30);margin-bottom:var(--wp--preset--spacing--30)\">\n<h3 class=\"wp-block-heading\"><strong>Vuelos directos a Zaragoza<\/strong><\/h3>\n\n\n\n<p class=\"has-contrast-color has-text-color has-link-color wp-elements-8dbd6f093e7c4b2593d9f5f7d06de7b8\">El aeropuerto de Zaragoza propone pocos vuelos comerciales y se caracteriza m\u00e1s por su uso de transporte de mercanc\u00edas. Aun as\u00ed, encontrar\u00e1s vuelos desde varios puntos de Espa\u00f1a como Tenerife, M\u00e1laga, Mallorca, etc. y tambi\u00e9n destinos de otras ciudades europeas como Bruselas o Londres. <a href=\"https:\/\/www.aena.es\/es\/zaragoza.html\">Consulta la lista aqu\u00ed<\/a><\/p>\n<\/div>\n\n\n\n<div class=\"wp-block-group is-layout-flow wp-container-core-group-is-layout-98ad658b wp-block-group-is-layout-flow\" style=\"margin-top:var(--wp--preset--spacing--30);margin-bottom:var(--wp--preset--spacing--30)\">\n<h3 class=\"wp-block-heading\"><strong>Vuelos desde Madrid, Barcelona o Valencia<\/strong><\/h3>\n\n\n\n<p class=\"has-contrast-color has-text-color has-link-color wp-elements-66f2ba031cb2e9126e48bf73b68c4311\">Si no encuentras tu ciudad entre los vuelos que llegan directos a Zaragoza, pero prefieres volar, te queda la opci\u00f3n de volar a ciudades con m\u00e1s opciones de vuelos como lo son Madrid, Barcelona o Valencia y acudir desde ah\u00ed en transporte p\u00fablico (tren o bus) o en coche.<\/p>\n<\/div>\n\n\n\n<div class=\"wp-block-group is-layout-flow wp-block-group-is-layout-flow\">\n<h3 class=\"wp-block-heading\"><strong>La l\u00ednea de autob\u00fas Aeropuerto &#8211; Zaragoza:<\/strong><\/h3>\n\n\n\n<p class=\"has-contrast-color has-text-color has-link-color wp-elements-50fff35124f6fbcd9daa78987c261eee\">Es la l\u00ednea 505 que une el aeropuerto con el P\u00ba M\u00aa Agust\u00edn, 5 de Zaragoza, y paradas en PLAZA, plaza Imperial y la Estaci\u00f3n Intermodal Delicias. Es una opci\u00f3n econ\u00f3mica, algo menos de 2\u20ac. <a href=\"https:\/\/www.aena.es\/es\/zaragoza\/como-llegar\/autobus.html\" target=\"_blank\" rel=\"noreferrer noopener\">Informaci\u00f3n completa aqu\u00ed.<\/a><\/p>\n\n\n\n<h3 class=\"wp-block-heading\"><strong>Taxi:<\/strong><\/h3>\n\n\n\n<p class=\"has-contrast-color has-text-color has-link-color wp-elements-ba4ed6b8055a4098adc0207c82d5234e\">Siempre puedes coger un taxi que te lleve a ti y tus maletas directamente a tu alojamiento. La opci\u00f3n de puerta con puerta siempre tiene un coste. <a href=\"https:\/\/www.aena.es\/es\/zaragoza\/como-llegar\/taxi.html\">Puedes consultar tarifas aqu\u00ed.<\/a><\/p>\n\n\n\n<h3 class=\"wp-block-heading\"><strong>Alquiler de coche:<\/strong><\/h3>\n\n\n\n<p class=\"has-contrast-color has-text-color has-link-color wp-elements-88689b8bc662a6dc6153e8e564080db3\">Si tienes planeados irte de excursi\u00f3n fuera de la ciudad, te recomendamos esta opci\u00f3n. Dispones de varias&nbsp;compa\u00f1\u00edas en el aeropuerto para poder alquilar un coche&nbsp;y sentirte libre de visitar sitios tur\u00edsticos de inter\u00e9s fuera de la capital aragonesa.<\/p>\n<\/div>\n<\/div>\n\n\n\n<div class=\"wp-block-group alignfull has-contrast-color has-base-background-color has-text-color has-background has-link-color wp-elements-6ec44f4f31e45244c2c3029312c7ca89 has-global-padding is-layout-constrained wp-container-core-group-is-layout-8203cff8 wp-block-group-is-layout-constrained\" id=\"Tren\" style=\"padding-top:0;padding-right:0;padding-bottom:0;padding-left:0\">\n<h2 class=\"wp-block-heading has-text-align-left has-contrast-color has-text-color has-link-color wp-elements-5a2f47315828454bbe7e27b52e8eddb7\" id=\"venir_en_tren\" style=\"margin-top:var(--wp--preset--spacing--60);margin-bottom:var(--wp--preset--spacing--20)\"><strong>\ud83d\ude86 Venir en Tren<\/strong><\/h2>\n\n\n\n<p class=\"has-contrast-color has-text-color has-link-color wp-elements-15720fdfdc34530cd67a3cf4491bd160\">Si vas a venir en tren, actualmente hay varias l\u00edneas que llegan a la estaci\u00f3n Las Delicias de forma directa seg\u00fan tu origen:<\/p>\n\n\n\n<ul class=\"wp-block-list has-contrast-color has-text-color has-link-color wp-elements-d12fbcdf7a02fbcdfd6b68b2164aed34\">\n<li><a href=\"https:\/\/www.renfe.com\/es\/es\" target=\"_blank\" rel=\"noreferrer noopener\">Tren Renfe AVE<\/a><\/li>\n\n\n\n<li><a href=\"https:\/\/www.renfe.com\/es\/es\" target=\"_blank\" rel=\"noreferrer noopener\">Tren Renfe AVLO<\/a><\/li>\n\n\n\n<li><a href=\"https:\/\/www.ouigo.com\/es\/\" target=\"_blank\" rel=\"noreferrer noopener\">Tren OUIGO<\/a><\/li>\n\n\n\n<li><a href=\"https:\/\/iryo.eu\/es\/home\" target=\"_blank\" rel=\"noreferrer noopener\">Tren IRYO<\/a><\/li>\n<\/ul>\n\n\n\n<p><\/p>\n\n\n\n<p><\/p>\n\n\n\n<h3 class=\"wp-block-heading\"><strong>Descuento Renfe:<\/strong><\/h3>\n\n\n\n<p>Si vas a venir a nuestra ciudad en tren, al adquirir tu entrada, en el correo de confirmaci\u00f3n recibir\u00e1s la \u00abAutorizaci\u00f3n de descuento\u00bb de RENFE; un documento personal e intransferible, junto con tus datos de inscripci\u00f3n al evento.<\/p>\n\n\n\n<ul class=\"wp-block-list\">\n<li>Podr\u00e1s obtener billetes en recorridos Larga Distancia \/ Alta Velocidad nacionales de Ida y\/o Regreso con origen y destino a la estaci\u00f3n m\u00e1s cercana a Zaragoza con un porcentaje de descuento.<\/li>\n\n\n\n<li>Para adquirir tus billetes de tren por internet.<\/li>\n\n\n\n<li>La \u00abAutorizaci\u00f3n del descuento\u00bb que te enviaremos deber\u00e1 ser impresa y mostrada tanto en control de acceso como al Interventor o Supervisor del tren junto al billete, siendo obligatorio llevarla durante todo el recorrido.<\/li>\n\n\n\n<li>No es acumulable a ninguna otra oferta comercial.<\/li>\n<\/ul>\n<\/div>\n\n\n\n<div class=\"wp-block-group alignfull has-contrast-color has-base-background-color has-text-color has-background has-link-color wp-elements-b09ed762b8a48d62c849f95f9e92517d has-global-padding is-layout-constrained wp-container-core-group-is-layout-8203cff8 wp-block-group-is-layout-constrained\" id=\"Bus\" style=\"padding-top:0;padding-right:0;padding-bottom:0;padding-left:0\">\n<h2 class=\"wp-block-heading has-text-align-left has-contrast-color has-text-color has-link-color wp-elements-e62747879a77c25b351f3b2e827cda46\" id=\"venir_en_bus\" style=\"margin-top:var(--wp--preset--spacing--60);margin-bottom:var(--wp--preset--spacing--20)\"><strong>\ud83d\ude8d Venir en Bus<\/strong><\/h2>\n\n\n\n<p>Puedes acudir en bus desde casi cualquier parte de Espa\u00f1a, ya que, existen rutas desde Madrid, Barcelona, Gij\u00f3n, Guadalajara, Bilbao, Santander, Oviedo, Pamplona\u2026 y desde el sur de la pen\u00ednsula si haces conexi\u00f3n con Madrid.<\/p>\n\n\n\n<p><\/p>\n\n\n\n<h3 class=\"wp-block-heading\"><strong>Madrid \u2013 Zaragoza<\/strong><\/h3>\n\n\n\n<p>Existe una l\u00ednea de autobuses que va directamente desde la T4 del aeropuerto de Madrid y llega en la estaci\u00f3n de autobuses de la estaci\u00f3n Delicias.<\/p>\n\n\n\n<p>La misma l\u00ednea que sale desde barajas sale desde el centro y se coge en Avenida Am\u00e9rica. <\/p>\n\n\n\n<p><\/p>\n\n\n\n<h3 class=\"wp-block-heading\"><strong>Barcelona \u2013 Zaragoza<\/strong><\/h3>\n\n\n\n<p>Para venir desde Barcelona a Zaragoza en autob\u00fas, dispones de una l\u00ednea que sale desde la estaci\u00f3n del norte. <\/p>\n\n\n\n<p><\/p>\n\n\n\n<p><\/p>\n\n\n\n<h3 class=\"wp-block-heading\"><strong>Bilbao \u2013 Zaragoza<\/strong><\/h3>\n\n\n\n<p>Para viajar en bus entre Bilbao y Zaragoza hay varios autobuses diarios.<\/p>\n\n\n\n<p><\/p>\n\n\n\n<h3 class=\"wp-block-heading\"><strong>Dentro de Zaragoza<\/strong><\/h3>\n\n\n\n<p class=\"has-contrast-color has-text-color has-link-color wp-elements-d85077866685faff002822c6b48b0e71\">Lo m\u00e1s efectivo es usar el transporte colectivo. <br>L\u00edneas de bus urbano:<br><strong>CI 4 \u2192<\/strong>&nbsp;De Camino de las Torres a Estaci\u00f3n Delicias<br><strong>34&nbsp;<\/strong>\u2192 De la Estaci\u00f3n Delicias a Torrero<br><strong>51&nbsp;<\/strong>\u2192 Del Pabell\u00f3n Pr\u00edncipe Felipe a Estaci\u00f3n Delicias<br>Puedes consultar m\u00e1s informaci\u00f3n en la <a href=\"https:\/\/zaragoza.avanzagrupo.com\/lineas-y-horarios\/\">web de Avanza<\/a>, empresa que gestiona los autobuses urbanos de Zaragoza.<\/p>\n<\/div>\n\n\n\n<div class=\"wp-block-group alignfull has-contrast-color has-base-background-color has-text-color has-background has-link-color wp-elements-473590b79cfbb1fae618cc8a8b5bbafe has-global-padding is-layout-constrained wp-container-core-group-is-layout-8203cff8 wp-block-group-is-layout-constrained\" id=\"Coche\" style=\"padding-top:0;padding-right:0;padding-bottom:0;padding-left:0\">\n<h2 class=\"wp-block-heading has-text-align-left has-contrast-color has-text-color has-link-color wp-elements-47d1bcf48e0c7da359839b9779a32e42\" id=\"venir_en_coche\" style=\"margin-top:var(--wp--preset--spacing--60);margin-bottom:var(--wp--preset--spacing--20)\"><strong>\ud83d\ude98 Venir en Coche<\/strong><\/h2>\n\n\n\n<p class=\"has-bungee-font-family\" style=\"padding-top:0;padding-bottom:0\">Tiempos aproximados de viaje:<\/p>\n\n\n\n<ul class=\"wp-block-list\">\n<li>Desde Madrid, puedes llegar en 3 horas pasando por la A-2.<\/li>\n\n\n\n<li>Desde Barcelona, puedes llegar en 3h 20min pasando por la AP-2 (esta opci\u00f3n tiene peajes).<\/li>\n\n\n\n<li>Desde Valencia, puedes llegar en 3 horas pasando por la A-23.<\/li>\n\n\n\n<li>Desde Bilbao, puedes llegar en menos de 3 horas pasando por la AP-68 (esta ruta incluye peajes).<\/li>\n<\/ul>\n\n\n\n<h3 class=\"wp-block-heading has-large-font-size\" style=\"padding-top:var(--wp--preset--spacing--30);padding-bottom:var(--wp--preset--spacing--30)\"><strong>Usar servicios para compartir coche<\/strong><\/h3>\n\n\n\n<p>De nuevo te recordamos que es posible que m\u00e1s asistentes de la WordCamp acudan desde estas ciudades. Piensa una manera de contactar con ellos v\u00eda Telegram, Slack, en una Meetup o tus redes sociales para compartir coche con ellos. O puedes utilizar aplicaciones como BlaBlaCar. Har\u00e1s un gesto para el medio ambiente y para tu cartera, adem\u00e1s de pas\u00e1rtelo en grande haciendo nuevos amigos.<\/p>\n\n\n\n<p>Una buena idea es utilizar el hashtag del evento #WCZGZ26 para lanzar tu tuit o buscar gente que tambi\u00e9n quiera ir en coche compartido.<\/p>\n\n\n\n<h3 class=\"wp-block-heading has-large-font-size\" style=\"padding-top:var(--wp--preset--spacing--30);padding-bottom:var(--wp--preset--spacing--30)\"><strong>Aparcamientos en Zaragoza<\/strong><\/h3>\n\n\n\n<p class=\"has-link-color wp-elements-ae198e562107eea60740e4674d1a9fb8\">El evento se realiza junto a la Estaci\u00f3n Delicias, cuyo parking es de pago, pero tienen una tarifa \u00abSaba Weekend\u00bb por 38,75\u20ac puedes dejar el coche todo el fin de semana, desde viernes a las 8.00 hasta el domingo a las 20.00. Lo mejor es que pongas tus datos y calcules el precio exacto. Esta tarifa hay que compararla con antelaci\u00f3n. <a href=\"https:\/\/www.saba.es\/es\/parking-estacion-zaragoza-delicias\">M\u00e1s informaci\u00f3n.<\/a><\/p>\n\n\n\n<p class=\"has-link-color wp-elements-6ee1429cf4e2d1377f7e441c360f49be\">Adem\u00e1s, el tranv\u00eda de Zaragoza ofrece a sus usuarios dos aparcamientos disuasorios bonificados, ubicados en las entradas a la ciudad por Valdespartera y el Puente de Santiago (La Chimenea), que permiten dejar el coche en un lugar vigilado con una tarifa reducida y desplazarse por la ciudad en Tranv\u00eda. Las instalaciones est\u00e1n abiertas las 24 horas. <a href=\"https:\/\/www.tranviasdezaragoza.es\/es\/informacion\/aparcamientos-intermodales\" data-type=\"URL\" data-id=\"https:\/\/www.tranviasdezaragoza.es\/es\/informacion\/aparcamientos-intermodales\" target=\"_blank\" rel=\"noreferrer noopener\">M\u00e1s informaci\u00f3n.<\/a><\/p>\n\n\n\n<p class=\"has-link-color wp-elements-8f6dbbe66372267a31dc42a23ce342a0\">El s\u00e1bado, tambi\u00e9n puedes aparcar gratuitamente en el \u00abParking Sur\u00bb de la Expo de Zaragoza, justo a unos metros del evento, a menos de 10 minutos andando. Pero no se te olvide retirar el coche antes de medianoche, ya que al d\u00eda siguiente se realiza all\u00ed el \u00abrastro\u00bb municipal y no se puede aparcar en domingo. <a href=\"https:\/\/www.google.com\/maps\/place\/Parking+Sur+Expo,+50003+Zaragoza\/@41.6622637,-0.9124898,17z\/data=!4m5!3m4!1s0xd596b446adcb593:0x977f9d571767e01c!8m2!3d41.6631213!4d-0.9134769\" data-type=\"URL\" data-id=\"https:\/\/www.google.com\/maps\/place\/Parking+Sur+Expo,+50003+Zaragoza\/@41.6622637,-0.9124898,17z\/data=!4m5!3m4!1s0xd596b446adcb593:0x977f9d571767e01c!8m2!3d41.6631213!4d-0.9134769\" target=\"_blank\" rel=\"noreferrer noopener\">Ver mapa.<\/a><\/p>\n<\/div>\n","protected":false},"excerpt":{"rendered":"<p>ETOPIA Centro de emprendimiento, innovaci\u00f3n y tecnolog\u00eda \u00bfD\u00f3nde se ubica ETOPIA? El edificio ETOPIA se encuentra a cinco minutos andando de la Estaci\u00f3n del AVE \u2014 conectada directamente a trav\u00e9s de una pasarela \u2014 en plena puerta de entrada a Zaragoza a trav\u00e9s de la autopista A-68. Se ubica en el punto de intersecci\u00f3n de [&hellip;]<\/p>\n","protected":false},"author":3466476,"featured_media":0,"parent":0,"menu_order":0,"comment_status":"closed","ping_status":"closed","template":"","meta":{"jetpack_post_was_ever_published":false,"footnotes":""},"class_list":["post-541","page","type-page","status-publish","hentry"],"jetpack_sharing_enabled":true,"_links":{"self":[{"href":"https:\/\/zaragoza.wordcamp.org\/2026\/wp-json\/wp\/v2\/pages\/541","targetHints":{"allow":["GET"]}}],"collection":[{"href":"https:\/\/zaragoza.wordcamp.org\/2026\/wp-json\/wp\/v2\/pages"}],"about":[{"href":"https:\/\/zaragoza.wordcamp.org\/2026\/wp-json\/wp\/v2\/types\/page"}],"author":[{"embeddable":true,"href":"https:\/\/zaragoza.wordcamp.org\/2026\/wp-json\/wp\/v2\/users\/3466476"}],"replies":[{"embeddable":true,"href":"https:\/\/zaragoza.wordcamp.org\/2026\/wp-json\/wp\/v2\/comments?post=541"}],"version-history":[{"count":16,"href":"https:\/\/zaragoza.wordcamp.org\/2026\/wp-json\/wp\/v2\/pages\/541\/revisions"}],"predecessor-version":[{"id":3849,"href":"https:\/\/zaragoza.wordcamp.org\/2026\/wp-json\/wp\/v2\/pages\/541\/revisions\/3849"}],"wp:attachment":[{"href":"https:\/\/zaragoza.wordcamp.org\/2026\/wp-json\/wp\/v2\/media?parent=541"}],"curies":[{"name":"wp","href":"https:\/\/api.w.org\/{rel}","templated":true}]}}