{"id":4693,"date":"2026-01-12T21:35:36","date_gmt":"2026-01-12T20:35:36","guid":{"rendered":"https:\/\/zaragoza.wordcamp.org\/2026\/?page_id=4693"},"modified":"2026-01-17T21:13:56","modified_gmt":"2026-01-17T20:13:56","slug":"contributor-day-dia-de-la-comunidad","status":"publish","type":"page","link":"https:\/\/zaragoza.wordcamp.org\/2026\/contributor-day-dia-de-la-comunidad","title":{"rendered":"Contributor day &#8211; D\u00eda de la comunidad"},"content":{"rendered":"\n<div class=\"wp-block-cover alignfull is-light has-contrast-color has-text-color has-link-color wp-elements-387d0ac12b3bd90ec92a84b0a5fcc257\"><span aria-hidden=\"true\" class=\"wp-block-cover__background has-background-background-color has-background-dim-100 has-background-dim\"><\/span><div class=\"wp-block-cover__inner-container is-layout-flow wp-block-cover-is-layout-flow\">\n<div class=\"wp-block-group has-background-background-color has-background has-global-padding is-layout-constrained wp-container-core-group-is-layout-071fe3a8 wp-block-group-is-layout-constrained\">\n<div class=\"wp-block-columns has-medium-font-size is-layout-flex wp-container-core-columns-is-layout-d7d455e7 wp-block-columns-is-layout-flex\" style=\"padding-top:0;padding-right:0;padding-bottom:0;padding-left:0\">\n<div class=\"wp-block-column is-vertically-aligned-top is-layout-flow wp-block-column-is-layout-flow\">\n<h2 class=\"wp-block-heading has-x-large-font-size\"><strong>\u00bfQu\u00e9 es el D\u00eda de la Comunidad o Contributor Day?<\/strong><\/h2>\n\n\n\n<p>Es el d\u00eda en el que las <strong>personas que usamos WordPress<\/strong> nos reunimos para <strong>aprender, &nbsp;colaborar y, por lo tanto, contribuir <\/strong>a esta gran Comunidad de WordPress.<\/p>\n\n\n\n<p>Esta actividad colaborativa se desarrolla, normalmente, los d\u00edas alrededor de la WordCamp, y <strong>su objetivo principal es mejorar el proyecto WordPress<\/strong>.<\/p>\n<\/div>\n\n\n\n<div class=\"wp-block-column is-vertically-aligned-top is-layout-flow wp-block-column-is-layout-flow\">\n<h2 class=\"wp-block-heading has-x-large-font-size\"><strong>\u00bfQui\u00e9n participa en el Contributor Day?<\/strong><\/h2>\n\n\n\n<p><strong>Cualquier persona con m\u00e1s o menos conocimiento de WordPress<\/strong> puede aprender y contribuir aportando su experiencia en alguno de los campos en los que se dividen los equipos de trabajo del proyecto WordPress: traducir, redactar textos, dise\u00f1ar, plugins, marketing, responder preguntas en los foros de soporte, probar nuevas caracter\u00edsticas o contando tu experiencia con WordPress &nbsp;para mejorar nuevas versiones.<\/p>\n\n\n\n<p>Contaremos con mesas de trabajo guiadas por personas de referencia en cada equipo y reconocidas por su aporte a los diferentes equipos. <br><br>T\u00fa decides en cu\u00e1l sumarte y tienes total libertad para cambiar de mesa en cualquier momento.<\/p>\n<\/div>\n<\/div>\n<\/div>\n<\/div><\/div>\n\n\n\n<div class=\"wp-block-cover alignfull is-light has-contrast-color has-text-color has-link-color wp-elements-fc816eb5562cf0dc573b3e6d4ebb2b4d\" style=\"padding-top:0;padding-bottom:0;min-height:430px;aspect-ratio:unset;\"><span aria-hidden=\"true\" class=\"wp-block-cover__background has-background-dim-100 has-background-dim has-background-gradient has-vertical-secondary-to-tertiary-gradient-background\"><\/span><div class=\"wp-block-cover__inner-container is-layout-flow wp-block-cover-is-layout-flow\">\n<div class=\"wp-block-group has-accent-3-background-color has-background has-global-padding is-layout-constrained wp-container-core-group-is-layout-94786c40 wp-block-group-is-layout-constrained\" style=\"border-top-left-radius:50px;border-top-right-radius:50px;border-bottom-left-radius:50px;border-bottom-right-radius:50px;padding-top:var(--wp--preset--spacing--50);padding-bottom:var(--wp--preset--spacing--50)\">\n<div class=\"wp-block-columns is-layout-flex wp-container-core-columns-is-layout-5c5cdacd wp-block-columns-is-layout-flex\" style=\"padding-top:var(--wp--preset--spacing--20);padding-right:var(--wp--preset--spacing--20);padding-bottom:var(--wp--preset--spacing--20);padding-left:var(--wp--preset--spacing--20)\">\n<div class=\"wp-block-column is-layout-flow wp-block-column-is-layout-flow\" style=\"padding-top:var(--wp--preset--spacing--20);padding-right:var(--wp--preset--spacing--20);padding-bottom:var(--wp--preset--spacing--20);padding-left:var(--wp--preset--spacing--20)\">\n<figure class=\"wp-block-image aligncenter size-full\"><img data-recalc-dims=\"1\" loading=\"lazy\" decoding=\"async\" width=\"799\" height=\"533\" src=\"https:\/\/i0.wp.com\/zaragoza.wordcamp.org\/2026\/files\/2026\/01\/contibutor2025-02.jpg?resize=799%2C533&#038;ssl=1\" alt=\"\" class=\"wp-image-4662\" style=\"object-fit:cover\" srcset=\"https:\/\/i0.wp.com\/zaragoza.wordcamp.org\/2026\/files\/2026\/01\/contibutor2025-02.jpg?w=799&amp;ssl=1 799w, https:\/\/i0.wp.com\/zaragoza.wordcamp.org\/2026\/files\/2026\/01\/contibutor2025-02.jpg?resize=300%2C200&amp;ssl=1 300w, https:\/\/i0.wp.com\/zaragoza.wordcamp.org\/2026\/files\/2026\/01\/contibutor2025-02.jpg?resize=768%2C512&amp;ssl=1 768w, https:\/\/i0.wp.com\/zaragoza.wordcamp.org\/2026\/files\/2026\/01\/contibutor2025-02.jpg?resize=450%2C300&amp;ssl=1 450w\" sizes=\"auto, (max-width: 799px) 100vw, 799px\" \/><figcaption class=\"wp-element-caption\"><em>Fotograf\u00eda hecha por H\u00e9ctor Izquierdo Bartol\u00ed<\/em><\/figcaption><\/figure>\n<\/div>\n\n\n\n<div class=\"wp-block-column is-layout-flow wp-block-column-is-layout-flow\" style=\"padding-top:var(--wp--preset--spacing--20);padding-right:var(--wp--preset--spacing--20);padding-bottom:var(--wp--preset--spacing--20);padding-left:var(--wp--preset--spacing--20)\">\n<figure class=\"wp-block-image aligncenter size-full\"><img data-recalc-dims=\"1\" loading=\"lazy\" decoding=\"async\" width=\"799\" height=\"533\" src=\"https:\/\/i0.wp.com\/zaragoza.wordcamp.org\/2026\/files\/2026\/01\/contibutor2025-01.jpg?resize=799%2C533&#038;ssl=1\" alt=\"\" class=\"wp-image-4661\" srcset=\"https:\/\/i0.wp.com\/zaragoza.wordcamp.org\/2026\/files\/2026\/01\/contibutor2025-01.jpg?w=799&amp;ssl=1 799w, https:\/\/i0.wp.com\/zaragoza.wordcamp.org\/2026\/files\/2026\/01\/contibutor2025-01.jpg?resize=300%2C200&amp;ssl=1 300w, https:\/\/i0.wp.com\/zaragoza.wordcamp.org\/2026\/files\/2026\/01\/contibutor2025-01.jpg?resize=768%2C512&amp;ssl=1 768w, https:\/\/i0.wp.com\/zaragoza.wordcamp.org\/2026\/files\/2026\/01\/contibutor2025-01.jpg?resize=450%2C300&amp;ssl=1 450w\" sizes=\"auto, (max-width: 799px) 100vw, 799px\" \/><figcaption class=\"wp-element-caption\">Fotograf\u00eda hecha por H\u00e9ctor Izquierdo Bartol\u00ed<\/figcaption><\/figure>\n<\/div>\n<\/div>\n<\/div>\n<\/div><\/div>\n\n\n\n<div class=\"wp-block-group oculto has-background-color has-foreground-background-color has-text-color has-background has-global-padding is-layout-constrained wp-container-core-group-is-layout-90b9f29a wp-block-group-is-layout-constrained\" style=\"padding-top:var(--wp--preset--spacing--70);padding-bottom:var(--wp--preset--spacing--70)\">\n<div class=\"wp-block-columns are-vertically-aligned-bottom has-medium-font-size is-layout-flex wp-container-core-columns-is-layout-d7d455e7 wp-block-columns-is-layout-flex\" style=\"padding-top:0;padding-right:0;padding-bottom:0;padding-left:0\">\n<div class=\"wp-block-column is-vertically-aligned-bottom has-global-padding is-layout-constrained wp-container-core-column-is-layout-f36bc466 wp-block-column-is-layout-constrained\">\n<h2 class=\"wp-block-heading\" style=\"font-size:clamp(25.014px, 1.563rem + ((1vw - 3.2px) * 1.665), 42px);\"><strong>\u00bfQu\u00e9 se hace en el Contributor Day?<\/strong><\/h2>\n\n\n\n<p>Se crean diferentes equipos de participaci\u00f3n que abordan las distintas \u00e1reas de desarrollo de WordPress, en las que al menos hay una persona experta en ese tema que se encarga de explicar, distribuir y resolver dudas sobre las tareas de colaboraci\u00f3n.<\/p>\n\n\n\n<p>De momento tenemos confirmadas estas mesas.<\/p>\n\n\n\n<p>Se pueden crear equipos de colaboraci\u00f3n en las siguientes \u00e1reas de trabajo de WordPress:<\/p>\n\n\n\n<ul class=\"wp-block-list\">\n<li><strong>Core \/ N\u00facleo<\/strong>: es el equipo, principalmente formado por desarrolladores, que mejora el propio WordPress.<\/li>\n\n\n\n<li><strong>Design \/ Dise\u00f1o<\/strong>: el equipo que ayuda a mejorar la interfaz de usuario de WordPress, adem\u00e1s de los distintos elementos visuales que lo acompa\u00f1an. Tambi\u00e9n se encargan del frontal de los sitios de wordpress.org.<\/li>\n\n\n\n<li><strong>Mobile \/ M\u00f3vil<\/strong>: el equipo encargado de las aplicaciones de Android y iOS.<\/li>\n\n\n\n<li><strong>Accessibility \/ Accesibilidad<\/strong>: el equipo encargado de mejorar y resolver los problemas de accesibilidad del n\u00facleo de WordPress y de los temas comunitarios (Twenty-algo).<\/li>\n\n\n\n<li><strong>Polyglots \/ Traducciones<\/strong>: el equipo responsable de traducir WordPress y todos sus elementos asociados.<\/li>\n\n\n\n<li><strong>Support \/ Soporte<\/strong>: el equipo que ayuda a la gesti\u00f3n y respuesta de las dudas que surgen en los foros de soporte.<\/li>\n\n\n\n<li><strong>Documentation \/ Documentaci\u00f3n<\/strong>: el equipo encargado de crear y mantener la documentaci\u00f3n de todas las partes de WordPress, tanto del c\u00f3digo como de otros elementos.<\/li>\n\n\n\n<li><strong>Themes \/ Temas<\/strong>: el equipo responsable de revisar y aprobar los temas que se suben al Directorio de Temas y de los patrones del Directorio de Patrones.<\/li>\n\n\n\n<li><strong>Plugins \/ Plugins<\/strong>: el equipo responsable de revisar y aprobar los plugins y bloques que se suben al Directorio de Plugins.<\/li>\n\n\n\n<li><strong>Community \/ Comunidad<\/strong>: el equipo que se encarga de supervisor los eventos WordPress, ya sean Meetup, WordCamp, do_action o cualquier cosa que se te ocurra para dar a conocer WordPress.<\/li>\n\n\n\n<li><strong>Meta \/ Meta<\/strong>: el equipo que se encarga de mejorar las funcionalidades de los sitios en la Comunidad WordPress.<\/li>\n\n\n\n<li><strong>Training \/ Formaci\u00f3n<\/strong>: el equipo que se encarga de la formaci\u00f3n dentro de WordPress, ya sea mediante v\u00eddeos, eventos, presentaciones, todo a trav\u00e9s de Learn WordPress.<\/li>\n\n\n\n<li><strong>Test \/ Pruebas<\/strong>: el equipo que ayudar con las pruebas de WordPress, ofreciendo una serie de tutoriales para probar nuevas funcionalidades y c\u00f3digo.<\/li>\n\n\n\n<li><strong>TV \/ TV<\/strong>: el equipo que revisa y aprueba los v\u00eddeos de distintos eventos WordPress y los sube a WordPress.TV.<\/li>\n\n\n\n<li><strong>Marketing \/ Marketing<\/strong>: el equipo responsable de dar a conocer y comunicar todo sobre WordPress.<\/li>\n\n\n\n<li><strong>CLI \/ CLI<\/strong>: el equipo responsable de la herramienta WP-CLI.<\/li>\n\n\n\n<li><strong>Hosting \/ Hosting<\/strong>: el equipo responsable de la relaci\u00f3n entre WordPress y las empresas y profesionales del alojamiento de WordPress.<\/li>\n\n\n\n<li><strong>Tide \/ Tide<\/strong>: el equipo responsable de la herramienta de automatizaci\u00f3n y an\u00e1lisis del c\u00f3digo de plugins y temas.<\/li>\n\n\n\n<li><strong>Openverse \/ Openverse<\/strong>: el equipo responsable del motor de b\u00fasqueda de contenidos multimedia.<\/li>\n\n\n\n<li><strong>Photos \/ Fotos<\/strong>: el equipo responsable de la gesti\u00f3n, aprobaci\u00f3n y revisi\u00f3n de fotograf\u00edas de WordPress Photos.<\/li>\n\n\n\n<li><strong>Core Performance \/ Rendimiento<\/strong>: el equipo responsable de mejorar el rendimiento de WordPress.<\/li>\n<\/ul>\n<\/div>\n<\/div>\n\n\n\n<p><\/p>\n<\/div>\n\n\n\n<div class=\"wp-block-group has-background-color has-foreground-background-color has-text-color has-background has-global-padding is-layout-constrained wp-container-core-group-is-layout-90b9f29a wp-block-group-is-layout-constrained\" style=\"padding-top:var(--wp--preset--spacing--70);padding-bottom:var(--wp--preset--spacing--70)\">\n<div class=\"wp-block-columns are-vertically-aligned-bottom has-medium-font-size is-layout-flex wp-container-core-columns-is-layout-d7d455e7 wp-block-columns-is-layout-flex\" style=\"padding-top:0;padding-right:0;padding-bottom:0;padding-left:0\">\n<div class=\"wp-block-column is-vertically-aligned-bottom has-global-padding is-layout-constrained wp-container-core-column-is-layout-f36bc466 wp-block-column-is-layout-constrained\">\n<h2 class=\"wp-block-heading\" style=\"font-size:clamp(25.014px, 1.563rem + ((1vw - 3.2px) * 1.665), 42px);\"><strong>\u00bfQu\u00e9 se hace en el Contributor Day?<\/strong><\/h2>\n\n\n\n<p>Se crean diferentes equipos de participaci\u00f3n que abordan las distintas \u00e1reas de desarrollo de WordPress, en las que al menos hay una persona experta en ese tema que se encarga de explicar, distribuir y resolver dudas sobre las tareas de colaboraci\u00f3n.<\/p>\n\n\n\n<p>De momento tenemos confirmadas estos equipos de colaboraci\u00f3n:<\/p>\n\n\n\n<ul class=\"wp-block-list\">\n<li>WordPress Credit<strong> \/ Campus Connect \/ Pr\u00e1cticas en empresa<\/strong>: el equipo que informa de un sistema de participaci\u00f3n formativa dentro del ecosistema WordPress.org. Permite a estudiantes aprender y practicar WordPress mediante contribuciones reales al proyecto. Est\u00e1 orientado a entornos educativos y facilita el aprendizaje pr\u00e1ctico en un proyecto Open Source de alcance internacional. Encargado \u00c1ngel Zinsel..<\/li>\n\n\n\n<li><strong>Design \/ Dise\u00f1o<\/strong>: el equipo que ayuda a mejorar la interfaz de usuario de WordPress, adem\u00e1s de los distintos elementos visuales que lo acompa\u00f1an. Tambi\u00e9n se encargan del frontal de los sitios de wordpress.org. Encargada Ana Cirujano.<\/li>\n\n\n\n<li><strong>Support \/ Soporte<\/strong>: el equipo que ayuda a la gesti\u00f3n y respuesta de las dudas que surgen en los foros de soporte. Encargado Pablo Moratinos.<\/li>\n\n\n\n<li><strong>Community \/ Comunidad<\/strong>: el equipo que se encarga de supervisor los eventos WordPress, ya sean Meetup, WordCamp, do_action o cualquier cosa que se te ocurra para dar a conocer WordPress. Encargado Alejandro Gil Mialdea.<\/li>\n\n\n\n<li><strong>TV \/ TV<\/strong>: el equipo que revisa y aprueba los v\u00eddeos de distintos eventos WordPress y los sube a WordPress.TV. Encargado Pablo Moratinos.<\/li>\n\n\n\n<li><strong>Photos \/ Fotos<\/strong>: el equipo responsable de la gesti\u00f3n, aprobaci\u00f3n y revisi\u00f3n de fotograf\u00edas de WordPress Photos. Encargado Nilo V\u00e9lez.<\/li>\n<\/ul>\n<\/div>\n<\/div>\n\n\n\n<p><\/p>\n<\/div>\n\n\n\n<div class=\"wp-block-group alignfull has-accent-3-background-color has-background has-global-padding is-layout-constrained wp-container-core-group-is-layout-ae37e59b wp-block-group-is-layout-constrained\" id=\"contacto\" style=\"border-top-left-radius:50px;border-top-right-radius:50px;border-bottom-left-radius:50px;border-bottom-right-radius:50px;margin-top:0;margin-bottom:0\">\n<div id=\"contacto\" class=\"wp-block-group has-global-padding is-layout-constrained wp-container-core-group-is-layout-3f575cd7 wp-block-group-is-layout-constrained\" style=\"margin-top:0;margin-bottom:0;padding-top:var(--wp--preset--spacing--60);padding-right:var(--wp--preset--spacing--60);padding-bottom:var(--wp--preset--spacing--60);padding-left:var(--wp--preset--spacing--60)\">\n<h3 class=\"wp-block-heading has-text-align-left has-foreground-color has-text-color\" style=\"padding-top:2rem;padding-right:2rem;padding-bottom:2rem;padding-left:2rem\"><strong>\u00bfQu\u00e9 debes traer al Contributor Day?<\/strong><\/h3>\n\n\n\n<p class=\"has-foreground-color has-text-color\">Lo m\u00e1s importante, tus ganas de compartir, colaborar, aprender y buen humor.<\/p>\n\n\n\n<p><\/p>\n\n\n\n<p class=\"has-foreground-color has-text-color\">No te olvides de traer tu port\u00e1til y ten tu cargador a mano.<\/p>\n\n\n\n<p><\/p>\n\n\n\n<p class=\"has-foreground-color has-text-color\">Nosotros pondremos el lugar y la conexi\u00f3n a Internet.<\/p>\n\n\n\n<p><\/p>\n\n\n\n<div style=\"height:48px\" aria-hidden=\"true\" class=\"wp-block-spacer\"><\/div>\n\n\n\n<p class=\"has-foreground-color has-text-color\"><strong>Tambi\u00e9n debes tener una cuenta en WordPress.org&nbsp; y cuenta en el Slack de WordPress Espa\u00f1a.<\/strong> Si no las tienes, las puedes crear siguiendo los pasos <strong>que te indica Nilo V\u00e9lez, aqu\u00ed abajo, en este v\u00eddeo<\/strong>:<\/p>\n\n\n\n<div style=\"height:48px\" aria-hidden=\"true\" class=\"wp-block-spacer\"><\/div>\n\n\n\n<p><\/p>\n\n\n\n<div style=\"height:68px\" aria-hidden=\"true\" class=\"wp-block-spacer\"><\/div>\n\n\n\n<figure class=\"wp-block-video\"><video controls src=\"https:\/\/videos.files.wordpress.com\/pz3m8iX5\/video-eb4ed167cb_hd.mp4\"><\/video><\/figure>\n<\/div>\n<\/div>\n\n\n\n<div class=\"wp-block-group has-background-color has-text-color has-global-padding is-content-justification-center is-layout-constrained wp-container-core-group-is-layout-305061b4 wp-block-group-is-layout-constrained\" style=\"padding-top:var(--wp--preset--spacing--70);padding-right:0;padding-bottom:var(--wp--preset--spacing--70);padding-left:0\">\n<div class=\"wp-block-columns are-vertically-aligned-bottom has-medium-font-size is-layout-flex wp-container-core-columns-is-layout-d7d455e7 wp-block-columns-is-layout-flex\" style=\"padding-top:0;padding-right:0;padding-bottom:0;padding-left:0\">\n<div class=\"wp-block-column is-vertically-aligned-bottom has-global-padding is-layout-constrained wp-container-core-column-is-layout-f36bc466 wp-block-column-is-layout-constrained\">\n<h2 class=\"wp-block-heading\" style=\"font-size:clamp(25.014px, 1.563rem + ((1vw - 3.2px) * 1.665), 42px);\"><strong>Programa del Contributor day<\/strong><\/h2>\n<\/div>\n<\/div>\n\n\n\n<div\n\tclass=\"wp-block-wordcamp-schedule alignwide is-loading\"\n\t\tdata-attributes=\"{&quot;__isStylesPreview&quot;:false,&quot;align&quot;:&quot;wide&quot;,&quot;chooseSpecificDays&quot;:true,&quot;chosenDays&quot;:[&quot;2026-01-23&quot;],&quot;chooseSpecificTracks&quot;:true,&quot;chosenTrackIds&quot;:[44],&quot;showCategories&quot;:true,&quot;useClientTimezone&quot;:false}\"\n>\n\tCargando\u2026<\/div>\n\n\n\t<div class=\"email-form fav-session-email-form-hide\">\n\t\t<!-- Tab links -->\n\t\t<div class=\"fav-session-share-tab\">\n\t\t\t\t\t\t\t<div class=\"fav-session-tablinks\" id=\"fav-session-btn-email\">\n\t\t\t\t\tCorreo electr\u00f3nico\t\t\t\t<\/div>\n\t\t\t\n\t\t\t<div class=\"fav-session-tablinks\" id=\"fav-session-btn-link\">\n\t\t\t\tEnlace\t\t\t<\/div>\n\n\t\t\t<div class=\"fav-session-tablinks\" id=\"fav-session-btn-print\">\n\t\t\t\tImprimir\t\t\t<\/div>\n\t\t<\/div>\n\n\t\t<!-- Tab content -->\n\t\t\t\t\t<div id=\"fav-session-tab-email\" class=\"fav-session-share-tabcontent\">\n\t\t\t\t<div id=\"fav-session-email-form\">\n\t\t\t\t\tEnv\u00edame mis sesiones favoritas:\n\t\t\t\t\t<form id=\"fav-sessions-form\">\n\t\t\t\t\t\t<input\n\t\t\t\t\t\t\ttype=\"text\"\n\t\t\t\t\t\t\tname=\"email_address\"\n\t\t\t\t\t\t\tid=\"fav-sessions-email-address\"\n\t\t\t\t\t\t\tplaceholder=\"me@protonmail.com\"\n\t\t\t\t\t\t\/>\n\t\t\t\t\t\t<input type=\"submit\" value=\"Enviar\" \/>\n\t\t\t\t\t<\/form>\n\t\t\t\t<\/div>\n\n\t\t\t\t<div class=\"fav-session-email-wait-spinner\"><\/div>\n\t\t\t\t<div class=\"fav-session-email-result\"><\/div>\n\t\t\t<\/div>\n\t\t\n\t\t<div id=\"fav-session-tab-link\" class=\"fav-session-share-tabcontent\">\n\t\t\tEnlace compartible:\t\t\t<br \/>\n\t\t\t<a id=\"fav-sessions-link\" href=\"\"><\/a>\n\t\t<\/div>\n\n\t\t<div id=\"fav-session-tab-print\" class=\"fav-session-share-tabcontent\">\n\t\t\t<button id=\"fav-session-print\">\n\t\t\t\tImprimir sesiones favoritas\t\t\t<\/button>\n\t\t<\/div>\n\t<\/div>\n\n\t<a class=\"show-email-form\" href=\"javascript:\">\n\t\t<span class=\"dashicons dashicons-star-filled\"><\/span>\n\t\t<span class=\"dashicons dashicons-email-alt\"><\/span>\n\t<\/a>\n\n\t<\/div>\n","protected":false},"excerpt":{"rendered":"<p>\u00bfQu\u00e9 se hace en el Contributor Day? Se crean diferentes equipos de participaci\u00f3n que abordan las distintas \u00e1reas de desarrollo de WordPress, en las que al menos hay una persona experta en ese tema que se encarga de explicar, distribuir y resolver dudas sobre las tareas de colaboraci\u00f3n. De momento tenemos confirmadas estas mesas. Se [&hellip;]<\/p>\n","protected":false},"author":3466476,"featured_media":0,"parent":0,"menu_order":0,"comment_status":"closed","ping_status":"closed","template":"","meta":{"jetpack_post_was_ever_published":false,"footnotes":""},"class_list":["post-4693","page","type-page","status-publish","hentry"],"jetpack_sharing_enabled":true,"_links":{"self":[{"href":"https:\/\/zaragoza.wordcamp.org\/2026\/wp-json\/wp\/v2\/pages\/4693","targetHints":{"allow":["GET"]}}],"collection":[{"href":"https:\/\/zaragoza.wordcamp.org\/2026\/wp-json\/wp\/v2\/pages"}],"about":[{"href":"https:\/\/zaragoza.wordcamp.org\/2026\/wp-json\/wp\/v2\/types\/page"}],"author":[{"embeddable":true,"href":"https:\/\/zaragoza.wordcamp.org\/2026\/wp-json\/wp\/v2\/users\/3466476"}],"replies":[{"embeddable":true,"href":"https:\/\/zaragoza.wordcamp.org\/2026\/wp-json\/wp\/v2\/comments?post=4693"}],"version-history":[{"count":7,"href":"https:\/\/zaragoza.wordcamp.org\/2026\/wp-json\/wp\/v2\/pages\/4693\/revisions"}],"predecessor-version":[{"id":4945,"href":"https:\/\/zaragoza.wordcamp.org\/2026\/wp-json\/wp\/v2\/pages\/4693\/revisions\/4945"}],"wp:attachment":[{"href":"https:\/\/zaragoza.wordcamp.org\/2026\/wp-json\/wp\/v2\/media?parent=4693"}],"curies":[{"name":"wp","href":"https:\/\/api.w.org\/{rel}","templated":true}]}}