{"id":344,"date":"2025-11-12T10:26:00","date_gmt":"2025-11-12T09:26:00","guid":{"rendered":"https:\/\/zaragoza.wordcamp.org\/2025\/?page_id=224"},"modified":"2025-12-21T12:17:35","modified_gmt":"2025-12-21T11:17:35","slug":"llamada-a-voluntarios","status":"publish","type":"page","link":"https:\/\/zaragoza.wordcamp.org\/2026\/participan\/llamada-a-voluntarios","title":{"rendered":"Llamada a voluntarios"},"content":{"rendered":"\n<div class=\"wp-block-cover alignfull wp-elements-e52c056cba1e5e51c83339287edd3fb3 wp-duotone-unset-1\" style=\"padding-top:var(--wp--preset--spacing--50);padding-right:var(--wp--preset--spacing--40);padding-bottom:var(--wp--preset--spacing--50);padding-left:var(--wp--preset--spacing--40);min-height:2611px;aspect-ratio:unset;\"><span aria-hidden=\"true\" class=\"wp-block-cover__background has-custom-comunidad-background-color has-background-dim-100 has-background-dim\"><\/span><div class=\"wp-block-cover__inner-container has-global-padding is-layout-constrained wp-container-core-cover-is-layout-9841d97c wp-block-cover-is-layout-constrained\">\n<h2 class=\"wp-block-heading has-contrast-color has-text-color has-link-color has-x-large-font-size wp-elements-d23e838784d57cb4162134454ebcafd0\"><strong>Haz brillar la WordCamp<\/strong><\/h2>\n\n\n\n<p class=\"has-contrast-color has-text-color has-link-color wp-elements-509cad350cb7ef58916892f5d9f3620e\">Una WordCamp&nbsp;<strong>no ser\u00eda lo mismo sin personas tan especiales como t\u00fa.<\/strong>&nbsp;Detr\u00e1s de cada evento exitoso hay un grupo incre\u00edble de voluntarios y voluntarias, y es que sin el apoyo y cari\u00f1o de la comunidad, hacer realidad un evento sin \u00e1nimo de lucro ser\u00eda un sue\u00f1o lejano.<\/p>\n\n\n\n<p class=\"has-contrast-color has-text-color has-link-color wp-elements-d260605505d1437b0f74a2aea121f02a\">Te invitamos a vivir la WordCamp desde una perspectiva \u00fanica, a sumergirte en su esencia y a ser pieza clave de su \u00e9xito.<\/p>\n\n\n\n<p class=\"has-contrast-color has-text-color has-link-color wp-elements-9b3c5f9af8e582f04dadfa322533d863\">Con un aforo de 250 asistentes en esta edici\u00f3n, te necesitamos en nuestro equipo para hacer de esta WordCamp Zaragoza 2026 una experiencia inolvidable.<\/p>\n\n\n\n<div class=\"wp-block-group alignwide sombra_ficha ocultar has-accent-3-background-color has-background is-layout-flow wp-block-group-is-layout-flow\" style=\"border-radius:25px;margin-top:var(--wp--preset--spacing--30);margin-bottom:var(--wp--preset--spacing--30);padding-top:var(--wp--preset--spacing--40);padding-right:var(--wp--preset--spacing--30);padding-bottom:var(--wp--preset--spacing--40);padding-left:var(--wp--preset--spacing--30)\">\n<h2 class=\"wp-block-heading has-text-align-center has-contrast-color has-text-color has-link-color has-x-large-font-size wp-elements-01b05135bb5f16776f0ae04e2134bebb\"><strong>\u00bfQuieres ser voluntario?<br>\u00a1\u00danete al equipo! Tu apoyo es esencial<\/strong><\/h2>\n\n\n\n<div class=\"wp-block-buttons has-link-color wp-elements-1320f3bc71df66ac98a80a12ca0fc695 is-horizontal is-content-justification-center is-layout-flex wp-container-core-buttons-is-layout-e77014dd wp-block-buttons-is-layout-flex\" style=\"margin-top:var(--wp--preset--spacing--30);margin-bottom:var(--wp--preset--spacing--30)\">\n<div class=\"wp-block-button\"><a class=\"wp-block-button__link has-custom-comunidad-color has-text-color has-link-color has-text-align-center wp-element-button\" href=\"\/2026\/#form-voluntarios\">Solicita tu plaza de voluntario<\/a><\/div>\n<\/div>\n<\/div>\n\n\n\n<div class=\"wp-block-group alignwide sombra_ficha is-layout-flow wp-block-group-is-layout-flow\" style=\"padding-top:0;padding-right:0;padding-bottom:0;padding-left:0\">\n<figure class=\"wp-block-image size-large has-custom-border\"><img data-recalc-dims=\"1\" loading=\"lazy\" decoding=\"async\" width=\"1024\" height=\"783\" src=\"https:\/\/i0.wp.com\/zaragoza.wordcamp.org\/2026\/files\/2025\/11\/WhatsApp-Image-2025-11-10-at-19.46.57-2.jpeg?resize=1024%2C783&#038;ssl=1\" alt=\"Equipo WCZGZ25 selfi\" class=\"wp-image-3622\" style=\"border-radius:12px\" srcset=\"https:\/\/i0.wp.com\/zaragoza.wordcamp.org\/2026\/files\/2025\/11\/WhatsApp-Image-2025-11-10-at-19.46.57-2.jpeg?resize=1024%2C783&amp;ssl=1 1024w, https:\/\/i0.wp.com\/zaragoza.wordcamp.org\/2026\/files\/2025\/11\/WhatsApp-Image-2025-11-10-at-19.46.57-2.jpeg?resize=300%2C229&amp;ssl=1 300w, https:\/\/i0.wp.com\/zaragoza.wordcamp.org\/2026\/files\/2025\/11\/WhatsApp-Image-2025-11-10-at-19.46.57-2.jpeg?resize=768%2C587&amp;ssl=1 768w, https:\/\/i0.wp.com\/zaragoza.wordcamp.org\/2026\/files\/2025\/11\/WhatsApp-Image-2025-11-10-at-19.46.57-2.jpeg?resize=393%2C300&amp;ssl=1 393w, https:\/\/i0.wp.com\/zaragoza.wordcamp.org\/2026\/files\/2025\/11\/WhatsApp-Image-2025-11-10-at-19.46.57-2.jpeg?w=1472&amp;ssl=1 1472w\" sizes=\"auto, (max-width: 1000px) 100vw, 1000px\" \/><\/figure>\n<\/div>\n\n\n\n<pre class=\"wp-block-verse has-contrast-color has-text-color has-link-color has-small-font-size wp-elements-c16f0d4192e296b7b29bad051c927d73\"><em>\ud83d\udcf7 Fotograf\u00eda <\/em>de Cristina Ecija del Equipo WCZGZ25<\/pre>\n\n\n\n<h3 class=\"wp-block-heading has-contrast-color has-text-color has-link-color has-x-large-font-size wp-elements-afbeb8757c8dda183399f1962d484c42\"><strong>Porque los voluntarios de WordCamp Zaragoza 2026 tienen ventajas. \u00bfTe animas a vivirlas?<\/strong><\/h3>\n\n\n\n<ul class=\"wp-block-list has-contrast-color has-text-color has-link-color wp-elements-53438e639c0aa913b38ff550cb3cacff\">\n<li>Tu entrada ser\u00e1 gratuita. Al ser un evento sin \u00e1nimo de lucro no podemos cubrir otros gastos, pero una de las entradas ya tiene tu nombre.<\/li>\n\n\n\n<li>Podr\u00e1s lucir con orgullo la sudadera exclusiva de todo el equipo: Organizadores y Voluntarios.<\/li>\n\n\n\n<li>Disfrutar\u00e1s de momentos \u00fanicos charlando con nuestros ponentes.<\/li>\n\n\n\n<li>En nuestra lista de Twitter de voluntariado, brillar\u00e1s con luz propia.<\/li>\n\n\n\n<li>Y prep\u00e1rate porque te daremos, \u00a1un mont\u00f3n de gracias y abrazos!&nbsp;\ud83d\ude04<\/li>\n<\/ul>\n\n\n\n<div style=\"height:30px\" aria-hidden=\"true\" class=\"wp-block-spacer\"><\/div>\n\n\n\n<figure class=\"wp-block-image size-full is-resized has-custom-border sombra_ficha is-style-rounded\"><img data-recalc-dims=\"1\" loading=\"lazy\" decoding=\"async\" width=\"2048\" height=\"1365\" src=\"https:\/\/i0.wp.com\/zaragoza.wordcamp.org\/2026\/files\/2025\/11\/54333790830_6243902559_k.jpg?resize=2048%2C1365&#038;ssl=1\" alt=\"Organizadores y voluntarios echando unas risas\" class=\"wp-image-3626\" style=\"border-radius:12px;width:1000px\" srcset=\"https:\/\/i0.wp.com\/zaragoza.wordcamp.org\/2026\/files\/2025\/11\/54333790830_6243902559_k.jpg?w=2048&amp;ssl=1 2048w, https:\/\/i0.wp.com\/zaragoza.wordcamp.org\/2026\/files\/2025\/11\/54333790830_6243902559_k.jpg?resize=300%2C200&amp;ssl=1 300w, https:\/\/i0.wp.com\/zaragoza.wordcamp.org\/2026\/files\/2025\/11\/54333790830_6243902559_k.jpg?resize=1024%2C683&amp;ssl=1 1024w, https:\/\/i0.wp.com\/zaragoza.wordcamp.org\/2026\/files\/2025\/11\/54333790830_6243902559_k.jpg?resize=768%2C512&amp;ssl=1 768w, https:\/\/i0.wp.com\/zaragoza.wordcamp.org\/2026\/files\/2025\/11\/54333790830_6243902559_k.jpg?resize=450%2C300&amp;ssl=1 450w, https:\/\/i0.wp.com\/zaragoza.wordcamp.org\/2026\/files\/2025\/11\/54333790830_6243902559_k.jpg?resize=1536%2C1024&amp;ssl=1 1536w\" sizes=\"auto, (max-width: 1000px) 100vw, 1000px\" \/><\/figure>\n\n\n\n<pre class=\"wp-block-verse has-contrast-color has-text-color has-link-color has-small-font-size wp-elements-3552e872dff2098a062360b5f4f6bca2\">\ud83d\udcf7 Fotograf\u00eda de H\u00e9ctor Izquierdo. Que s\u00ed, lo pasamos genial, \u00a1\u00a1\u00a1siempre!!! \ud83d\ude09<\/pre>\n\n\n\n<div style=\"height:16px\" aria-hidden=\"true\" class=\"wp-block-spacer\"><\/div>\n\n\n\n<h2 class=\"wp-block-heading has-contrast-color has-text-color has-link-color wp-elements-fea1be6fcfc26c787a9a7ad6a4afbaa3\"><strong>Maneras de contribuir durante el evento:<\/strong><\/h2>\n\n\n\n<ul class=\"wp-block-list has-contrast-color has-text-color has-link-color wp-elements-b719bd206124e0d636dab6ae67688230\">\n<li>Registro: Entrega de acreditaciones, camisetas y bolsa de bienvenida y control de accesos al evento.<\/li>\n\n\n\n<li>Ayuda en el montaje y desmontaje en las horas de caf\u00e9 y comida.<\/li>\n\n\n\n<li>Control de tiempo en las ponencias y manejo de micr\u00f3fonos para preguntas.<\/li>\n\n\n\n<li>Ayudar a cada asistente, patrocinador y ponente con las dudas o necesidades que les puedan surgir.<\/li>\n\n\n\n<li>Log\u00edstica general.<\/li>\n\n\n\n<li>Fotograf\u00eda y v\u00eddeo.<\/li>\n\n\n\n<li>Dise\u00f1o gr\u00e1fico.<\/li>\n\n\n\n<li>Traductores ingl\u00e9s \u2013 espa\u00f1ol y viceversa.<\/li>\n\n\n\n<li>Ayudar a mantener el orden, el buen rollo y la limpieza durante el evento.<\/li>\n\n\n\n<li>Simplemente ayudar&nbsp;<\/li>\n<\/ul>\n\n\n\n<h2 class=\"wp-block-heading has-contrast-color has-text-color has-link-color wp-elements-28a02b68b55c52771a377c5b86598dbb\"><strong>Con cari\u00f1o<\/strong><\/h2>\n\n\n\n<p class=\"has-contrast-color has-text-color has-link-color has-medium-font-size wp-elements-215af8a8f8fee9d52efea84a50fb05e0\">Vamos a tener una gran tarea de selecci\u00f3n y solo podemos sentirnos agradecidos de vuestra participaci\u00f3n.<\/p>\n\n\n\n<p class=\"has-large-font-size\">\u00a1Pronto anunciaremos las voluntarias y voluntarios seleccionados para la WordCamp Zaragoza 2026!<\/p>\n\n\n<\/div><\/div>\n\n\n","protected":false},"excerpt":{"rendered":"","protected":false},"author":3466476,"featured_media":3623,"parent":3123,"menu_order":0,"comment_status":"open","ping_status":"closed","template":"","meta":{"jetpack_post_was_ever_published":false,"footnotes":""},"class_list":["post-344","page","type-page","status-publish","has-post-thumbnail","hentry"],"jetpack_sharing_enabled":true,"_links":{"self":[{"href":"https:\/\/zaragoza.wordcamp.org\/2026\/wp-json\/wp\/v2\/pages\/344","targetHints":{"allow":["GET"]}}],"collection":[{"href":"https:\/\/zaragoza.wordcamp.org\/2026\/wp-json\/wp\/v2\/pages"}],"about":[{"href":"https:\/\/zaragoza.wordcamp.org\/2026\/wp-json\/wp\/v2\/types\/page"}],"author":[{"embeddable":true,"href":"https:\/\/zaragoza.wordcamp.org\/2026\/wp-json\/wp\/v2\/users\/3466476"}],"replies":[{"embeddable":true,"href":"https:\/\/zaragoza.wordcamp.org\/2026\/wp-json\/wp\/v2\/comments?post=344"}],"version-history":[{"count":28,"href":"https:\/\/zaragoza.wordcamp.org\/2026\/wp-json\/wp\/v2\/pages\/344\/revisions"}],"predecessor-version":[{"id":4406,"href":"https:\/\/zaragoza.wordcamp.org\/2026\/wp-json\/wp\/v2\/pages\/344\/revisions\/4406"}],"up":[{"embeddable":true,"href":"https:\/\/zaragoza.wordcamp.org\/2026\/wp-json\/wp\/v2\/pages\/3123"}],"wp:featuredmedia":[{"embeddable":true,"href":"https:\/\/zaragoza.wordcamp.org\/2026\/wp-json\/wp\/v2\/media\/3623"}],"wp:attachment":[{"href":"https:\/\/zaragoza.wordcamp.org\/2026\/wp-json\/wp\/v2\/media?parent=344"}],"curies":[{"name":"wp","href":"https:\/\/api.w.org\/{rel}","templated":true}]}}