{"id":3119,"date":"2024-12-02T18:07:45","date_gmt":"2024-12-02T17:07:45","guid":{"rendered":"https:\/\/zaragoza.wordcamp.org\/2025\/?page_id=158"},"modified":"2026-01-19T23:07:26","modified_gmt":"2026-01-19T22:07:26","slug":"patrocinadores","status":"publish","type":"page","link":"https:\/\/zaragoza.wordcamp.org\/2026\/participan\/patrocinadores","title":{"rendered":"Patrocinadores"},"content":{"rendered":"\n<div class=\"wp-block-group alignwide is-style-default has-global-padding is-layout-constrained wp-container-core-group-is-layout-5dc4706c wp-block-group-is-layout-constrained\" style=\"margin-bottom:0px;padding-bottom:0px\">\n<p class=\"has-text-align-left parrafo-limitado\">Los patrocinadores son esenciales en cualquier tipo de evento, pero en un evento sin \u00e1nimo de lucro, como una WordCamp, son clave. Gracias a ellos podemos mantener un precio de entrada muy econ\u00f3mico y su presencia aporta gran experiencia para los asistentes.<\/p>\n\n\n\n<p style=\"margin-bottom:0px;padding-right:0;padding-bottom:0px;padding-left:0\">As\u00ed que\u2026 <strong>\u00a1GRACIAS A TODOS!<\/strong><\/p>\n<\/div>\n\n\n\n<p><\/p>\n","protected":false},"excerpt":{"rendered":"<p>Los patrocinadores son esenciales en cualquier tipo de evento, pero en un evento sin \u00e1nimo de lucro, como una WordCamp, son clave. Gracias a ellos podemos mantener un precio de entrada muy econ\u00f3mico y su presencia aporta gran experiencia para los asistentes. As\u00ed que\u2026 \u00a1GRACIAS A TODOS!<\/p>\n","protected":false},"author":3466476,"featured_media":0,"parent":3123,"menu_order":0,"comment_status":"closed","ping_status":"closed","template":"","meta":{"jetpack_post_was_ever_published":false,"footnotes":""},"class_list":["post-3119","page","type-page","status-publish","hentry"],"jetpack_sharing_enabled":true,"_links":{"self":[{"href":"https:\/\/zaragoza.wordcamp.org\/2026\/wp-json\/wp\/v2\/pages\/3119","targetHints":{"allow":["GET"]}}],"collection":[{"href":"https:\/\/zaragoza.wordcamp.org\/2026\/wp-json\/wp\/v2\/pages"}],"about":[{"href":"https:\/\/zaragoza.wordcamp.org\/2026\/wp-json\/wp\/v2\/types\/page"}],"author":[{"embeddable":true,"href":"https:\/\/zaragoza.wordcamp.org\/2026\/wp-json\/wp\/v2\/users\/3466476"}],"replies":[{"embeddable":true,"href":"https:\/\/zaragoza.wordcamp.org\/2026\/wp-json\/wp\/v2\/comments?post=3119"}],"version-history":[{"count":2,"href":"https:\/\/zaragoza.wordcamp.org\/2026\/wp-json\/wp\/v2\/pages\/3119\/revisions"}],"predecessor-version":[{"id":5012,"href":"https:\/\/zaragoza.wordcamp.org\/2026\/wp-json\/wp\/v2\/pages\/3119\/revisions\/5012"}],"up":[{"embeddable":true,"href":"https:\/\/zaragoza.wordcamp.org\/2026\/wp-json\/wp\/v2\/pages\/3123"}],"wp:attachment":[{"href":"https:\/\/zaragoza.wordcamp.org\/2026\/wp-json\/wp\/v2\/media?parent=3119"}],"curies":[{"name":"wp","href":"https:\/\/api.w.org\/{rel}","templated":true}]}}