{"id":541,"date":"2024-12-17T19:13:01","date_gmt":"2024-12-17T18:13:01","guid":{"rendered":"https:\/\/zaragoza.wordcamp.org\/2025\/?page_id=541"},"modified":"2024-12-23T01:18:53","modified_gmt":"2024-12-23T00:18:53","slug":"ubicacion","status":"publish","type":"page","link":"https:\/\/zaragoza.wordcamp.org\/2025\/ubicacion\/","title":{"rendered":"Ubicaci\u00f3n"},"content":{"rendered":"\n<h2 class=\"wp-block-heading has-text-align-center has-contrast-color has-text-color has-link-color has-x-large-font-size wp-elements-8e150bb9ab821ed26ce9af866eb55eee\" style=\"padding-bottom:var(--wp--preset--spacing--30)\"><strong>ETOPIA Centro de emprendimiento, innovaci\u00f3n y tecnolog\u00eda<\/strong><\/h2>\n\n\n\n<div class=\"wp-block-cover alignfull\"><span aria-hidden=\"true\" class=\"wp-block-cover__background has-background-dim-100 has-background-dim\"><\/span><div class=\"wp-block-cover__inner-container has-global-padding is-layout-constrained wp-container-core-cover-is-layout-704e782a wp-block-cover-is-layout-constrained\">\n<div class=\"wp-block-columns has-accent-3-background-color has-background is-layout-flex wp-container-core-columns-is-layout-1a2ddb66 wp-block-columns-is-layout-flex\" style=\"border-radius:25px;padding-right:var(--wp--preset--spacing--30);padding-left:var(--wp--preset--spacing--30)\">\n<div class=\"wp-block-column has-base-color has-text-color has-link-color wp-elements-f6e90697b73df79c9c2ec0c445320e5a is-layout-flow wp-block-column-is-layout-flow\" style=\"padding-top:0;padding-bottom:0;flex-basis:60%\">\n<figure class=\"wp-block-image size-full is-resized has-custom-border\"><img data-recalc-dims=\"1\" decoding=\"async\" src=\"https:\/\/i0.wp.com\/zaragoza.wordcamp.org\/2024\/files\/2023\/11\/etopia-zaragoza.webp?ssl=1\" alt=\"\" class=\"wp-image-1647\" style=\"border-radius:25px;width:528px;height:auto\" \/><\/figure>\n<\/div>\n\n\n\n<div class=\"wp-block-column has-base-color has-text-color has-link-color wp-elements-48f1c7f8c0ae901324e064890d67bea8 is-layout-flow wp-block-column-is-layout-flow\" style=\"padding-top:var(--wp--preset--spacing--50);padding-bottom:var(--wp--preset--spacing--50);flex-basis:40%\">\n<ul class=\"wp-block-list\">\n<li class=\"has-contrast-color has-text-color has-link-color wp-elements-34a075e924eed5fd4ecf4bd716b4134a\"><strong>\u00bfD\u00f3nde se ubica ETOPIA?<\/strong><\/li>\n\n\n\n<li class=\"has-contrast-color has-text-color has-link-color wp-elements-a053c19088f474c4a0f4fe58b3ccd06f\"><strong>\u00bfC\u00f3mo llegar?<\/strong>\n<ul class=\"wp-block-list\">\n<li class=\"has-contrast-color has-text-color has-link-color wp-elements-9c39f54c7595c7ab7637337796af8b37\">\u2708\ufe0f Ir en Avi\u00f3n<\/li>\n\n\n\n<li>\ud83d\ude86 Ir en Tren<\/li>\n\n\n\n<li>\ud83d\ude8d Ir en Bus<\/li>\n\n\n\n<li>\ud83d\ude98 Ir en Coche<\/li>\n<\/ul>\n<\/li>\n<\/ul>\n<\/div>\n<\/div>\n<\/div><\/div>\n\n\n\n<div class=\"wp-block-group alignfull has-contrast-color has-text-color has-link-color wp-elements-64669bb7ac92e197562e51464e6e175c has-global-padding is-layout-constrained wp-container-core-group-is-layout-3d24883f wp-block-group-is-layout-constrained\" style=\"padding-top:var(--wp--preset--spacing--40);padding-right:var(--wp--preset--spacing--50);padding-bottom:var(--wp--preset--spacing--40);padding-left:var(--wp--preset--spacing--50)\">\n<div class=\"wp-block-columns is-layout-flex wp-container-core-columns-is-layout-7abde1fe wp-block-columns-is-layout-flex\" style=\"padding-top:var(--wp--preset--spacing--40);padding-bottom:var(--wp--preset--spacing--40)\">\n<div class=\"wp-block-column is-vertically-aligned-center is-layout-flow wp-block-column-is-layout-flow\" style=\"flex-basis:60%\">\n<h2 class=\"wp-block-heading has-text-align-left has-contrast-color has-text-color has-link-color has-x-large-font-size wp-elements-7ee8cdafea1bb5081a51f57d69c16c77\" style=\"padding-bottom:var(--wp--preset--spacing--30)\"><strong>\u00bfD\u00f3nde se ubica ETOPIA?<\/strong><\/h2>\n\n\n\n<p class=\"has-foreground-color has-text-color\">El edificio ETOPIA se encuentra a cinco minutos andando de la Estaci\u00f3n del AVE \u2014 conectada directamente a trav\u00e9s de una pasarela \u2014 en plena puerta de entrada a Zaragoza a trav\u00e9s de la autopista A-68.<\/p>\n\n\n\n<p class=\"has-foreground-color has-text-color\">Se ubica en el punto de intersecci\u00f3n de dos de los ejes urbanos con m\u00e1s capacidad de atracci\u00f3n cultural y empresarial: el Parque Empresarial Expo (zona de la Exposici\u00f3n Internacional que tuvo lugar en Zaragoza, en 2008), que incluye el Pabell\u00f3n Puente, la Torre del Agua, el Instituto de Investigaci\u00f3n de Cambio Clim\u00e1tico, el Acuario Fluvial y el Parque Metropolitano del Agua \u00abLuis Bu\u00f1uel\u00bb.<\/p>\n<\/div>\n\n\n\n<div class=\"wp-block-column is-vertically-aligned-center is-layout-flow wp-block-column-is-layout-flow\" style=\"flex-basis:40%\">\n<figure class=\"wp-block-image aligncenter size-full is-resized has-custom-border\"><a href=\"https:\/\/www.google.com\/maps\/dir\/\/ETOPIA+Centro+de+Arte+y+Tecnolog%C3%ADa,+Av.+de+la+Cdad.+de+Soria,+8,+50003+Zaragoza\/@41.6593809,-0.9072339,15z\/data=!3m1!5s0xd596af915e786bd:0xa3932567691e485a!4m9!4m8!1m0!1m5!1m1!1s0xd596b4aded0f4d1:0x12f8c30f1a51a61f!2m2!1d-0.9072339!2d41.6593809!3e0?entry=ttu\" target=\"_blank\" rel=\"noreferrer noopener\"><img data-recalc-dims=\"1\" decoding=\"async\" src=\"https:\/\/i0.wp.com\/zaragoza.wordcamp.org\/2024\/files\/2023\/11\/mapa-etopia-como-llegar-1.jpg?ssl=1\" alt=\"\" class=\"wp-image-2584\" style=\"border-radius:12px;aspect-ratio:1;object-fit:cover;width:705px;height:auto\" \/><\/a><\/figure>\n\n\n\n<h2 class=\"wp-block-heading has-text-align-center has-accent-2-color has-text-color has-link-color has-medium-font-size wp-elements-63d5d5642a908109338c877b070c4ca2\"><a href=\"https:\/\/www.google.com\/maps\/dir\/\/ETOPIA+Centro+de+Arte+y+Tecnolog%C3%ADa,+Av.+de+la+Cdad.+de+Soria,+8,+50003+Zaragoza\/@41.6593809,-0.9072339,15z\/data=!3m1!5s0xd596af915e786bd:0xa3932567691e485a!4m9!4m8!1m0!1m5!1m1!1s0xd596b4aded0f4d1:0x12f8c30f1a51a61f!2m2!1d-0.9072339!2d41.6593809!3e0?entry=ttu\" data-type=\"link\" data-id=\"https:\/\/www.google.com\/maps\/dir\/\/ETOPIA+Centro+de+Arte+y+Tecnolog%C3%ADa,+Av.+de+la+Cdad.+de+Soria,+8,+50003+Zaragoza\/@41.6593809,-0.9072339,15z\/data=!3m1!5s0xd596af915e786bd:0xa3932567691e485a!4m9!4m8!1m0!1m5!1m1!1s0xd596b4aded0f4d1:0x12f8c30f1a51a61f!2m2!1d-0.9072339!2d41.6593809!3e0?entry=ttu\">\ud83d\udd0eEcha un vistazo al mapa<\/a><\/h2>\n<\/div>\n<\/div>\n<\/div>\n\n\n\n<div class=\"wp-block-group alignwide has-global-padding is-layout-constrained wp-container-core-group-is-layout-e3580c9e wp-block-group-is-layout-constrained\" style=\"padding-top:var(--wp--preset--spacing--50);padding-right:var(--wp--preset--spacing--40);padding-bottom:var(--wp--preset--spacing--50);padding-left:var(--wp--preset--spacing--40)\">\n<h2 class=\"wp-block-heading has-text-align-left has-x-large-font-size\"><strong>\u00bfC\u00f3mo llegar?<\/strong><\/h2>\n\n\n\n<p class=\"has-text-align-left\">Zaragoza es la quinta ciudad espa\u00f1ola a nivel de poblaci\u00f3n y es uno de los centros log\u00edsticos m\u00e1s importantes del sur de Europa, porque es el centro entre otros grandes n\u00facleos urbanos situados a tan s\u00f3lo 300km. de distancia como Madrid, Barcelona, Valencia, Bilbao en Espa\u00f1a y Toulouse en Francia, lo cual es bastante ventajoso para vuestra llegada.<\/p>\n\n\n\n<p class=\"has-text-align-left\" style=\"margin-bottom:var(--wp--preset--spacing--40)\">Adem\u00e1s, el lugar elegido para este magn\u00edfica WordCamp Zaragoza 2025 es el mismo de siempre, el edificio\u00a0<strong>ETOPIA <\/strong>Centro de emprendimiento, innovaci\u00f3n y tecnolog\u00eda, que es un equipamiento urbano del Ayuntamiento de Zaragoza que alberga laboratorios, espacios de creaci\u00f3n, salas de exposiciones, incubadoras de industrias culturales y creativas y una residencia para creadores multidisciplinares, con un equipo humano que favorece la interconexi\u00f3n entre todas ellas.<\/p>\n\n\n\n<div class=\"wp-block-cover\" style=\"border-radius:25px;margin-top:0;margin-bottom:0;padding-top:0;padding-bottom:0\" id=\"Zaragoza\"><span aria-hidden=\"true\" class=\"wp-block-cover__background has-accent-3-background-color has-background-dim-100 has-background-dim\"><\/span><div class=\"wp-block-cover__inner-container has-global-padding is-layout-constrained wp-block-cover-is-layout-constrained\">\n<h2 class=\"wp-block-heading alignwide has-text-align-center has-x-large-font-size\"><strong>Todos los caminos llevan a\u2026 Caesaraugusta,<\/strong><\/h2>\n\n\n\n<h3 class=\"wp-block-heading alignwide has-text-align-center has-large-font-size\">os dejamos todas las explicaciones de como llegar aqu\u00ed <\/h3>\n\n\n\n<div style=\"height:20px\" aria-hidden=\"true\" class=\"wp-block-spacer\"><\/div>\n\n\n\n<div class=\"wp-block-buttons is-content-justification-center is-layout-flex wp-container-core-buttons-is-layout-a89b3969 wp-block-buttons-is-layout-flex\">\n<div class=\"wp-block-button has-custom-font-size boton-blanco has-medium-font-size\"><a class=\"wp-block-button__link has-contrast-color has-text-color has-link-color has-text-align-left wp-element-button\" href=\"#avi\u00f3n\">\u2708\ufe0f venir en avi\u00f3n <\/a><\/div>\n\n\n\n<div class=\"wp-block-button has-custom-font-size boton-blanco has-medium-font-size\"><a class=\"wp-block-button__link has-contrast-color has-text-color has-link-color wp-element-button\" href=\"#Tren\">\ud83d\ude86 venir en Tren<\/a><\/div>\n\n\n\n<div class=\"wp-block-button has-custom-font-size boton-blanco has-medium-font-size\"><a class=\"wp-block-button__link has-contrast-color has-text-color has-link-color wp-element-button\" href=\"#Coche\">\ud83d\ude98 venir en Coche<\/a><\/div>\n\n\n\n<div class=\"wp-block-button has-custom-font-size boton-blanco has-medium-font-size\"><a class=\"wp-block-button__link has-contrast-color has-text-color has-link-color wp-element-button\" href=\"#Bus\">\ud83d\ude8d venir en Bus  <\/a><\/div>\n<\/div>\n<\/div><\/div>\n<\/div>\n\n\n\n<div class=\"wp-block-group alignfull has-base-color has-text-color has-link-color wp-elements-bad192965448635f1147bc1065e79959 has-global-padding is-layout-constrained wp-container-core-group-is-layout-8203cff8 wp-block-group-is-layout-constrained\" id=\"avi\u00f3n\" style=\"padding-top:0;padding-right:0;padding-bottom:0;padding-left:0\">\n<h2 class=\"wp-block-heading has-text-align-left has-contrast-color has-text-color has-link-color wp-elements-effde03171f750412d224469169df2c2\" style=\"margin-top:var(--wp--preset--spacing--60);margin-bottom:var(--wp--preset--spacing--20)\"><strong>\u2708\ufe0f Venir en Avi\u00f3n<\/strong><\/h2>\n\n\n\n<p class=\"has-contrast-color has-text-color has-link-color wp-elements-66ebad212da1e605cee5aa163e70eee9\">Si vas a venir en avi\u00f3n, te explicamos las opciones que se te presentan:<\/p>\n\n\n\n<div class=\"wp-block-group is-layout-flow wp-container-core-group-is-layout-98ad658b wp-block-group-is-layout-flow\" style=\"margin-top:var(--wp--preset--spacing--30);margin-bottom:var(--wp--preset--spacing--30)\">\n<p class=\"has-accent-2-color has-text-color has-link-color has-bungee-font-family wp-elements-ef4d108dc27300bfe195bc28c1bbeb51\"><strong>Vuelos directos a Zaragoza<\/strong><\/p>\n\n\n\n<p class=\"has-contrast-color has-text-color has-link-color wp-elements-8dbd6f093e7c4b2593d9f5f7d06de7b8\">El aeropuerto de Zaragoza propone pocos vuelos comerciales y se caracteriza m\u00e1s por su uso de transporte de mercanc\u00edas. Aun as\u00ed, encontrar\u00e1s vuelos desde varios puntos de Espa\u00f1a como Tenerife, M\u00e1laga, Mallorca, etc. y tambi\u00e9n destinos de otras ciudades europeas como Bruselas o Londres. <a href=\"https:\/\/www.aena.es\/es\/zaragoza.html\">Consulta la lista aqu\u00ed<\/a><\/p>\n<\/div>\n\n\n\n<div class=\"wp-block-group is-layout-flow wp-container-core-group-is-layout-98ad658b wp-block-group-is-layout-flow\" style=\"margin-top:var(--wp--preset--spacing--30);margin-bottom:var(--wp--preset--spacing--30)\">\n<p class=\"has-accent-2-color has-text-color has-link-color has-bungee-font-family wp-elements-ae8c4272f38e610a515c133136b749e0\"><strong>Vuelos desde Madrid, Barcelona o Valencia<\/strong><\/p>\n\n\n\n<p class=\"has-contrast-color has-text-color has-link-color wp-elements-66f2ba031cb2e9126e48bf73b68c4311\">Si no encuentras tu ciudad entre los vuelos que llegan directos a Zaragoza, pero prefieres volar, te queda la opci\u00f3n de volar a ciudades con m\u00e1s opciones de vuelos como lo son Madrid, Barcelona o Valencia y acudir desde ah\u00ed en transporte p\u00fablico (tren o bus) o en coche.<\/p>\n<\/div>\n\n\n\n<div class=\"wp-block-group is-layout-flow wp-block-group-is-layout-flow\">\n<p class=\"has-accent-2-color has-text-color has-link-color has-bungee-font-family wp-elements-7d67e4eebf625438384907673a98e7e7\"><strong>La l\u00ednea de autob\u00fas Aeropuerto &#8211; Zaragoza:<\/strong><\/p>\n\n\n\n<p class=\"has-contrast-color has-text-color has-link-color wp-elements-d7d69dc3c34f8adfcbd5f20e03e4b77b\">Es una l\u00ednea que une el aeropuerto con el P\u00ba M\u00aa Agust\u00edn, 7 de Zaragoza, y paradas en PLAZA, plaza Imperial y la Estaci\u00f3n Intermodal Delicias. Es una opci\u00f3n econ\u00f3mica, ya que el precio el billete sencillo es de 1,85 \u20ac. <a href=\"https:\/\/www.aena.es\/es\/zaragoza\/como-llegar\/autobus.html\" target=\"_blank\" rel=\"noreferrer noopener\">Informaci\u00f3n completa aqu\u00ed.<\/a><\/p>\n\n\n\n<p class=\"has-accent-2-color has-text-color has-link-color has-bungee-font-family wp-elements-7853a6bf55306aa06a1e3493b8dfe865\"><strong>Taxi:<\/strong><\/p>\n\n\n\n<p class=\"has-contrast-color has-text-color has-link-color wp-elements-d0254568ab1251476978c11f91e1a6d2\">Siempre puedes coger un taxi que te lleve a ti y tus maletas directamente a tu alojamiento. La opci\u00f3n de puerta con puerta siempre tiene un coste y calculamos que te podr\u00e1 costar 20 a 25 \u20ac de lunes a viernes y 25 a 30 \u20ac en s\u00e1bados y festivos. Estas tarifas son aproximativas basadas en un c\u00e1lculo para 16\u202fkm de trayecto. <a href=\"https:\/\/www.aena.es\/es\/zaragoza\/como-llegar\/taxi.html\">Puedes consultar tarifas aqu\u00ed.<\/a><\/p>\n\n\n\n<p class=\"has-accent-2-color has-text-color has-link-color has-bungee-font-family wp-elements-b541da791915205a8122c322d880f3a9\"><strong>Alquiler de coche:<\/strong><\/p>\n\n\n\n<p class=\"has-contrast-color has-text-color has-link-color wp-elements-c0c646b95dc5235af0f28323cc68a9ae\">Si tienes planeados irte de excursi\u00f3n fuera de la ciudad, te recomendamos esta opci\u00f3n. Dispones de varias&nbsp;<a href=\"https:\/\/www.aena.es\/es\/zaragoza\/servicios-del-aeropuerto\/alquiler-coches.html\" target=\"_blank\" rel=\"noreferrer noopener\">compa\u00f1\u00edas en el aeropuerto para poder alquilar un coche<\/a>&nbsp;y sentirte libre de visitar sitios tur\u00edsticos de inter\u00e9s fuera de la capital aragonesa.<\/p>\n<\/div>\n<\/div>\n\n\n\n<div class=\"wp-block-group alignfull has-contrast-color has-base-background-color has-text-color has-background has-link-color wp-elements-81775650509aec326a533e47a2f09360 has-global-padding is-layout-constrained wp-container-core-group-is-layout-8203cff8 wp-block-group-is-layout-constrained\" id=\"Tren\" style=\"padding-top:0;padding-right:0;padding-bottom:0;padding-left:0\">\n<h2 class=\"wp-block-heading has-text-align-left has-contrast-color has-text-color has-link-color wp-elements-a9d4535242be6bab66482a9bfac1e8ee\" id=\"avi\u00f3n\" style=\"margin-top:var(--wp--preset--spacing--60);margin-bottom:var(--wp--preset--spacing--20)\"><strong>\ud83d\ude86 Venir en Tren<\/strong><\/h2>\n\n\n\n<p class=\"has-contrast-color has-text-color has-link-color wp-elements-ca180454ef5cc085bb30832252104f7a\">Si vas a venir a venir en tren, actualmente hay varias l\u00edneas que llegan a la estaci\u00f3n Las Delicias de forma directa seg\u00fan tu origen:  <\/p>\n\n\n\n<ul class=\"wp-block-list has-contrast-color has-text-color has-link-color wp-elements-d12fbcdf7a02fbcdfd6b68b2164aed34\">\n<li><a href=\"https:\/\/www.renfe.com\/es\/es\" target=\"_blank\" rel=\"noreferrer noopener\">Tren Renfe AVE<\/a><\/li>\n\n\n\n<li><a href=\"https:\/\/www.renfe.com\/es\/es\" target=\"_blank\" rel=\"noreferrer noopener\">Tren Renfe AVLO<\/a><\/li>\n\n\n\n<li><a href=\"https:\/\/www.ouigo.com\/es\/\" target=\"_blank\" rel=\"noreferrer noopener\">Tren OUIGO<\/a><\/li>\n\n\n\n<li><a href=\"https:\/\/iryo.eu\/es\/home\" target=\"_blank\" rel=\"noreferrer noopener\">Tren IRYO<\/a><\/li>\n<\/ul>\n\n\n\n<p class=\"has-accent-2-color has-text-color has-link-color has-bungee-font-family wp-elements-77fe8d4e6f18de43f4fcbbbd52fafd91\" style=\"padding-top:var(--wp--preset--spacing--30);padding-bottom:var(--wp--preset--spacing--30)\"><strong>Descuento Renfe:<\/strong><\/p>\n\n\n\n<p>Si vas a venir a nuestra ciudad en tren, al adquirir tu entrada, en el correo de confirmaci\u00f3n recibir\u00e1s la \u00abAutorizaci\u00f3n de descuento\u00bb de RENFE; un documento personal e intransferible, junto con tus datos de inscripci\u00f3n al evento.<\/p>\n\n\n\n<ul class=\"wp-block-list\">\n<li>Podr\u00e1s obtener billetes en recorridos Larga Distancia \/ Alta Velocidad nacionales de Ida y\/o Regreso con origen y destino a la estaci\u00f3n m\u00e1s cercana a Zaragoza con un porcentaje de descuento.<\/li>\n\n\n\n<li>Para adquirir tus billetes de tren por internet.<\/li>\n\n\n\n<li>La \u00abAutorizaci\u00f3n del descuento\u00bb que te enviaremos deber\u00e1 ser impresa y mostrada tanto en control de acceso como al Interventor o Supervisor del tren junto al billete, siendo obligatorio llevarla durante todo el recorrido.<\/li>\n\n\n\n<li>No es acumulable a ninguna otra oferta comercial.<\/li>\n<\/ul>\n<\/div>\n\n\n\n<div class=\"wp-block-group alignfull has-contrast-color has-base-background-color has-text-color has-background has-link-color wp-elements-3eb757edf1e27afce24c9a56d5ba32a7 has-global-padding is-layout-constrained wp-container-core-group-is-layout-8203cff8 wp-block-group-is-layout-constrained\" id=\"Bus\" style=\"padding-top:0;padding-right:0;padding-bottom:0;padding-left:0\">\n<h2 class=\"wp-block-heading has-text-align-left has-contrast-color has-text-color has-link-color wp-elements-0592af8b76c2a2987277f0864eff8a94\" style=\"margin-top:var(--wp--preset--spacing--60);margin-bottom:var(--wp--preset--spacing--20)\"><strong>\ud83d\ude8d Venir en Bus<\/strong><\/h2>\n\n\n\n<p>Puedes acudir en bus desde casi cualquier parte de Espa\u00f1a ya que existen rutas desde Madrid, Barcelona, Gij\u00f3n, Guadalajara, Bilbao, Santander, Oviedo, Pamplona\u2026 y desde el sur de la pen\u00ednsula si haces conexi\u00f3n con Madrid.<\/p>\n\n\n\n<p class=\"has-accent-2-color has-text-color has-link-color has-bungee-font-family wp-elements-4e04fbe16983f0ee3def3da854d5001e\" style=\"padding-top:var(--wp--preset--spacing--30);padding-bottom:var(--wp--preset--spacing--30)\"><strong>Madrid \u2013 Zaragoza<\/strong><\/p>\n\n\n\n<p>Existe una l\u00ednea de autobuses que va directamente desde la T4 del aeropuerto de Madrid y llega en la estaci\u00f3n de autobuses de la estaci\u00f3n Delicias.<\/p>\n\n\n\n<p>La misma l\u00ednea que sale desde barajas sale desde el centro y se coge en Avenida Am\u00e9rica. Esta l\u00ednea tiene una frecuencia de 17 autobuses diarios con salidas desde la 1.30h de la madrugada hasta las 23.45h de la noche.<\/p>\n\n\n\n<p class=\"has-accent-2-color has-text-color has-link-color has-bungee-font-family wp-elements-118829e75ec7555b7154c5bb77e13052\" style=\"padding-top:var(--wp--preset--spacing--30);padding-bottom:var(--wp--preset--spacing--30)\"><strong>Barcelona \u2013 Zaragoza<\/strong><\/p>\n\n\n\n<p>Para venir desde Barcelona a Zaragoza en autob\u00fas, dispones de una l\u00ednea que sale desde la estaci\u00f3n del norte. Los horarios y la frecuencia son parecidos a los autobuses que vienen desde Madrid ya que la primera salido es a la 01.00h de la madrugada y a la \u00faltima a las 23.30h y tiene una frecuencia de 18 autobuses.<\/p>\n\n\n\n<p>El precio del billete sale econ\u00f3mico. Desde de 9 \u20ac el viaje.<\/p>\n\n\n\n<p class=\"has-accent-2-color has-text-color has-link-color has-bungee-font-family wp-elements-3ba7dc5b12c45988778a5aaf0c4623fc\" style=\"padding-top:var(--wp--preset--spacing--30);padding-bottom:var(--wp--preset--spacing--30)\"><strong>Bilbao \u2013 Zaragoza<\/strong><\/p>\n\n\n\n<p>Viajar en bus entre Bilbao y Zaragoza es sencillo. Salen 7 autobuses diarios entre las 06.30h y las 20.45h.<\/p>\n\n\n\n<p class=\"has-accent-2-color has-text-color has-link-color has-bungee-font-family wp-elements-0403a91c1f1799dc20ebf14fd9a65279\" style=\"padding-top:var(--wp--preset--spacing--30);padding-bottom:var(--wp--preset--spacing--30)\"><strong>Dentro de Zaragoza<\/strong><\/p>\n\n\n\n<p>Lo m\u00e1s efectivo es usar el transporte colectivo. <br>L\u00edneas de bus urbano:<br><strong>CI 4 \u2192<\/strong>\u00a0De Camino de las Torres a Estaci\u00f3n Delicias<br><strong>34\u00a0<\/strong>\u2192 De Estaci\u00f3n Delicias a Cementerio<br><strong>51\u00a0<\/strong>\u2192 De Pabell\u00f3n Pr\u00edncipe Felipe a Estaci\u00f3n Delicias<br>Puedes consultar m\u00e1s informaci\u00f3n en la web de Avanza, empresa que gestiona los autobuses urbanos de Zaragoza.<\/p>\n<\/div>\n\n\n\n<div class=\"wp-block-group alignfull has-contrast-color has-base-background-color has-text-color has-background has-link-color wp-elements-5666783cb5c480705f203cd5b3dcabda has-global-padding is-layout-constrained wp-container-core-group-is-layout-8203cff8 wp-block-group-is-layout-constrained\" id=\"Coche\" style=\"padding-top:0;padding-right:0;padding-bottom:0;padding-left:0\">\n<h2 class=\"wp-block-heading has-text-align-left has-contrast-color has-text-color has-link-color wp-elements-49b335aff1515e6fc953efd32eba979d\" style=\"margin-top:var(--wp--preset--spacing--60);margin-bottom:var(--wp--preset--spacing--20)\"><strong>\ud83d\ude98 Venir en Coche<\/strong><\/h2>\n\n\n\n<p class=\"has-bungee-font-family\" style=\"padding-top:0;padding-bottom:0\">Tiempos aproximados de viaje:<\/p>\n\n\n\n<ul class=\"wp-block-list\">\n<li>Desde Madrid, puedes llegar en 3 horas pasando por la A-2.<\/li>\n\n\n\n<li>Desde Barcelona, puedes llegar en 3h 20min pasando por la AP-2 (esta opci\u00f3n tiene peajes).<\/li>\n\n\n\n<li>Desde Valencia, puedes llegar en 3 horas pasando por la A-23.<\/li>\n\n\n\n<li>Desde Bilbao, puedes llegar en menos de 3 horas pasando por la AP-68 (esta ruta incluye peajes).<\/li>\n<\/ul>\n\n\n\n<h3 class=\"wp-block-heading has-accent-2-color has-text-color has-link-color has-large-font-size wp-elements-4c821d745cdd21431a32875a24f280a6\" style=\"padding-top:var(--wp--preset--spacing--30);padding-bottom:var(--wp--preset--spacing--30)\"><strong>Usar servicios para compartir coche<\/strong><\/h3>\n\n\n\n<p>De nuevo te recordamos que es posible que m\u00e1s asistentes de la WordCamp acudan desde estas ciudades. Piensa una manera de contactar con ellos v\u00eda Slack, en una Meetup o tus redes sociales para compartir coche con ellos. O puedes utilizar aplicaciones como BlaBlaCar. Har\u00e1s un gesto para el medio ambiente y para tu cartera, adem\u00e1s de pas\u00e1rtelo en grande haciendo nuevos amigos.<\/p>\n\n\n\n<p>Una buena idea es utilizar el hashtag del evento #WCZGZ25 para lanzar tu tuit o buscar gente que tambi\u00e9n quiera ir en coche compartido.<\/p>\n\n\n\n<h3 class=\"wp-block-heading has-accent-2-color has-text-color has-link-color has-large-font-size wp-elements-20e0c590b3f55cdf51fe5af487050712\" style=\"padding-top:var(--wp--preset--spacing--30);padding-bottom:var(--wp--preset--spacing--30)\"><strong>Aparcamiento en Zaragoza<\/strong><\/h3>\n\n\n\n<p class=\"has-link-color wp-elements-7fddd48681a8c62311a1f797c2dc2c06\">El evento se realiza junto a la Estaci\u00f3n Delicias, cuyo parking es de pago, pero tienen una tarifa \u00abSaba Weekend\u00bb por 24,72 \u20ac todo el s\u00e1bado y domingo. Esta tarifa hay que compararla con antelaci\u00f3n. <a href=\"https:\/\/www.saba.es\/es\/parking-estacion-zaragoza-delicias\">M\u00e1s informaci\u00f3n.<\/a><\/p>\n\n\n\n<p class=\"has-link-color wp-elements-6ee1429cf4e2d1377f7e441c360f49be\">Adem\u00e1s, el tranv\u00eda de Zaragoza ofrece a sus usuarios dos aparcamientos disuasorios bonificados, ubicados en las entradas a la ciudad por Valdespartera y el Puente de Santiago (La Chimenea), que permiten dejar el coche en un lugar vigilado con una tarifa reducida y desplazarse por la ciudad en Tranv\u00eda. Las instalaciones est\u00e1n abiertas las 24 horas. <a href=\"https:\/\/www.tranviasdezaragoza.es\/es\/informacion\/aparcamientos-intermodales\" data-type=\"URL\" data-id=\"https:\/\/www.tranviasdezaragoza.es\/es\/informacion\/aparcamientos-intermodales\" target=\"_blank\" rel=\"noreferrer noopener\">M\u00e1s informaci\u00f3n.<\/a><\/p>\n\n\n\n<p class=\"has-link-color wp-elements-b864df63fce8a9f1134d2899cf2a18e3\">El s\u00e1bado, tambi\u00e9n puedes aparcar gratuitamente en el \u00abParking Sur\u00bb de la Expo de Zaragoza, justo a unos metros del evento. Pero no se te olvide retirar el coche antes de medianoche, ya que al d\u00eda siguiente se realiza all\u00ed el \u00abrastro\u00bb municipal y no se puede aparcar en domingo. <a href=\"https:\/\/www.google.com\/maps\/place\/Parking+Sur+Expo,+50003+Zaragoza\/@41.6622637,-0.9124898,17z\/data=!4m5!3m4!1s0xd596b446adcb593:0x977f9d571767e01c!8m2!3d41.6631213!4d-0.9134769\" data-type=\"URL\" data-id=\"https:\/\/www.google.com\/maps\/place\/Parking+Sur+Expo,+50003+Zaragoza\/@41.6622637,-0.9124898,17z\/data=!4m5!3m4!1s0xd596b446adcb593:0x977f9d571767e01c!8m2!3d41.6631213!4d-0.9134769\" target=\"_blank\" rel=\"noreferrer noopener\">Ver mapa.<\/a><\/p>\n<\/div>\n","protected":false},"excerpt":{"rendered":"<p>ETOPIA Centro de emprendimiento, innovaci\u00f3n y tecnolog\u00eda \u00bfD\u00f3nde se ubica ETOPIA? El edificio ETOPIA se encuentra a cinco minutos andando de la Estaci\u00f3n del AVE \u2014 conectada directamente a trav\u00e9s de una pasarela \u2014 en plena puerta de entrada a Zaragoza a trav\u00e9s de la autopista A-68. Se ubica en el punto de intersecci\u00f3n de [&hellip;]<\/p>\n","protected":false},"author":15324421,"featured_media":0,"parent":0,"menu_order":0,"comment_status":"closed","ping_status":"closed","template":"","meta":{"jetpack_post_was_ever_published":false,"footnotes":""},"class_list":["post-541","page","type-page","status-publish","hentry"],"jetpack_sharing_enabled":true,"_links":{"self":[{"href":"https:\/\/zaragoza.wordcamp.org\/2025\/wp-json\/wp\/v2\/pages\/541","targetHints":{"allow":["GET"]}}],"collection":[{"href":"https:\/\/zaragoza.wordcamp.org\/2025\/wp-json\/wp\/v2\/pages"}],"about":[{"href":"https:\/\/zaragoza.wordcamp.org\/2025\/wp-json\/wp\/v2\/types\/page"}],"author":[{"embeddable":true,"href":"https:\/\/zaragoza.wordcamp.org\/2025\/wp-json\/wp\/v2\/users\/15324421"}],"replies":[{"embeddable":true,"href":"https:\/\/zaragoza.wordcamp.org\/2025\/wp-json\/wp\/v2\/comments?post=541"}],"version-history":[{"count":26,"href":"https:\/\/zaragoza.wordcamp.org\/2025\/wp-json\/wp\/v2\/pages\/541\/revisions"}],"predecessor-version":[{"id":1121,"href":"https:\/\/zaragoza.wordcamp.org\/2025\/wp-json\/wp\/v2\/pages\/541\/revisions\/1121"}],"wp:attachment":[{"href":"https:\/\/zaragoza.wordcamp.org\/2025\/wp-json\/wp\/v2\/media?parent=541"}],"curies":[{"name":"wp","href":"https:\/\/api.w.org\/{rel}","templated":true}]}}