{"id":20,"date":"2024-11-30T16:13:52","date_gmt":"2024-11-30T15:13:52","guid":{"rendered":"https:\/\/zaragoza.wordcamp.org\/2025\/code-of-conduct\/"},"modified":"2024-12-20T23:43:31","modified_gmt":"2024-12-20T22:43:31","slug":"code-of-conduct","status":"publish","type":"page","link":"https:\/\/zaragoza.wordcamp.org\/2025\/code-of-conduct\/","title":{"rendered":"C\u00f3digo de conducta"},"content":{"rendered":"\n<h2 class=\"wp-block-heading\"><strong>PROP\u00d3SITO<\/strong><\/h2>\n\n\n\n<p>WordCamp Zaragoza cree en una comunidad abierta a todo el mundo. Como tal, estamos comprometidos a proporcionar un ambiente amigable, seguro y acogedor para todos independientemente de su sexo, orientaci\u00f3n sexual, discapacidad, etnia, religi\u00f3n, sistema operativo preferido, lenguaje de programaci\u00f3n o editor de texto.<\/p>\n\n\n\n<p>Este c\u00f3digo de conducta resume nuestras expectativas para el comportamiento de los participantes, as\u00ed como las consecuencias para el comportamiento inaceptable.<\/p>\n\n\n\n<p>Instamos a todos los patrocinadores, voluntarios, ponentes, asistentes y otros participantes a que ayuden a tener una experiencia de evento segura y agradable para todos.<\/p>\n\n\n\n<h2 class=\"wp-block-heading\"><strong>CIUDADAN\u00cdA OPEN SOURCE<\/strong><\/h2>\n\n\n\n<p>Un objetivo adicional de este c\u00f3digo de conducta es ampliar la ciudadan\u00eda de c\u00f3digo abierto alentando a los participantes a reconocer y fortalecer las relaciones entre lo que hacemos y la comunidad en general.<\/p>\n\n\n\n<p>Con este objetivo, los organizadores de WordCamp Zaragoza recoger\u00e1n candidaturas de personas ejemplares a lo largo de todo el evento y reconocer\u00e1n a selectos participantes despu\u00e9s de la conferencia en la web.<\/p>\n\n\n\n<p>Si ves a alguien que est\u00e1 haciendo un esfuerzo extra para asegurar que nuestra comunidad resulte acogedora, amable, y que anime a todos los participantes a contribuir en la mayor medida posible, lo queremos saber.<\/p>\n\n\n\n<p>Puedes nominar a alguien en la mesa de registro o dici\u00e9ndolo a alg\u00fan miembro de la organizaci\u00f3n.<\/p>\n\n\n\n<h2 class=\"wp-block-heading\"><strong>COMPORTAMIENTO ESPERADO<\/strong><\/h2>\n\n\n\n<ul class=\"wp-block-list\">\n<li>Ser considerado, respetuoso y colaborativo.<\/li>\n\n\n\n<li>Abstenerse de comportamiento degradante, discriminatorio o de acoso.<\/li>\n\n\n\n<li>Ser consciente del entorno y de tus compa\u00f1eros participantes. Alerta a los organizadores si observas una situaci\u00f3n peligrosa o alguien en apuros.<\/li>\n\n\n\n<li>Participa de una manera aut\u00e9ntica y activa. Al hacerlo, est\u00e1s ayudando a que WordCamp Zaragoza sea una realidad.<\/li>\n<\/ul>\n\n\n\n<h2 class=\"wp-block-heading\"><strong>COMPORTAMIENTO INACEPTABLE<\/strong><\/h2>\n\n\n\n<p>Como comportamientos inaceptables se incluyen: intimidatorio, acosador, abusivo, conducta discriminatoria, despectiva o degradante por cualquier asistente de la WordCamp Zaragoza y eventos relacionados.<\/p>\n\n\n\n<p>El lugar donde se realiza WordCamp Zaragoza es un lugar p\u00fablico y puede ser compartido con otros visitantes; por favor, s\u00e9 respetuoso con todos los visitantes de este lugar y con el propio entorno.<\/p>\n\n\n\n<p>El acoso incluye: comentarios verbales ofensivos relacionados con el g\u00e9nero, la orientaci\u00f3n sexual, la raza, la religi\u00f3n, la discapacidad; uso inadecuado de desnudez y\/o im\u00e1genes sexuales en espacios p\u00fablicos (incluyendo diapositivas de la presentaci\u00f3n); intimidaci\u00f3n deliberada, acecho o acoso con fotograf\u00eda o grabaci\u00f3n; interrupci\u00f3n sostenida de charlas y otros eventos; contacto f\u00edsico inapropiado y atenci\u00f3n sexual no deseada.<\/p>\n\n\n\n<h2 class=\"wp-block-heading\"><strong>CONSECUENCIAS DE UN COMPORTAMIENTO INACEPTABLE<\/strong><\/h2>\n\n\n\n<p>El comportamiento inaceptable no ser\u00e1 tolerado. Ya sea por parte de los asistentes, organizadores, personal local, patrocinadores u otros participantes en WordCamp Zaragoza.<\/p>\n\n\n\n<p>Se espera que cualquiera cumpla inmediatamente en caso de que se le llame la atenci\u00f3n por un comportamiento inaceptable.<\/p>\n\n\n\n<p>Si un participante se involucra en una conducta inaceptable, los organizadores de la conferencia pueden tomar cualquier acci\u00f3n que consideren apropiada, incluso la expulsi\u00f3n de la conferencia sin previo aviso o reembolso si fuera necesario.<\/p>\n\n\n\n<h2 class=\"wp-block-heading\"><strong>\u00bfQU\u00c9 HACER SI ERES TESTIGO U OBJETO DE UN COMPORTAMIENTO INACEPTABLE?<\/strong><\/h2>\n\n\n\n<p>Si est\u00e1s involucrado en un comportamiento inaceptable, eres testigo de otra persona con dicho comportamiento o tienes otras preocupaciones, por favor notif\u00edcalo a un organizador\/a de la conferencia tan pronto como sea posible.<\/p>\n\n\n\n<p>El equipo de WordCamp Zaragoza estar\u00e1 disponible para ayudar a los participantes de contactos de seguridad local o para ofrecer cualquier tipo de ayuda a aquellos que experimentan un comportamiento inaceptable.<\/p>\n\n\n\n<p>Durante el evento, los organizadores y voluntarios vestir\u00e1n diferente al resto de asistentes. Cualquier persona puede ponerse en contacto con un organizador\/a o voluntario\/a de la conferencia. Tambi\u00e9n puedes venir a la mesa de inscripci\u00f3n en el vest\u00edbulo y preguntar por los organizadores.<\/p>\n\n\n\n<h2 class=\"wp-block-heading\"><strong>\u00c1MBITO DE APLICACI\u00d3N<\/strong><\/h2>\n\n\n\n<p>Esperamos que todos los participantes de la conferencia (patrocinadores, voluntarios, ponentes, asistentes y otros invitados) cumplan con el c\u00f3digo de conducta en todas las salas de conferencias y eventos relacionados con la conferencia.<\/p>\n\n\n\n<h2 class=\"wp-block-heading\"><strong>INFORMACI\u00d3N DE CONTACTO<\/strong><\/h2>\n\n\n\n<p>Si te ves en la necesidad de contactar con nosotros, <a href=\"https:\/\/zaragoza.wordcamp.org\/2025\/\">aqu\u00ed esta p\u00e1gina<\/a> tienes toda la informaci\u00f3n necesaria.<\/p>\n\n\n\n<h2 class=\"wp-block-heading\"><strong>LICENCIA Y ATRIBUCI\u00d3N<\/strong><\/h2>\n\n\n\n<p>Este c\u00f3digo de conducta es una copia directa del impresionante trabajo del Open Source Bridge, pero sustituido con nuestra informaci\u00f3n del evento. El original est\u00e1 disponible en <a href=\"http:\/\/opensourcebridge.org\/about\/code-of-conduct\/\">http:\/\/opensourcebridge.org\/about\/code-of-conduct\/<\/a> y est\u00e1 liberado bajo una Licencia de Creative Commons Attribution-ShareAlike.<\/p>\n","protected":false},"excerpt":{"rendered":"<p>PROP\u00d3SITO WordCamp Zaragoza cree en una comunidad abierta a todo el mundo. Como tal, estamos comprometidos a proporcionar un ambiente amigable, seguro y acogedor para todos independientemente de su sexo, orientaci\u00f3n sexual, discapacidad, etnia, religi\u00f3n, sistema operativo preferido, lenguaje de programaci\u00f3n o editor de texto. Este c\u00f3digo de conducta resume nuestras expectativas para el comportamiento [&hellip;]<\/p>\n","protected":false},"author":15788922,"featured_media":0,"parent":0,"menu_order":0,"comment_status":"closed","ping_status":"closed","template":"","meta":{"jetpack_post_was_ever_published":false,"footnotes":""},"class_list":["post-20","page","type-page","status-publish","hentry"],"jetpack_sharing_enabled":true,"_links":{"self":[{"href":"https:\/\/zaragoza.wordcamp.org\/2025\/wp-json\/wp\/v2\/pages\/20","targetHints":{"allow":["GET"]}}],"collection":[{"href":"https:\/\/zaragoza.wordcamp.org\/2025\/wp-json\/wp\/v2\/pages"}],"about":[{"href":"https:\/\/zaragoza.wordcamp.org\/2025\/wp-json\/wp\/v2\/types\/page"}],"author":[{"embeddable":true,"href":"https:\/\/zaragoza.wordcamp.org\/2025\/wp-json\/wp\/v2\/users\/15788922"}],"replies":[{"embeddable":true,"href":"https:\/\/zaragoza.wordcamp.org\/2025\/wp-json\/wp\/v2\/comments?post=20"}],"version-history":[{"count":3,"href":"https:\/\/zaragoza.wordcamp.org\/2025\/wp-json\/wp\/v2\/pages\/20\/revisions"}],"predecessor-version":[{"id":1106,"href":"https:\/\/zaragoza.wordcamp.org\/2025\/wp-json\/wp\/v2\/pages\/20\/revisions\/1106"}],"wp:attachment":[{"href":"https:\/\/zaragoza.wordcamp.org\/2025\/wp-json\/wp\/v2\/media?parent=20"}],"curies":[{"name":"wp","href":"https:\/\/api.w.org\/{rel}","templated":true}]}}