{"id":1792,"date":"2025-01-23T14:04:44","date_gmt":"2025-01-23T13:04:44","guid":{"rendered":"https:\/\/zaragoza.wordcamp.org\/2025\/?page_id=1792"},"modified":"2025-01-26T23:33:21","modified_gmt":"2025-01-26T22:33:21","slug":"ludoteca","status":"publish","type":"page","link":"https:\/\/zaragoza.wordcamp.org\/2025\/ludoteca\/","title":{"rendered":"Ludoteca"},"content":{"rendered":"\n<div class=\"wp-block-group alignwide has-global-padding is-layout-constrained wp-container-core-group-is-layout-e3580c9e wp-block-group-is-layout-constrained\" style=\"padding-top:var(--wp--preset--spacing--50);padding-right:var(--wp--preset--spacing--40);padding-bottom:var(--wp--preset--spacing--50);padding-left:var(--wp--preset--spacing--40)\">\n<h2 class=\"wp-block-heading has-text-align-left has-x-large-font-size\"><strong>\u00a1Hola familias WordPresseras!<strong><strong> \ud83c\udf1f<\/strong><\/strong><\/strong><\/h2>\n\n\n\n<p class=\"has-text-align-left\">\u00bfSab\u00edas que las WordCamps no solo son para los profesionales tech, sino tambi\u00e9n para sus peque\u00f1os aprendices? \u00a1Exactamente! <strong>Tu pasi\u00f3n por WordPress puede convertirse en una experiencia familiar<\/strong>, y queremos que lo vivas de esa manera.<\/p>\n\n\n\n<p>Comprendemos que, despu\u00e9s de una semana agitada de trabajo, muchos de vosotros esper\u00e1is con ansias ese tiempo especial de calidad con la familia durante el fin de semana. Y, sinceramente, <strong>no queremos que elijas entre tu amor por WordPress y tu tiempo con tus hijos<\/strong>.<\/p>\n\n\n\n<p>Por eso, si te est\u00e1s preguntando \u201c\u00bfY qu\u00e9 hago con mis hijos?\u201d, \u00a1tenemos la respuesta! Este a\u00f1o, en colaboraci\u00f3n con <strong>Mundo Monin<\/strong> (mundo bonito en aragon\u00e9s), expertos en crear momentos m\u00e1gicos para los m\u00e1s peque\u00f1os durante eventos, hemos preparado un espacio \u00fanico para los peque\u00f1os WordPresseros. S\u00ed, has le\u00eddo bien. Un espacio donde ellos pueden jugar, aprender y socializar mientras t\u00fa te sumerges en el fascinante mundo de WordPress.<\/p>\n\n\n\n<p class=\"has-text-align-left\"><strong>As\u00ed que, \u00a1animaos y traed a vuestros hijos a la pr\u00f3xima WordCamp!<\/strong> Tendr\u00e1n un d\u00eda tan productivo y divertido como el tuyo. Ser\u00e1 una excelente forma de unir familia y pasi\u00f3n, y \u00bfqui\u00e9n sabe? Quiz\u00e1 inspire a tus hijos a ser los futuros genios de WordPress. \ud83d\ude80<\/p>\n\n\n\n<figure class=\"wp-block-image size-full has-custom-border\"><img data-recalc-dims=\"1\" loading=\"lazy\" decoding=\"async\" width=\"1000\" height=\"500\" src=\"https:\/\/i0.wp.com\/zaragoza.wordcamp.org\/2025\/files\/2025\/01\/mundo-monin.jpg?resize=1000%2C500&#038;ssl=1\" alt=\"\" class=\"wp-image-1797\" style=\"border-radius:30px\" srcset=\"https:\/\/i0.wp.com\/zaragoza.wordcamp.org\/2025\/files\/2025\/01\/mundo-monin.jpg?w=1000&amp;ssl=1 1000w, https:\/\/i0.wp.com\/zaragoza.wordcamp.org\/2025\/files\/2025\/01\/mundo-monin.jpg?resize=300%2C150&amp;ssl=1 300w, https:\/\/i0.wp.com\/zaragoza.wordcamp.org\/2025\/files\/2025\/01\/mundo-monin.jpg?resize=768%2C384&amp;ssl=1 768w, https:\/\/i0.wp.com\/zaragoza.wordcamp.org\/2025\/files\/2025\/01\/mundo-monin.jpg?resize=500%2C250&amp;ssl=1 500w\" sizes=\"auto, (max-width: 1000px) 100vw, 1000px\" \/><\/figure>\n\n\n\n<div style=\"height:40px\" aria-hidden=\"true\" class=\"wp-block-spacer\"><\/div>\n\n\n\n<h2 class=\"wp-block-heading has-text-align-left has-x-large-font-size\"><strong>\u00bfEn qu\u00e9 consiste el servicio de Ludoteca?<\/strong><\/h2>\n\n\n\n<p class=\"has-contrast-color has-text-color has-link-color wp-elements-d5403ea9d2a2529d19028799fd062f2e\">Los ni\u00f1os y ni\u00f1as contar\u00e1n durante toda la jornada con monitoras que har\u00e1n que este d\u00eda sea divertido y especial. <\/p>\n\n\n\n<p class=\"has-contrast-color has-text-color has-link-color wp-elements-39056e870a7f68322954747f5dba166d\">La ludoteca se divide en varios rincones de juego, permitiendo que cada ni\u00f1o o ni\u00f1a elija su actividad favorita. Pueden sumergirse en el mundo de la imaginaci\u00f3n en el rinc\u00f3n juego simb\u00f3lico, dar rienda suelta a su creatividad en el rinc\u00f3n creativo, o sumergirse en fascinantes historias en el rinc\u00f3n de lectura. Adem\u00e1s a lo largo de la jornada se realizar\u00e1 un taller de crear chapas, juegos de grupo y cine.<\/p>\n\n\n\n<div class=\"wp-block-columns is-layout-flex wp-container-core-columns-is-layout-28f84493 wp-block-columns-is-layout-flex\">\n<div class=\"wp-block-column is-layout-flow wp-block-column-is-layout-flow\" style=\"flex-basis:66.66%\">\n<figure class=\"wp-block-image size-large has-custom-border\"><img data-recalc-dims=\"1\" loading=\"lazy\" decoding=\"async\" width=\"1024\" height=\"683\" src=\"https:\/\/i0.wp.com\/zaragoza.wordcamp.org\/2025\/files\/2025\/01\/53475504341_bb4b0f0356_k.jpg?resize=1024%2C683&#038;ssl=1\" alt=\"\" class=\"wp-image-2020\" style=\"border-radius:30px\" srcset=\"https:\/\/i0.wp.com\/zaragoza.wordcamp.org\/2025\/files\/2025\/01\/53475504341_bb4b0f0356_k.jpg?resize=1024%2C683&amp;ssl=1 1024w, https:\/\/i0.wp.com\/zaragoza.wordcamp.org\/2025\/files\/2025\/01\/53475504341_bb4b0f0356_k.jpg?resize=300%2C200&amp;ssl=1 300w, https:\/\/i0.wp.com\/zaragoza.wordcamp.org\/2025\/files\/2025\/01\/53475504341_bb4b0f0356_k.jpg?resize=768%2C512&amp;ssl=1 768w, https:\/\/i0.wp.com\/zaragoza.wordcamp.org\/2025\/files\/2025\/01\/53475504341_bb4b0f0356_k.jpg?resize=450%2C300&amp;ssl=1 450w, https:\/\/i0.wp.com\/zaragoza.wordcamp.org\/2025\/files\/2025\/01\/53475504341_bb4b0f0356_k.jpg?resize=1536%2C1024&amp;ssl=1 1536w, https:\/\/i0.wp.com\/zaragoza.wordcamp.org\/2025\/files\/2025\/01\/53475504341_bb4b0f0356_k.jpg?w=2047&amp;ssl=1 2047w\" sizes=\"auto, (max-width: 1000px) 100vw, 1000px\" \/><\/figure>\n<\/div>\n\n\n\n<div class=\"wp-block-column is-vertically-aligned-center is-layout-flow wp-block-column-is-layout-flow\" style=\"flex-basis:33.33%\">\n<p>\u26a0\ufe0f Este servicio est\u00e1 dise\u00f1ado espec\u00edficamente para ni\u00f1os de <strong>entre 4 y 12 a\u00f1os<\/strong>. Si tu hijo no se encuentra dentro de este rango de edad, te pedimos que te pongas en<br>contacto con nosotros para valorar las posibles opciones con nuestros monitores.<\/p>\n<\/div>\n<\/div>\n\n\n\n<div style=\"height:50px\" aria-hidden=\"true\" class=\"wp-block-spacer\"><\/div>\n\n\n\n<p class=\"has-text-align-center has-accent-2-color has-text-color has-link-color wp-elements-cbe1f4466a1cf77455b5bd86102055bb\">Nuestro objetivo es claro:<\/p>\n\n\n\n<p class=\"has-text-align-center has-contrast-color has-text-color has-link-color has-x-large-font-size wp-elements-909e5dec495347fa5cf6ed70590d659a\"><strong>\u00abBrindar un espacio donde los ni\u00f1os se diviertan y est\u00e9n atendidos por profesionales mientras los padres se sumergen en la WordCamp\u00bb<\/strong><\/p>\n\n\n\n<div style=\"height:50px\" aria-hidden=\"true\" class=\"wp-block-spacer\"><\/div>\n\n\n\n<p class=\"has-contrast-color has-text-color has-link-color wp-elements-5ea259ca1cd4ff40030c66ac6288fd21\">Es nuestra manera de asegurarnos de que toda la familia pueda disfrutar del evento, independientemente de la edad. <strong>\u00a1Esperamos veros a todos all\u00ed!<\/strong><\/p>\n\n\n\n<figure class=\"wp-block-image size-large has-custom-border\"><img data-recalc-dims=\"1\" loading=\"lazy\" decoding=\"async\" width=\"1024\" height=\"611\" src=\"https:\/\/i0.wp.com\/zaragoza.wordcamp.org\/2025\/files\/2025\/01\/ludoteca-dibujo.jpg?resize=1024%2C611&#038;ssl=1\" alt=\"\" class=\"wp-image-2060\" style=\"border-radius:20px\" srcset=\"https:\/\/i0.wp.com\/zaragoza.wordcamp.org\/2025\/files\/2025\/01\/ludoteca-dibujo.jpg?resize=1024%2C611&amp;ssl=1 1024w, https:\/\/i0.wp.com\/zaragoza.wordcamp.org\/2025\/files\/2025\/01\/ludoteca-dibujo.jpg?resize=300%2C179&amp;ssl=1 300w, https:\/\/i0.wp.com\/zaragoza.wordcamp.org\/2025\/files\/2025\/01\/ludoteca-dibujo.jpg?resize=768%2C458&amp;ssl=1 768w, https:\/\/i0.wp.com\/zaragoza.wordcamp.org\/2025\/files\/2025\/01\/ludoteca-dibujo.jpg?resize=500%2C298&amp;ssl=1 500w, https:\/\/i0.wp.com\/zaragoza.wordcamp.org\/2025\/files\/2025\/01\/ludoteca-dibujo.jpg?w=1500&amp;ssl=1 1500w\" sizes=\"auto, (max-width: 1000px) 100vw, 1000px\" \/><\/figure>\n\n\n\n<div style=\"height:50px\" aria-hidden=\"true\" class=\"wp-block-spacer\"><\/div>\n\n\n\n<h2 class=\"wp-block-heading has-text-align-left has-x-large-font-size\"><strong>Inscripci\u00f3n gratuita<\/strong> \ud83c\udf81<\/h2>\n\n\n\n<p class=\"has-contrast-color has-text-color has-link-color wp-elements-916f328d8f2ba12fa4f6c53b624bf39e\">La <strong>inscripci\u00f3n previa<\/strong> es esencial. Es importante que nos informes con antelaci\u00f3n sobre el n\u00famero de ni\u00f1os que asistir\u00e1n, ya que esto determinar\u00e1 el n\u00famero de monitores necesarios.<\/p>\n\n\n\n<p class=\"has-accent-1-color has-text-color has-link-color wp-elements-2dc56584e729ba9ddf5fe8eb43429ac1\">\ud83d\udc49<strong>AL ADQUIRIR TU ENTRADA, ASEG\u00daRATE DE MARCAR ESTA OPCI\u00d3N EN EL PROCESO DE INSCRIPCI\u00d3N.<\/strong><\/p>\n\n\n\n<p class=\"has-contrast-color has-text-color has-link-color wp-elements-e8316cca0dca92fa8fd0fa70ddec197b\"><strong>Este servicio est\u00e1 completamente financiado<\/strong> por los organizadores del evento, lo que significa que no incurrir\u00e1s en ning\u00fan gasto adicional al comprar tu entrada.<\/p>\n\n\n\n<p class=\"has-contrast-color has-text-color has-link-color wp-elements-2b0893c722efaea02d49bf336d935c62\">Recuerda: lo m\u00e1s valioso que puedes traer son tus ganas de <strong>colaborar, compartir, aprender<\/strong> y, por supuesto, tu <strong>buen humor<\/strong>.<\/p>\n\n\n\n<div style=\"height:50px\" aria-hidden=\"true\" class=\"wp-block-spacer\"><\/div>\n\n\n\n<p class=\"has-text-align-center has-x-large-font-size\"><strong>\u00a1Esperamos veros a todos all\u00ed!<\/strong><\/p>\n<\/div>\n","protected":false},"excerpt":{"rendered":"<p>\u00a1Hola familias WordPresseras! \ud83c\udf1f \u00bfSab\u00edas que las WordCamps no solo son para los profesionales tech, sino tambi\u00e9n para sus peque\u00f1os aprendices? \u00a1Exactamente! Tu pasi\u00f3n por WordPress puede convertirse en una experiencia familiar, y queremos que lo vivas de esa manera. Comprendemos que, despu\u00e9s de una semana agitada de trabajo, muchos de vosotros esper\u00e1is con ansias [&hellip;]<\/p>\n","protected":false},"author":15324421,"featured_media":0,"parent":0,"menu_order":0,"comment_status":"closed","ping_status":"closed","template":"","meta":{"jetpack_post_was_ever_published":false,"footnotes":""},"class_list":["post-1792","page","type-page","status-publish","hentry"],"jetpack_sharing_enabled":true,"_links":{"self":[{"href":"https:\/\/zaragoza.wordcamp.org\/2025\/wp-json\/wp\/v2\/pages\/1792","targetHints":{"allow":["GET"]}}],"collection":[{"href":"https:\/\/zaragoza.wordcamp.org\/2025\/wp-json\/wp\/v2\/pages"}],"about":[{"href":"https:\/\/zaragoza.wordcamp.org\/2025\/wp-json\/wp\/v2\/types\/page"}],"author":[{"embeddable":true,"href":"https:\/\/zaragoza.wordcamp.org\/2025\/wp-json\/wp\/v2\/users\/15324421"}],"replies":[{"embeddable":true,"href":"https:\/\/zaragoza.wordcamp.org\/2025\/wp-json\/wp\/v2\/comments?post=1792"}],"version-history":[{"count":17,"href":"https:\/\/zaragoza.wordcamp.org\/2025\/wp-json\/wp\/v2\/pages\/1792\/revisions"}],"predecessor-version":[{"id":2075,"href":"https:\/\/zaragoza.wordcamp.org\/2025\/wp-json\/wp\/v2\/pages\/1792\/revisions\/2075"}],"wp:attachment":[{"href":"https:\/\/zaragoza.wordcamp.org\/2025\/wp-json\/wp\/v2\/media?parent=1792"}],"curies":[{"name":"wp","href":"https:\/\/api.w.org\/{rel}","templated":true}]}}