{"id":2845,"date":"2023-12-13T00:21:21","date_gmt":"2023-12-12T23:21:21","guid":{"rendered":"https:\/\/zaragoza.wordcamp.org\/2024\/?page_id=2845"},"modified":"2023-12-13T00:56:21","modified_gmt":"2023-12-12T23:56:21","slug":"ludoteca","status":"publish","type":"page","link":"https:\/\/zaragoza.wordcamp.org\/2024\/ludoteca\/","title":{"rendered":"Ludoteca"},"content":{"rendered":"\n<div class=\"wp-block-columns alignfull has-secondary-background-color has-background is-layout-flex wp-container-core-columns-is-layout-bce31827 wp-block-columns-is-layout-flex\" style=\"border-style:none;border-width:0px;margin-top:0px;padding-top:var(--wp--preset--spacing--50);padding-right:var(--wp--preset--spacing--50);padding-bottom:var(--wp--preset--spacing--40);padding-left:var(--wp--preset--spacing--50)\">\n<div class=\"wp-block-column has-contrast-color has-secondary-background-color has-text-color has-background has-link-color wp-elements-ec9c83bf63051aadbe6b9e207ffc2e0b is-layout-flow wp-container-core-column-is-layout-69630deb wp-block-column-is-layout-flow\" style=\"padding-top:0;padding-right:0;padding-bottom:0;padding-left:0;flex-basis:20%\"><\/div>\n\n\n\n<div class=\"wp-block-column sombra_ficha has-base-background-color has-background is-layout-flow wp-container-core-column-is-layout-d9549b1c wp-block-column-is-layout-flow\" style=\"padding-top:var(--wp--preset--spacing--40);padding-right:var(--wp--preset--spacing--40);padding-bottom:var(--wp--preset--spacing--50);padding-left:var(--wp--preset--spacing--40);flex-basis:80%\">\n<h2 class=\"wp-block-heading has-contrast-color has-text-color has-link-color has-x-large-font-size wp-elements-66763f39fcd8ed4c979020c2c15fc602\" style=\"margin-top:var(--wp--preset--spacing--30);margin-bottom:var(--wp--preset--spacing--30)\">\u00a1Hola familias WordPresseras!<strong><strong> \ud83c\udf1f<\/strong><\/strong><\/h2>\n\n\n\n<p class=\"wp-block-paragraph\">\u00bfSab\u00edas que las WordCamps no solo son para los profesionales tech, sino tambi\u00e9n para sus peque\u00f1os aprendices? \u00a1Exactamente! <strong>Tu pasi\u00f3n por WordPress puede convertirse en una experiencia familiar<\/strong>, y queremos que lo vivas de esa manera.<\/p>\n\n\n\n<p class=\"wp-block-paragraph\">Comprendemos que, despu\u00e9s de una semana agitada de trabajo, muchos de vosotros esper\u00e1is con ansias ese tiempo especial de calidad con la familia durante el fin de semana. Y, sinceramente, <strong>no queremos que elijas entre tu amor por WordPress y tu tiempo con tus hijos<\/strong>.<\/p>\n\n\n\n<p class=\"wp-block-paragraph\">Por eso, si te est\u00e1s preguntando \u201c\u00bfY qu\u00e9 hago con mis hijos?\u201d, \u00a1tenemos la respuesta! Este a\u00f1o, en colaboraci\u00f3n con <strong>Enjoy Concept<\/strong>, expertos en crear momentos m\u00e1gicos para los m\u00e1s peque\u00f1os durante eventos, hemos preparado un espacio \u00fanico para los peque\u00f1os WordPresseros. S\u00ed, has le\u00eddo bien. Un espacio donde ellos pueden jugar, aprender y socializar mientras t\u00fa te sumerges en el fascinante mundo de WordPress.<\/p>\n\n\n\n<p class=\"wp-block-paragraph\"><strong>As\u00ed que, \u00a1animaos y traed a vuestros hijos a la pr\u00f3xima WordCamp!<\/strong> Tendr\u00e1n un d\u00eda tan productivo y divertido como el tuyo. Ser\u00e1 una excelente forma de unir familia y pasi\u00f3n, y \u00bfqui\u00e9n sabe? Quiz\u00e1 inspire a tus hijos a ser los futuros genios de WordPress. \ud83d\ude80<\/p>\n<\/div>\n<\/div>\n\n\n\n<div class=\"wp-block-columns alignfull has-secondary-background-color has-background is-layout-flex wp-container-core-columns-is-layout-4e0a616d wp-block-columns-is-layout-flex\" style=\"margin-top:0px;padding-top:var(--wp--preset--spacing--30);padding-right:var(--wp--preset--spacing--50);padding-bottom:var(--wp--preset--spacing--30);padding-left:var(--wp--preset--spacing--50)\">\n<div class=\"wp-block-column has-contrast-color has-secondary-background-color has-text-color has-background has-link-color wp-elements-683c7f20acd06883392005daf8004334 is-layout-flow wp-block-column-is-layout-flow\" style=\"padding-top:0;padding-right:0px;padding-bottom:0;padding-left:0px;flex-basis:72%\">\n<figure class=\"wp-block-image size-full has-custom-border sombra_ficha\"><a href=\"https:\/\/i0.wp.com\/zaragoza.wordcamp.org\/2024\/files\/2023\/11\/ludoteca-nenes.jpg?ssl=1\"><img data-recalc-dims=\"1\" loading=\"lazy\" decoding=\"async\" width=\"1500\" height=\"895\" src=\"https:\/\/i0.wp.com\/zaragoza.wordcamp.org\/2024\/files\/2023\/11\/ludoteca-nenes.jpg?resize=1500%2C895&#038;ssl=1\" alt=\"\" class=\"wp-image-1229\" style=\"border-style:none;border-width:0px;border-radius:10px\" title=\"\" srcset=\"https:\/\/i0.wp.com\/zaragoza.wordcamp.org\/2024\/files\/2023\/11\/ludoteca-nenes.jpg?w=1500&amp;ssl=1 1500w, https:\/\/i0.wp.com\/zaragoza.wordcamp.org\/2024\/files\/2023\/11\/ludoteca-nenes.jpg?resize=300%2C179&amp;ssl=1 300w, https:\/\/i0.wp.com\/zaragoza.wordcamp.org\/2024\/files\/2023\/11\/ludoteca-nenes.jpg?resize=1024%2C611&amp;ssl=1 1024w, https:\/\/i0.wp.com\/zaragoza.wordcamp.org\/2024\/files\/2023\/11\/ludoteca-nenes.jpg?resize=768%2C458&amp;ssl=1 768w, https:\/\/i0.wp.com\/zaragoza.wordcamp.org\/2024\/files\/2023\/11\/ludoteca-nenes.jpg?resize=500%2C298&amp;ssl=1 500w\" sizes=\"auto, (max-width: 1000px) 100vw, 1000px\" \/><\/a><\/figure>\n<\/div>\n\n\n\n<div class=\"wp-block-column is-vertically-aligned-center is-layout-flow wp-container-core-column-is-layout-16ba1fe4 wp-block-column-is-layout-flow\" style=\"padding-top:var(--wp--preset--spacing--30);padding-right:var(--wp--preset--spacing--40);padding-bottom:var(--wp--preset--spacing--30);padding-left:var(--wp--preset--spacing--40);flex-basis:20%\">\n<figure class=\"wp-block-image size-full has-custom-border\"><img data-recalc-dims=\"1\" decoding=\"async\" src=\"https:\/\/i0.wp.com\/zaragoza.wordcamp.org\/2024\/files\/2023\/09\/cropped-WCZGZ24.png?ssl=1\" alt=\"\" class=\"wp-image-519\" style=\"border-radius:10px\" \/><\/figure>\n<\/div>\n<\/div>\n\n\n\n<div class=\"wp-block-columns alignfull has-secondary-background-color has-background is-layout-flex wp-container-core-columns-is-layout-4e0a616d wp-block-columns-is-layout-flex\" style=\"border-style:none;border-width:0px;margin-top:0px;padding-top:var(--wp--preset--spacing--30);padding-right:var(--wp--preset--spacing--50);padding-bottom:var(--wp--preset--spacing--30);padding-left:var(--wp--preset--spacing--50)\">\n<div class=\"wp-block-column is-vertically-aligned-center is-layout-flow wp-block-column-is-layout-flow\" style=\"padding-top:var(--wp--preset--spacing--30);padding-right:var(--wp--preset--spacing--30);padding-bottom:var(--wp--preset--spacing--30);padding-left:var(--wp--preset--spacing--30);flex-basis:20%\"><\/div>\n\n\n\n<div class=\"wp-block-column is-vertically-aligned-center sombra_ficha has-custom-comunidad-background-color has-background is-layout-flow wp-container-core-column-is-layout-b58f0125 wp-block-column-is-layout-flow\" style=\"padding-top:var(--wp--preset--spacing--30);padding-right:var(--wp--preset--spacing--40);padding-bottom:var(--wp--preset--spacing--50);padding-left:var(--wp--preset--spacing--40);flex-basis:80%\">\n<h3 class=\"wp-block-heading has-base-color has-text-color has-link-color has-x-large-font-size wp-elements-f13cea3313bec714c99d58f060629b0e\" style=\"margin-top:var(--wp--preset--spacing--30);margin-bottom:var(--wp--preset--spacing--30)\">\u00bfEn qu\u00e9 consiste el servicio de Ludoteca?<\/h3>\n\n\n\n<p class=\"has-base-color has-text-color has-link-color wp-elements-ce9d50e5989c0f37a773b03c58db60ef wp-block-paragraph\">Los ni\u00f1os y ni\u00f1as contar\u00e1n con la compa\u00f1\u00eda constante de un <strong>personal especializado<\/strong>. Estos profesionales no solo les guiar\u00e1n a trav\u00e9s de las distintas \u00e1reas de la ludoteca, sino que tambi\u00e9n estar\u00e1n atentos a cualquier necesidad que puedan tener. El espacio se divide en varios <strong>rincones de juego<\/strong>, permitiendo que cada ni\u00f1o elija su actividad favorita. Pueden sumergirse en el mundo de la imaginaci\u00f3n en el <strong>rinc\u00f3n juego simb\u00f3lico<\/strong>, dar rienda suelta a su creatividad en el <strong>rinc\u00f3n creativo<\/strong>, o sumergirse en fascinantes historias en el <strong>rinc\u00f3n de lectura<\/strong>.<\/p>\n\n\n\n<p class=\"has-base-color has-text-color has-link-color wp-elements-6588f064c70826152114ddb32173a014 wp-block-paragraph\">Este servicio est\u00e1 dise\u00f1ado espec\u00edficamente para <strong>ni\u00f1os de entre 4 y 12 a\u00f1os<\/strong>. Si tu hijo no se encuentra dentro de este rango de edad, te pedimos que te pongas en contacto con nosotros para discutir las posibles opciones con nuestros monitores.<\/p>\n\n\n\n<p class=\"has-base-color has-text-color has-link-color wp-elements-c6fe82dd6057ad767f07a22d6a83de41 wp-block-paragraph\">Nuestro objetivo es claro: brindar un espacio donde los ni\u00f1os se diviertan y est\u00e9n atendidos por profesionales mientras los padres se sumergen en la WordCamp. Es nuestra manera de asegurarnos de que <strong>toda la familia pueda disfrutar del evento<\/strong>, independientemente de la edad. \u00a1Esperamos veros a todos all\u00ed!<\/p>\n<\/div>\n<\/div>\n\n\n\n<div class=\"wp-block-columns alignfull has-secondary-background-color has-background is-layout-flex wp-container-core-columns-is-layout-f0fe1962 wp-block-columns-is-layout-flex\" style=\"border-style:none;border-width:0px;margin-top:0px;padding-top:var(--wp--preset--spacing--40);padding-right:var(--wp--preset--spacing--50);padding-bottom:var(--wp--preset--spacing--40);padding-left:var(--wp--preset--spacing--50)\">\n<div class=\"wp-block-column sombra_ficha has-tertiary-background-color has-background is-layout-flow wp-container-core-column-is-layout-b58f0125 wp-block-column-is-layout-flow\" style=\"padding-top:var(--wp--preset--spacing--30);padding-right:var(--wp--preset--spacing--40);padding-bottom:var(--wp--preset--spacing--50);padding-left:var(--wp--preset--spacing--40);flex-basis:80%\">\n<h2 class=\"wp-block-heading has-base-color has-text-color has-link-color has-x-large-font-size wp-elements-5859c5acebd61dfc8e3efbd5f65a92a5\" style=\"margin-top:var(--wp--preset--spacing--30);margin-bottom:var(--wp--preset--spacing--30)\">ENJOY CONCEPT<\/h2>\n\n\n\n<figure class=\"wp-block-image alignleft size-full is-resized has-custom-border\"><img data-recalc-dims=\"1\" loading=\"lazy\" decoding=\"async\" width=\"820\" height=\"312\" src=\"https:\/\/i0.wp.com\/zaragoza.wordcamp.org\/2024\/files\/2023\/10\/enjoy-concept.png?resize=820%2C312&#038;ssl=1\" alt=\"\" class=\"wp-image-463\" style=\"border-width:1px;border-radius:15px;width:477px;height:auto\" srcset=\"https:\/\/i0.wp.com\/zaragoza.wordcamp.org\/2024\/files\/2023\/10\/enjoy-concept.png?w=820&amp;ssl=1 820w, https:\/\/i0.wp.com\/zaragoza.wordcamp.org\/2024\/files\/2023\/10\/enjoy-concept.png?resize=300%2C114&amp;ssl=1 300w, https:\/\/i0.wp.com\/zaragoza.wordcamp.org\/2024\/files\/2023\/10\/enjoy-concept.png?resize=768%2C292&amp;ssl=1 768w, https:\/\/i0.wp.com\/zaragoza.wordcamp.org\/2024\/files\/2023\/10\/enjoy-concept.png?resize=500%2C190&amp;ssl=1 500w\" sizes=\"auto, (max-width: 820px) 100vw, 820px\" \/><\/figure>\n\n\n\n<p class=\"has-base-color has-text-color has-link-color wp-elements-72eea7c2eb65b3a9e6f44c0dbe9a66e6 wp-block-paragraph\"><strong><a href=\"https:\/\/enjoyconcept.es\/\" target=\"_blank\" rel=\"noreferrer noopener\">Enjoy Concept,<\/a><\/strong>&nbsp;nace de escuchar a nuestro&nbsp;<strong>ni\u00f1o interior<\/strong>&nbsp;y de dejarle que se divierta. Creando as\u00ed una empresa dedicada a la&nbsp;<strong>creaci\u00f3n y gesti\u00f3n de eventos<\/strong>, que busca conseguir el concepto diversi\u00f3n de cada cliente, para cada uno de ellos.<\/p>\n\n\n\n<p class=\"has-base-color has-text-color has-link-color wp-elements-507784d4951447bfc8999743dd1305fa wp-block-paragraph\">Nuestro trabajo tiene como motor el&nbsp;<strong>juego consciente y creativo<\/strong>, a partir de ello&nbsp;<strong>creamos y desarrollamos<\/strong>&nbsp;todos nuestros proyectos. M\u00e1ximo&nbsp;<strong>mimo y cuidado<\/strong>&nbsp;en cada uno de nuestros trabajos, buscando la perfecci\u00f3n, sabemos que trabajamos con material delicado, la&nbsp;<strong>pasi\u00f3n&nbsp;<\/strong>de cada cliente.<br>Contamos con un largo camino en el&nbsp;<strong>mundo del ocio<\/strong>&nbsp;infantil y familiar,&nbsp;<strong>asesorando y acompa\u00f1ando<\/strong>&nbsp;a particulares y empresas, adem\u00e1s de&nbsp;<strong>gestionando espacios de juego<\/strong>.<\/p>\n<\/div>\n\n\n\n<div class=\"wp-block-column has-contrast-color has-secondary-background-color has-text-color has-background has-link-color wp-elements-ec9c83bf63051aadbe6b9e207ffc2e0b is-layout-flow wp-container-core-column-is-layout-69630deb wp-block-column-is-layout-flow\" style=\"padding-top:0;padding-right:0;padding-bottom:0;padding-left:0;flex-basis:20%\"><\/div>\n<\/div>\n\n\n\n<div class=\"wp-block-columns alignfull has-secondary-background-color has-background is-layout-flex wp-container-core-columns-is-layout-a0834659 wp-block-columns-is-layout-flex\" style=\"margin-top:0px;padding-top:var(--wp--preset--spacing--30);padding-right:var(--wp--preset--spacing--50);padding-bottom:0;padding-left:var(--wp--preset--spacing--30)\">\n<div class=\"wp-block-column has-contrast-color has-secondary-background-color has-text-color has-background has-link-color wp-elements-98981b2f655c7d85c567240fe38563e7 is-layout-flow wp-container-core-column-is-layout-d9b87195 wp-block-column-is-layout-flow\" style=\"padding-top:0;padding-right:40px;padding-bottom:0;padding-left:40px;flex-basis:20%\"><\/div>\n\n\n\n<div class=\"wp-block-column sombra_ficha has-custom-comunidad-background-color has-background is-layout-flow wp-container-core-column-is-layout-b58f0125 wp-block-column-is-layout-flow\" style=\"padding-top:var(--wp--preset--spacing--30);padding-right:var(--wp--preset--spacing--40);padding-bottom:var(--wp--preset--spacing--50);padding-left:var(--wp--preset--spacing--40);flex-basis:80%\">\n<h2 class=\"wp-block-heading has-base-color has-text-color has-link-color has-x-large-font-size wp-elements-dbd5f2dec16cd3f1988599d61d410ddb\" style=\"margin-top:var(--wp--preset--spacing--30);margin-bottom:var(--wp--preset--spacing--30)\">Inscripci\u00f3n gratuita<\/h2>\n\n\n\n<p class=\"has-base-color has-text-color has-link-color wp-elements-6a85343b608700e892f0507fbadb287b wp-block-paragraph\">La <strong>inscripci\u00f3n previa<\/strong> es esencial. Es importante que nos informes con antelaci\u00f3n sobre el n\u00famero de ni\u00f1os que asistir\u00e1n, ya que esto determinar\u00e1 el n\u00famero de monitores necesarios.<\/p>\n\n\n\n<p class=\"has-base-color has-text-color has-link-color wp-elements-752acd8d5d94df2620a827f6e29fca7a wp-block-paragraph\">\ud83d\udc49<strong>AL ADQUIRIR TU ENTRADA, ASEG\u00daRATE DE MARCAR ESTA OPCI\u00d3N EN EL PROCESO DE INSCRIPCI\u00d3N.<\/strong><\/p>\n\n\n\n<p class=\"has-base-color has-text-color has-link-color wp-elements-dd28f14771cd457d85ee8e99cf0ff157 wp-block-paragraph\"><strong>Este servicio est\u00e1 completamente financiado<\/strong> por los organizadores del evento, lo que significa que no incurrir\u00e1s en ning\u00fan gasto adicional al comprar tu entrada.<\/p>\n\n\n\n<p class=\"has-base-color has-text-color has-link-color wp-elements-026f88b9db12d2261c0b0da07694111e wp-block-paragraph\">Recuerda: lo m\u00e1s valioso que puedes traer son tus ganas de <strong>colaborar, compartir, aprender<\/strong> y, por supuesto, tu <strong>buen humor<\/strong>.<\/p>\n<\/div>\n<\/div>\n\n\n\n<div class=\"wp-block-columns alignfull has-secondary-background-color has-background is-layout-flex wp-container-core-columns-is-layout-bce31827 wp-block-columns-is-layout-flex\" style=\"margin-top:0px;padding-top:var(--wp--preset--spacing--50);padding-right:var(--wp--preset--spacing--50);padding-bottom:var(--wp--preset--spacing--40);padding-left:var(--wp--preset--spacing--50)\">\n<div class=\"wp-block-column has-contrast-color has-secondary-background-color has-text-color has-background has-link-color wp-elements-3a82b16d1ca00cf490d48ef8ea979ad7 is-layout-flow wp-container-core-column-is-layout-8ba54f5a wp-block-column-is-layout-flow\" style=\"padding-top:0;padding-right:0px;padding-bottom:0;padding-left:0px;flex-basis:72%\">\n<figure class=\"wp-block-image size-full has-custom-border sombra_ficha\"><a href=\"https:\/\/i0.wp.com\/zaragoza.wordcamp.org\/2024\/files\/2023\/11\/ludoteca-dibujo.jpg?ssl=1\"><img data-recalc-dims=\"1\" loading=\"lazy\" decoding=\"async\" width=\"1500\" height=\"895\" src=\"https:\/\/i0.wp.com\/zaragoza.wordcamp.org\/2024\/files\/2023\/11\/ludoteca-dibujo.jpg?resize=1500%2C895&#038;ssl=1\" alt=\"\" class=\"wp-image-1250\" style=\"border-radius:10px\" title=\"\" srcset=\"https:\/\/i0.wp.com\/zaragoza.wordcamp.org\/2024\/files\/2023\/11\/ludoteca-dibujo.jpg?w=1500&amp;ssl=1 1500w, https:\/\/i0.wp.com\/zaragoza.wordcamp.org\/2024\/files\/2023\/11\/ludoteca-dibujo.jpg?resize=300%2C179&amp;ssl=1 300w, https:\/\/i0.wp.com\/zaragoza.wordcamp.org\/2024\/files\/2023\/11\/ludoteca-dibujo.jpg?resize=1024%2C611&amp;ssl=1 1024w, https:\/\/i0.wp.com\/zaragoza.wordcamp.org\/2024\/files\/2023\/11\/ludoteca-dibujo.jpg?resize=768%2C458&amp;ssl=1 768w, https:\/\/i0.wp.com\/zaragoza.wordcamp.org\/2024\/files\/2023\/11\/ludoteca-dibujo.jpg?resize=500%2C298&amp;ssl=1 500w\" sizes=\"auto, (max-width: 1000px) 100vw, 1000px\" \/><\/a><\/figure>\n<\/div>\n\n\n\n<div class=\"wp-block-column is-vertically-aligned-center is-layout-flow wp-container-core-column-is-layout-16ba1fe4 wp-block-column-is-layout-flow\" style=\"padding-top:var(--wp--preset--spacing--30);padding-right:var(--wp--preset--spacing--40);padding-bottom:var(--wp--preset--spacing--30);padding-left:var(--wp--preset--spacing--40);flex-basis:20%\">\n<figure class=\"wp-block-image aligncenter size-full has-custom-border\"><img data-recalc-dims=\"1\" decoding=\"async\" src=\"https:\/\/i0.wp.com\/zaragoza.wordcamp.org\/2024\/files\/2023\/10\/Group-4.png?ssl=1\" alt=\"\" class=\"wp-image-672\" style=\"border-radius:10px\" \/><\/figure>\n<\/div>\n<\/div>\n\n\n\n<div class=\"wp-block-columns alignfull has-secondary-background-color has-background is-layout-flex wp-container-core-columns-is-layout-6c6c61a4 wp-block-columns-is-layout-flex\" style=\"border-bottom-width:5px;margin-top:0;margin-bottom:0;padding-top:var(--wp--preset--spacing--30);padding-right:var(--wp--preset--spacing--50);padding-bottom:var(--wp--preset--spacing--60);padding-left:var(--wp--preset--spacing--50)\">\n<div class=\"wp-block-column is-layout-flow wp-block-column-is-layout-flow\" style=\"padding-top:var(--wp--preset--spacing--30);padding-right:var(--wp--preset--spacing--30);padding-bottom:var(--wp--preset--spacing--30);padding-left:var(--wp--preset--spacing--30);flex-basis:20%\"><\/div>\n\n\n\n<div class=\"wp-block-column sombra_ficha has-base-background-color has-background is-layout-flow wp-container-core-column-is-layout-8137b57e wp-block-column-is-layout-flow\" style=\"padding-right:var(--wp--preset--spacing--40);padding-bottom:var(--wp--preset--spacing--40);padding-left:var(--wp--preset--spacing--40);flex-basis:80%\">\n<h2 class=\"wp-block-heading has-x-large-font-size\" style=\"margin-top:var(--wp--preset--spacing--30);margin-bottom:var(--wp--preset--spacing--30)\">Regalos<\/h2>\n\n\n\n<p class=\"wp-block-paragraph\">Adem\u00e1s, <strong>es esencial que nos informes cu\u00e1ntos ni\u00f1os te acompa\u00f1ar\u00e1n<\/strong> en tu visita al evento, pues su inscripci\u00f3n no es solo un simple registro. Al inscribirse, se abren las puertas a una serie de beneficios exclusivos y sorpresas:<\/p>\n\n\n\n<p class=\"has-contrast-color has-text-color has-link-color wp-elements-c463271b469794344866603fb217bbec wp-block-paragraph\"><strong>&#8211;<\/strong> <strong>Una acreditaci\u00f3n<\/strong> que les otorgar\u00e1 un pase especial al evento.<\/p>\n\n\n\n<p class=\"has-contrast-color has-text-color has-link-color wp-elements-1a7cbb2359d671ab35f3260df3ebb269 wp-block-paragraph\">&#8211; Una <strong>camiseta conmemorativa<\/strong> de la WordCampZGZ 2024.<\/p>\n\n\n\n<p class=\"has-contrast-color has-text-color has-link-color wp-elements-3c5c0f4d3231d0cd7f5df92e7febab79 wp-block-paragraph\">&#8211; <strong>Acceso<\/strong> a los ricos picoteos y comida.<\/p>\n<\/div>\n<\/div>\n","protected":false},"excerpt":{"rendered":"<p>\u00a1Hola familias WordPresseras! \ud83c\udf1f \u00bfSab\u00edas que las WordCamps no solo son para los profesionales tech, sino tambi\u00e9n para sus peque\u00f1os aprendices? \u00a1Exactamente! Tu pasi\u00f3n por WordPress puede convertirse en una experiencia familiar, y queremos que lo vivas de esa manera. Comprendemos que, despu\u00e9s de una semana agitada de trabajo, muchos de vosotros esper\u00e1is con ansias [&hellip;]<\/p>\n","protected":false},"author":15788922,"featured_media":0,"parent":0,"menu_order":0,"comment_status":"closed","ping_status":"closed","template":"","meta":{"_crdt_document":"","advanced_seo_description":"","jetpack_seo_html_title":"","jetpack_seo_noindex":false,"footnotes":""},"class_list":["post-2845","page","type-page","status-publish","hentry"],"jetpack_sharing_enabled":true,"_links":{"self":[{"href":"https:\/\/zaragoza.wordcamp.org\/2024\/wp-json\/wp\/v2\/pages\/2845","targetHints":{"allow":["GET"]}}],"collection":[{"href":"https:\/\/zaragoza.wordcamp.org\/2024\/wp-json\/wp\/v2\/pages"}],"about":[{"href":"https:\/\/zaragoza.wordcamp.org\/2024\/wp-json\/wp\/v2\/types\/page"}],"author":[{"embeddable":true,"href":"https:\/\/zaragoza.wordcamp.org\/2024\/wp-json\/wp\/v2\/users\/15788922"}],"replies":[{"embeddable":true,"href":"https:\/\/zaragoza.wordcamp.org\/2024\/wp-json\/wp\/v2\/comments?post=2845"}],"version-history":[{"count":12,"href":"https:\/\/zaragoza.wordcamp.org\/2024\/wp-json\/wp\/v2\/pages\/2845\/revisions"}],"predecessor-version":[{"id":2864,"href":"https:\/\/zaragoza.wordcamp.org\/2024\/wp-json\/wp\/v2\/pages\/2845\/revisions\/2864"}],"wp:attachment":[{"href":"https:\/\/zaragoza.wordcamp.org\/2024\/wp-json\/wp\/v2\/media?parent=2845"}],"curies":[{"name":"wp","href":"https:\/\/api.w.org\/{rel}","templated":true}]}}