{"id":183,"date":"2022-10-28T19:55:43","date_gmt":"2022-10-28T17:55:43","guid":{"rendered":"https:\/\/zaragoza.wordcamp.org\/2023\/?page_id=183"},"modified":"2023-01-07T09:48:06","modified_gmt":"2023-01-07T08:48:06","slug":"ludoteca","status":"publish","type":"page","link":"https:\/\/zaragoza.wordcamp.org\/2023\/evento\/ludoteca\/","title":{"rendered":"Ludoteca"},"content":{"rendered":"\n<div class=\"wp-block-group alignfull has-background is-layout-constrained wp-container-core-group-is-layout-0277f0d7 wp-block-group-is-layout-constrained\" style=\"background:linear-gradient(50deg,rgb(243,136,34) 0%,rgb(182,22,55) 100%);margin-top:0;margin-bottom:0\">\n<div class=\"wp-block-group is-layout-constrained wp-container-core-group-is-layout-f2fb7395 wp-block-group-is-layout-constrained\">\n<div class=\"wp-block-columns is-layout-flex wp-container-core-columns-is-layout-2842b8fd wp-block-columns-is-layout-flex\" style=\"padding-top:0;padding-right:0;padding-bottom:0;padding-left:0\">\n<div class=\"wp-block-column is-layout-flow wp-block-column-is-layout-flow\" style=\"flex-basis:15%\"><div class=\"wp-block-site-logo\"><a href=\"https:\/\/zaragoza.wordcamp.org\/2023\/\" class=\"custom-logo-link\" rel=\"home\"><img loading=\"lazy\" decoding=\"async\" width=\"150\" height=\"65\" src=\"https:\/\/zaragoza.wordcamp.org\/2023\/files\/2022\/11\/Logo-WCZaragoza-2023.png\" class=\"custom-logo\" alt=\"WordCamp Zaragoza 2023\" srcset=\"https:\/\/zaragoza.wordcamp.org\/2023\/files\/2022\/11\/Logo-WCZaragoza-2023.png 415w, https:\/\/zaragoza.wordcamp.org\/2023\/files\/2022\/11\/Logo-WCZaragoza-2023-300x132.png 300w\" sizes=\"auto, (max-width: 150px) 100vw, 150px\" \/><\/a><\/div><\/div>\n\n\n\n<div class=\"wp-block-column is-layout-flow wp-block-column-is-layout-flow\" style=\"padding-top:var(--wp--preset--spacing--40);flex-basis:85%\"><nav class=\"has-text-color has-background-color has-small-font-size is-responsive items-justified-right wp-block-navigation is-content-justification-right is-layout-flex wp-container-core-navigation-is-layout-de66bf79 wp-block-navigation-is-layout-flex\" aria-label=\"Navigation\" \n\t\t data-wp-interactive=\"core\/navigation\" data-wp-context='{\"overlayOpenedBy\":{\"click\":false,\"hover\":false,\"focus\":false},\"type\":\"overlay\",\"roleAttribute\":\"\",\"ariaLabel\":\"Men\\u00fa\"}'><button aria-haspopup=\"dialog\" aria-label=\"Abrir el men\u00fa\" class=\"wp-block-navigation__responsive-container-open\" \n\t\t\t\tdata-wp-on--click=\"actions.openMenuOnClick\"\n\t\t\t\tdata-wp-on--keydown=\"actions.handleMenuKeydown\"\n\t\t\t><svg width=\"24\" height=\"24\" xmlns=\"http:\/\/www.w3.org\/2000\/svg\" viewBox=\"0 0 24 24\" aria-hidden=\"true\" focusable=\"false\"><path d=\"M4 7.5h16v1.5H4z\"><\/path><path d=\"M4 15h16v1.5H4z\"><\/path><\/svg><\/button>\n\t\t\t\t<div class=\"wp-block-navigation__responsive-container has-text-color has-foreground-color\"  id=\"modal-1\" \n\t\t\t\tdata-wp-class--has-modal-open=\"state.isMenuOpen\"\n\t\t\t\tdata-wp-class--is-menu-open=\"state.isMenuOpen\"\n\t\t\t\tdata-wp-watch=\"callbacks.initMenu\"\n\t\t\t\tdata-wp-on--keydown=\"actions.handleMenuKeydown\"\n\t\t\t\tdata-wp-on--focusout=\"actions.handleMenuFocusout\"\n\t\t\t\ttabindex=\"-1\"\n\t\t\t>\n\t\t\t\t\t<div class=\"wp-block-navigation__responsive-close\" tabindex=\"-1\">\n\t\t\t\t\t\t<div class=\"wp-block-navigation__responsive-dialog\" \n\t\t\t\tdata-wp-bind--aria-modal=\"state.ariaModal\"\n\t\t\t\tdata-wp-bind--aria-label=\"state.ariaLabel\"\n\t\t\t\tdata-wp-bind--role=\"state.roleAttribute\"\n\t\t\t>\n\t\t\t\t\t\t\t<button aria-label=\"Cerrar el men\u00fa\" class=\"wp-block-navigation__responsive-container-close\" \n\t\t\t\tdata-wp-on--click=\"actions.closeMenuOnClick\"\n\t\t\t><svg xmlns=\"http:\/\/www.w3.org\/2000\/svg\" viewBox=\"0 0 24 24\" width=\"24\" height=\"24\" aria-hidden=\"true\" focusable=\"false\"><path d=\"m13.06 12 6.47-6.47-1.06-1.06L12 10.94 5.53 4.47 4.47 5.53 10.94 12l-6.47 6.47 1.06 1.06L12 13.06l6.47 6.47 1.06-1.06L13.06 12Z\"><\/path><\/svg><\/button>\n\t\t\t\t\t\t\t<div class=\"wp-block-navigation__responsive-container-content\" \n\t\t\t\tdata-wp-watch=\"callbacks.focusFirstElement\"\n\t\t\t id=\"modal-1-content\">\n\t\t\t\t\t\t\t\t<ul class=\"wp-block-navigation__container has-text-color has-background-color has-small-font-size is-responsive items-justified-right wp-block-navigation has-small-font-size\"><li class=\"has-small-font-size wp-block-navigation-item wp-block-navigation-link\"><a class=\"wp-block-navigation-item__content\"  href=\"https:\/\/zaragoza.wordcamp.org\/2023\/\"><span class=\"wp-block-navigation-item__label\">#WCZGZ23<\/span><\/a><\/li><li data-wp-context=\"{ &quot;submenuOpenedBy&quot;: { &quot;click&quot;: false, &quot;hover&quot;: false, &quot;focus&quot;: false }, &quot;type&quot;: &quot;submenu&quot;, &quot;modal&quot;: null, &quot;previousFocus&quot;: null }\" data-wp-interactive=\"core\/navigation\" data-wp-on--focusout=\"actions.handleMenuFocusout\" data-wp-on--keydown=\"actions.handleMenuKeydown\" data-wp-on--pointerenter=\"actions.openMenuOnHover\" data-wp-on--pointerleave=\"actions.closeMenuOnHover\" data-wp-watch=\"callbacks.initMenu\" tabindex=\"-1\" class=\"wp-block-navigation-item has-small-font-size has-child open-on-hover-click wp-block-navigation-submenu\"><a class=\"wp-block-navigation-item__content\" href=\"https:\/\/zaragoza.wordcamp.org\/2023\/quienes-somos\/\"><span class=\"wp-block-navigation-item__label\">\u00bfQui\u00e9nes somos?<\/span><\/a><button data-wp-bind--aria-expanded=\"state.isMenuOpen\" data-wp-on--click=\"actions.toggleMenuOnClick\" aria-label=\"Submen\u00fa de \u00bfQui\u00e9nes somos?\" class=\"wp-block-navigation__submenu-icon wp-block-navigation-submenu__toggle\" ><svg xmlns=\"http:\/\/www.w3.org\/2000\/svg\" width=\"12\" height=\"12\" viewBox=\"0 0 12 12\" fill=\"none\" aria-hidden=\"true\" focusable=\"false\"><path d=\"M1.50002 4L6.00002 8L10.5 4\" stroke-width=\"1.5\"><\/path><\/svg><\/button><ul data-wp-on--focus=\"actions.openMenuOnFocus\" class=\"wp-block-navigation__submenu-container has-text-color has-foreground-color wp-block-navigation-submenu\"><li class=\"has-small-font-size wp-block-navigation-item wp-block-navigation-link\"><a class=\"wp-block-navigation-item__content\"  href=\"https:\/\/zaragoza.wordcamp.org\/2023\/comunidad\/asistentes\/\"><span class=\"wp-block-navigation-item__label\">Asistentes<\/span><\/a><\/li><li class=\"has-small-font-size wp-block-navigation-item wp-block-navigation-link\"><a class=\"wp-block-navigation-item__content\"  href=\"https:\/\/zaragoza.wordcamp.org\/2023\/comunidad\/ponentes\/\"><span class=\"wp-block-navigation-item__label\">Ponentes<\/span><\/a><\/li><li class=\"has-small-font-size wp-block-navigation-item wp-block-navigation-link\"><a class=\"wp-block-navigation-item__content\"  href=\"https:\/\/zaragoza.wordcamp.org\/2023\/comunidad\/patrocinadores\/\"><span class=\"wp-block-navigation-item__label\">Patrocinadores<\/span><\/a><\/li><li class=\"has-small-font-size wp-block-navigation-item wp-block-navigation-link\"><a class=\"wp-block-navigation-item__content\"  href=\"https:\/\/zaragoza.wordcamp.org\/2023\/comunidad\/organizadores\/\"><span class=\"wp-block-navigation-item__label\">Organizadores<\/span><\/a><\/li><li class=\"has-small-font-size wp-block-navigation-item wp-block-navigation-link\"><a class=\"wp-block-navigation-item__content\"  href=\"https:\/\/zaragoza.wordcamp.org\/2023\/comunidad\/voluntarios\/\"><span class=\"wp-block-navigation-item__label\">Voluntarios<\/span><\/a><\/li><\/ul><\/li><li data-wp-context=\"{ &quot;submenuOpenedBy&quot;: { &quot;click&quot;: false, &quot;hover&quot;: false, &quot;focus&quot;: false }, &quot;type&quot;: &quot;submenu&quot;, &quot;modal&quot;: null, &quot;previousFocus&quot;: null }\" data-wp-interactive=\"core\/navigation\" data-wp-on--focusout=\"actions.handleMenuFocusout\" data-wp-on--keydown=\"actions.handleMenuKeydown\" data-wp-on--pointerenter=\"actions.openMenuOnHover\" data-wp-on--pointerleave=\"actions.closeMenuOnHover\" data-wp-watch=\"callbacks.initMenu\" tabindex=\"-1\" class=\"wp-block-navigation-item has-small-font-size has-child open-on-hover-click wp-block-navigation-submenu\"><a class=\"wp-block-navigation-item__content\" href=\"https:\/\/zaragoza.wordcamp.org\/2023\/evento\/\"><span class=\"wp-block-navigation-item__label\">Evento<\/span><\/a><button data-wp-bind--aria-expanded=\"state.isMenuOpen\" data-wp-on--click=\"actions.toggleMenuOnClick\" aria-label=\"Submen\u00fa de Evento\" class=\"wp-block-navigation__submenu-icon wp-block-navigation-submenu__toggle\" ><svg xmlns=\"http:\/\/www.w3.org\/2000\/svg\" width=\"12\" height=\"12\" viewBox=\"0 0 12 12\" fill=\"none\" aria-hidden=\"true\" focusable=\"false\"><path d=\"M1.50002 4L6.00002 8L10.5 4\" stroke-width=\"1.5\"><\/path><\/svg><\/button><ul data-wp-on--focus=\"actions.openMenuOnFocus\" class=\"wp-block-navigation__submenu-container has-text-color has-foreground-color wp-block-navigation-submenu\"><li class=\"has-small-font-size wp-block-navigation-item wp-block-navigation-link\"><a class=\"wp-block-navigation-item__content\"  href=\"https:\/\/zaragoza.wordcamp.org\/2023\/evento\/programa\/\"><span class=\"wp-block-navigation-item__label\">Programa<\/span><\/a><\/li><li class=\"has-small-font-size wp-block-navigation-item wp-block-navigation-link\"><a class=\"wp-block-navigation-item__content\"  href=\"https:\/\/zaragoza.wordcamp.org\/2023\/evento\/contributor-day\/\"><span class=\"wp-block-navigation-item__label\">Contributor day<\/span><\/a><\/li><li class=\"has-small-font-size wp-block-navigation-item wp-block-navigation-link\"><a class=\"wp-block-navigation-item__content\"  href=\"https:\/\/zaragoza.wordcamp.org\/2023\/evento\/tour\/\"><span class=\"wp-block-navigation-item__label\">Tour Ma\u00f1o<\/span><\/a><\/li><li class=\"has-small-font-size wp-block-navigation-item wp-block-navigation-link\"><a class=\"wp-block-navigation-item__content\"  href=\"https:\/\/zaragoza.wordcamp.org\/2023\/evento\/ludoteca\/\"><span class=\"wp-block-navigation-item__label\">Ludoteca<\/span><\/a><\/li><\/ul><\/li><li data-wp-context=\"{ &quot;submenuOpenedBy&quot;: { &quot;click&quot;: false, &quot;hover&quot;: false, &quot;focus&quot;: false }, &quot;type&quot;: &quot;submenu&quot;, &quot;modal&quot;: null, &quot;previousFocus&quot;: null }\" data-wp-interactive=\"core\/navigation\" data-wp-on--focusout=\"actions.handleMenuFocusout\" data-wp-on--keydown=\"actions.handleMenuKeydown\" data-wp-on--pointerenter=\"actions.openMenuOnHover\" data-wp-on--pointerleave=\"actions.closeMenuOnHover\" data-wp-watch=\"callbacks.initMenu\" tabindex=\"-1\" class=\"wp-block-navigation-item has-small-font-size has-child open-on-hover-click wp-block-navigation-submenu\"><a class=\"wp-block-navigation-item__content\" href=\"https:\/\/zaragoza.wordcamp.org\/2023\/tickets\/\"><span class=\"wp-block-navigation-item__label\">Tickets<\/span><\/a><button data-wp-bind--aria-expanded=\"state.isMenuOpen\" data-wp-on--click=\"actions.toggleMenuOnClick\" aria-label=\"Submen\u00fa de Tickets\" class=\"wp-block-navigation__submenu-icon wp-block-navigation-submenu__toggle\" ><svg xmlns=\"http:\/\/www.w3.org\/2000\/svg\" width=\"12\" height=\"12\" viewBox=\"0 0 12 12\" fill=\"none\" aria-hidden=\"true\" focusable=\"false\"><path d=\"M1.50002 4L6.00002 8L10.5 4\" stroke-width=\"1.5\"><\/path><\/svg><\/button><ul data-wp-on--focus=\"actions.openMenuOnFocus\" class=\"wp-block-navigation__submenu-container has-text-color has-foreground-color wp-block-navigation-submenu\"><li class=\"has-small-font-size wp-block-navigation-item wp-block-navigation-link\"><a class=\"wp-block-navigation-item__content\"  href=\"https:\/\/zaragoza.wordcamp.org\/2023\/tickets\/\"><span class=\"wp-block-navigation-item__label\">Comprar entrada<\/span><\/a><\/li><li class=\"has-small-font-size wp-block-navigation-item wp-block-navigation-link\"><a class=\"wp-block-navigation-item__content\"  href=\"https:\/\/zaragoza.wordcamp.org\/2023\/tickets\/enviar-comprobante\/\"><span class=\"wp-block-navigation-item__label\">Enviar comprobante<\/span><\/a><\/li><\/ul><\/li><li class=\"has-small-font-size wp-block-navigation-item wp-block-navigation-link\"><a class=\"wp-block-navigation-item__content\"  href=\"https:\/\/zaragoza.wordcamp.org\/2023\/novedades\/\"><span class=\"wp-block-navigation-item__label\">Novedades<\/span><\/a><\/li><li data-wp-context=\"{ &quot;submenuOpenedBy&quot;: { &quot;click&quot;: false, &quot;hover&quot;: false, &quot;focus&quot;: false }, &quot;type&quot;: &quot;submenu&quot;, &quot;modal&quot;: null, &quot;previousFocus&quot;: null }\" data-wp-interactive=\"core\/navigation\" data-wp-on--focusout=\"actions.handleMenuFocusout\" data-wp-on--keydown=\"actions.handleMenuKeydown\" data-wp-on--pointerenter=\"actions.openMenuOnHover\" data-wp-on--pointerleave=\"actions.closeMenuOnHover\" data-wp-watch=\"callbacks.initMenu\" tabindex=\"-1\" class=\"wp-block-navigation-item has-small-font-size has-child open-on-hover-click wp-block-navigation-submenu\"><a class=\"wp-block-navigation-item__content\" href=\"https:\/\/zaragoza.wordcamp.org\/2023\/contacto\/\"><span class=\"wp-block-navigation-item__label\">Contacto<\/span><\/a><button data-wp-bind--aria-expanded=\"state.isMenuOpen\" data-wp-on--click=\"actions.toggleMenuOnClick\" aria-label=\"Submen\u00fa de Contacto\" class=\"wp-block-navigation__submenu-icon wp-block-navigation-submenu__toggle\" ><svg xmlns=\"http:\/\/www.w3.org\/2000\/svg\" width=\"12\" height=\"12\" viewBox=\"0 0 12 12\" fill=\"none\" aria-hidden=\"true\" focusable=\"false\"><path d=\"M1.50002 4L6.00002 8L10.5 4\" stroke-width=\"1.5\"><\/path><\/svg><\/button><ul data-wp-on--focus=\"actions.openMenuOnFocus\" class=\"wp-block-navigation__submenu-container has-text-color has-foreground-color wp-block-navigation-submenu\"><li class=\"has-small-font-size wp-block-navigation-item wp-block-navigation-link\"><a class=\"wp-block-navigation-item__content\"  href=\"https:\/\/zaragoza.wordcamp.org\/2023\/contacto\/\"><span class=\"wp-block-navigation-item__label\">Formulario<\/span><\/a><\/li><li class=\"has-small-font-size wp-block-navigation-item wp-block-navigation-link\"><a class=\"wp-block-navigation-item__content\"  href=\"https:\/\/zaragoza.wordcamp.org\/2023\/como-llegar\/\"><span class=\"wp-block-navigation-item__label\">\u00bfC\u00f3mo llegar?<\/span><\/a><\/li><\/ul><\/li><\/ul>\n\t\t\t\t\t\t\t\t\n\t\t\t\t\t\t\t<\/div>\n\t\t\t\t\t\t<\/div>\n\t\t\t\t\t<\/div>\n\t\t\t\t<\/div><\/nav><\/div>\n\n\n\n<div class=\"wp-block-column is-layout-flow wp-block-column-is-layout-flow\"><\/div>\n<\/div>\n\n\n\n<div class=\"wp-block-columns is-layout-flex wp-container-core-columns-is-layout-dd014378 wp-block-columns-is-layout-flex\" style=\"padding-top:var(--wp--preset--spacing--60);padding-bottom:var(--wp--preset--spacing--60)\">\n<div class=\"wp-block-column is-vertically-aligned-bottom is-layout-flow wp-block-column-is-layout-flow\" style=\"padding-bottom:0;flex-basis:70%\">\n<h2 class=\"has-background-color has-text-color wp-block-heading\">Ludoteca<\/h2>\n<\/div>\n\n\n\n<div class=\"wp-block-column is-vertically-aligned-bottom is-layout-flow wp-container-core-column-is-layout-1958d1ba wp-block-column-is-layout-flow\" style=\"border-style:none;border-width:0px;padding-top:0;padding-right:0;padding-bottom:0;padding-left:0;flex-basis:30%\">\n<h2 class=\"has-text-align-center has-background-color has-text-color has-large-font-size wp-block-heading\"><strong>20 y 21 de enero<\/strong><\/h2>\n\n\n\n<p class=\"has-text-align-center has-background-color has-text-color has-medium-font-size wp-block-paragraph\">Edificio ETOPIA<\/p>\n\n\n\n<div class=\"wp-block-buttons is-content-justification-center is-layout-flex wp-container-core-buttons-is-layout-7aaec15a wp-block-buttons-is-layout-flex\" style=\"margin-top:var(--wp--preset--spacing--30)\">\n<div class=\"wp-block-button\"><a class=\"wp-block-button__link has-primary-color has-background-background-color has-text-color has-background wp-element-button\" href=\"https:\/\/zaragoza.wordcamp.org\/2023\/tickets\/\" style=\"border-radius:40px\"><strong>Voy a sacar mi entrada<\/strong><\/a><\/div>\n<\/div>\n<\/div>\n<\/div>\n<\/div>\n<\/div>\n\n\n\n<div class=\"wp-block-cover alignfull is-light\"><span aria-hidden=\"true\" class=\"wp-block-cover__background has-background-background-color has-background-dim-100 has-background-dim\"><\/span><div class=\"wp-block-cover__inner-container is-layout-flow wp-block-cover-is-layout-flow\">\n<div class=\"wp-block-group has-background-background-color has-background is-layout-constrained wp-container-core-group-is-layout-f2fb7395 wp-block-group-is-layout-constrained\">\n<div class=\"wp-block-columns are-vertically-aligned-bottom has-medium-font-size is-layout-flex wp-container-core-columns-is-layout-2842b8fd wp-block-columns-is-layout-flex\" style=\"padding-top:0;padding-right:0;padding-bottom:0;padding-left:0\">\n<div class=\"wp-block-column is-vertically-aligned-bottom is-layout-flow wp-block-column-is-layout-flow\">\n<h2 class=\"has-x-large-font-size wp-block-heading\"><strong><strong>Ven a la WordCamp con tus hijos<\/strong><\/strong><\/h2>\n\n\n\n<p class=\"wp-block-paragraph\">Los eventos oficiales de WordPress se celebran al final de la semana para facilitar la asistencia de trabajadores. Pero, \u00bfy si tienes hijos?<\/p>\n\n\n\n<p class=\"wp-block-paragraph\">Para facilitar la asistencia tambi\u00e9n a padres y madres, <strong>puedes venir acompa\u00f1ados de sus hijos<\/strong>. Porque somos conscientes de que para muchos de vosotros, al llegar el final de la semana, comienzan los mejores momentos para disfrutar con la familia y con los peque\u00f1os.<\/p>\n\n\n\n<p class=\"wp-block-paragraph\">Para tratar de facilitar la conciliaci\u00f3n, este a\u00f1o volvemos a buscar la forma que permita a todos los padres y madres acudir a las ponencias y actividades del s\u00e1bado. Por eso, junto a <strong>Enjoy Concept<\/strong>, una empresa que se dedica a la gesti\u00f3n de eventos con ni\u00f1os, desde hace m\u00e1s de 9 a\u00f1os, dispondremos de un <strong>espacio infantil para los WordPresseros m\u00e1s j\u00f3venes<\/strong>.<\/p>\n<\/div>\n\n\n\n<div class=\"wp-block-column is-vertically-aligned-bottom is-layout-flow wp-block-column-is-layout-flow\">\n<h2 class=\"has-x-large-font-size wp-block-heading\"><strong><strong><strong>Espacio Infantil WordCamp Zaragoza 2023<\/strong><\/strong><\/strong><\/h2>\n\n\n\n<p class=\"wp-block-paragraph\">Los ni\u00f1os y ni\u00f1as estar\u00e1n <strong>acompa\u00f1ados en todo momento de personal cualificado<\/strong> que les guiar\u00e1 por el espacio y atender\u00e1 sus necesidades. La ludoteca es un espacio dividido por rincones de juego, donde podr\u00e1n jugar libremente y escoger entre el rinc\u00f3n juego simb\u00f3lico, el rinc\u00f3n creativo y el rinc\u00f3n de lectura.<\/p>\n\n\n\n<p class=\"wp-block-paragraph\">Este servicio est\u00e1 pensado para ni\u00f1os de entre <strong>4 y 12 a\u00f1os<\/strong> (si no est\u00e1 dentro del rango de edad, escr\u00edbenos antes para comentarlo con los monitores).<\/p>\n\n\n\n<p class=\"wp-block-paragraph\">Un espacio de juego que pretende conciliar vida laboral y familiar en un evento como la WordCamp. Adaptado a las diferentes edades y donde haremos que los ni\u00f1os disfruten mientras los adultos aprenden. Atendidos por grandes profesionales del mundo del ocio infantil y familiar.<\/p>\n<\/div>\n<\/div>\n<\/div>\n<\/div><\/div>\n\n\n\n<div class=\"wp-block-group has-background-color has-foreground-background-color has-text-color has-background is-layout-constrained wp-container-core-group-is-layout-fcdedda4 wp-block-group-is-layout-constrained\" style=\"padding-top:var(--wp--preset--spacing--70);padding-bottom:var(--wp--preset--spacing--70)\">\n<div class=\"wp-block-columns are-vertically-aligned-bottom has-medium-font-size is-layout-flex wp-container-core-columns-is-layout-2842b8fd wp-block-columns-is-layout-flex\" style=\"padding-top:0;padding-right:0;padding-bottom:0;padding-left:0\">\n<div class=\"wp-block-column is-vertically-aligned-bottom is-layout-constrained wp-container-core-column-is-layout-42c388cb wp-block-column-is-layout-constrained\">\n<h2 class=\"has-text-color wp-block-heading\" style=\"color:#f2c12e;font-size:42px\">Enjoy Concept<\/h2>\n\n\n\n<p class=\"wp-block-paragraph\">Enjoy Concept, nace de escuchar a nuestro <strong>ni\u00f1o interior<\/strong> y de dejarle que se divierta. Creando as\u00ed una empresa dedicada a la <strong>creaci\u00f3n y gesti\u00f3n de eventos<\/strong>, que busca conseguir el concepto diversi\u00f3n de cada cliente, para cada uno de ellos. <\/p>\n\n\n\n<p class=\"wp-block-paragraph\">Nuestro trabajo tiene como motor el <strong>juego consciente y creativo<\/strong>, a partir de ello <strong>creamos y desarrollamos<\/strong> todos nuestros proyectos. M\u00e1ximo <strong>mimo y cuidado<\/strong> en cada uno de nuestros trabajos, buscando la perfecci\u00f3n, sabemos que trabajamos con material delicado, la <strong>pasi\u00f3n <\/strong>de cada cliente.<\/p>\n\n\n\n<p class=\"wp-block-paragraph\"><br>Contamos con un largo camino en el <strong>mundo del ocio<\/strong> infantil y familiar, <strong>asesorando y acompa\u00f1ando<\/strong> a particulares y empresas, adem\u00e1s de <strong>gestionando espacios de juego<\/strong>.<\/p>\n\n\n\n<figure class=\"wp-block-image aligncenter size-full\"><img loading=\"lazy\" decoding=\"async\" width=\"820\" height=\"312\" src=\"https:\/\/zaragoza.wordcamp.org\/2023\/files\/2022\/12\/cabecera.png\" alt=\"\" class=\"wp-image-1899\" srcset=\"https:\/\/zaragoza.wordcamp.org\/2023\/files\/2022\/12\/cabecera.png 820w, https:\/\/zaragoza.wordcamp.org\/2023\/files\/2022\/12\/cabecera-300x114.png 300w, https:\/\/zaragoza.wordcamp.org\/2023\/files\/2022\/12\/cabecera-768x292.png 768w, https:\/\/zaragoza.wordcamp.org\/2023\/files\/2022\/12\/cabecera-500x190.png 500w\" sizes=\"auto, (max-width: 820px) 100vw, 820px\" \/><\/figure>\n<\/div>\n<\/div>\n<\/div>\n\n\n\n<div class=\"wp-block-group alignfull has-background-background-color has-background is-layout-constrained wp-container-core-group-is-layout-5fc88961 wp-block-group-is-layout-constrained\" id=\"contacto\" style=\"margin-top:0;margin-bottom:0\">\n<div id=\"contacto\" class=\"wp-block-group is-layout-constrained wp-container-core-group-is-layout-0813b866 wp-block-group-is-layout-constrained\" style=\"margin-top:0;margin-bottom:0;padding-top:var(--wp--preset--spacing--60);padding-right:var(--wp--preset--spacing--60);padding-bottom:var(--wp--preset--spacing--60);padding-left:var(--wp--preset--spacing--60)\">\n<h3 class=\"has-text-align-left has-foreground-color has-text-color wp-block-heading\" style=\"padding-top:2rem;padding-right:2rem;padding-bottom:2rem;padding-left:2rem\"><strong><strong>Inscripci\u00f3n gratuita<\/strong><\/strong><\/h3>\n\n\n\n<p class=\"has-foreground-color has-text-color wp-block-paragraph\">La inscripci\u00f3n previa es obligatoria. Necesitamos saber el n\u00famero de ni\u00f1os que acudir\u00e1n al evento con antelaci\u00f3n, dado que el n\u00famero de monitores depender\u00e1 de ello.<\/p>\n\n\n\n<p class=\"has-foreground-color has-text-color wp-block-paragraph\">Por lo tanto, cuando compres tu entrada, <strong>selecciona esta opci\u00f3n durante el proceso de inscripci\u00f3n<\/strong>.<\/p>\n\n\n\n<p class=\"has-foreground-color has-text-color wp-block-paragraph\">Es un servicio subvencionado al 100% por la organizaci\u00f3n del evento, por lo que no tendr\u00e1s que preocuparte por ning\u00fan coste adicional en tu entrada.<\/p>\n\n\n\n<p class=\"has-foreground-color has-text-color wp-block-paragraph\">Lo m\u00e1s importante, tus ganas de compartir, colaborar, aprender y buen humor.<\/p>\n\n\n\n<p class=\"wp-block-paragraph\"><\/p>\n\n\n\n<h3 class=\"has-text-align-left has-foreground-color has-text-color wp-block-heading\" style=\"padding-top:2rem;padding-right:2rem;padding-bottom:2rem;padding-left:2rem\"><strong><strong>Regalos<\/strong><\/strong><\/h3>\n\n\n\n<p class=\"has-foreground-color has-text-color wp-block-paragraph\">Adem\u00e1s, es muy importante que sepamos con cu\u00e1ntos ni\u00f1os planeas acudir al evento, ya que su inscripci\u00f3n tambi\u00e9n viene con una serie de ventajas y regalos:<\/p>\n\n\n\n<ul class=\"has-foreground-color has-text-color wp-block-list\">\n<li>Una acreditaci\u00f3n que les dar\u00e1 acceso al evento<\/li>\n\n\n\n<li>Una camiseta conmemorativa de la WordCamp<\/li>\n\n\n\n<li>Acceso a los picoteos y a la comida<\/li>\n<\/ul>\n<\/div>\n<\/div>\n","protected":false},"excerpt":{"rendered":"<p>Ludoteca 20 y 21 de enero Edificio ETOPIA Enjoy Concept Enjoy Concept, nace de escuchar a nuestro ni\u00f1o interior y de dejarle que se divierta. Creando as\u00ed una empresa dedicada a la creaci\u00f3n y gesti\u00f3n de eventos, que busca conseguir el concepto diversi\u00f3n de cada cliente, para cada uno de ellos. Nuestro trabajo tiene como [&hellip;]<\/p>\n","protected":false},"author":15203077,"featured_media":0,"parent":188,"menu_order":0,"comment_status":"closed","ping_status":"closed","template":"","meta":{"_crdt_document":"","jetpack_post_was_ever_published":false,"footnotes":""},"class_list":["post-183","page","type-page","status-publish","hentry"],"jetpack_sharing_enabled":true,"_links":{"self":[{"href":"https:\/\/zaragoza.wordcamp.org\/2023\/wp-json\/wp\/v2\/pages\/183","targetHints":{"allow":["GET"]}}],"collection":[{"href":"https:\/\/zaragoza.wordcamp.org\/2023\/wp-json\/wp\/v2\/pages"}],"about":[{"href":"https:\/\/zaragoza.wordcamp.org\/2023\/wp-json\/wp\/v2\/types\/page"}],"author":[{"embeddable":true,"href":"https:\/\/zaragoza.wordcamp.org\/2023\/wp-json\/wp\/v2\/users\/15203077"}],"replies":[{"embeddable":true,"href":"https:\/\/zaragoza.wordcamp.org\/2023\/wp-json\/wp\/v2\/comments?post=183"}],"version-history":[{"count":10,"href":"https:\/\/zaragoza.wordcamp.org\/2023\/wp-json\/wp\/v2\/pages\/183\/revisions"}],"predecessor-version":[{"id":2685,"href":"https:\/\/zaragoza.wordcamp.org\/2023\/wp-json\/wp\/v2\/pages\/183\/revisions\/2685"}],"up":[{"embeddable":true,"href":"https:\/\/zaragoza.wordcamp.org\/2023\/wp-json\/wp\/v2\/pages\/188"}],"wp:attachment":[{"href":"https:\/\/zaragoza.wordcamp.org\/2023\/wp-json\/wp\/v2\/media?parent=183"}],"curies":[{"name":"wp","href":"https:\/\/api.w.org\/{rel}","templated":true}]}}