{"id":161,"date":"2022-10-28T19:43:56","date_gmt":"2022-10-28T17:43:56","guid":{"rendered":"https:\/\/zaragoza.wordcamp.org\/2023\/?page_id=161"},"modified":"2022-12-18T08:54:44","modified_gmt":"2022-12-18T07:54:44","slug":"codigo-de-conducta","status":"publish","type":"page","link":"https:\/\/zaragoza.wordcamp.org\/2023\/codigo-de-conducta\/","title":{"rendered":"C\u00f3digo de conducta"},"content":{"rendered":"\n<div class=\"wp-block-group alignfull has-diagonal-primary-to-foreground-gradient-background has-background is-layout-constrained wp-container-core-group-is-layout-0277f0d7 wp-block-group-is-layout-constrained\" style=\"margin-top:0;margin-bottom:0\">\n<div class=\"wp-block-group is-layout-constrained wp-container-core-group-is-layout-f2fb7395 wp-block-group-is-layout-constrained\">\n<div class=\"wp-block-columns is-not-stacked-on-mobile is-layout-flex wp-container-core-columns-is-layout-2842b8fd wp-block-columns-is-layout-flex\" style=\"padding-top:0;padding-right:0;padding-bottom:0;padding-left:0\">\n<div class=\"wp-block-column is-layout-flow wp-block-column-is-layout-flow\" style=\"flex-basis:15%\"><div class=\"wp-block-site-logo\"><a href=\"https:\/\/zaragoza.wordcamp.org\/2023\/\" class=\"custom-logo-link\" rel=\"home\"><img loading=\"lazy\" decoding=\"async\" width=\"150\" height=\"65\" src=\"https:\/\/zaragoza.wordcamp.org\/2023\/files\/2022\/11\/Logo-WCZaragoza-2023.png\" class=\"custom-logo\" alt=\"WordCamp Zaragoza 2023\" srcset=\"https:\/\/zaragoza.wordcamp.org\/2023\/files\/2022\/11\/Logo-WCZaragoza-2023.png 415w, https:\/\/zaragoza.wordcamp.org\/2023\/files\/2022\/11\/Logo-WCZaragoza-2023-300x132.png 300w\" sizes=\"auto, (max-width: 150px) 100vw, 150px\" \/><\/a><\/div><\/div>\n\n\n\n<div class=\"wp-block-column is-layout-flow wp-block-column-is-layout-flow\" style=\"padding-top:var(--wp--preset--spacing--40);flex-basis:85%\"><nav class=\"has-text-color has-background-color has-small-font-size is-responsive items-justified-right wp-block-navigation is-content-justification-right is-layout-flex wp-container-core-navigation-is-layout-de66bf79 wp-block-navigation-is-layout-flex\" aria-label=\"Navigation\" \n\t\t data-wp-interactive=\"core\/navigation\" data-wp-context='{\"overlayOpenedBy\":{\"click\":false,\"hover\":false,\"focus\":false},\"type\":\"overlay\",\"roleAttribute\":\"\",\"ariaLabel\":\"Men\\u00fa\"}'><button aria-haspopup=\"dialog\" aria-label=\"Abrir el men\u00fa\" class=\"wp-block-navigation__responsive-container-open\" \n\t\t\t\tdata-wp-on--click=\"actions.openMenuOnClick\"\n\t\t\t\tdata-wp-on--keydown=\"actions.handleMenuKeydown\"\n\t\t\t><svg width=\"24\" height=\"24\" xmlns=\"http:\/\/www.w3.org\/2000\/svg\" viewBox=\"0 0 24 24\" aria-hidden=\"true\" focusable=\"false\"><path d=\"M4 7.5h16v1.5H4z\"><\/path><path d=\"M4 15h16v1.5H4z\"><\/path><\/svg><\/button>\n\t\t\t\t<div class=\"wp-block-navigation__responsive-container has-text-color has-foreground-color\"  id=\"modal-1\" \n\t\t\t\tdata-wp-class--has-modal-open=\"state.isMenuOpen\"\n\t\t\t\tdata-wp-class--is-menu-open=\"state.isMenuOpen\"\n\t\t\t\tdata-wp-watch=\"callbacks.initMenu\"\n\t\t\t\tdata-wp-on--keydown=\"actions.handleMenuKeydown\"\n\t\t\t\tdata-wp-on--focusout=\"actions.handleMenuFocusout\"\n\t\t\t\ttabindex=\"-1\"\n\t\t\t>\n\t\t\t\t\t<div class=\"wp-block-navigation__responsive-close\" tabindex=\"-1\">\n\t\t\t\t\t\t<div class=\"wp-block-navigation__responsive-dialog\" \n\t\t\t\tdata-wp-bind--aria-modal=\"state.ariaModal\"\n\t\t\t\tdata-wp-bind--aria-label=\"state.ariaLabel\"\n\t\t\t\tdata-wp-bind--role=\"state.roleAttribute\"\n\t\t\t>\n\t\t\t\t\t\t\t<button aria-label=\"Cerrar el men\u00fa\" class=\"wp-block-navigation__responsive-container-close\" \n\t\t\t\tdata-wp-on--click=\"actions.closeMenuOnClick\"\n\t\t\t><svg xmlns=\"http:\/\/www.w3.org\/2000\/svg\" viewBox=\"0 0 24 24\" width=\"24\" height=\"24\" aria-hidden=\"true\" focusable=\"false\"><path d=\"m13.06 12 6.47-6.47-1.06-1.06L12 10.94 5.53 4.47 4.47 5.53 10.94 12l-6.47 6.47 1.06 1.06L12 13.06l6.47 6.47 1.06-1.06L13.06 12Z\"><\/path><\/svg><\/button>\n\t\t\t\t\t\t\t<div class=\"wp-block-navigation__responsive-container-content\" \n\t\t\t\tdata-wp-watch=\"callbacks.focusFirstElement\"\n\t\t\t id=\"modal-1-content\">\n\t\t\t\t\t\t\t\t<ul class=\"wp-block-navigation__container has-text-color has-background-color has-small-font-size is-responsive items-justified-right wp-block-navigation has-small-font-size\"><li class=\"has-small-font-size wp-block-navigation-item wp-block-navigation-link\"><a class=\"wp-block-navigation-item__content\"  href=\"https:\/\/zaragoza.wordcamp.org\/2023\/\"><span class=\"wp-block-navigation-item__label\">#WCZGZ23<\/span><\/a><\/li><li data-wp-context=\"{ &quot;submenuOpenedBy&quot;: { &quot;click&quot;: false, &quot;hover&quot;: false, &quot;focus&quot;: false }, &quot;type&quot;: &quot;submenu&quot;, &quot;modal&quot;: null, &quot;previousFocus&quot;: null }\" data-wp-interactive=\"core\/navigation\" data-wp-on--focusout=\"actions.handleMenuFocusout\" data-wp-on--keydown=\"actions.handleMenuKeydown\" data-wp-on--pointerenter=\"actions.openMenuOnHover\" data-wp-on--pointerleave=\"actions.closeMenuOnHover\" data-wp-watch=\"callbacks.initMenu\" tabindex=\"-1\" class=\"wp-block-navigation-item has-small-font-size has-child open-on-hover-click wp-block-navigation-submenu\"><a class=\"wp-block-navigation-item__content\" href=\"https:\/\/zaragoza.wordcamp.org\/2023\/quienes-somos\/\"><span class=\"wp-block-navigation-item__label\">\u00bfQui\u00e9nes somos?<\/span><\/a><button data-wp-bind--aria-expanded=\"state.isMenuOpen\" data-wp-on--click=\"actions.toggleMenuOnClick\" aria-label=\"Submen\u00fa de \u00bfQui\u00e9nes somos?\" class=\"wp-block-navigation__submenu-icon wp-block-navigation-submenu__toggle\" ><svg xmlns=\"http:\/\/www.w3.org\/2000\/svg\" width=\"12\" height=\"12\" viewBox=\"0 0 12 12\" fill=\"none\" aria-hidden=\"true\" focusable=\"false\"><path d=\"M1.50002 4L6.00002 8L10.5 4\" stroke-width=\"1.5\"><\/path><\/svg><\/button><ul data-wp-on--focus=\"actions.openMenuOnFocus\" class=\"wp-block-navigation__submenu-container has-text-color has-foreground-color wp-block-navigation-submenu\"><li class=\"has-small-font-size wp-block-navigation-item wp-block-navigation-link\"><a class=\"wp-block-navigation-item__content\"  href=\"https:\/\/zaragoza.wordcamp.org\/2023\/comunidad\/asistentes\/\"><span class=\"wp-block-navigation-item__label\">Asistentes<\/span><\/a><\/li><li class=\"has-small-font-size wp-block-navigation-item wp-block-navigation-link\"><a class=\"wp-block-navigation-item__content\"  href=\"https:\/\/zaragoza.wordcamp.org\/2023\/comunidad\/ponentes\/\"><span class=\"wp-block-navigation-item__label\">Ponentes<\/span><\/a><\/li><li class=\"has-small-font-size wp-block-navigation-item wp-block-navigation-link\"><a class=\"wp-block-navigation-item__content\"  href=\"https:\/\/zaragoza.wordcamp.org\/2023\/comunidad\/patrocinadores\/\"><span class=\"wp-block-navigation-item__label\">Patrocinadores<\/span><\/a><\/li><li class=\"has-small-font-size wp-block-navigation-item wp-block-navigation-link\"><a class=\"wp-block-navigation-item__content\"  href=\"https:\/\/zaragoza.wordcamp.org\/2023\/comunidad\/organizadores\/\"><span class=\"wp-block-navigation-item__label\">Organizadores<\/span><\/a><\/li><li class=\"has-small-font-size wp-block-navigation-item wp-block-navigation-link\"><a class=\"wp-block-navigation-item__content\"  href=\"https:\/\/zaragoza.wordcamp.org\/2023\/comunidad\/voluntarios\/\"><span class=\"wp-block-navigation-item__label\">Voluntarios<\/span><\/a><\/li><\/ul><\/li><li data-wp-context=\"{ &quot;submenuOpenedBy&quot;: { &quot;click&quot;: false, &quot;hover&quot;: false, &quot;focus&quot;: false }, &quot;type&quot;: &quot;submenu&quot;, &quot;modal&quot;: null, &quot;previousFocus&quot;: null }\" data-wp-interactive=\"core\/navigation\" data-wp-on--focusout=\"actions.handleMenuFocusout\" data-wp-on--keydown=\"actions.handleMenuKeydown\" data-wp-on--pointerenter=\"actions.openMenuOnHover\" data-wp-on--pointerleave=\"actions.closeMenuOnHover\" data-wp-watch=\"callbacks.initMenu\" tabindex=\"-1\" class=\"wp-block-navigation-item has-small-font-size has-child open-on-hover-click wp-block-navigation-submenu\"><a class=\"wp-block-navigation-item__content\" href=\"https:\/\/zaragoza.wordcamp.org\/2023\/evento\/\"><span class=\"wp-block-navigation-item__label\">Evento<\/span><\/a><button data-wp-bind--aria-expanded=\"state.isMenuOpen\" data-wp-on--click=\"actions.toggleMenuOnClick\" aria-label=\"Submen\u00fa de Evento\" class=\"wp-block-navigation__submenu-icon wp-block-navigation-submenu__toggle\" ><svg xmlns=\"http:\/\/www.w3.org\/2000\/svg\" width=\"12\" height=\"12\" viewBox=\"0 0 12 12\" fill=\"none\" aria-hidden=\"true\" focusable=\"false\"><path d=\"M1.50002 4L6.00002 8L10.5 4\" stroke-width=\"1.5\"><\/path><\/svg><\/button><ul data-wp-on--focus=\"actions.openMenuOnFocus\" class=\"wp-block-navigation__submenu-container has-text-color has-foreground-color wp-block-navigation-submenu\"><li class=\"has-small-font-size wp-block-navigation-item wp-block-navigation-link\"><a class=\"wp-block-navigation-item__content\"  href=\"https:\/\/zaragoza.wordcamp.org\/2023\/evento\/programa\/\"><span class=\"wp-block-navigation-item__label\">Programa<\/span><\/a><\/li><li class=\"has-small-font-size wp-block-navigation-item wp-block-navigation-link\"><a class=\"wp-block-navigation-item__content\"  href=\"https:\/\/zaragoza.wordcamp.org\/2023\/evento\/contributor-day\/\"><span class=\"wp-block-navigation-item__label\">Contributor day<\/span><\/a><\/li><li class=\"has-small-font-size wp-block-navigation-item wp-block-navigation-link\"><a class=\"wp-block-navigation-item__content\"  href=\"https:\/\/zaragoza.wordcamp.org\/2023\/evento\/tour\/\"><span class=\"wp-block-navigation-item__label\">Tour Ma\u00f1o<\/span><\/a><\/li><li class=\"has-small-font-size wp-block-navigation-item wp-block-navigation-link\"><a class=\"wp-block-navigation-item__content\"  href=\"https:\/\/zaragoza.wordcamp.org\/2023\/evento\/ludoteca\/\"><span class=\"wp-block-navigation-item__label\">Ludoteca<\/span><\/a><\/li><\/ul><\/li><li data-wp-context=\"{ &quot;submenuOpenedBy&quot;: { &quot;click&quot;: false, &quot;hover&quot;: false, &quot;focus&quot;: false }, &quot;type&quot;: &quot;submenu&quot;, &quot;modal&quot;: null, &quot;previousFocus&quot;: null }\" data-wp-interactive=\"core\/navigation\" data-wp-on--focusout=\"actions.handleMenuFocusout\" data-wp-on--keydown=\"actions.handleMenuKeydown\" data-wp-on--pointerenter=\"actions.openMenuOnHover\" data-wp-on--pointerleave=\"actions.closeMenuOnHover\" data-wp-watch=\"callbacks.initMenu\" tabindex=\"-1\" class=\"wp-block-navigation-item has-small-font-size has-child open-on-hover-click wp-block-navigation-submenu\"><a class=\"wp-block-navigation-item__content\" href=\"https:\/\/zaragoza.wordcamp.org\/2023\/tickets\/\"><span class=\"wp-block-navigation-item__label\">Tickets<\/span><\/a><button data-wp-bind--aria-expanded=\"state.isMenuOpen\" data-wp-on--click=\"actions.toggleMenuOnClick\" aria-label=\"Submen\u00fa de Tickets\" class=\"wp-block-navigation__submenu-icon wp-block-navigation-submenu__toggle\" ><svg xmlns=\"http:\/\/www.w3.org\/2000\/svg\" width=\"12\" height=\"12\" viewBox=\"0 0 12 12\" fill=\"none\" aria-hidden=\"true\" focusable=\"false\"><path d=\"M1.50002 4L6.00002 8L10.5 4\" stroke-width=\"1.5\"><\/path><\/svg><\/button><ul data-wp-on--focus=\"actions.openMenuOnFocus\" class=\"wp-block-navigation__submenu-container has-text-color has-foreground-color wp-block-navigation-submenu\"><li class=\"has-small-font-size wp-block-navigation-item wp-block-navigation-link\"><a class=\"wp-block-navigation-item__content\"  href=\"https:\/\/zaragoza.wordcamp.org\/2023\/tickets\/\"><span class=\"wp-block-navigation-item__label\">Comprar entrada<\/span><\/a><\/li><li class=\"has-small-font-size wp-block-navigation-item wp-block-navigation-link\"><a class=\"wp-block-navigation-item__content\"  href=\"https:\/\/zaragoza.wordcamp.org\/2023\/tickets\/enviar-comprobante\/\"><span class=\"wp-block-navigation-item__label\">Enviar comprobante<\/span><\/a><\/li><\/ul><\/li><li class=\"has-small-font-size wp-block-navigation-item wp-block-navigation-link\"><a class=\"wp-block-navigation-item__content\"  href=\"https:\/\/zaragoza.wordcamp.org\/2023\/novedades\/\"><span class=\"wp-block-navigation-item__label\">Novedades<\/span><\/a><\/li><li data-wp-context=\"{ &quot;submenuOpenedBy&quot;: { &quot;click&quot;: false, &quot;hover&quot;: false, &quot;focus&quot;: false }, &quot;type&quot;: &quot;submenu&quot;, &quot;modal&quot;: null, &quot;previousFocus&quot;: null }\" data-wp-interactive=\"core\/navigation\" data-wp-on--focusout=\"actions.handleMenuFocusout\" data-wp-on--keydown=\"actions.handleMenuKeydown\" data-wp-on--pointerenter=\"actions.openMenuOnHover\" data-wp-on--pointerleave=\"actions.closeMenuOnHover\" data-wp-watch=\"callbacks.initMenu\" tabindex=\"-1\" class=\"wp-block-navigation-item has-small-font-size has-child open-on-hover-click wp-block-navigation-submenu\"><a class=\"wp-block-navigation-item__content\" href=\"https:\/\/zaragoza.wordcamp.org\/2023\/contacto\/\"><span class=\"wp-block-navigation-item__label\">Contacto<\/span><\/a><button data-wp-bind--aria-expanded=\"state.isMenuOpen\" data-wp-on--click=\"actions.toggleMenuOnClick\" aria-label=\"Submen\u00fa de Contacto\" class=\"wp-block-navigation__submenu-icon wp-block-navigation-submenu__toggle\" ><svg xmlns=\"http:\/\/www.w3.org\/2000\/svg\" width=\"12\" height=\"12\" viewBox=\"0 0 12 12\" fill=\"none\" aria-hidden=\"true\" focusable=\"false\"><path d=\"M1.50002 4L6.00002 8L10.5 4\" stroke-width=\"1.5\"><\/path><\/svg><\/button><ul data-wp-on--focus=\"actions.openMenuOnFocus\" class=\"wp-block-navigation__submenu-container has-text-color has-foreground-color wp-block-navigation-submenu\"><li class=\"has-small-font-size wp-block-navigation-item wp-block-navigation-link\"><a class=\"wp-block-navigation-item__content\"  href=\"https:\/\/zaragoza.wordcamp.org\/2023\/contacto\/\"><span class=\"wp-block-navigation-item__label\">Formulario<\/span><\/a><\/li><li class=\"has-small-font-size wp-block-navigation-item wp-block-navigation-link\"><a class=\"wp-block-navigation-item__content\"  href=\"https:\/\/zaragoza.wordcamp.org\/2023\/como-llegar\/\"><span class=\"wp-block-navigation-item__label\">\u00bfC\u00f3mo llegar?<\/span><\/a><\/li><\/ul><\/li><\/ul>\n\t\t\t\t\t\t\t\t\n\t\t\t\t\t\t\t<\/div>\n\t\t\t\t\t\t<\/div>\n\t\t\t\t\t<\/div>\n\t\t\t\t<\/div><\/nav><\/div>\n<\/div>\n\n\n\n<div class=\"wp-block-columns is-layout-flex wp-container-core-columns-is-layout-dd014378 wp-block-columns-is-layout-flex\" style=\"padding-top:var(--wp--preset--spacing--60);padding-bottom:var(--wp--preset--spacing--60)\">\n<div class=\"wp-block-column is-vertically-aligned-bottom is-layout-flow wp-block-column-is-layout-flow\" style=\"padding-bottom:0;flex-basis:70%\">\n<h2 class=\"has-background-color has-text-color wp-block-heading\">C\u00f3digo de Conducta<\/h2>\n<\/div>\n\n\n\n<div class=\"wp-block-column is-vertically-aligned-bottom is-layout-flow wp-container-core-column-is-layout-1958d1ba wp-block-column-is-layout-flow\" style=\"border-style:none;border-width:0px;padding-top:0;padding-right:0;padding-bottom:0;padding-left:0;flex-basis:30%\">\n<h2 class=\"has-text-align-center has-background-color has-text-color has-dm-sans-font-family has-large-font-size wp-block-heading\"><strong>21 y 22 de Enero<\/strong><\/h2>\n\n\n\n<p class=\"has-text-align-center has-background-color has-text-color has-large-font-size wp-block-paragraph\">Edificio ETOPIA<\/p>\n\n\n\n<div class=\"wp-block-buttons is-content-justification-center is-layout-flex wp-container-core-buttons-is-layout-20959078 wp-block-buttons-is-layout-flex\">\n<div class=\"wp-block-button\"><a class=\"wp-block-button__link has-primary-color has-background-background-color has-text-color has-background wp-element-button\" href=\"https:\/\/zaragoza.wordcamp.org\/2023\/tickets\/\" style=\"border-radius:40px\"><strong>Voy a sacar mi entrada<\/strong><\/a><\/div>\n<\/div>\n<\/div>\n<\/div>\n<\/div>\n<\/div>\n\n\n\n<div class=\"wp-block-group is-layout-constrained wp-container-core-group-is-layout-f2fb7395 wp-block-group-is-layout-constrained\">\n<p class=\"has-background-color has-text-color wp-block-paragraph\">WordCamp Zaragoza 2023 cree en una comunidad abierta a todo el mundo. Como tal, nos comprometemos a proporcionar un ambiente amigable, seguro y acogedor para todas y todos; independientemente de su sexo, orientaci\u00f3n sexual, discapacidad, etnia, religi\u00f3n, sistema operativo preferido, lenguaje de programaci\u00f3n o editor de texto.<\/p>\n\n\n\n<p class=\"has-background-color has-text-color wp-block-paragraph\">Este c\u00f3digo de conducta resume nuestras expectativas para el comportamiento de quienes participan en WordCamp Zaragoza 2023, as\u00ed como las consecuencias para el comportamiento inaceptable.<\/p>\n\n\n\n<p class=\"has-background-color has-text-color wp-block-paragraph\">Os instamos a colaborar y poner vuestro granito de arena para tener una experiencia de evento segura y agradable.<\/p>\n\n\n\n<h5 class=\"has-background-color has-text-color has-large-font-size wp-block-heading\">Ciudadan\u00eda responsable<\/h5>\n\n\n\n<p class=\"has-background-color has-text-color wp-block-paragraph\">Como objetivos adicionales, pretendemos incrementar la responsabilidad en un ciudadan\u00eda concienciada con el c\u00f3digo abierto y el medio ambiente, alentando a todas y todos a reconocer y fortalecer las relaciones entre lo que hacemos y la comunidad en general.<\/p>\n\n\n\n<p class=\"has-background-color has-text-color wp-block-paragraph\">En el servicio de estos objetivos, los organizadores de WordCamp Zaragoza 2023 recoger\u00e1n candidaturas de participantes ejemplares a lo largo de todo el evento, dando su reconocimiento en esta web.<\/p>\n\n\n\n<p class=\"has-background-color has-text-color wp-block-paragraph\">Si ves a alguien que est\u00e1 haciendo un esfuerzo extra para asegurar que nuestra comunidad resulte acogedora, amable, y que anima a todos los participantes a contribuir en la mayor medida posible, lo queremos saber. Puedes nominar a alguien en la mesa de registro o dici\u00e9ndolo a alg\u00fan miembro de la organizaci\u00f3n.<\/p>\n\n\n\n<h5 class=\"has-background-color has-text-color has-large-font-size wp-block-heading\">Comportamiento esperado<\/h5>\n\n\n\n<ul class=\"has-background-color has-text-color wp-block-list\">\n<li>Ser una persona considerada, respetuosa y colaborativa.<\/li>\n\n\n\n<li>Abstenerse de un comportamiento degradante, discriminatorio o de acoso.<\/li>\n\n\n\n<li>Ser consciente del entorno y del resto de participantes. Alerta a cualquier miembro de la organizaci\u00f3n si observas una situaci\u00f3n peligrosa o alguien en apuros.<\/li>\n\n\n\n<li>Participa de una manera aut\u00e9ntica y activa. Al hacerlo, est\u00e1s ayudando a WordCamp Zaragoza 2020 y la haces tuya.<\/li>\n<\/ul>\n\n\n\n<h5 class=\"has-background-color has-text-color has-large-font-size wp-block-heading\">Comportamiento inaceptable<\/h5>\n\n\n\n<p class=\"has-background-color has-text-color wp-block-paragraph\">Como comportamientos inaceptables se incluyen: intimidaci\u00f3n, acoso, abuso, conducta discriminatoria, despectiva o degradante. El lugar donde se realiza WordCamp Zaragoza 2023 es un lugar emblem\u00e1tico y puede ser compartido con otros visitantes; por favor, se respetuoso con todas aquellas personas que visiten este lugar y con el propio entorno.<\/p>\n\n\n\n<p class=\"has-background-color has-text-color wp-block-paragraph\">El acoso incluye: comentarios verbales ofensivos relacionados con el g\u00e9nero, la orientaci\u00f3n sexual, la raza, la religi\u00f3n, la discapacidad; el uso inadecuado de desnudez y\/o im\u00e1genes sexuales en espacios p\u00fablicos (incluyendo diapositivas de la presentaci\u00f3n); intimidaci\u00f3n deliberada, acecho o acosar con fotograf\u00eda o grabaci\u00f3n; interrupci\u00f3n sostenida de charlas y otras actividades; contacto f\u00edsico inapropiado y atenci\u00f3n sexual no deseada.<\/p>\n\n\n\n<h5 class=\"has-background-color has-text-color has-large-font-size wp-block-heading\">Consecuencias de un comportamiento inaceptable<\/h5>\n\n\n\n<p class=\"has-background-color has-text-color wp-block-paragraph\">El comportamiento inaceptable no ser\u00e1 tolerado. Se espera que cualquiera responda adecuadamente y de forma inmediata en caso de que se le llame la atenci\u00f3n por un comportamiento inaceptable.<\/p>\n\n\n\n<p class=\"has-background-color has-text-color wp-block-paragraph\">Si un participante se involucra en una conducta inaceptable, los organizadores del evento pueden tomar cualquier acci\u00f3n que consideren apropiada, inclusive la expulsi\u00f3n del evento sin previo aviso o reembolso.<\/p>\n\n\n\n<h5 class=\"has-background-color has-text-color has-large-font-size wp-block-heading\">\u00bfQu\u00e9 hacer si eres testigo u objeto de un comportamiento inaceptable?<\/h5>\n\n\n\n<p class=\"has-background-color has-text-color wp-block-paragraph\">Si est\u00e1s involucrado en un comportamiento inaceptable, eres testigo de otra persona con dicho comportamiento o tienes otras preocupaciones; por favor, avisa a un organizador tan pronto como sea posible.<\/p>\n\n\n\n<p class=\"has-background-color has-text-color wp-block-paragraph\">El equipo de WordCamp Zaragoza 2020 estar\u00e1 disponible para ayudar a ponerse en contacto con la seguridad local o para ofrecer cualquier tipo de ayuda a quienes experimenten un comportamiento inaceptable.<\/p>\n\n\n\n<p class=\"has-background-color has-text-color wp-block-paragraph\">Durante el evento, el equipo de organizaci\u00f3n y de voluntarios vestir\u00e1n diferente al resto de asistentes. Tambi\u00e9n puedes acercarte a la mesa de registro en el vest\u00edbulo y preguntar por los organizadores.<\/p>\n\n\n\n<h5 class=\"has-background-color has-text-color has-large-font-size wp-block-heading\">\u00c1mbito de aplicaci\u00f3n<\/h5>\n\n\n\n<p class=\"has-background-color has-text-color wp-block-paragraph\">Esperamos que todas y todos los participantes del evento (patrocinadores, equipo voluntario, ponentes, asistentes y cualquier otra persona involucrada en el evento) cumplan con el c\u00f3digo de conducta en todas las salas de conferencias y actividades relacionadas con WordCamp Zaragoza 2023.<\/p>\n\n\n\n<h5 class=\"has-background-color has-text-color has-large-font-size wp-block-heading\">Informaci\u00f3n de contacto<\/h5>\n\n\n\n<p class=\"has-background-color has-text-color has-link-color wp-elements-a35ed2edd287811649a0913ce30caa07 wp-block-paragraph\">Si te ves en la necesidad de contactar con nosotros,&nbsp;<a href=\"https:\/\/zaragoza.wordcamp.org\/2023\/contacto\/\" data-type=\"page\" data-id=\"178\">esta p\u00e1gina<\/a>&nbsp;tiene toda la informaci\u00f3n necesaria.<\/p>\n\n\n\n<h5 class=\"has-background-color has-text-color has-large-font-size wp-block-heading\">Licencia y atribuci\u00f3n<\/h5>\n\n\n\n<p class=\"has-background-color has-text-color has-link-color wp-elements-b3728370410631ca59d4c67caae11385 wp-block-paragraph\">Este c\u00f3digo de conducta es una adaptaci\u00f3n directa del impresionante trabajo del Open Source Bridge. El original est\u00e1 disponible en<br><a href=\"https:\/\/opensource.com\/code-of-conduct\/\">https:\/\/opensource.com\/code-of-conduct\/<\/a>\u00a0y est\u00e1 liberado bajo una\u00a0<a href=\"http:\/\/creativecommons.org\/licenses\/by-sa\/3.0\/\">Licencia de Creative Commons Attribution-ShareAlike.<\/a><a href=\"https:\/\/zaragoza.wordcamp.org\/2020\/wp-admin\/post.php?post=19&amp;action=edit\">Edit<\/a><\/p>\n\n\n\n<div style=\"height:50px\" aria-hidden=\"true\" class=\"wp-block-spacer\"><\/div>\n<\/div>\n","protected":false},"excerpt":{"rendered":"<p>C\u00f3digo de Conducta 21 y 22 de Enero Edificio ETOPIA WordCamp Zaragoza 2023 cree en una comunidad abierta a todo el mundo. Como tal, nos comprometemos a proporcionar un ambiente amigable, seguro y acogedor para todas y todos; independientemente de su sexo, orientaci\u00f3n sexual, discapacidad, etnia, religi\u00f3n, sistema operativo preferido, lenguaje de programaci\u00f3n o editor [&hellip;]<\/p>\n","protected":false},"author":15203077,"featured_media":0,"parent":0,"menu_order":100,"comment_status":"closed","ping_status":"closed","template":"","meta":{"_crdt_document":"","jetpack_post_was_ever_published":false,"footnotes":""},"class_list":["post-161","page","type-page","status-publish","hentry"],"jetpack_sharing_enabled":true,"_links":{"self":[{"href":"https:\/\/zaragoza.wordcamp.org\/2023\/wp-json\/wp\/v2\/pages\/161","targetHints":{"allow":["GET"]}}],"collection":[{"href":"https:\/\/zaragoza.wordcamp.org\/2023\/wp-json\/wp\/v2\/pages"}],"about":[{"href":"https:\/\/zaragoza.wordcamp.org\/2023\/wp-json\/wp\/v2\/types\/page"}],"author":[{"embeddable":true,"href":"https:\/\/zaragoza.wordcamp.org\/2023\/wp-json\/wp\/v2\/users\/15203077"}],"replies":[{"embeddable":true,"href":"https:\/\/zaragoza.wordcamp.org\/2023\/wp-json\/wp\/v2\/comments?post=161"}],"version-history":[{"count":12,"href":"https:\/\/zaragoza.wordcamp.org\/2023\/wp-json\/wp\/v2\/pages\/161\/revisions"}],"predecessor-version":[{"id":1775,"href":"https:\/\/zaragoza.wordcamp.org\/2023\/wp-json\/wp\/v2\/pages\/161\/revisions\/1775"}],"wp:attachment":[{"href":"https:\/\/zaragoza.wordcamp.org\/2023\/wp-json\/wp\/v2\/media?parent=161"}],"curies":[{"name":"wp","href":"https:\/\/api.w.org\/{rel}","templated":true}]}}