{"id":150,"date":"2022-10-28T19:41:21","date_gmt":"2022-10-28T17:41:21","guid":{"rendered":"https:\/\/zaragoza.wordcamp.org\/2023\/?page_id=150"},"modified":"2023-01-07T09:49:38","modified_gmt":"2023-01-07T08:49:38","slug":"quienes-somos","status":"publish","type":"page","link":"https:\/\/zaragoza.wordcamp.org\/2023\/quienes-somos\/","title":{"rendered":"\u00bfQui\u00e9nes somos?"},"content":{"rendered":"\n<div class=\"wp-block-group alignfull has-background is-layout-constrained wp-container-core-group-is-layout-0277f0d7 wp-block-group-is-layout-constrained\" style=\"background:linear-gradient(135deg,rgb(64,42,131) 0%,rgb(43,165,220) 97%);margin-top:0;margin-bottom:0\">\n<div class=\"wp-block-group is-layout-constrained wp-container-core-group-is-layout-f2fb7395 wp-block-group-is-layout-constrained\">\n<div class=\"wp-block-columns is-not-stacked-on-mobile is-layout-flex wp-container-core-columns-is-layout-2842b8fd wp-block-columns-is-layout-flex\" style=\"padding-top:0;padding-right:0;padding-bottom:0;padding-left:0\">\n<div class=\"wp-block-column is-layout-flow wp-block-column-is-layout-flow\" style=\"flex-basis:15%\"><div class=\"wp-block-site-logo\"><a href=\"https:\/\/zaragoza.wordcamp.org\/2023\/\" class=\"custom-logo-link\" rel=\"home\"><img loading=\"lazy\" decoding=\"async\" width=\"150\" height=\"65\" src=\"https:\/\/zaragoza.wordcamp.org\/2023\/files\/2022\/11\/Logo-WCZaragoza-2023.png\" class=\"custom-logo\" alt=\"WordCamp Zaragoza 2023\" srcset=\"https:\/\/zaragoza.wordcamp.org\/2023\/files\/2022\/11\/Logo-WCZaragoza-2023.png 415w, https:\/\/zaragoza.wordcamp.org\/2023\/files\/2022\/11\/Logo-WCZaragoza-2023-300x132.png 300w\" sizes=\"auto, (max-width: 150px) 100vw, 150px\" \/><\/a><\/div><\/div>\n\n\n\n<div class=\"wp-block-column is-layout-flow wp-block-column-is-layout-flow\" style=\"padding-top:var(--wp--preset--spacing--40);flex-basis:85%\"><nav class=\"has-text-color has-background-color has-small-font-size is-responsive items-justified-right wp-block-navigation is-content-justification-right is-layout-flex wp-container-core-navigation-is-layout-de66bf79 wp-block-navigation-is-layout-flex\" aria-label=\"Navigation\" \n\t\t data-wp-interactive=\"core\/navigation\" data-wp-context='{\"overlayOpenedBy\":{\"click\":false,\"hover\":false,\"focus\":false},\"type\":\"overlay\",\"roleAttribute\":\"\",\"ariaLabel\":\"Men\\u00fa\"}'><button aria-haspopup=\"dialog\" aria-label=\"Abrir el men\u00fa\" class=\"wp-block-navigation__responsive-container-open\" \n\t\t\t\tdata-wp-on--click=\"actions.openMenuOnClick\"\n\t\t\t\tdata-wp-on--keydown=\"actions.handleMenuKeydown\"\n\t\t\t><svg width=\"24\" height=\"24\" xmlns=\"http:\/\/www.w3.org\/2000\/svg\" viewBox=\"0 0 24 24\" aria-hidden=\"true\" focusable=\"false\"><path d=\"M4 7.5h16v1.5H4z\"><\/path><path d=\"M4 15h16v1.5H4z\"><\/path><\/svg><\/button>\n\t\t\t\t<div class=\"wp-block-navigation__responsive-container has-text-color has-foreground-color\"  id=\"modal-1\" \n\t\t\t\tdata-wp-class--has-modal-open=\"state.isMenuOpen\"\n\t\t\t\tdata-wp-class--is-menu-open=\"state.isMenuOpen\"\n\t\t\t\tdata-wp-watch=\"callbacks.initMenu\"\n\t\t\t\tdata-wp-on--keydown=\"actions.handleMenuKeydown\"\n\t\t\t\tdata-wp-on--focusout=\"actions.handleMenuFocusout\"\n\t\t\t\ttabindex=\"-1\"\n\t\t\t>\n\t\t\t\t\t<div class=\"wp-block-navigation__responsive-close\" tabindex=\"-1\">\n\t\t\t\t\t\t<div class=\"wp-block-navigation__responsive-dialog\" \n\t\t\t\tdata-wp-bind--aria-modal=\"state.ariaModal\"\n\t\t\t\tdata-wp-bind--aria-label=\"state.ariaLabel\"\n\t\t\t\tdata-wp-bind--role=\"state.roleAttribute\"\n\t\t\t>\n\t\t\t\t\t\t\t<button aria-label=\"Cerrar el men\u00fa\" class=\"wp-block-navigation__responsive-container-close\" \n\t\t\t\tdata-wp-on--click=\"actions.closeMenuOnClick\"\n\t\t\t><svg xmlns=\"http:\/\/www.w3.org\/2000\/svg\" viewBox=\"0 0 24 24\" width=\"24\" height=\"24\" aria-hidden=\"true\" focusable=\"false\"><path d=\"m13.06 12 6.47-6.47-1.06-1.06L12 10.94 5.53 4.47 4.47 5.53 10.94 12l-6.47 6.47 1.06 1.06L12 13.06l6.47 6.47 1.06-1.06L13.06 12Z\"><\/path><\/svg><\/button>\n\t\t\t\t\t\t\t<div class=\"wp-block-navigation__responsive-container-content\" \n\t\t\t\tdata-wp-watch=\"callbacks.focusFirstElement\"\n\t\t\t id=\"modal-1-content\">\n\t\t\t\t\t\t\t\t<ul class=\"wp-block-navigation__container has-text-color has-background-color has-small-font-size is-responsive items-justified-right wp-block-navigation has-small-font-size\"><li class=\"has-small-font-size wp-block-navigation-item wp-block-navigation-link\"><a class=\"wp-block-navigation-item__content\"  href=\"https:\/\/zaragoza.wordcamp.org\/2023\/\"><span class=\"wp-block-navigation-item__label\">#WCZGZ23<\/span><\/a><\/li><li data-wp-context=\"{ &quot;submenuOpenedBy&quot;: { &quot;click&quot;: false, &quot;hover&quot;: false, &quot;focus&quot;: false }, &quot;type&quot;: &quot;submenu&quot;, &quot;modal&quot;: null, &quot;previousFocus&quot;: null }\" data-wp-interactive=\"core\/navigation\" data-wp-on--focusout=\"actions.handleMenuFocusout\" data-wp-on--keydown=\"actions.handleMenuKeydown\" data-wp-on--pointerenter=\"actions.openMenuOnHover\" data-wp-on--pointerleave=\"actions.closeMenuOnHover\" data-wp-watch=\"callbacks.initMenu\" tabindex=\"-1\" class=\"wp-block-navigation-item has-small-font-size has-child open-on-hover-click wp-block-navigation-submenu\"><a class=\"wp-block-navigation-item__content\" href=\"https:\/\/zaragoza.wordcamp.org\/2023\/quienes-somos\/\"><span class=\"wp-block-navigation-item__label\">\u00bfQui\u00e9nes somos?<\/span><\/a><button data-wp-bind--aria-expanded=\"state.isMenuOpen\" data-wp-on--click=\"actions.toggleMenuOnClick\" aria-label=\"Submen\u00fa de \u00bfQui\u00e9nes somos?\" class=\"wp-block-navigation__submenu-icon wp-block-navigation-submenu__toggle\" ><svg xmlns=\"http:\/\/www.w3.org\/2000\/svg\" width=\"12\" height=\"12\" viewBox=\"0 0 12 12\" fill=\"none\" aria-hidden=\"true\" focusable=\"false\"><path d=\"M1.50002 4L6.00002 8L10.5 4\" stroke-width=\"1.5\"><\/path><\/svg><\/button><ul data-wp-on--focus=\"actions.openMenuOnFocus\" class=\"wp-block-navigation__submenu-container has-text-color has-foreground-color wp-block-navigation-submenu\"><li class=\"has-small-font-size wp-block-navigation-item wp-block-navigation-link\"><a class=\"wp-block-navigation-item__content\"  href=\"https:\/\/zaragoza.wordcamp.org\/2023\/comunidad\/asistentes\/\"><span class=\"wp-block-navigation-item__label\">Asistentes<\/span><\/a><\/li><li class=\"has-small-font-size wp-block-navigation-item wp-block-navigation-link\"><a class=\"wp-block-navigation-item__content\"  href=\"https:\/\/zaragoza.wordcamp.org\/2023\/comunidad\/ponentes\/\"><span class=\"wp-block-navigation-item__label\">Ponentes<\/span><\/a><\/li><li class=\"has-small-font-size wp-block-navigation-item wp-block-navigation-link\"><a class=\"wp-block-navigation-item__content\"  href=\"https:\/\/zaragoza.wordcamp.org\/2023\/comunidad\/patrocinadores\/\"><span class=\"wp-block-navigation-item__label\">Patrocinadores<\/span><\/a><\/li><li class=\"has-small-font-size wp-block-navigation-item wp-block-navigation-link\"><a class=\"wp-block-navigation-item__content\"  href=\"https:\/\/zaragoza.wordcamp.org\/2023\/comunidad\/organizadores\/\"><span class=\"wp-block-navigation-item__label\">Organizadores<\/span><\/a><\/li><li class=\"has-small-font-size wp-block-navigation-item wp-block-navigation-link\"><a class=\"wp-block-navigation-item__content\"  href=\"https:\/\/zaragoza.wordcamp.org\/2023\/comunidad\/voluntarios\/\"><span class=\"wp-block-navigation-item__label\">Voluntarios<\/span><\/a><\/li><\/ul><\/li><li data-wp-context=\"{ &quot;submenuOpenedBy&quot;: { &quot;click&quot;: false, &quot;hover&quot;: false, &quot;focus&quot;: false }, &quot;type&quot;: &quot;submenu&quot;, &quot;modal&quot;: null, &quot;previousFocus&quot;: null }\" data-wp-interactive=\"core\/navigation\" data-wp-on--focusout=\"actions.handleMenuFocusout\" data-wp-on--keydown=\"actions.handleMenuKeydown\" data-wp-on--pointerenter=\"actions.openMenuOnHover\" data-wp-on--pointerleave=\"actions.closeMenuOnHover\" data-wp-watch=\"callbacks.initMenu\" tabindex=\"-1\" class=\"wp-block-navigation-item has-small-font-size has-child open-on-hover-click wp-block-navigation-submenu\"><a class=\"wp-block-navigation-item__content\" href=\"https:\/\/zaragoza.wordcamp.org\/2023\/evento\/\"><span class=\"wp-block-navigation-item__label\">Evento<\/span><\/a><button data-wp-bind--aria-expanded=\"state.isMenuOpen\" data-wp-on--click=\"actions.toggleMenuOnClick\" aria-label=\"Submen\u00fa de Evento\" class=\"wp-block-navigation__submenu-icon wp-block-navigation-submenu__toggle\" ><svg xmlns=\"http:\/\/www.w3.org\/2000\/svg\" width=\"12\" height=\"12\" viewBox=\"0 0 12 12\" fill=\"none\" aria-hidden=\"true\" focusable=\"false\"><path d=\"M1.50002 4L6.00002 8L10.5 4\" stroke-width=\"1.5\"><\/path><\/svg><\/button><ul data-wp-on--focus=\"actions.openMenuOnFocus\" class=\"wp-block-navigation__submenu-container has-text-color has-foreground-color wp-block-navigation-submenu\"><li class=\"has-small-font-size wp-block-navigation-item wp-block-navigation-link\"><a class=\"wp-block-navigation-item__content\"  href=\"https:\/\/zaragoza.wordcamp.org\/2023\/evento\/programa\/\"><span class=\"wp-block-navigation-item__label\">Programa<\/span><\/a><\/li><li class=\"has-small-font-size wp-block-navigation-item wp-block-navigation-link\"><a class=\"wp-block-navigation-item__content\"  href=\"https:\/\/zaragoza.wordcamp.org\/2023\/evento\/contributor-day\/\"><span class=\"wp-block-navigation-item__label\">Contributor day<\/span><\/a><\/li><li class=\"has-small-font-size wp-block-navigation-item wp-block-navigation-link\"><a class=\"wp-block-navigation-item__content\"  href=\"https:\/\/zaragoza.wordcamp.org\/2023\/evento\/tour\/\"><span class=\"wp-block-navigation-item__label\">Tour Ma\u00f1o<\/span><\/a><\/li><li class=\"has-small-font-size wp-block-navigation-item wp-block-navigation-link\"><a class=\"wp-block-navigation-item__content\"  href=\"https:\/\/zaragoza.wordcamp.org\/2023\/evento\/ludoteca\/\"><span class=\"wp-block-navigation-item__label\">Ludoteca<\/span><\/a><\/li><\/ul><\/li><li data-wp-context=\"{ &quot;submenuOpenedBy&quot;: { &quot;click&quot;: false, &quot;hover&quot;: false, &quot;focus&quot;: false }, &quot;type&quot;: &quot;submenu&quot;, &quot;modal&quot;: null, &quot;previousFocus&quot;: null }\" data-wp-interactive=\"core\/navigation\" data-wp-on--focusout=\"actions.handleMenuFocusout\" data-wp-on--keydown=\"actions.handleMenuKeydown\" data-wp-on--pointerenter=\"actions.openMenuOnHover\" data-wp-on--pointerleave=\"actions.closeMenuOnHover\" data-wp-watch=\"callbacks.initMenu\" tabindex=\"-1\" class=\"wp-block-navigation-item has-small-font-size has-child open-on-hover-click wp-block-navigation-submenu\"><a class=\"wp-block-navigation-item__content\" href=\"https:\/\/zaragoza.wordcamp.org\/2023\/tickets\/\"><span class=\"wp-block-navigation-item__label\">Tickets<\/span><\/a><button data-wp-bind--aria-expanded=\"state.isMenuOpen\" data-wp-on--click=\"actions.toggleMenuOnClick\" aria-label=\"Submen\u00fa de Tickets\" class=\"wp-block-navigation__submenu-icon wp-block-navigation-submenu__toggle\" ><svg xmlns=\"http:\/\/www.w3.org\/2000\/svg\" width=\"12\" height=\"12\" viewBox=\"0 0 12 12\" fill=\"none\" aria-hidden=\"true\" focusable=\"false\"><path d=\"M1.50002 4L6.00002 8L10.5 4\" stroke-width=\"1.5\"><\/path><\/svg><\/button><ul data-wp-on--focus=\"actions.openMenuOnFocus\" class=\"wp-block-navigation__submenu-container has-text-color has-foreground-color wp-block-navigation-submenu\"><li class=\"has-small-font-size wp-block-navigation-item wp-block-navigation-link\"><a class=\"wp-block-navigation-item__content\"  href=\"https:\/\/zaragoza.wordcamp.org\/2023\/tickets\/\"><span class=\"wp-block-navigation-item__label\">Comprar entrada<\/span><\/a><\/li><li class=\"has-small-font-size wp-block-navigation-item wp-block-navigation-link\"><a class=\"wp-block-navigation-item__content\"  href=\"https:\/\/zaragoza.wordcamp.org\/2023\/tickets\/enviar-comprobante\/\"><span class=\"wp-block-navigation-item__label\">Enviar comprobante<\/span><\/a><\/li><\/ul><\/li><li class=\"has-small-font-size wp-block-navigation-item wp-block-navigation-link\"><a class=\"wp-block-navigation-item__content\"  href=\"https:\/\/zaragoza.wordcamp.org\/2023\/novedades\/\"><span class=\"wp-block-navigation-item__label\">Novedades<\/span><\/a><\/li><li data-wp-context=\"{ &quot;submenuOpenedBy&quot;: { &quot;click&quot;: false, &quot;hover&quot;: false, &quot;focus&quot;: false }, &quot;type&quot;: &quot;submenu&quot;, &quot;modal&quot;: null, &quot;previousFocus&quot;: null }\" data-wp-interactive=\"core\/navigation\" data-wp-on--focusout=\"actions.handleMenuFocusout\" data-wp-on--keydown=\"actions.handleMenuKeydown\" data-wp-on--pointerenter=\"actions.openMenuOnHover\" data-wp-on--pointerleave=\"actions.closeMenuOnHover\" data-wp-watch=\"callbacks.initMenu\" tabindex=\"-1\" class=\"wp-block-navigation-item has-small-font-size has-child open-on-hover-click wp-block-navigation-submenu\"><a class=\"wp-block-navigation-item__content\" href=\"https:\/\/zaragoza.wordcamp.org\/2023\/contacto\/\"><span class=\"wp-block-navigation-item__label\">Contacto<\/span><\/a><button data-wp-bind--aria-expanded=\"state.isMenuOpen\" data-wp-on--click=\"actions.toggleMenuOnClick\" aria-label=\"Submen\u00fa de Contacto\" class=\"wp-block-navigation__submenu-icon wp-block-navigation-submenu__toggle\" ><svg xmlns=\"http:\/\/www.w3.org\/2000\/svg\" width=\"12\" height=\"12\" viewBox=\"0 0 12 12\" fill=\"none\" aria-hidden=\"true\" focusable=\"false\"><path d=\"M1.50002 4L6.00002 8L10.5 4\" stroke-width=\"1.5\"><\/path><\/svg><\/button><ul data-wp-on--focus=\"actions.openMenuOnFocus\" class=\"wp-block-navigation__submenu-container has-text-color has-foreground-color wp-block-navigation-submenu\"><li class=\"has-small-font-size wp-block-navigation-item wp-block-navigation-link\"><a class=\"wp-block-navigation-item__content\"  href=\"https:\/\/zaragoza.wordcamp.org\/2023\/contacto\/\"><span class=\"wp-block-navigation-item__label\">Formulario<\/span><\/a><\/li><li class=\"has-small-font-size wp-block-navigation-item wp-block-navigation-link\"><a class=\"wp-block-navigation-item__content\"  href=\"https:\/\/zaragoza.wordcamp.org\/2023\/como-llegar\/\"><span class=\"wp-block-navigation-item__label\">\u00bfC\u00f3mo llegar?<\/span><\/a><\/li><\/ul><\/li><\/ul>\n\t\t\t\t\t\t\t\t\n\t\t\t\t\t\t\t<\/div>\n\t\t\t\t\t\t<\/div>\n\t\t\t\t\t<\/div>\n\t\t\t\t<\/div><\/nav><\/div>\n<\/div>\n\n\n\n<div class=\"wp-block-columns is-layout-flex wp-container-core-columns-is-layout-dd014378 wp-block-columns-is-layout-flex\" style=\"padding-top:var(--wp--preset--spacing--60);padding-bottom:var(--wp--preset--spacing--60)\">\n<div class=\"wp-block-column is-vertically-aligned-bottom is-layout-flow wp-block-column-is-layout-flow\" style=\"padding-bottom:0;flex-basis:70%\">\n<h2 class=\"has-background-color has-text-color wp-block-heading\">\u00bfQui\u00e9nes somos?<\/h2>\n<\/div>\n\n\n\n<div class=\"wp-block-column is-vertically-aligned-bottom is-layout-flow wp-container-core-column-is-layout-1958d1ba wp-block-column-is-layout-flow\" style=\"border-style:none;border-width:0px;padding-top:0;padding-right:0;padding-bottom:0;padding-left:0;flex-basis:30%\">\n<h2 class=\"has-text-align-center has-background-color has-text-color has-large-font-size wp-block-heading\"><strong>20 y 21 de enero<\/strong><\/h2>\n\n\n\n<p class=\"has-text-align-center has-background-color has-text-color has-medium-font-size wp-block-paragraph\">Edificio ETOPIA<\/p>\n\n\n\n<div class=\"wp-block-buttons is-content-justification-center is-layout-flex wp-container-core-buttons-is-layout-7aaec15a wp-block-buttons-is-layout-flex\" style=\"margin-top:var(--wp--preset--spacing--30)\">\n<div class=\"wp-block-button\"><a class=\"wp-block-button__link has-background-background-color has-text-color has-background wp-element-button\" href=\"https:\/\/zaragoza.wordcamp.org\/2023\/tickets\/\" style=\"border-radius:40px;color:#2ba2d8\"><strong>Voy a sacar mi entrada<\/strong><\/a><\/div>\n<\/div>\n<\/div>\n<\/div>\n<\/div>\n<\/div>\n\n\n\n<div class=\"wp-block-cover alignfull is-light\"><span aria-hidden=\"true\" class=\"wp-block-cover__background has-background-background-color has-background-dim-100 has-background-dim\"><\/span><div class=\"wp-block-cover__inner-container is-layout-flow wp-block-cover-is-layout-flow\">\n<div class=\"wp-block-group is-layout-constrained wp-container-core-group-is-layout-f2fb7395 wp-block-group-is-layout-constrained\">\n<div class=\"wp-block-columns are-vertically-aligned-bottom has-medium-font-size is-layout-flex wp-container-core-columns-is-layout-2842b8fd wp-block-columns-is-layout-flex\" style=\"padding-top:0;padding-right:0;padding-bottom:0;padding-left:0\">\n<div class=\"wp-block-column is-vertically-aligned-bottom is-layout-flow wp-block-column-is-layout-flow\">\n<p class=\"has-link-color wp-elements-4dbfd7c7bdc7f686bdc0554490436148 wp-block-paragraph\">\u00bfConoces la gran comunidad de WordPress? Si conoces la gran comunidad, solo te queda entender que <strong>somos parte de la gran comunidad, somos <a href=\"https:\/\/wpzaragoza.es\/\">WordPress Zaragoza<\/a> <\/strong>y esto te interesara si eres alguien que usa WordPress de forma personal o si lo usas de forma profesional, porque aqu\u00ed nos juntamos todos. <\/p>\n\n\n\n<p class=\"wp-block-paragraph\">Lo \u00fanico excluyente o exclusivo es que solo nos juntamos los ma\u00f1os, aunque a veces aceptamos extranjeros y todo por un solo objetivo com\u00fan el Compartir conocimiento.<\/p>\n<\/div>\n\n\n\n<div class=\"wp-block-column is-vertically-aligned-bottom is-layout-flow wp-block-column-is-layout-flow\">\n<div class=\"wp-block-buttons is-content-justification-right is-layout-flex wp-container-core-buttons-is-layout-43f51d9c wp-block-buttons-is-layout-flex\">\n<div class=\"wp-block-button\"><a class=\"wp-block-button__link has-background-color has-text-color has-background wp-element-button\" href=\"https:\/\/zaragoza.wordcamp.org\/2023\/contacto\/\" style=\"border-radius:40px;background:linear-gradient(180deg,rgb(64,42,131) 0%,rgb(43,165,220) 100%)\"><strong>Tienes dudas sobre la comunidad<\/strong><\/a><\/div>\n<\/div>\n<\/div>\n<\/div>\n<\/div>\n<\/div><\/div>\n\n\n\n<div class=\"wp-block-cover alignfull is-light\" style=\"padding-top:var(--wp--preset--spacing--40);padding-right:var(--wp--preset--spacing--40);padding-bottom:var(--wp--preset--spacing--40);padding-left:var(--wp--preset--spacing--40)\"><span aria-hidden=\"true\" class=\"wp-block-cover__background has-background-dim-100 has-background-dim has-background-gradient has-vertical-secondary-to-background-gradient-background\"><\/span><div class=\"wp-block-cover__inner-container is-layout-flow wp-block-cover-is-layout-flow\">\n<h3 class=\"has-text-align-center has-background-color has-text-color wp-block-heading\">Tenemos dos lugares de encuentro uno virtual y otro presencial<\/h3>\n\n\n\n<div style=\"height:32px\" aria-hidden=\"true\" class=\"wp-block-spacer\"><\/div>\n\n\n\n<div class=\"wp-block-buttons is-content-justification-center is-layout-flex wp-container-core-buttons-is-layout-4fd7fc89 wp-block-buttons-is-layout-flex\">\n<div class=\"wp-block-button boton__fastama__blanco\"><a class=\"wp-block-button__link has-custom-azul-color has-background-background-color has-text-color has-background wp-element-button\" href=\"#Discord\" style=\"border-radius:40px\"><strong>Virtualmente en Discord<\/strong><\/a><\/div>\n\n\n\n<div class=\"wp-block-button boton__blanco\"><a class=\"wp-block-button__link has-custom-azul-color has-background-background-color has-text-color has-background wp-element-button\" href=\"#meetup\" style=\"border-radius:40px\"><strong>Presencialmente en Meetup<\/strong><\/a><\/div>\n<\/div>\n<\/div><\/div>\n\n\n\n<div class=\"wp-block-group is-layout-constrained wp-container-core-group-is-layout-f2fb7395 wp-block-group-is-layout-constrained\">\n<div style=\"margin-top:0;margin-bottom:0;height:100px\" aria-hidden=\"true\" class=\"wp-block-spacer\"><\/div>\n\n\n\n<div class=\"wp-block-columns is-layout-flex wp-container-core-columns-is-layout-55235589 wp-block-columns-is-layout-flex\" style=\"margin-top:var(--wp--preset--spacing--60);margin-bottom:var(--wp--preset--spacing--60)\">\n<div class=\"wp-block-column is-layout-flow wp-block-column-is-layout-flow\">\n<figure class=\"wp-block-image size-large\"><img loading=\"lazy\" decoding=\"async\" width=\"1024\" height=\"797\" src=\"https:\/\/zaragoza.wordcamp.org\/2023\/files\/2022\/11\/Discord-Mejor-1024x797.png\" alt=\"\" class=\"wp-image-1041\" srcset=\"https:\/\/zaragoza.wordcamp.org\/2023\/files\/2022\/11\/Discord-Mejor-1024x797.png 1024w, https:\/\/zaragoza.wordcamp.org\/2023\/files\/2022\/11\/Discord-Mejor-300x233.png 300w, https:\/\/zaragoza.wordcamp.org\/2023\/files\/2022\/11\/Discord-Mejor-768x597.png 768w, https:\/\/zaragoza.wordcamp.org\/2023\/files\/2022\/11\/Discord-Mejor-386x300.png 386w, https:\/\/zaragoza.wordcamp.org\/2023\/files\/2022\/11\/Discord-Mejor.png 1243w\" sizes=\"auto, (max-width: 1024px) 100vw, 1024px\" \/><\/figure>\n<\/div>\n\n\n\n<div class=\"wp-block-column is-vertically-aligned-center is-layout-flow wp-block-column-is-layout-flow\" style=\"padding-top:var(--wp--preset--spacing--40);padding-right:var(--wp--preset--spacing--40);padding-bottom:var(--wp--preset--spacing--40);padding-left:var(--wp--preset--spacing--40)\">\n<h3 class=\"wp-block-heading\" id=\"discord\" style=\"padding-top:0;padding-right:0;padding-bottom:0;padding-left:0\">Virtual a trav\u00e9s de Discord<\/h3>\n\n\n\n<p class=\"wp-block-paragraph\">Esta es nuestra joya, tenemos un canal de discord, extremadamente bien organizado y ah\u00ed estamos todos los d\u00edas y todo el d\u00eda compartiendo conocimiento, apoy\u00e1ndonos, buscando colaboraci\u00f3n o incluso haci\u00e9ndonos autobombo.<\/p>\n\n\n\n<div class=\"wp-block-buttons is-layout-flex wp-block-buttons-is-layout-flex\">\n<div class=\"wp-block-button boton__fastama__blanco\"><a class=\"wp-block-button__link has-custom-azul-color has-background-background-color has-text-color has-background wp-element-button\" href=\"https:\/\/discord.gg\/M4CjwYSv\" style=\"border-radius:40px\"><strong>Entrar al discord<\/strong><\/a><\/div>\n<\/div>\n<\/div>\n<\/div>\n\n\n\n<div style=\"margin-top:0;margin-bottom:0;height:100px\" aria-hidden=\"true\" class=\"wp-block-spacer\"><\/div>\n\n\n\n<div class=\"wp-block-columns is-layout-flex wp-container-core-columns-is-layout-55235589 wp-block-columns-is-layout-flex\" style=\"margin-top:var(--wp--preset--spacing--60);margin-bottom:var(--wp--preset--spacing--60)\">\n<div class=\"wp-block-column is-vertically-aligned-center is-layout-flow wp-block-column-is-layout-flow\" style=\"padding-top:var(--wp--preset--spacing--40);padding-right:var(--wp--preset--spacing--40);padding-bottom:var(--wp--preset--spacing--40);padding-left:var(--wp--preset--spacing--40)\">\n<h3 class=\"wp-block-heading\" id=\"meetup\">Presencial en Charlas a trav\u00e9s de Meetup<\/h3>\n\n\n\n<p class=\"wp-block-paragraph\">Todos los \u00faltimos mi\u00e9rcoles y a veces jueves de cada mes, nos juntamos presencialmente como todas las comunidades para escuchar alguna charla, a veces hay atrevidos que nos ponen hacer alg\u00fan taller, para compartir novedades o incluso a veces solo para ajustar mejoras de la comunidad.<\/p>\n\n\n\n<div class=\"wp-block-buttons is-layout-flex wp-block-buttons-is-layout-flex\">\n<div class=\"wp-block-button boton__fastama__blanco\"><a class=\"wp-block-button__link has-custom-azul-color has-background-background-color has-text-color has-background wp-element-button\" href=\"https:\/\/www.meetup.com\/es-ES\/wpzaragoza\/\" style=\"border-radius:40px\"><strong>Seguir en Meetup<\/strong><\/a><\/div>\n<\/div>\n<\/div>\n\n\n\n<div class=\"wp-block-column is-layout-flow wp-block-column-is-layout-flow\">\n<figure class=\"wp-block-image size-large\"><img loading=\"lazy\" decoding=\"async\" width=\"1024\" height=\"718\" src=\"https:\/\/zaragoza.wordcamp.org\/2023\/files\/2022\/11\/meetup-1024x718.png\" alt=\"\" class=\"wp-image-1040\" srcset=\"https:\/\/zaragoza.wordcamp.org\/2023\/files\/2022\/11\/meetup-1024x718.png 1024w, https:\/\/zaragoza.wordcamp.org\/2023\/files\/2022\/11\/meetup-300x210.png 300w, https:\/\/zaragoza.wordcamp.org\/2023\/files\/2022\/11\/meetup-768x539.png 768w, https:\/\/zaragoza.wordcamp.org\/2023\/files\/2022\/11\/meetup-428x300.png 428w, https:\/\/zaragoza.wordcamp.org\/2023\/files\/2022\/11\/meetup.png 1320w\" sizes=\"auto, (max-width: 1024px) 100vw, 1024px\" \/><\/figure>\n<\/div>\n<\/div>\n\n\n\n<div style=\"margin-top:0;margin-bottom:0;height:100px\" aria-hidden=\"true\" class=\"wp-block-spacer\"><\/div>\n<\/div>\n","protected":false},"excerpt":{"rendered":"<p>\u00bfQui\u00e9nes somos? 20 y 21 de enero Edificio ETOPIA Virtual a trav\u00e9s de Discord Esta es nuestra joya, tenemos un canal de discord, extremadamente bien organizado y ah\u00ed estamos todos los d\u00edas y todo el d\u00eda compartiendo conocimiento, apoy\u00e1ndonos, buscando colaboraci\u00f3n o incluso haci\u00e9ndonos autobombo. Presencial en Charlas a trav\u00e9s de Meetup Todos los \u00faltimos [&hellip;]<\/p>\n","protected":false},"author":17906809,"featured_media":0,"parent":0,"menu_order":3,"comment_status":"closed","ping_status":"closed","template":"","meta":{"_crdt_document":"","jetpack_post_was_ever_published":false,"footnotes":""},"class_list":["post-150","page","type-page","status-publish","hentry"],"jetpack_sharing_enabled":true,"_links":{"self":[{"href":"https:\/\/zaragoza.wordcamp.org\/2023\/wp-json\/wp\/v2\/pages\/150","targetHints":{"allow":["GET"]}}],"collection":[{"href":"https:\/\/zaragoza.wordcamp.org\/2023\/wp-json\/wp\/v2\/pages"}],"about":[{"href":"https:\/\/zaragoza.wordcamp.org\/2023\/wp-json\/wp\/v2\/types\/page"}],"author":[{"embeddable":true,"href":"https:\/\/zaragoza.wordcamp.org\/2023\/wp-json\/wp\/v2\/users\/17906809"}],"replies":[{"embeddable":true,"href":"https:\/\/zaragoza.wordcamp.org\/2023\/wp-json\/wp\/v2\/comments?post=150"}],"version-history":[{"count":31,"href":"https:\/\/zaragoza.wordcamp.org\/2023\/wp-json\/wp\/v2\/pages\/150\/revisions"}],"predecessor-version":[{"id":2690,"href":"https:\/\/zaragoza.wordcamp.org\/2023\/wp-json\/wp\/v2\/pages\/150\/revisions\/2690"}],"wp:attachment":[{"href":"https:\/\/zaragoza.wordcamp.org\/2023\/wp-json\/wp\/v2\/media?parent=150"}],"curies":[{"name":"wp","href":"https:\/\/api.w.org\/{rel}","templated":true}]}}