{"id":1277,"date":"2022-12-01T18:53:03","date_gmt":"2022-12-01T17:53:03","guid":{"rendered":"https:\/\/zaragoza.wordcamp.org\/2023\/?page_id=1277"},"modified":"2023-01-07T09:41:31","modified_gmt":"2023-01-07T08:41:31","slug":"enviar-comprobante","status":"publish","type":"page","link":"https:\/\/zaragoza.wordcamp.org\/2023\/tickets\/enviar-comprobante\/","title":{"rendered":"Enviar Comprobante"},"content":{"rendered":"\n<div class=\"wp-block-group alignfull has-background is-layout-constrained wp-container-core-group-is-layout-0277f0d7 wp-block-group-is-layout-constrained\" style=\"background:linear-gradient(-50deg,rgb(243,136,34) 0%,rgb(182,22,55) 100%);margin-top:0;margin-bottom:0\">\n<div class=\"wp-block-group is-layout-constrained wp-container-core-group-is-layout-f2fb7395 wp-block-group-is-layout-constrained\">\n<div class=\"wp-block-columns is-not-stacked-on-mobile is-layout-flex wp-container-core-columns-is-layout-2842b8fd wp-block-columns-is-layout-flex\" style=\"padding-top:0;padding-right:0;padding-bottom:0;padding-left:0\">\n<div class=\"wp-block-column is-layout-flow wp-block-column-is-layout-flow\" style=\"flex-basis:15%\"><div class=\"wp-block-site-logo\"><a href=\"https:\/\/zaragoza.wordcamp.org\/2023\/\" class=\"custom-logo-link\" rel=\"home\"><img loading=\"lazy\" decoding=\"async\" width=\"150\" height=\"65\" src=\"https:\/\/zaragoza.wordcamp.org\/2023\/files\/2022\/11\/Logo-WCZaragoza-2023.png\" class=\"custom-logo\" alt=\"WordCamp Zaragoza 2023\" srcset=\"https:\/\/zaragoza.wordcamp.org\/2023\/files\/2022\/11\/Logo-WCZaragoza-2023.png 415w, https:\/\/zaragoza.wordcamp.org\/2023\/files\/2022\/11\/Logo-WCZaragoza-2023-300x132.png 300w\" sizes=\"auto, (max-width: 150px) 100vw, 150px\" \/><\/a><\/div><\/div>\n\n\n\n<div class=\"wp-block-column is-layout-flow wp-block-column-is-layout-flow\" style=\"padding-top:var(--wp--preset--spacing--40);flex-basis:85%\"><nav class=\"has-text-color has-background-color has-small-font-size is-responsive items-justified-right wp-block-navigation is-content-justification-right is-layout-flex wp-container-core-navigation-is-layout-de66bf79 wp-block-navigation-is-layout-flex\" aria-label=\"Navigation\" \n\t\t data-wp-interactive=\"core\/navigation\" data-wp-context='{\"overlayOpenedBy\":{\"click\":false,\"hover\":false,\"focus\":false},\"type\":\"overlay\",\"roleAttribute\":\"\",\"ariaLabel\":\"Men\\u00fa\"}'><button aria-haspopup=\"dialog\" aria-label=\"Abrir el men\u00fa\" class=\"wp-block-navigation__responsive-container-open\" \n\t\t\t\tdata-wp-on--click=\"actions.openMenuOnClick\"\n\t\t\t\tdata-wp-on--keydown=\"actions.handleMenuKeydown\"\n\t\t\t><svg width=\"24\" height=\"24\" xmlns=\"http:\/\/www.w3.org\/2000\/svg\" viewBox=\"0 0 24 24\" aria-hidden=\"true\" focusable=\"false\"><path d=\"M4 7.5h16v1.5H4z\"><\/path><path d=\"M4 15h16v1.5H4z\"><\/path><\/svg><\/button>\n\t\t\t\t<div class=\"wp-block-navigation__responsive-container has-text-color has-foreground-color\"  id=\"modal-1\" \n\t\t\t\tdata-wp-class--has-modal-open=\"state.isMenuOpen\"\n\t\t\t\tdata-wp-class--is-menu-open=\"state.isMenuOpen\"\n\t\t\t\tdata-wp-watch=\"callbacks.initMenu\"\n\t\t\t\tdata-wp-on--keydown=\"actions.handleMenuKeydown\"\n\t\t\t\tdata-wp-on--focusout=\"actions.handleMenuFocusout\"\n\t\t\t\ttabindex=\"-1\"\n\t\t\t>\n\t\t\t\t\t<div class=\"wp-block-navigation__responsive-close\" tabindex=\"-1\">\n\t\t\t\t\t\t<div class=\"wp-block-navigation__responsive-dialog\" \n\t\t\t\tdata-wp-bind--aria-modal=\"state.ariaModal\"\n\t\t\t\tdata-wp-bind--aria-label=\"state.ariaLabel\"\n\t\t\t\tdata-wp-bind--role=\"state.roleAttribute\"\n\t\t\t>\n\t\t\t\t\t\t\t<button aria-label=\"Cerrar el men\u00fa\" class=\"wp-block-navigation__responsive-container-close\" \n\t\t\t\tdata-wp-on--click=\"actions.closeMenuOnClick\"\n\t\t\t><svg xmlns=\"http:\/\/www.w3.org\/2000\/svg\" viewBox=\"0 0 24 24\" width=\"24\" height=\"24\" aria-hidden=\"true\" focusable=\"false\"><path d=\"m13.06 12 6.47-6.47-1.06-1.06L12 10.94 5.53 4.47 4.47 5.53 10.94 12l-6.47 6.47 1.06 1.06L12 13.06l6.47 6.47 1.06-1.06L13.06 12Z\"><\/path><\/svg><\/button>\n\t\t\t\t\t\t\t<div class=\"wp-block-navigation__responsive-container-content\" \n\t\t\t\tdata-wp-watch=\"callbacks.focusFirstElement\"\n\t\t\t id=\"modal-1-content\">\n\t\t\t\t\t\t\t\t<ul class=\"wp-block-navigation__container has-text-color has-background-color has-small-font-size is-responsive items-justified-right wp-block-navigation has-small-font-size\"><li class=\"has-small-font-size wp-block-navigation-item wp-block-navigation-link\"><a class=\"wp-block-navigation-item__content\"  href=\"https:\/\/zaragoza.wordcamp.org\/2023\/\"><span class=\"wp-block-navigation-item__label\">#WCZGZ23<\/span><\/a><\/li><li data-wp-context=\"{ &quot;submenuOpenedBy&quot;: { &quot;click&quot;: false, &quot;hover&quot;: false, &quot;focus&quot;: false }, &quot;type&quot;: &quot;submenu&quot;, &quot;modal&quot;: null, &quot;previousFocus&quot;: null }\" data-wp-interactive=\"core\/navigation\" data-wp-on--focusout=\"actions.handleMenuFocusout\" data-wp-on--keydown=\"actions.handleMenuKeydown\" data-wp-on--pointerenter=\"actions.openMenuOnHover\" data-wp-on--pointerleave=\"actions.closeMenuOnHover\" data-wp-watch=\"callbacks.initMenu\" tabindex=\"-1\" class=\"wp-block-navigation-item has-small-font-size has-child open-on-hover-click wp-block-navigation-submenu\"><a class=\"wp-block-navigation-item__content\" href=\"https:\/\/zaragoza.wordcamp.org\/2023\/quienes-somos\/\"><span class=\"wp-block-navigation-item__label\">\u00bfQui\u00e9nes somos?<\/span><\/a><button data-wp-bind--aria-expanded=\"state.isMenuOpen\" data-wp-on--click=\"actions.toggleMenuOnClick\" aria-label=\"Submen\u00fa de \u00bfQui\u00e9nes somos?\" class=\"wp-block-navigation__submenu-icon wp-block-navigation-submenu__toggle\" ><svg xmlns=\"http:\/\/www.w3.org\/2000\/svg\" width=\"12\" height=\"12\" viewBox=\"0 0 12 12\" fill=\"none\" aria-hidden=\"true\" focusable=\"false\"><path d=\"M1.50002 4L6.00002 8L10.5 4\" stroke-width=\"1.5\"><\/path><\/svg><\/button><ul data-wp-on--focus=\"actions.openMenuOnFocus\" class=\"wp-block-navigation__submenu-container has-text-color has-foreground-color wp-block-navigation-submenu\"><li class=\"has-small-font-size wp-block-navigation-item wp-block-navigation-link\"><a class=\"wp-block-navigation-item__content\"  href=\"https:\/\/zaragoza.wordcamp.org\/2023\/comunidad\/asistentes\/\"><span class=\"wp-block-navigation-item__label\">Asistentes<\/span><\/a><\/li><li class=\"has-small-font-size wp-block-navigation-item wp-block-navigation-link\"><a class=\"wp-block-navigation-item__content\"  href=\"https:\/\/zaragoza.wordcamp.org\/2023\/comunidad\/ponentes\/\"><span class=\"wp-block-navigation-item__label\">Ponentes<\/span><\/a><\/li><li class=\"has-small-font-size wp-block-navigation-item wp-block-navigation-link\"><a class=\"wp-block-navigation-item__content\"  href=\"https:\/\/zaragoza.wordcamp.org\/2023\/comunidad\/patrocinadores\/\"><span class=\"wp-block-navigation-item__label\">Patrocinadores<\/span><\/a><\/li><li class=\"has-small-font-size wp-block-navigation-item wp-block-navigation-link\"><a class=\"wp-block-navigation-item__content\"  href=\"https:\/\/zaragoza.wordcamp.org\/2023\/comunidad\/organizadores\/\"><span class=\"wp-block-navigation-item__label\">Organizadores<\/span><\/a><\/li><li class=\"has-small-font-size wp-block-navigation-item wp-block-navigation-link\"><a class=\"wp-block-navigation-item__content\"  href=\"https:\/\/zaragoza.wordcamp.org\/2023\/comunidad\/voluntarios\/\"><span class=\"wp-block-navigation-item__label\">Voluntarios<\/span><\/a><\/li><\/ul><\/li><li data-wp-context=\"{ &quot;submenuOpenedBy&quot;: { &quot;click&quot;: false, &quot;hover&quot;: false, &quot;focus&quot;: false }, &quot;type&quot;: &quot;submenu&quot;, &quot;modal&quot;: null, &quot;previousFocus&quot;: null }\" data-wp-interactive=\"core\/navigation\" data-wp-on--focusout=\"actions.handleMenuFocusout\" data-wp-on--keydown=\"actions.handleMenuKeydown\" data-wp-on--pointerenter=\"actions.openMenuOnHover\" data-wp-on--pointerleave=\"actions.closeMenuOnHover\" data-wp-watch=\"callbacks.initMenu\" tabindex=\"-1\" class=\"wp-block-navigation-item has-small-font-size has-child open-on-hover-click wp-block-navigation-submenu\"><a class=\"wp-block-navigation-item__content\" href=\"https:\/\/zaragoza.wordcamp.org\/2023\/evento\/\"><span class=\"wp-block-navigation-item__label\">Evento<\/span><\/a><button data-wp-bind--aria-expanded=\"state.isMenuOpen\" data-wp-on--click=\"actions.toggleMenuOnClick\" aria-label=\"Submen\u00fa de Evento\" class=\"wp-block-navigation__submenu-icon wp-block-navigation-submenu__toggle\" ><svg xmlns=\"http:\/\/www.w3.org\/2000\/svg\" width=\"12\" height=\"12\" viewBox=\"0 0 12 12\" fill=\"none\" aria-hidden=\"true\" focusable=\"false\"><path d=\"M1.50002 4L6.00002 8L10.5 4\" stroke-width=\"1.5\"><\/path><\/svg><\/button><ul data-wp-on--focus=\"actions.openMenuOnFocus\" class=\"wp-block-navigation__submenu-container has-text-color has-foreground-color wp-block-navigation-submenu\"><li class=\"has-small-font-size wp-block-navigation-item wp-block-navigation-link\"><a class=\"wp-block-navigation-item__content\"  href=\"https:\/\/zaragoza.wordcamp.org\/2023\/evento\/programa\/\"><span class=\"wp-block-navigation-item__label\">Programa<\/span><\/a><\/li><li class=\"has-small-font-size wp-block-navigation-item wp-block-navigation-link\"><a class=\"wp-block-navigation-item__content\"  href=\"https:\/\/zaragoza.wordcamp.org\/2023\/evento\/contributor-day\/\"><span class=\"wp-block-navigation-item__label\">Contributor day<\/span><\/a><\/li><li class=\"has-small-font-size wp-block-navigation-item wp-block-navigation-link\"><a class=\"wp-block-navigation-item__content\"  href=\"https:\/\/zaragoza.wordcamp.org\/2023\/evento\/tour\/\"><span class=\"wp-block-navigation-item__label\">Tour Ma\u00f1o<\/span><\/a><\/li><li class=\"has-small-font-size wp-block-navigation-item wp-block-navigation-link\"><a class=\"wp-block-navigation-item__content\"  href=\"https:\/\/zaragoza.wordcamp.org\/2023\/evento\/ludoteca\/\"><span class=\"wp-block-navigation-item__label\">Ludoteca<\/span><\/a><\/li><\/ul><\/li><li data-wp-context=\"{ &quot;submenuOpenedBy&quot;: { &quot;click&quot;: false, &quot;hover&quot;: false, &quot;focus&quot;: false }, &quot;type&quot;: &quot;submenu&quot;, &quot;modal&quot;: null, &quot;previousFocus&quot;: null }\" data-wp-interactive=\"core\/navigation\" data-wp-on--focusout=\"actions.handleMenuFocusout\" data-wp-on--keydown=\"actions.handleMenuKeydown\" data-wp-on--pointerenter=\"actions.openMenuOnHover\" data-wp-on--pointerleave=\"actions.closeMenuOnHover\" data-wp-watch=\"callbacks.initMenu\" tabindex=\"-1\" class=\"wp-block-navigation-item has-small-font-size has-child open-on-hover-click wp-block-navigation-submenu\"><a class=\"wp-block-navigation-item__content\" href=\"https:\/\/zaragoza.wordcamp.org\/2023\/tickets\/\"><span class=\"wp-block-navigation-item__label\">Tickets<\/span><\/a><button data-wp-bind--aria-expanded=\"state.isMenuOpen\" data-wp-on--click=\"actions.toggleMenuOnClick\" aria-label=\"Submen\u00fa de Tickets\" class=\"wp-block-navigation__submenu-icon wp-block-navigation-submenu__toggle\" ><svg xmlns=\"http:\/\/www.w3.org\/2000\/svg\" width=\"12\" height=\"12\" viewBox=\"0 0 12 12\" fill=\"none\" aria-hidden=\"true\" focusable=\"false\"><path d=\"M1.50002 4L6.00002 8L10.5 4\" stroke-width=\"1.5\"><\/path><\/svg><\/button><ul data-wp-on--focus=\"actions.openMenuOnFocus\" class=\"wp-block-navigation__submenu-container has-text-color has-foreground-color wp-block-navigation-submenu\"><li class=\"has-small-font-size wp-block-navigation-item wp-block-navigation-link\"><a class=\"wp-block-navigation-item__content\"  href=\"https:\/\/zaragoza.wordcamp.org\/2023\/tickets\/\"><span class=\"wp-block-navigation-item__label\">Comprar entrada<\/span><\/a><\/li><li class=\"has-small-font-size wp-block-navigation-item wp-block-navigation-link\"><a class=\"wp-block-navigation-item__content\"  href=\"https:\/\/zaragoza.wordcamp.org\/2023\/tickets\/enviar-comprobante\/\"><span class=\"wp-block-navigation-item__label\">Enviar comprobante<\/span><\/a><\/li><\/ul><\/li><li class=\"has-small-font-size wp-block-navigation-item wp-block-navigation-link\"><a class=\"wp-block-navigation-item__content\"  href=\"https:\/\/zaragoza.wordcamp.org\/2023\/novedades\/\"><span class=\"wp-block-navigation-item__label\">Novedades<\/span><\/a><\/li><li data-wp-context=\"{ &quot;submenuOpenedBy&quot;: { &quot;click&quot;: false, &quot;hover&quot;: false, &quot;focus&quot;: false }, &quot;type&quot;: &quot;submenu&quot;, &quot;modal&quot;: null, &quot;previousFocus&quot;: null }\" data-wp-interactive=\"core\/navigation\" data-wp-on--focusout=\"actions.handleMenuFocusout\" data-wp-on--keydown=\"actions.handleMenuKeydown\" data-wp-on--pointerenter=\"actions.openMenuOnHover\" data-wp-on--pointerleave=\"actions.closeMenuOnHover\" data-wp-watch=\"callbacks.initMenu\" tabindex=\"-1\" class=\"wp-block-navigation-item has-small-font-size has-child open-on-hover-click wp-block-navigation-submenu\"><a class=\"wp-block-navigation-item__content\" href=\"https:\/\/zaragoza.wordcamp.org\/2023\/contacto\/\"><span class=\"wp-block-navigation-item__label\">Contacto<\/span><\/a><button data-wp-bind--aria-expanded=\"state.isMenuOpen\" data-wp-on--click=\"actions.toggleMenuOnClick\" aria-label=\"Submen\u00fa de Contacto\" class=\"wp-block-navigation__submenu-icon wp-block-navigation-submenu__toggle\" ><svg xmlns=\"http:\/\/www.w3.org\/2000\/svg\" width=\"12\" height=\"12\" viewBox=\"0 0 12 12\" fill=\"none\" aria-hidden=\"true\" focusable=\"false\"><path d=\"M1.50002 4L6.00002 8L10.5 4\" stroke-width=\"1.5\"><\/path><\/svg><\/button><ul data-wp-on--focus=\"actions.openMenuOnFocus\" class=\"wp-block-navigation__submenu-container has-text-color has-foreground-color wp-block-navigation-submenu\"><li class=\"has-small-font-size wp-block-navigation-item wp-block-navigation-link\"><a class=\"wp-block-navigation-item__content\"  href=\"https:\/\/zaragoza.wordcamp.org\/2023\/contacto\/\"><span class=\"wp-block-navigation-item__label\">Formulario<\/span><\/a><\/li><li class=\"has-small-font-size wp-block-navigation-item wp-block-navigation-link\"><a class=\"wp-block-navigation-item__content\"  href=\"https:\/\/zaragoza.wordcamp.org\/2023\/como-llegar\/\"><span class=\"wp-block-navigation-item__label\">\u00bfC\u00f3mo llegar?<\/span><\/a><\/li><\/ul><\/li><\/ul>\n\t\t\t\t\t\t\t\t\n\t\t\t\t\t\t\t<\/div>\n\t\t\t\t\t\t<\/div>\n\t\t\t\t\t<\/div>\n\t\t\t\t<\/div><\/nav><\/div>\n<\/div>\n\n\n\n<div class=\"wp-block-columns is-layout-flex wp-container-core-columns-is-layout-dd014378 wp-block-columns-is-layout-flex\" style=\"padding-top:var(--wp--preset--spacing--60);padding-bottom:var(--wp--preset--spacing--60)\">\n<div class=\"wp-block-column is-vertically-aligned-bottom is-layout-flow wp-block-column-is-layout-flow\" style=\"padding-bottom:0;flex-basis:70%\">\n<h2 class=\"has-background-color has-text-color wp-block-heading\">Enviar Comprobante<\/h2>\n<\/div>\n\n\n\n<div class=\"wp-block-column is-vertically-aligned-bottom is-layout-flow wp-container-core-column-is-layout-1958d1ba wp-block-column-is-layout-flow\" style=\"border-style:none;border-width:0px;padding-top:0;padding-right:0;padding-bottom:0;padding-left:0;flex-basis:30%\">\n<h2 class=\"has-text-align-center has-background-color has-text-color has-large-font-size wp-block-heading\"><strong>20 y 21 de enero<\/strong><\/h2>\n\n\n\n<p class=\"has-text-align-center has-background-color has-text-color has-medium-font-size wp-block-paragraph\">Edificio ETOPIA<\/p>\n\n\n\n<div class=\"wp-block-buttons is-content-justification-center is-layout-flex wp-container-core-buttons-is-layout-7aaec15a wp-block-buttons-is-layout-flex\" style=\"margin-top:var(--wp--preset--spacing--30)\">\n<div class=\"wp-block-button\"><a class=\"wp-block-button__link has-secondary-color has-background-background-color has-text-color has-background wp-element-button\" href=\"https:\/\/zaragoza.wordcamp.org\/2023\/tickets\/\" style=\"border-radius:40px\"><strong>Voy a sacar mi entrada<\/strong><\/a><\/div>\n<\/div>\n<\/div>\n<\/div>\n<\/div>\n<\/div>\n\n\n\n<div class=\"wp-block-group is-layout-constrained wp-container-core-group-is-layout-f2fb7395 wp-block-group-is-layout-constrained\">\n<p class=\"wp-block-paragraph\">Si es estudiante y tiene hasta 26 a\u00f1os o est\u00e1 en desempleo, usted tiene la posibilidad de comprar una entrada al 50% de descuento.<\/p>\n\n\n\n<p class=\"wp-block-paragraph\">Los pasos a seguir son los siguientes:<\/p>\n\n\n\n<ol class=\"has-link-color wp-block-list wp-elements-336ea9ec0a5704778b45a35929f2c3e0\">\n<li><a href=\"https:\/\/2020.zaragoza.wordcamp.org\/tickets\/\">Compre su entrada<\/a>&nbsp;a 12,50 \u20ac<\/li>\n\n\n\n<li><strong>Env\u00edenos su comprobante<\/strong>&nbsp;(tarjeta de desempleo, carn\u00e9 de estudiante, o similar). Puede hacerlo a trav\u00e9s de&nbsp;<a rel=\"noreferrer noopener\" href=\"https:\/\/forms.gle\/d985dvWZwrQyVTRK7\" target=\"_blank\">este formulario<\/a>&nbsp;o a trav\u00e9s de nuestra direcci\u00f3n de&nbsp;correo electr\u00f3nico: wpzaragoza [arroba] gmail [punto] com<\/li>\n\n\n\n<li>Le escribiremos un&nbsp;<strong>email de confirmaci\u00f3n<\/strong>.<\/li>\n<\/ol>\n<\/div>\n","protected":false},"excerpt":{"rendered":"<p>Enviar Comprobante 20 y 21 de enero Edificio ETOPIA Si es estudiante y tiene hasta 26 a\u00f1os o est\u00e1 en desempleo, usted tiene la posibilidad de comprar una entrada al 50% de descuento. Los pasos a seguir son los siguientes:<\/p>\n","protected":false},"author":17906809,"featured_media":0,"parent":180,"menu_order":0,"comment_status":"closed","ping_status":"closed","template":"","meta":{"_crdt_document":"","jetpack_post_was_ever_published":false,"footnotes":""},"class_list":["post-1277","page","type-page","status-publish","hentry"],"jetpack_sharing_enabled":true,"_links":{"self":[{"href":"https:\/\/zaragoza.wordcamp.org\/2023\/wp-json\/wp\/v2\/pages\/1277","targetHints":{"allow":["GET"]}}],"collection":[{"href":"https:\/\/zaragoza.wordcamp.org\/2023\/wp-json\/wp\/v2\/pages"}],"about":[{"href":"https:\/\/zaragoza.wordcamp.org\/2023\/wp-json\/wp\/v2\/types\/page"}],"author":[{"embeddable":true,"href":"https:\/\/zaragoza.wordcamp.org\/2023\/wp-json\/wp\/v2\/users\/17906809"}],"replies":[{"embeddable":true,"href":"https:\/\/zaragoza.wordcamp.org\/2023\/wp-json\/wp\/v2\/comments?post=1277"}],"version-history":[{"count":5,"href":"https:\/\/zaragoza.wordcamp.org\/2023\/wp-json\/wp\/v2\/pages\/1277\/revisions"}],"predecessor-version":[{"id":2671,"href":"https:\/\/zaragoza.wordcamp.org\/2023\/wp-json\/wp\/v2\/pages\/1277\/revisions\/2671"}],"up":[{"embeddable":true,"href":"https:\/\/zaragoza.wordcamp.org\/2023\/wp-json\/wp\/v2\/pages\/180"}],"wp:attachment":[{"href":"https:\/\/zaragoza.wordcamp.org\/2023\/wp-json\/wp\/v2\/media?parent=1277"}],"curies":[{"name":"wp","href":"https:\/\/api.w.org\/{rel}","templated":true}]}}