{"id":17,"date":"2019-08-28T11:24:26","date_gmt":"2019-08-28T09:24:26","guid":{"rendered":"https:\/\/2020.zaragoza.wordcamp.org\/contact\/"},"modified":"2019-09-28T09:14:17","modified_gmt":"2019-09-28T07:14:17","slug":"contacta","status":"publish","type":"page","link":"https:\/\/zaragoza.wordcamp.org\/2020\/contacta\/","title":{"rendered":"Contacta"},"content":{"rendered":"\n<p class=\"wp-block-paragraph\">Ponte en contacto con nosotros si tienes alguna pregunta o necesitas  cualquier otro tipo de informaci\u00f3n. Tambi\u00e9n, si deseas hacer cualquier  sugerencia o no encuentras algo en la web.<\/p>\n\n\n<div data-test='contact-form'\n\t\t\tid='contact-form-17'\n\t\t\tclass=\"jetpack-contact-form-container is-layout-flex wp-container-jetpack-contact-form-is-layout-7f6ac06e wp-block-jetpack-contact-form-is-layout-flex\"\n\t\t\tdata-wp-interactive='jetpack\/form' data-wp-context='{\"formId\":\"17\",\"formHash\":\"c20619504c0e0645a8e86ee88b0f2c4db45c7696\",\"showErrors\":false,\"errors\":[],\"fields\":[],\"isMultiStep\":false,\"useAjax\":true,\"submissionData\":null,\"formattedSubmissionData\":[],\"submissionSuccess\":false,\"submissionError\":null,\"elementId\":\"jp-form-c20619504c0e0645a8e86ee88b0f2c4db45c7696\",\"isSingleInputForm\":false,\"isForcedHorizontal\":false}'\n\t\t\tdata-wp-watch--scroll-to-wrapper=\"callbacks.scrollToWrapper\"\n\t\t>\n<div class=\"contact-form-submission contact-form-ajax-submission\" data-wp-bind--aria-hidden=\"state.isSuccessMessageAriaHidden\" data-wp-class--submission-success=\"context.submissionSuccess\" id=\"contact-form-success-c20619504c0e0645a8e86ee88b0f2c4db45c7696\" tabindex=\"-1\" aria-labelledby=\"contact-form-success-header-c20619504c0e0645a8e86ee88b0f2c4db45c7696\"><p class=\"go-back-message\"><a class=\"link\" role=\"button\" tabindex=\"0\" data-wp-on--click=\"actions.goBack\" href=\"\/2020\/wp-json\/wp\/v2\/pages\/17\">\u2190 Back<\/a><\/p><h4 data-wp-bind--aria-hidden=\"state.isSuccessMessageAriaHidden\" id=\"contact-form-success-header-c20619504c0e0645a8e86ee88b0f2c4db45c7696\">Tu mensaje se ha enviado<\/h4>\n\n<template data-wp-each--submission=\"context.formattedSubmissionData\">\n\t\t\t\t\t<div class=\"jetpack_forms_contact-form-success-summary\">\n\t\t\t\t\t\t<div class=\"field-name-wrapper\">\n\t\t\t\t\t\t\t<div class=\"field-type-icon\" data-wp-watch=\"callbacks.watchFieldTypeIcon\"><\/div>\n\t\t\t\t\t\t\t<div class=\"field-name\" data-wp-text=\"context.submission.label\" data-wp-bind--hidden=\"!context.submission.label\"><\/div>\n\t\t\t\t\t\t<\/div>\n\t\t\t\t\t\t<div class=\"field-value\" data-wp-text=\"context.submission.value\" data-wp-bind--hidden=\"!context.submission.showPlainValue\"><\/div>\n\t\t\t\t\t\t<a class=\"field-url\" data-wp-bind--href=\"context.submission.url\" data-wp-text=\"context.submission.value\" data-wp-bind--hidden=\"!context.submission.url\" target=\"_blank\" rel=\"noopener noreferrer\"><\/a>\n\t\t\t\t\t\t<div class=\"field-rating\" data-wp-bind--hidden=\"!context.submission.rating\" data-wp-watch=\"callbacks.watchRatingIcons\"><\/div>\n\t\t\t\t\t\t<div class=\"field-images\" data-wp-bind--hidden=\"!context.submission.images\">\n\t\t\t\t\t\t\t<template data-wp-each--image=\"context.submission.images\">\n\t\t\t\t\t\t\t\t<div class=\"field-image-option\" data-wp-class--is-empty=\"!context.image.src\">\n\t\t\t\t\t\t\t\t\t<figure class=\"field-image-option__image\" data-wp-class--is-empty=\"!context.image.src\">\n\t\t\t\t\t\t\t\t\t\t<img data-wp-bind--src=\"context.image.src\" data-wp-bind--hidden=\"!context.image.src\" \/>\n\t\t\t\t\t\t\t\t\t\t<img decoding=\"async\" src=\"data:image\/gif;base64,R0lGODlhAQABAAD\/ACwAAAAAAQABAAACADs=\" data-wp-bind--hidden=\"context.image.src\" \/>\n\t\t\t\t\t\t\t\t\t<\/figure>\n\t\t\t\t\t\t\t\t\t<div class=\"field-image-option__label-wrapper\">\n\t\t\t\t\t\t\t\t\t\t<span class=\"field-image-option__label-code\" data-wp-text=\"context.image.letterCode\"><\/span>\n\t\t\t\t\t\t\t\t\t\t<span class=\"field-image-option__label\" data-wp-text=\"context.image.label\" data-wp-bind--hidden=\"!context.image.label\"><\/span>\n\t\t\t\t\t\t\t\t\t<\/div>\n\t\t\t\t\t\t\t\t<\/div>\n\t\t\t\t\t\t\t<\/template>\n\t\t\t\t\t\t<\/div>\n\t\t\t\t\t\t<div class=\"field-files\" data-wp-bind--hidden=\"!context.submission.files\">\n\t\t\t\t\t\t\t<template data-wp-each--file=\"context.submission.files\">\n\t\t\t\t\t\t\t\t<div class=\"field-file\">\n\t\t\t\t\t\t\t\t\t<div class=\"field-file__thumbnail\" data-wp-style--background-image=\"context.file.previewUrl\" data-wp-style--mask-image=\"context.file.iconUrl\" data-wp-bind--hidden=\"!context.file.hasPreview\"><\/div>\n\t\t\t\t\t\t\t\t\t<svg class=\"field-file__icon\" data-wp-bind--hidden=\"context.file.hasPreview\" width=\"20\" height=\"20\" viewBox=\"0 0 24 24\" fill=\"none\" xmlns=\"http:\/\/www.w3.org\/2000\/svg\" aria-hidden=\"true\">\n\t\t\t\t\t\t\t\t\t\t<path d=\"M14 2H6C4.9 2 4 2.9 4 4V20C4 21.1 4.89 22 5.99 22H18C19.1 22 20 21.1 20 20V8L14 2ZM18 20H6V4H13V9H18V20Z\" fill=\"currentColor\"\/>\n\t\t\t\t\t\t\t\t\t<\/svg>\n\t\t\t\t\t\t\t\t\t<span class=\"field-file__name\" data-wp-text=\"context.file.name\"><\/span>\n\t\t\t\t\t\t\t\t\t<span class=\"field-file__size\" data-wp-text=\"context.file.size\"><\/span>\n\t\t\t\t\t\t\t\t<\/div>\n\t\t\t\t\t\t\t<\/template>\n\t\t\t\t\t\t<\/div>\n\t\t\t\t\t<\/div>\n\t\t\t\t<\/template><\/div><form action='https:\/\/zaragoza.wordcamp.org\/2020\/contacta\/'\n\t\t\t\tid='jp-form-c20619504c0e0645a8e86ee88b0f2c4db45c7696'\n\t\t\t\tmethod='post'\n\t\t\t\tclass='contact-form commentsblock jetpack-contact-form__form has-no-jetpack-form-layout' aria-label=\"Contacta\"\n\t\t\t\tdata-wp-on--submit=\"actions.onFormSubmit\"\n\t\t\t\tdata-wp-on--reset=\"actions.onFormReset\"\n\t\t\t\tdata-wp-class--submission-success=\"context.submissionSuccess\"\n\t\t\t\tdata-wp-class--is-first-step=\"state.isFirstStep\"\n\t\t\t\tdata-wp-class--is-last-step=\"state.isLastStep\"\n\t\t\t\tdata-wp-class--is-ajax-form=\"context.useAjax\"\n\t\t\t\tnovalidate >\n<input type='hidden' name='jetpack_contact_form_jwt' value='eyJ0eXAiOiJKV1QiLCJhbGciOiJIUzI1NiJ9.eyJlbmNyeXB0ZWRfYXR0cmlidXRlcyI6IjdQVzg5enRUMFZKVTFWb3FOUWZVdVR5amVRS05kMk4zWUVQczJTWWZxblVJSWVDYi9yVytYTEIvbjFLUjlBRHloZ0xGQk9OYVFxNkQyNysrWlo4WnlOK3dNcmp4d205S0tmdzJJa3o0MjhKTG5RQ3lxQkRHMU5JN3RLWWVCZ0tGK3BPLzhnaCtraldrK21zajVkL1NpS1RaU1ZhMW0wQ0VJYjhXWk0wUzF3aXBuRlVyeTl0eXZERXRPL0hhNVJGZ3FUcEc4d1FXaXhHRFJkVDRHWEhuRDRnSWpRLzFPaUZBcHJmbHF1a1NjRmYxSmNmSGdnRFhIVGQ0bG9sRjZzZCsweEFvZmNSbC9LWlhYVnRYakxwakNxVVh5aW5yQklFT1ZDWVZERFVFVWdVWFhkdjJhd2R4NjNIclJ2dmN1aVNaeUIwR2NkOFRKT2VHemczNVdFQmovTWhFVnE4N0NHUEpweVlUcnZoUWRxRkYvVFZXRXhVZ1FOdGowMXlOL2VoR2oxc0MrbG9scThHd2hxZXRQZFpaK2RZSW9OZ25pL08wUlVMZkdzSE1jaFQ4N1pOejg2SzFzU0d5Z1ZKTWZWc2RyNm9KbHhXaUg2a0Y0QTNRdHhLR1NoRUFVemZpT0xyNk04YXNreU9iL0wxK3EycnFHRkJtOXlGN016VmxsMVJ0YnVac2RXaEordG1CbzgwV1JNV0dIbEtjcW9NSlRNSU1XMGlBUVArcUhYNndjcnZWM1lsOFVlMWFpaG1DcCtPL09xQmtFazlFVFViNTJ5WFpaZkZKRVd0c20yQkljcm1SRG1WRnBxbHB5dEtlKzZneWc5M0hsNlp1Q1dhMEVLRUR3VjdFdTVkOXJaWmM0L3FuZFFYdWp3TFZTMHg5TkVjekhSOVVYOXQ4ejJ0ZnJXV3dONHNxM2V5NGhLb0JZb2pjUlNOVzlIMGVzbVUxZzh4Mk1ab25pNWlOdVIrbFhPdmZueldKditCejVRWlg0a3RkZXVOYVZNUFNTMFlXWTdxdTJBNVRiMGJMNzVmUGU4cDlEV25OZUNPR1hBTFVPdjQzSExGTXNrR2R0bHlMVStlWWZmbTFOWGRCeUhYb3V1T242QnZEN21NRTNqc1hYcVA1TDVTMElMTGYvL3drZXU1dmxrdWFoUEJWdzlKUmRVcXhXZlMzekZrR3NIWnNmSVhsU0gyaTd3PT0iLCJjb250ZW50IjoiXG5bY29udGFjdC1maWVsZCBsYWJlbD1cIk5vbWJyZVwiIHJlcXVpcmVkPVwiMVwiIGlkPVwiTmFtZVwiIHR5cGU9XCJuYW1lXCIvXVxuXG5bY29udGFjdC1maWVsZCBsYWJlbD1cIkNvcnJlbyBlbGVjdHJcdTAwZjNuaWNvXCIgcmVxdWlyZWQ9XCIxXCIgaWQ9XCJFbWFpbFwiIHR5cGU9XCJlbWFpbFwiL11cblxuW2NvbnRhY3QtZmllbGQgbGFiZWw9XCJNZW5zYWplXCIgcmVxdWlyZWQ9XCIxXCIgaWQ9XCJNZXNzYWdlXCIgdHlwZT1cInRleHRhcmVhXCIvXVxuXG5cbjxwIGNsYXNzPVwiaGFzLWJhY2tncm91bmQgaGFzLXNtYWxsLWZvbnQtc2l6ZSBoYXMtdmVyeS1saWdodC1ncmF5LWJhY2tncm91bmQtY29sb3Igd3AtYmxvY2stcGFyYWdyYXBoXCI-IDxzdHJvbmc-UmVzcG9uc2FibGU6PC9zdHJvbmc-IFdPUkRQUkVTUyBDT01NVU5JVFkgU1VQUE9SVCwgUEJDLjsgZW4gYWRlbGFudGUgXHUwMGFiV1BDU1x1MDBiYi48YnI-IDxzdHJvbmc-UHJvcFx1MDBmM3NpdG86PC9zdHJvbmc-IEVsIG1hbnRlbmltaWVudG8gZGUgbGEgY29tdW5pY2FjaVx1MDBmM24gZW50cmUgYW1iYXMgcGFydGVzOyBhc1x1MDBlZCBjb21vIGxhIHJlc29sdWNpXHUwMGYzbiBkZSBkdWRhcyBwbGFudGVhZGFzLjxicj4gPHN0cm9uZz5MZWdpdGltYWNpXHUwMGYzbiB5IGRlcmVjaG9zPC9zdHJvbmc-OiBDb25zZW50aW1pZW50byBkZSBsYSBwZXJzb25hIGludGVyZXNhZGEgbyBkZSBzdSByZXByZXNlbnRhbnRlIGxlZ2FsIGFsIHJlbGxlbmFyIGVzdGUgZm9ybXVsYXJpbzsgc2luIG1lbm9zIGNhYm8gZGUgbG9zIGRlcmVjaG9zIGRlICBhY2Nlc28sIHJlY3RpZmljYWNpXHUwMGYzbiwgc3VwcmVzaVx1MDBmM24sIGxpbWl0YWNpXHUwMGYzbiwgcG9ydGFiaWxpZGFkIHkgb2x2aWRvIGRlIGxvcyBkYXRvcy4gPGJyPiA8c3Ryb25nPkRlc3RpbmF0YXJpbzo8L3N0cm9uZz4gV1BDUywgYXNcdTAwZWQgY29tbyBsb3MgbWllbWJyb3MgZGUgbGEgb3JnYW5pemFjaVx1MDBmM24gZGVsIGV2ZW50by48YnI-IDxzdHJvbmc-SW5mb3JtYWNpXHUwMGYzbiBhZGljaW9uYWw6PC9zdHJvbmc-IDxhIGhyZWY9XCJodHRwczovL3dvcmRwcmVzcy5vcmcvYWJvdXQvcHJpdmFjeS9cIiB0YXJnZXQ9XCJfYmxhbmtcIiByZWw9XCJub3JlZmVycmVyIG5vb3BlbmVyXCIgYXJpYS1sYWJlbD1cIiAob3BlbnMgaW4gYSBuZXcgdGFiKVwiPmh0dHBzOi8vd29yZHByZXNzLm9yZy9hYm91dC9wcml2YWN5LzwvYT4gPC9wPlxuXG5cbltjb250YWN0LWZpZWxkIGxhYmVsPVwiSGUgbGVcdTAwZWRkbyB5IGFjZXB0byBsYSBwb2xcdTAwZWR0aWNhIGRlIHByaXZhY2lkYWQuXCIgcmVxdWlyZWQ9XCIxXCIgdHlwZT1cImNoZWNrYm94XCIvXVxuIiwiaGFzaCI6ImMyMDYxOTUwNGMwZTA2NDVhOGU4NmVlODhiMGYyYzRkYjQ1Yzc2OTYiLCJzb3VyY2UiOnsiZW50cnlfdGl0bGUiOiJDb250YWN0YSIsImVudHJ5X3BhZ2UiOjEsInNvdXJjZV9pZCI6MTcsInNvdXJjZV90eXBlIjoic2luZ2xlIiwicmVxdWVzdF91cmwiOiJodHRwczovL3phcmFnb3phLndvcmRjYW1wLm9yZy8yMDIwL3dwLWpzb24vd3AvdjIvcGFnZXMvMTcifSwidmVyc2lvbiI6MiwiY2lwaGVyIjoiYWVzLTI1Ni1nY20ifQ.kK6O5HIRM4v_SMTpiOFxDyTOgDmyH7SmSQJML0B1cJI' \/>\n\n\n<div style=\"\"  data-wp-interactive=\"jetpack\/form\" data-wp-context='{\"fieldId\":\"Name\",\"fieldType\":\"name\",\"fieldLabel\":\"Nombre\",\"fieldValue\":\"\",\"fieldPlaceholder\":\"\",\"fieldIsRequired\":\"1\",\"fieldErrorMessage\":\"\",\"fieldExtra\":[],\"formHash\":\"c20619504c0e0645a8e86ee88b0f2c4db45c7696\"}'  class='grunion-field-name-wrap grunion-field-wrap'  data-wp-init='callbacks.initializeField' data-wp-on--jetpack-form-reset='callbacks.initializeField' >\n<label\n\t\t\t\tfor='Name' class=\"grunion-field-label name\" >Nombre<span class=\"grunion-label-required\" aria-hidden=\"true\">(obligatorio)<\/span><\/label>\n<input\n\t\t\t\t\ttype='text'\n\t\t\t\t\tname='Name'\n\t\t\t\t\tid='Name'\n\t\t\t\t\tvalue=''\n\n\t\t\t\t\tdata-wp-bind--aria-invalid='state.fieldAriaInvalid'\n\t\t\t\t\tdata-wp-bind--value='state.getFieldValue'\n\t\t\t\t\taria-describedby='Name-text-error-message'\n\t\t\t\t\tdata-wp-on--input='actions.onFieldChange'\n\t\t\t\t\tdata-wp-on--blur='actions.onFieldBlur'\n\t\t\t\t\tdata-wp-class--has-value='state.hasFieldValue'\n\n\t\t\t\t\tclass='name  grunion-field' \n\t\t\t\t\trequired='true' aria-required='true'  \/>\n \n\t\t\t<div id=\"Name-text-error\" class=\"contact-form__input-error\" data-wp-class--has-errors=\"state.fieldHasErrors\">\n\t\t\t\t<span class=\"contact-form__warning-icon\" aria-hidden=\"true\">\n\t\t\t\t\t<svg width=\"16\" height=\"16\" viewBox=\"0 0 16 16\" fill=\"none\" xmlns=\"http:\/\/www.w3.org\/2000\/svg\">\n\t\t\t\t\t\t<path d=\"M8.50015 11.6402H7.50015V10.6402H8.50015V11.6402Z\" \/>\n\t\t\t\t\t\t<path d=\"M7.50015 9.64018H8.50015V6.30684H7.50015V9.64018Z\" \/>\n\t\t\t\t\t\t<path fill-rule=\"evenodd\" clip-rule=\"evenodd\" d=\"M6.98331 3.0947C7.42933 2.30177 8.57096 2.30177 9.01698 3.09469L13.8771 11.7349C14.3145 12.5126 13.7525 13.4735 12.8602 13.4735H3.14004C2.24774 13.4735 1.68575 12.5126 2.12321 11.7349L6.98331 3.0947ZM8.14541 3.58496C8.08169 3.47168 7.9186 3.47168 7.85488 3.58496L2.99478 12.2251C2.93229 12.3362 3.01257 12.4735 3.14004 12.4735H12.8602C12.9877 12.4735 13.068 12.3362 13.0055 12.2251L8.14541 3.58496Z\" \/>\n\t\t\t\t\t<\/svg>\n\t\t\t\t<\/span>\n\t\t\t\t<span data-wp-text=\"state.errorMessage\" id=\"Name-text-error-message\"><\/span>\n\t\t\t<\/div> \n\t<\/div>\n\n\n\n<div style=\"\"  data-wp-interactive=\"jetpack\/form\" data-wp-context='{\"fieldId\":\"Email\",\"fieldType\":\"email\",\"fieldLabel\":\"Correo electr\\u00f3nico\",\"fieldValue\":\"\",\"fieldPlaceholder\":\"\",\"fieldIsRequired\":\"1\",\"fieldErrorMessage\":\"\",\"fieldExtra\":[],\"formHash\":\"c20619504c0e0645a8e86ee88b0f2c4db45c7696\"}'  class='grunion-field-email-wrap grunion-field-wrap'  data-wp-init='callbacks.initializeField' data-wp-on--jetpack-form-reset='callbacks.initializeField' >\n<label\n\t\t\t\tfor='Email' class=\"grunion-field-label email\" >Correo electr\u00f3nico<span class=\"grunion-label-required\" aria-hidden=\"true\">(obligatorio)<\/span><\/label>\n<input\n\t\t\t\t\ttype='email'\n\t\t\t\t\tname='Email'\n\t\t\t\t\tid='Email'\n\t\t\t\t\tvalue=''\n\n\t\t\t\t\tdata-wp-bind--aria-invalid='state.fieldAriaInvalid'\n\t\t\t\t\tdata-wp-bind--value='state.getFieldValue'\n\t\t\t\t\taria-describedby='Email-email-error-message'\n\t\t\t\t\tdata-wp-on--input='actions.onFieldChange'\n\t\t\t\t\tdata-wp-on--blur='actions.onFieldBlur'\n\t\t\t\t\tdata-wp-class--has-value='state.hasFieldValue'\n\n\t\t\t\t\tclass='email  grunion-field' \n\t\t\t\t\trequired='true' aria-required='true'  \/>\n \n\t\t\t<div id=\"Email-email-error\" class=\"contact-form__input-error\" data-wp-class--has-errors=\"state.fieldHasErrors\">\n\t\t\t\t<span class=\"contact-form__warning-icon\" aria-hidden=\"true\">\n\t\t\t\t\t<svg width=\"16\" height=\"16\" viewBox=\"0 0 16 16\" fill=\"none\" xmlns=\"http:\/\/www.w3.org\/2000\/svg\">\n\t\t\t\t\t\t<path d=\"M8.50015 11.6402H7.50015V10.6402H8.50015V11.6402Z\" \/>\n\t\t\t\t\t\t<path d=\"M7.50015 9.64018H8.50015V6.30684H7.50015V9.64018Z\" \/>\n\t\t\t\t\t\t<path fill-rule=\"evenodd\" clip-rule=\"evenodd\" d=\"M6.98331 3.0947C7.42933 2.30177 8.57096 2.30177 9.01698 3.09469L13.8771 11.7349C14.3145 12.5126 13.7525 13.4735 12.8602 13.4735H3.14004C2.24774 13.4735 1.68575 12.5126 2.12321 11.7349L6.98331 3.0947ZM8.14541 3.58496C8.08169 3.47168 7.9186 3.47168 7.85488 3.58496L2.99478 12.2251C2.93229 12.3362 3.01257 12.4735 3.14004 12.4735H12.8602C12.9877 12.4735 13.068 12.3362 13.0055 12.2251L8.14541 3.58496Z\" \/>\n\t\t\t\t\t<\/svg>\n\t\t\t\t<\/span>\n\t\t\t\t<span data-wp-text=\"state.errorMessage\" id=\"Email-email-error-message\"><\/span>\n\t\t\t<\/div> \n\t<\/div>\n\n\n\n<div style=\"\"  data-wp-interactive=\"jetpack\/form\" data-wp-context='{\"fieldId\":\"Message\",\"fieldType\":\"textarea\",\"fieldLabel\":\"Mensaje\",\"fieldValue\":\"\",\"fieldPlaceholder\":\"\",\"fieldIsRequired\":\"1\",\"fieldErrorMessage\":\"\",\"fieldExtra\":[],\"formHash\":\"c20619504c0e0645a8e86ee88b0f2c4db45c7696\"}'  class='grunion-field-textarea-wrap grunion-field-wrap'  data-wp-init='callbacks.initializeField' data-wp-on--jetpack-form-reset='callbacks.initializeField' >\n<label\n\t\t\t\tfor='contact-form-comment-Message' class=\"grunion-field-label textarea\" >Mensaje<span class=\"grunion-label-required\" aria-hidden=\"true\">(obligatorio)<\/span><\/label>\n<textarea\n\t\t                style=''\n\t\t                name='Message'\n\t\t                id='contact-form-comment-Message'\n\t\t                rows='20'\n\t\t\t\t\t\tdata-wp-text='state.getFieldValue'\n\t\t\t\t\t\tdata-wp-on--input='actions.onFieldChange'\n\t\t\t\t\t\tdata-wp-on--blur='actions.onFieldBlur'\n\t\t\t\t\t\tdata-wp-class--has-value='state.hasFieldValue'\n\t\t\t\t\t\taria-describedby='Message-textarea-error-message'\n\t\t\t\t\t\tdata-wp-bind--aria-invalid='state.fieldAriaInvalid'\n\t\t\t\t\t\tclass='textarea  grunion-field'  required aria-required='true'><\/textarea>\n \n\t\t\t<div id=\"Message-textarea-error\" class=\"contact-form__input-error\" data-wp-class--has-errors=\"state.fieldHasErrors\">\n\t\t\t\t<span class=\"contact-form__warning-icon\" aria-hidden=\"true\">\n\t\t\t\t\t<svg width=\"16\" height=\"16\" viewBox=\"0 0 16 16\" fill=\"none\" xmlns=\"http:\/\/www.w3.org\/2000\/svg\">\n\t\t\t\t\t\t<path d=\"M8.50015 11.6402H7.50015V10.6402H8.50015V11.6402Z\" \/>\n\t\t\t\t\t\t<path d=\"M7.50015 9.64018H8.50015V6.30684H7.50015V9.64018Z\" \/>\n\t\t\t\t\t\t<path fill-rule=\"evenodd\" clip-rule=\"evenodd\" d=\"M6.98331 3.0947C7.42933 2.30177 8.57096 2.30177 9.01698 3.09469L13.8771 11.7349C14.3145 12.5126 13.7525 13.4735 12.8602 13.4735H3.14004C2.24774 13.4735 1.68575 12.5126 2.12321 11.7349L6.98331 3.0947ZM8.14541 3.58496C8.08169 3.47168 7.9186 3.47168 7.85488 3.58496L2.99478 12.2251C2.93229 12.3362 3.01257 12.4735 3.14004 12.4735H12.8602C12.9877 12.4735 13.068 12.3362 13.0055 12.2251L8.14541 3.58496Z\" \/>\n\t\t\t\t\t<\/svg>\n\t\t\t\t<\/span>\n\t\t\t\t<span data-wp-text=\"state.errorMessage\" id=\"Message-textarea-error-message\"><\/span>\n\t\t\t<\/div>\n\t<\/div>\n\n\n\n<p class=\"has-background has-small-font-size has-very-light-gray-background-color wp-block-paragraph\"> <strong>Responsable:<\/strong> WORDPRESS COMMUNITY SUPPORT, PBC.; en adelante \u00abWPCS\u00bb.<br> <strong>Prop\u00f3sito:<\/strong> El mantenimiento de la comunicaci\u00f3n entre ambas partes; as\u00ed como la resoluci\u00f3n de dudas planteadas.<br> <strong>Legitimaci\u00f3n y derechos<\/strong>: Consentimiento de la persona interesada o de su representante legal al rellenar este formulario; sin menos cabo de los derechos de  acceso, rectificaci\u00f3n, supresi\u00f3n, limitaci\u00f3n, portabilidad y olvido de los datos. <br> <strong>Destinatario:<\/strong> WPCS, as\u00ed como los miembros de la organizaci\u00f3n del evento.<br> <strong>Informaci\u00f3n adicional:<\/strong> <a href=\"https:\/\/wordpress.org\/about\/privacy\/\" target=\"_blank\" rel=\"noreferrer noopener\" aria-label=\" (opens in a new tab)\">https:\/\/wordpress.org\/about\/privacy\/<\/a> <\/p>\n\n\n\n<div style=\"\"  data-wp-interactive=\"jetpack\/form\" data-wp-context='{\"fieldId\":\"g17-heledoyaceptolapolticadeprivacidad\",\"fieldType\":\"checkbox\",\"fieldLabel\":\"He le\\u00eddo y acepto la pol\\u00edtica de privacidad.\",\"fieldValue\":\"\",\"fieldPlaceholder\":\"\",\"fieldIsRequired\":\"1\",\"fieldErrorMessage\":\"\",\"fieldExtra\":[],\"formHash\":\"c20619504c0e0645a8e86ee88b0f2c4db45c7696\"}'  class='grunion-field-checkbox-wrap grunion-field-wrap'  data-wp-init='callbacks.initializeField' data-wp-on--jetpack-form-reset='callbacks.initializeField' >\n<div class='contact-form__checkbox-wrap' style='' ><input id='g17-heledoyaceptolapolticadeprivacidad' type='checkbox' data-wp-on--change='actions.onFieldChange' name='g17-heledoyaceptolapolticadeprivacidad' value='S\u00ed' class='checkbox  grunion-field'  required aria-required='true'\/> \n<label for='g17-heledoyaceptolapolticadeprivacidad' class='grunion-field-label checkbox' style=''>He le\u00eddo y acepto la pol\u00edtica de privacidad.<span class=\"grunion-label-required\" aria-hidden=\"true\">(obligatorio)<\/span><\/label>\n<div class='clear-form'><\/div>\n<\/div>\n\t\t\t<div id=\"g17-heledoyaceptolapolticadeprivacidad-checkbox-error\" class=\"contact-form__input-error\" data-wp-class--has-errors=\"state.fieldHasErrors\">\n\t\t\t\t<span class=\"contact-form__warning-icon\" aria-hidden=\"true\">\n\t\t\t\t\t<svg width=\"16\" height=\"16\" viewBox=\"0 0 16 16\" fill=\"none\" xmlns=\"http:\/\/www.w3.org\/2000\/svg\">\n\t\t\t\t\t\t<path d=\"M8.50015 11.6402H7.50015V10.6402H8.50015V11.6402Z\" \/>\n\t\t\t\t\t\t<path d=\"M7.50015 9.64018H8.50015V6.30684H7.50015V9.64018Z\" \/>\n\t\t\t\t\t\t<path fill-rule=\"evenodd\" clip-rule=\"evenodd\" d=\"M6.98331 3.0947C7.42933 2.30177 8.57096 2.30177 9.01698 3.09469L13.8771 11.7349C14.3145 12.5126 13.7525 13.4735 12.8602 13.4735H3.14004C2.24774 13.4735 1.68575 12.5126 2.12321 11.7349L6.98331 3.0947ZM8.14541 3.58496C8.08169 3.47168 7.9186 3.47168 7.85488 3.58496L2.99478 12.2251C2.93229 12.3362 3.01257 12.4735 3.14004 12.4735H12.8602C12.9877 12.4735 13.068 12.3362 13.0055 12.2251L8.14541 3.58496Z\" \/>\n\t\t\t\t\t<\/svg>\n\t\t\t\t<\/span>\n\t\t\t\t<span data-wp-text=\"state.errorMessage\" id=\"g17-heledoyaceptolapolticadeprivacidad-checkbox-error-message\"><\/span>\n\t\t\t<\/div>\t<\/div>\n\n\t<p class='contact-submit'>\n<div class=\"contact-form__error\" data-wp-class--show-errors=\"state.showFormErrors\"><span class=\"contact-form__warning-icon\" aria-hidden=\"true\"><i><\/i><\/span><span class=\"contact-form__error-message\" tabindex=\"-1\" data-wp-watch=\"callbacks.focusOnValidationError\" data-wp-text=\"state.getFormErrorMessage\"><\/span><ul aria-label=\"Form errors\">\n\t\t\t\t<template data-wp-each=\"state.getErrorList\" data-wp-key=\"context.item.id\">\n\t\t\t\t\t<li><a data-wp-bind--href=\"context.item.anchor\" data-wp-on--click=\"actions.scrollIntoView\" data-wp-text=\"context.item.label\"><\/a><\/li>\n\t\t\t\t<\/template>\n\t\t\t\t<\/ul><\/div><div class=\"contact-form__error\" data-wp-class--show-errors=\"state.showSubmissionError\" data-wp-text=\"context.submissionError\" tabindex=\"-1\" data-wp-watch=\"callbacks.focusOnSubmissionError\"><\/div>\t\t<button type='submit' class='pushbutton-wide wp-block-button__link has-text-color has-background'>Enviar<\/button>\t\t<input type='hidden' name='is_block' value='1' \/>\n\t\t<input type='hidden' name='contact-form-id' value='17' \/>\n\t\t<input type='hidden' name='action' value='grunion-contact-form' \/>\n\t\t<input type='hidden' name='contact-form-hash' value='c20619504c0e0645a8e86ee88b0f2c4db45c7696' \/>\n\t<\/p>\n<p style=\"display: none !important;\" class=\"akismet-fields-container\" data-prefix=\"ak_\"><label>&#916;<textarea name=\"ak_hp_textarea\" cols=\"45\" rows=\"8\" maxlength=\"100\"><\/textarea><\/label><input type=\"hidden\" id=\"ak_js_1\" name=\"ak_js\" value=\"180\"\/><script>\ndocument.getElementById( \"ak_js_1\" ).setAttribute( \"value\", ( new Date() ).getTime() );\n<\/script>\n<\/p><\/form>\n<\/div>","protected":false},"excerpt":{"rendered":"<p>Ponte en contacto con nosotros si tienes alguna pregunta o necesitas cualquier otro tipo de informaci\u00f3n. Tambi\u00e9n, si deseas hacer cualquier sugerencia o no encuentras algo en la web.<\/p>\n","protected":false},"author":6642423,"featured_media":0,"parent":0,"menu_order":0,"comment_status":"closed","ping_status":"closed","template":"","meta":{"_crdt_document":"","jetpack_post_was_ever_published":false,"footnotes":""},"class_list":["post-17","page","type-page","status-publish","hentry"],"jetpack_sharing_enabled":true,"jetpack_likes_enabled":true,"_links":{"self":[{"href":"https:\/\/zaragoza.wordcamp.org\/2020\/wp-json\/wp\/v2\/pages\/17","targetHints":{"allow":["GET"]}}],"collection":[{"href":"https:\/\/zaragoza.wordcamp.org\/2020\/wp-json\/wp\/v2\/pages"}],"about":[{"href":"https:\/\/zaragoza.wordcamp.org\/2020\/wp-json\/wp\/v2\/types\/page"}],"author":[{"embeddable":true,"href":"https:\/\/zaragoza.wordcamp.org\/2020\/wp-json\/wp\/v2\/users\/6642423"}],"replies":[{"embeddable":true,"href":"https:\/\/zaragoza.wordcamp.org\/2020\/wp-json\/wp\/v2\/comments?post=17"}],"version-history":[{"count":2,"href":"https:\/\/zaragoza.wordcamp.org\/2020\/wp-json\/wp\/v2\/pages\/17\/revisions"}],"predecessor-version":[{"id":159,"href":"https:\/\/zaragoza.wordcamp.org\/2020\/wp-json\/wp\/v2\/pages\/17\/revisions\/159"}],"wp:attachment":[{"href":"https:\/\/zaragoza.wordcamp.org\/2020\/wp-json\/wp\/v2\/media?parent=17"}],"curies":[{"name":"wp","href":"https:\/\/api.w.org\/{rel}","templated":true}]}}