{"id":1313,"date":"2019-11-26T07:24:13","date_gmt":"2019-11-26T06:24:13","guid":{"rendered":"https:\/\/2020.zaragoza.wordcamp.org\/?page_id=1313"},"modified":"2019-11-26T07:30:27","modified_gmt":"2019-11-26T06:30:27","slug":"enviar-comprobante","status":"publish","type":"page","link":"https:\/\/zaragoza.wordcamp.org\/2020\/enviar-comprobante\/","title":{"rendered":"Enviar comprobante"},"content":{"rendered":"\n<p class=\"wp-block-paragraph\">Si es estudiante y tiene hasta 26 a\u00f1os o est\u00e1 en desempleo, usted tiene la posibilidad de comprar una entrada al 50% de descuento.<\/p>\n\n\n\n<p class=\"wp-block-paragraph\">Los pasos a seguir son los siguientes:<\/p>\n\n\n\n<ol class=\"wp-block-list\"><li><a href=\"https:\/\/2020.zaragoza.wordcamp.org\/tickets\/\">Compre su entrada<\/a> a 10 \u20ac<\/li><li><strong>Env\u00edenos su comprobante<\/strong> (tarjeta de desempleo, carn\u00e9 de estudiante, o similar). Puede hacerlo a trav\u00e9s de <a rel=\"noreferrer noopener\" aria-label=\"este formulario (opens in a new tab)\" href=\"https:\/\/forms.gle\/d985dvWZwrQyVTRK7\" target=\"_blank\">este formulario<\/a> o a trav\u00e9s de nuestra direcci\u00f3n de <span style=\"text-decoration: underline\">correo electr\u00f3nico<\/span>: zaragoza [arroba] wordcamp [punto] org.<\/li><li>Le escribiremos un <strong>email de confirmaci\u00f3n<\/strong>.<\/li><\/ol>\n\n\n\n<p style=\"font-size:12px\" class=\"has-background has-light-gray-background-color wp-block-paragraph\">Este proceso solo es necesario para aquellas personas que hayan comprado la entrada con descuento para estudiantes o en desempleo de 10\u00a0\u20ac. No es necesario para el resto de entradas.<\/p>\n\n\n\n<p class=\"wp-block-paragraph\"><\/p>\n","protected":false},"excerpt":{"rendered":"<p>Si es estudiante y tiene hasta 26 a\u00f1os o est\u00e1 en desempleo, usted tiene la posibilidad de comprar una entrada al 50% de descuento. Los pasos a seguir son los siguientes: Compre su entrada a 10 \u20ac Env\u00edenos su comprobante (tarjeta de desempleo, carn\u00e9 de estudiante, o similar). Puede hacerlo a trav\u00e9s de este formulario &hellip; <a href=\"https:\/\/zaragoza.wordcamp.org\/2020\/enviar-comprobante\/\" class=\"more-link\">Continuar leyendo<span class=\"screen-reader-text\"> \u00abEnviar comprobante\u00bb<\/span><\/a><\/p>\n","protected":false},"author":6642423,"featured_media":0,"parent":0,"menu_order":0,"comment_status":"closed","ping_status":"closed","template":"","meta":{"_crdt_document":"","jetpack_post_was_ever_published":false,"footnotes":""},"class_list":["post-1313","page","type-page","status-publish","hentry"],"jetpack_sharing_enabled":true,"jetpack_likes_enabled":true,"_links":{"self":[{"href":"https:\/\/zaragoza.wordcamp.org\/2020\/wp-json\/wp\/v2\/pages\/1313","targetHints":{"allow":["GET"]}}],"collection":[{"href":"https:\/\/zaragoza.wordcamp.org\/2020\/wp-json\/wp\/v2\/pages"}],"about":[{"href":"https:\/\/zaragoza.wordcamp.org\/2020\/wp-json\/wp\/v2\/types\/page"}],"author":[{"embeddable":true,"href":"https:\/\/zaragoza.wordcamp.org\/2020\/wp-json\/wp\/v2\/users\/6642423"}],"replies":[{"embeddable":true,"href":"https:\/\/zaragoza.wordcamp.org\/2020\/wp-json\/wp\/v2\/comments?post=1313"}],"version-history":[{"count":5,"href":"https:\/\/zaragoza.wordcamp.org\/2020\/wp-json\/wp\/v2\/pages\/1313\/revisions"}],"predecessor-version":[{"id":1319,"href":"https:\/\/zaragoza.wordcamp.org\/2020\/wp-json\/wp\/v2\/pages\/1313\/revisions\/1319"}],"wp:attachment":[{"href":"https:\/\/zaragoza.wordcamp.org\/2020\/wp-json\/wp\/v2\/media?parent=1313"}],"curies":[{"name":"wp","href":"https:\/\/api.w.org\/{rel}","templated":true}]}}