{"id":11,"date":"2019-08-28T11:24:26","date_gmt":"2019-08-28T09:24:26","guid":{"rendered":"https:\/\/2020.zaragoza.wordcamp.org\/location\/"},"modified":"2019-12-04T16:54:53","modified_gmt":"2019-12-04T15:54:53","slug":"ubicacion","status":"publish","type":"page","link":"https:\/\/zaragoza.wordcamp.org\/2020\/ubicacion\/","title":{"rendered":"Ubicaci\u00f3n"},"content":{"rendered":"\n<p class=\"wp-block-paragraph\">WordCamp Zaragoza 2020 se desarrollar\u00e1 en el edificio <strong>ETOPIA Centro de Arte y Tecnolog\u00eda<\/strong>; un equipamiento dise\u00f1ado para albergar y promover proyectos creativos y emprendedores.<\/p>\n\n\n\n<p class=\"wp-block-paragraph\">Un espacio abierto a todas aquellas personas interesadas en desarrollar, explorar y compartir nuevas ideas. Un lugar de encuentro para crear un<strong> ecosistema de innovaci\u00f3n<\/strong>.<\/p>\n\n\n\n<blockquote class=\"wp-block-quote is-layout-flow wp-block-quote-is-layout-flow\"><p>El lugar id\u00f3neo para organizar una WordCamp<\/p><\/blockquote>\n\n\n\n<h2 class=\"wp-block-heading\">\u00bfD\u00f3nde se ubica ETOPIA?<\/h2>\n\n\n\n<p class=\"wp-block-paragraph\">El edificio ETOPIA se encuentra a cinco minutos andando de la Estaci\u00f3n del AVE \u2014 conectada directamente a trav\u00e9s de una pasarela \u2014 en  plena puerta de entrada a Zaragoza a trav\u00e9s de la autopista A-68.<\/p>\n\n\n\n<p class=\"wp-block-paragraph\"><strong>Direcci\u00f3n:<\/strong> Avenida de la Ciudad de Soria, 8 (50003 Zaragoza). <strong>Acceso por:<\/strong> Avenida de la Autonom\u00eda, 7 (50003 Zaragoza).<\/p>\n\n\n\n<div class=\"wp-block-jetpack-map\" data-map-id=\"jp-map-1\" data-map-provider=\"mapbox\" data-api-key=\"pk.eyJ1Ijoid3B6YXJhZ296YSIsImEiOiJjanFwcXVpZHEwNDJmNDlvMTF0amwxeDRzIn0.NXCHG5lsQEKa7XS0s4y0rA\" data-map-style=\"default\"><ul><li><a href=\"https:\/\/www.google.com\/maps\/search\/?api=1&amp;query=41.6594,-0.907032\">Etopia<\/a><\/li><\/ul><\/div>\n\n\n\n<div style=\"height:100px\" aria-hidden=\"true\" class=\"wp-block-spacer\"><\/div>\n\n\n\n<p class=\"wp-block-paragraph\">Conoce m\u00e1s sobre Etopia en su web: <a href=\"https:\/\/www.zaragoza.es\/ciudad\/etopia\/\" target=\"_blank\" rel=\"noreferrer noopener\" aria-label=\" (opens in a new tab)\">zaragoza.es\/ciudad\/etopia<\/a><\/p>\n\n\n\n<div class=\"wp-block-image\"><figure class=\"aligncenter\"><img data-recalc-dims=\"1\" loading=\"lazy\" decoding=\"async\" width=\"840\" height=\"630\" src=\"https:\/\/i0.wp.com\/2020.zaragoza.wordcamp.org\/files\/2019\/12\/WCZGZ19-77.jpg?resize=840%2C630&#038;ssl=1\" alt=\"\" class=\"wp-image-1429\" srcset=\"https:\/\/i0.wp.com\/zaragoza.wordcamp.org\/2020\/files\/2019\/12\/WCZGZ19-77.jpg?w=1287&amp;ssl=1 1287w, https:\/\/i0.wp.com\/zaragoza.wordcamp.org\/2020\/files\/2019\/12\/WCZGZ19-77.jpg?resize=300%2C225&amp;ssl=1 300w, https:\/\/i0.wp.com\/zaragoza.wordcamp.org\/2020\/files\/2019\/12\/WCZGZ19-77.jpg?resize=1024%2C769&amp;ssl=1 1024w, https:\/\/i0.wp.com\/zaragoza.wordcamp.org\/2020\/files\/2019\/12\/WCZGZ19-77.jpg?resize=768%2C576&amp;ssl=1 768w, https:\/\/i0.wp.com\/zaragoza.wordcamp.org\/2020\/files\/2019\/12\/WCZGZ19-77.jpg?resize=400%2C300&amp;ssl=1 400w, https:\/\/i0.wp.com\/zaragoza.wordcamp.org\/2020\/files\/2019\/12\/WCZGZ19-77.jpg?resize=1200%2C901&amp;ssl=1 1200w\" sizes=\"auto, (max-width: 709px) 85vw, (max-width: 909px) 67vw, (max-width: 1362px) 62vw, 840px\" \/><\/figure><\/div>\n","protected":false},"excerpt":{"rendered":"<p>WordCamp Zaragoza 2020 se desarrollar\u00e1 en el edificio ETOPIA Centro de Arte y Tecnolog\u00eda; un equipamiento dise\u00f1ado para albergar y promover proyectos creativos y emprendedores. Un espacio abierto a todas aquellas personas interesadas en desarrollar, explorar y compartir nuevas ideas. Un lugar de encuentro para crear un ecosistema de innovaci\u00f3n. El lugar id\u00f3neo para organizar &hellip; <a href=\"https:\/\/zaragoza.wordcamp.org\/2020\/ubicacion\/\" class=\"more-link\">Continuar leyendo<span class=\"screen-reader-text\"> \u00abUbicaci\u00f3n\u00bb<\/span><\/a><\/p>\n","protected":false},"author":6642423,"featured_media":1428,"parent":0,"menu_order":0,"comment_status":"closed","ping_status":"closed","template":"","meta":{"_crdt_document":"","jetpack_post_was_ever_published":false,"footnotes":""},"class_list":["post-11","page","type-page","status-publish","has-post-thumbnail","hentry"],"jetpack_sharing_enabled":true,"jetpack_likes_enabled":true,"_links":{"self":[{"href":"https:\/\/zaragoza.wordcamp.org\/2020\/wp-json\/wp\/v2\/pages\/11","targetHints":{"allow":["GET"]}}],"collection":[{"href":"https:\/\/zaragoza.wordcamp.org\/2020\/wp-json\/wp\/v2\/pages"}],"about":[{"href":"https:\/\/zaragoza.wordcamp.org\/2020\/wp-json\/wp\/v2\/types\/page"}],"author":[{"embeddable":true,"href":"https:\/\/zaragoza.wordcamp.org\/2020\/wp-json\/wp\/v2\/users\/6642423"}],"replies":[{"embeddable":true,"href":"https:\/\/zaragoza.wordcamp.org\/2020\/wp-json\/wp\/v2\/comments?post=11"}],"version-history":[{"count":16,"href":"https:\/\/zaragoza.wordcamp.org\/2020\/wp-json\/wp\/v2\/pages\/11\/revisions"}],"predecessor-version":[{"id":1432,"href":"https:\/\/zaragoza.wordcamp.org\/2020\/wp-json\/wp\/v2\/pages\/11\/revisions\/1432"}],"wp:featuredmedia":[{"embeddable":true,"href":"https:\/\/zaragoza.wordcamp.org\/2020\/wp-json\/wp\/v2\/media\/1428"}],"wp:attachment":[{"href":"https:\/\/zaragoza.wordcamp.org\/2020\/wp-json\/wp\/v2\/media?parent=11"}],"curies":[{"name":"wp","href":"https:\/\/api.w.org\/{rel}","templated":true}]}}