{"id":2022,"date":"2019-01-05T13:14:14","date_gmt":"2019-01-05T12:14:14","guid":{"rendered":"https:\/\/2019.zaragoza.wordcamp.org\/?page_id=2022"},"modified":"2019-01-18T13:02:15","modified_gmt":"2019-01-18T12:02:15","slug":"contributor-day-wordcamp","status":"publish","type":"page","link":"https:\/\/zaragoza.wordcamp.org\/2019\/contributor-day-wordcamp\/","title":{"rendered":"Contributor Day. \u00bfQu\u00e9 es y por qu\u00e9 tienes que venir?"},"content":{"rendered":"\n<p class=\"wp-block-paragraph\">Has visto en el <a href=\"https:\/\/2019.zaragoza.wordcamp.org\/programa\/\">programa que la WordCamp<\/a> es un evento que se divide en dos d\u00edas y que el segundo es el \u00abContributor Day\u00bb. <\/p>\n\n\n\n<h2 class=\"wp-block-heading\"><strong>\u00bfQu\u00e9 es el Contributor Day?<\/strong><\/h2>\n\n\n\n<p class=\"wp-block-paragraph\">El Contributor Day se suele celebrar el segundo d\u00eda de una WordCamp. En la WordCamp Zaragoza 2019 , tendr\u00e1 lugar el domingo 27 de enero. Tras el s\u00e1bado 26, d\u00eda de conferencias y de aprender, toca el d\u00eda de la contribuci\u00f3n, dedicado a colaborar y <a href=\"https:\/\/2019.zaragoza.wordcamp.org\/session\/mesas-de-contribucion\/\">compartir tu tiempo con la comunidad <\/a>para seguir haciendo de WordPress lo que es.<\/p>\n\n\n\n<h2 class=\"wp-block-heading\"><strong>\u00bfQu\u00e9 se puede hacer en un Contributor Day?<\/strong><\/h2>\n\n\n\n<p class=\"wp-block-paragraph\">Colaborar con el core de WordPress, por ejemplo a nivel de seguridad, aprender m\u00e1s sobre Gutenberg, etc.<br>\nAprender\/Ayudar a revisar temas<br>\nAprender\/Ayudar a revisar plugins<br>\nAprender\/Traducir WordPress, temas y plugins a otros idiomas<br>\nAprender\/Ofrecer ayuda a otros que quieran contribuir en WordPress<\/p>\n\n\n\n<p class=\"wp-block-paragraph\">Pero no s\u00f3lo&#8230;. El Contributor Day es un momento para vivir la comunidad, conocer aprovechar para conocer a compa\u00f1eros WordPresseros y disfrutar de una comida informal para cerrar el fin de semana con una nota alegre.<\/p>\n","protected":false},"excerpt":{"rendered":"<p>Has visto en el programa que la WordCamp es un evento que se divide en dos d\u00edas y que el segundo es el \u00abContributor Day\u00bb. \u00bfQu\u00e9 es el Contributor Day? El Contributor Day se suele celebrar el segundo d\u00eda de una WordCamp. En la WordCamp Zaragoza 2019 , tendr\u00e1 lugar el domingo 27 de enero. &hellip; <\/p>\n<p class=\"link-more\"><a href=\"https:\/\/zaragoza.wordcamp.org\/2019\/contributor-day-wordcamp\/\" class=\"more-link\">Continuar leyendo<span class=\"screen-reader-text\"> \u00abContributor Day. \u00bfQu\u00e9 es y por qu\u00e9 tienes que venir?\u00bb<\/span><\/a><\/p>\n","protected":false},"author":16105059,"featured_media":2027,"parent":0,"menu_order":0,"comment_status":"closed","ping_status":"closed","template":"","meta":{"_crdt_document":"","jetpack_post_was_ever_published":false,"footnotes":""},"class_list":["post-2022","page","type-page","status-publish","has-post-thumbnail","hentry"],"jetpack_sharing_enabled":true,"jetpack_shortlink":"https:\/\/wp.me\/Pab3v4-wC","jetpack_likes_enabled":true,"jetpack-related-posts":[{"id":13,"url":"https:\/\/zaragoza.wordcamp.org\/2019\/tickets\/","url_meta":{"origin":2022,"position":0},"title":"Tickets: Compra tu entradaPreguntas frecuentes\u2026","author":"Alejandro Gil Mialdea","date":"5 diciembre, 2018","format":false,"excerpt":"Tickets: Compra tu entradaPreguntas frecuentes Tickets Preguntas frecuentes Entrada \"Asistente\", Entrada \"Estudiante \/ en Desempleo\" o Entrada \"Fila 0\" \u00bfqu\u00e9 incluye cada una?WordCamp es para TODOS los p\u00fablicos. Perfiles \"Tech\" y \"Editor\"... \u00bfqu\u00e9 significan?\u00bfPor qu\u00e9 no se ve mi avatar?\u00bfQu\u00e9 es el \"Contributor Day?\u00bfVienes desde otra ciudad a Zaragoza? Descuento\u2026","rel":"","context":"Entrada similar","block_context":{"text":"Entrada similar","link":""},"img":{"alt_text":"","src":"https:\/\/i0.wp.com\/zaragoza.wordcamp.org\/2019\/files\/2018\/10\/cropped-wczgz19-favicon.png?fit=512%2C512&resize=350%2C200#038;ssl=1","width":350,"height":200},"classes":[]},{"id":7,"url":"https:\/\/zaragoza.wordcamp.org\/2019\/programa\/","url_meta":{"origin":2022,"position":1},"title":"Programa","author":"Alejandro Gil Mialdea","date":"2 agosto, 2018","format":false,"excerpt":"S\u00e1bado, 26 de Enero Descarga el programa del WordCamp Zaragoza 2019 Domingo, 27 de Enero Tras el s\u00e1bado 26, d\u00eda de conferencias y de aprender, toca el d\u00eda de la contribuci\u00f3n, dedicado a colaborar y compartir tu tiempo con la comunidad para seguir haciendo de WordPress lo que es. \u00bfQuieres\u2026","rel":"","context":"Entrada similar","block_context":{"text":"Entrada similar","link":""},"img":{"alt_text":"","src":"https:\/\/i0.wp.com\/zaragoza.wordcamp.org\/2019\/files\/2018\/10\/cropped-wczgz19-favicon.png?fit=512%2C512&resize=350%2C200#038;ssl=1","width":350,"height":200},"classes":[]},{"id":2,"url":"https:\/\/zaragoza.wordcamp.org\/2019\/","url_meta":{"origin":2022,"position":2},"title":"Comprar mi entrada Ver programa\u2026","author":"Alejandro Gil Mialdea","date":"2 agosto, 2018","format":false,"excerpt":"Comprar mi entrada Ver programa y ponentes Conoce a nuestros patrocinadores \u00a1Se acerca WordCamp Zaragoza! Un emocionante evento de aprendizaje, contactos y diversi\u00f3n. \u00danete a nosotros en un viaje de 2 d\u00edas, 26 y 27 de enero, a trav\u00e9s de las entra\u00f1as de WordPress. \u00daltimas noticias Ver todas Nuestros patrocinadores","rel":"","context":"Entrada similar","block_context":{"text":"Entrada similar","link":""},"img":{"alt_text":"","src":"https:\/\/i0.wp.com\/zaragoza.wordcamp.org\/2019\/files\/2018\/10\/cropped-wczgz19-favicon.png?fit=512%2C512&resize=350%2C200#038;ssl=1","width":350,"height":200},"classes":[]},{"id":11,"url":"https:\/\/zaragoza.wordcamp.org\/2019\/ubicacion\/","url_meta":{"origin":2022,"position":3},"title":"Lugar del evento","author":"Alejandro Gil Mialdea","date":"2 agosto, 2018","format":false,"excerpt":"El lugar elegido para WordCamp Zaragoza 2019 es el edificio ETOPIA Centro de Arte y Tecnolog\u00eda; un equipamiento de nueva generaci\u00f3n dise\u00f1ado para albergar y promover proyectos creativos y emprendedores. Un lugar para investigar, aprender, probar, contar, pasear, compartir. Un espacio reservado para la cultura contempor\u00e1nea. Un espacio abierto a\u2026","rel":"","context":"Entrada similar","block_context":{"text":"Entrada similar","link":""},"img":{"alt_text":"","src":"https:\/\/i0.wp.com\/2019.zaragoza.wordcamp.org\/files\/2018\/11\/etopia-zaragoza.jpg?resize=350%2C200&ssl=1","width":350,"height":200,"srcset":"https:\/\/i0.wp.com\/2019.zaragoza.wordcamp.org\/files\/2018\/11\/etopia-zaragoza.jpg?resize=350%2C200&ssl=1 1x, https:\/\/i0.wp.com\/2019.zaragoza.wordcamp.org\/files\/2018\/11\/etopia-zaragoza.jpg?resize=525%2C300&ssl=1 1.5x, https:\/\/i0.wp.com\/2019.zaragoza.wordcamp.org\/files\/2018\/11\/etopia-zaragoza.jpg?resize=700%2C400&ssl=1 2x, https:\/\/i0.wp.com\/2019.zaragoza.wordcamp.org\/files\/2018\/11\/etopia-zaragoza.jpg?resize=1050%2C600&ssl=1 3x, https:\/\/i0.wp.com\/2019.zaragoza.wordcamp.org\/files\/2018\/11\/etopia-zaragoza.jpg?resize=1400%2C800&ssl=1 4x"},"classes":[]},{"id":19,"url":"https:\/\/zaragoza.wordcamp.org\/2019\/codigo-de-conducta\/","url_meta":{"origin":2022,"position":4},"title":"C\u00f3digo de conducta","author":"Alejandro Gil Mialdea","date":"2 agosto, 2018","format":false,"excerpt":"Prop\u00f3sito WordCamp Zaragoza cree en una comunidad abierta a todo el mundo. Como tal, estamos comprometidos a proporcionar un ambiente amigable, seguro y acogedor para todos; independientemente de su sexo, orientaci\u00f3n sexual, discapacidad, etnia, religi\u00f3n, sistema operativo preferido, lenguaje de programaci\u00f3n o editor de texto. Este c\u00f3digo de conducta resume\u2026","rel":"","context":"Entrada similar","block_context":{"text":"Entrada similar","link":""},"img":{"alt_text":"","src":"https:\/\/i0.wp.com\/zaragoza.wordcamp.org\/2019\/files\/2018\/10\/cropped-wczgz19-favicon.png?fit=512%2C512&resize=350%2C200#038;ssl=1","width":350,"height":200},"classes":[]},{"id":1980,"url":"https:\/\/zaragoza.wordcamp.org\/2019\/identidad-visual\/","url_meta":{"origin":2022,"position":5},"title":"Identidad visual","author":"Alejandro Gil Mialdea","date":"8 enero, 2019","format":false,"excerpt":"El conjunto de identidad visual de WordCamp Zaragoza 2019 est\u00e1 formado por un imagotipo (logotipo + s\u00edmbolo). Como regla general deber\u00e1n permanecer unidos. Debe mantenerse fiel a las siguientes indicaciones, la proporci\u00f3n, as\u00ed como los colores de sus elementos (logotipo y s\u00edmbolo). A continuaci\u00f3n, se indican algunas pautas de utilizaci\u00f3n\u2026","rel":"","context":"Entrada similar","block_context":{"text":"Entrada similar","link":""},"img":{"alt_text":"","src":"https:\/\/i0.wp.com\/zaragoza.wordcamp.org\/2019\/files\/2019\/01\/logo-wczgz-2019-claro.png?resize=350%2C200&ssl=1","width":350,"height":200,"srcset":"https:\/\/i0.wp.com\/zaragoza.wordcamp.org\/2019\/files\/2019\/01\/logo-wczgz-2019-claro.png?resize=350%2C200&ssl=1 1x, https:\/\/i0.wp.com\/zaragoza.wordcamp.org\/2019\/files\/2019\/01\/logo-wczgz-2019-claro.png?resize=525%2C300&ssl=1 1.5x, https:\/\/i0.wp.com\/zaragoza.wordcamp.org\/2019\/files\/2019\/01\/logo-wczgz-2019-claro.png?resize=700%2C400&ssl=1 2x, https:\/\/i0.wp.com\/zaragoza.wordcamp.org\/2019\/files\/2019\/01\/logo-wczgz-2019-claro.png?resize=1050%2C600&ssl=1 3x, https:\/\/i0.wp.com\/zaragoza.wordcamp.org\/2019\/files\/2019\/01\/logo-wczgz-2019-claro.png?resize=1400%2C800&ssl=1 4x"},"classes":[]}],"_links":{"self":[{"href":"https:\/\/zaragoza.wordcamp.org\/2019\/wp-json\/wp\/v2\/pages\/2022","targetHints":{"allow":["GET"]}}],"collection":[{"href":"https:\/\/zaragoza.wordcamp.org\/2019\/wp-json\/wp\/v2\/pages"}],"about":[{"href":"https:\/\/zaragoza.wordcamp.org\/2019\/wp-json\/wp\/v2\/types\/page"}],"author":[{"embeddable":true,"href":"https:\/\/zaragoza.wordcamp.org\/2019\/wp-json\/wp\/v2\/users\/16105059"}],"replies":[{"embeddable":true,"href":"https:\/\/zaragoza.wordcamp.org\/2019\/wp-json\/wp\/v2\/comments?post=2022"}],"version-history":[{"count":3,"href":"https:\/\/zaragoza.wordcamp.org\/2019\/wp-json\/wp\/v2\/pages\/2022\/revisions"}],"predecessor-version":[{"id":2476,"href":"https:\/\/zaragoza.wordcamp.org\/2019\/wp-json\/wp\/v2\/pages\/2022\/revisions\/2476"}],"wp:featuredmedia":[{"embeddable":true,"href":"https:\/\/zaragoza.wordcamp.org\/2019\/wp-json\/wp\/v2\/media\/2027"}],"wp:attachment":[{"href":"https:\/\/zaragoza.wordcamp.org\/2019\/wp-json\/wp\/v2\/media?parent=2022"}],"curies":[{"name":"wp","href":"https:\/\/api.w.org\/{rel}","templated":true}]}}