{"id":2,"date":"2018-08-02T10:10:28","date_gmt":"2018-08-02T10:10:28","guid":{"rendered":"http:\/\/2019.zaragoza.wordcamp.org\/?page_id=2"},"modified":"2019-01-25T12:44:49","modified_gmt":"2019-01-25T11:44:49","slug":"sample-page","status":"publish","type":"page","link":"https:\/\/zaragoza.wordcamp.org\/2019\/","title":{"rendered":""},"content":{"rendered":"\n<div class=\"wp-block-columns has-3-columns iconoshome is-layout-flex wp-container-core-columns-is-layout-8f761849 wp-block-columns-is-layout-flex\">\n<div class=\"wp-block-column is-layout-flow wp-block-column-is-layout-flow\">\n<a href=\"https:\/\/2019.zaragoza.wordcamp.org\/tickets\/\">Comprar mi <span class=\"destacado\">entrada<\/span><\/a>\n<\/div>\n\n\n\n<div class=\"wp-block-column is-layout-flow wp-block-column-is-layout-flow\">\n<a href=\"https:\/\/2019.zaragoza.wordcamp.org\/programa\/\">Ver <span class=\"destacado\">programa y ponentes<\/span><\/a>\n<\/div>\n\n\n\n<div class=\"wp-block-column is-layout-flow wp-block-column-is-layout-flow\">\n<a href=\"https:\/\/2019.zaragoza.wordcamp.org\/patrocinadores\/\">Conoce a nuestros <span class=\"destacado\">patrocinadores<\/span><\/a>\n<\/div>\n<\/div>\n\n\n\n<p class=\"wp-block-paragraph\">\u00a1Se acerca WordCamp Zaragoza! Un emocionante evento de aprendizaje, contactos y diversi\u00f3n. \u00danete a nosotros en un viaje de 2 d\u00edas, <strong>26 y 27 de enero<\/strong>, a trav\u00e9s de las entra\u00f1as de WordPress.<\/p>\n\n\n\n<div style=\"height:50px\" class=\"wp-block-spacer\"><\/div>\n\n\n\n<h2 class=\"wp-block-heading\" style=\"text-align:center\">\u00daltimas noticias<br><\/h2>\n\n\n<ul class=\"wp-block-latest-posts__list is-grid columns-3 has-dates wp-block-latest-posts\"><li><a class=\"wp-block-latest-posts__post-title\" href=\"https:\/\/zaragoza.wordcamp.org\/2019\/una-mirada-a-wordcamp-zaragoza-2019\/\">Una mirada a WordCamp Zaragoza 2019<\/a><time datetime=\"2019-11-15T09:14:58+01:00\" class=\"wp-block-latest-posts__post-date\">15 noviembre, 2019<\/time><\/li>\n<li><a class=\"wp-block-latest-posts__post-title\" href=\"https:\/\/zaragoza.wordcamp.org\/2019\/espacios-de-trabajo-flexibles-wordcamp-zaragoza\/\">Espacios flexibles de trabajo para aprovechar al m\u00e1ximo la semana WordPress<\/a><time datetime=\"2019-01-15T11:29:47+01:00\" class=\"wp-block-latest-posts__post-date\">15 enero, 2019<\/time><\/li>\n<li><a class=\"wp-block-latest-posts__post-title\" href=\"https:\/\/zaragoza.wordcamp.org\/2019\/espacio-infantil-wordcamp-zaragoza-2019\/\">Espacio Infantil WordCamp Zaragoza 2019<\/a><time datetime=\"2019-01-08T13:44:48+01:00\" class=\"wp-block-latest-posts__post-date\">8 enero, 2019<\/time><\/li>\n<\/ul>\n\n\n<div class=\"wp-block-button aligncenter is-style-squared small\"><a class=\"wp-block-button__link has-text-color has-background has-vivid-red-background-color\" href=\"https:\/\/2019.zaragoza.wordcamp.org\/noticias\/\" style=\"color:#ffffff\">Ver todas<br><\/a><\/div>\n\n\n\n<div style=\"height:50px\" class=\"wp-block-spacer\"><\/div>\n\n\n\n<h2 class=\"wp-block-heading\" style=\"text-align:center\">Nuestros patrocinadores<br><\/h2>\n\n\n\n<h3 class=\"block-title-sponsor block-title-gold\">Oro<\/h3>\n<div class=\"block-sponsors block-sponsors-gold\">\n<figure><a href=\"https:\/\/2019.zaragoza.wordcamp.org\/sponsor\/jetpack\/\"> <img data-recalc-dims=\"1\" loading=\"lazy\" decoding=\"async\" src=\"https:\/\/i0.wp.com\/2019.zaragoza.wordcamp.org\/files\/2018\/08\/Jetpack_Horizontal_RGB-1.png?resize=525%2C144&#038;ssl=1\" alt=\"JetPack\" width=\"525\" height=\"144\"> <\/a><\/figure>\n<figure><a href=\"https:\/\/2019.zaragoza.wordcamp.org\/sponsor\/woocommerce\/\"> <img data-recalc-dims=\"1\" loading=\"lazy\" decoding=\"async\" src=\"https:\/\/i0.wp.com\/2019.zaragoza.wordcamp.org\/files\/2018\/08\/woocommerce_logo.png?resize=432%2C87&#038;ssl=1\" alt=\"WooCommerce\" width=\"432\" height=\"87\"> <\/a><\/figure>\n<figure><a href=\"https:\/\/2019.zaragoza.wordcamp.org\/sponsor\/siteground\/\"> <img data-recalc-dims=\"1\" loading=\"lazy\" decoding=\"async\" src=\"https:\/\/i0.wp.com\/2019.zaragoza.wordcamp.org\/files\/2018\/10\/siteground-logo.png?resize=428%2C87&#038;ssl=1\" alt=\"SiteGround\" width=\"428\" height=\"87\"> <\/a><\/figure>\n<figure><a href=\"https:\/\/2019.zaragoza.wordcamp.org\/sponsor\/gravity-forms\/\"> <img data-recalc-dims=\"1\" loading=\"lazy\" decoding=\"async\" src=\"https:\/\/i0.wp.com\/2019.zaragoza.wordcamp.org\/files\/2018\/10\/gravityforms_logo.png?resize=423%2C110&#038;ssl=1\" alt=\"Rocketgenius\" width=\"423\" height=\"110\"> <\/a><\/figure>\n<\/div>\n<h3 class=\"block-title-sponsor block-title-silver\">Plata<\/h3>\n<div class=\"block-sponsors block-sponsors-silver\">\n<figure><a href=\"https:\/\/2019.zaragoza.wordcamp.org\/sponsor\/arsys\/\"> <img data-recalc-dims=\"1\" loading=\"lazy\" decoding=\"async\" src=\"https:\/\/i0.wp.com\/2019.zaragoza.wordcamp.org\/files\/2018\/10\/arsys-logo.png?resize=328%2C91&#038;ssl=1\" alt=\"Arsys\" width=\"328\" height=\"91\"> <\/a><\/figure>\n<figure><a href=\"https:\/\/2019.zaragoza.wordcamp.org\/sponsor\/godaddy\/\"> <img data-recalc-dims=\"1\" loading=\"lazy\" decoding=\"async\" src=\"https:\/\/i0.wp.com\/2019.zaragoza.wordcamp.org\/files\/2018\/08\/GoDaddy_Pro_RGB_Full_B2.png?resize=400%2C91&#038;ssl=1\" alt=\"GoDaddy Pro\" width=\"400\" height=\"91\"> <\/a><\/figure>\n<figure><a href=\"https:\/\/2019.zaragoza.wordcamp.org\/sponsor\/yith\/\"> <img data-recalc-dims=\"1\" loading=\"lazy\" decoding=\"async\" src=\"https:\/\/i0.wp.com\/2019.zaragoza.wordcamp.org\/files\/2018\/11\/yith-wczgz.png?resize=170%2C110&#038;ssl=1\" alt=\"Yith\" width=\"170\" height=\"110\"> <\/a><\/figure>\n<figure><a href=\"https:\/\/2019.zaragoza.wordcamp.org\/sponsor\/bluehost\/\"> <img data-recalc-dims=\"1\" loading=\"lazy\" decoding=\"async\" src=\"https:\/\/i0.wp.com\/2019.zaragoza.wordcamp.org\/files\/2018\/08\/bh_logo_2015.png?resize=525%2C110&#038;ssl=1\" alt=\"Bluehost\" width=\"525\" height=\"110\"> <\/a><\/figure>\n<figure><a href=\"https:\/\/2019.zaragoza.wordcamp.org\/sponsor\/regalos-personales\/\"> <img data-recalc-dims=\"1\" loading=\"lazy\" decoding=\"async\" src=\"https:\/\/i0.wp.com\/2019.zaragoza.wordcamp.org\/files\/2019\/01\/logo-regalos-personales.png?resize=525%2C127&#038;ssl=1\" alt=\"Regalos Personales\" width=\"525\" height=\"127\"> <\/a><\/figure>\n<figure><a href=\"https:\/\/2019.zaragoza.wordcamp.org\/sponsor\/webempresa\/\"> <img data-recalc-dims=\"1\" loading=\"lazy\" decoding=\"async\" src=\"https:\/\/i0.wp.com\/2019.zaragoza.wordcamp.org\/files\/2019\/01\/webempresa-hosting-wp.png?resize=395%2C100&#038;ssl=1\" alt=\"Regalos Personales\" width=\"395\" height=\"100\"> <\/a><\/figure>\n<\/div>\n<h3 class=\"block-title-sponsor block-title-bronze\">Bronce<\/h3>\n<div class=\"block-sponsors block-sponsors-bronze\">\n<figure><a href=\"https:\/\/2019.zaragoza.wordcamp.org\/sponsor\/weglot\/\"> <img data-recalc-dims=\"1\" loading=\"lazy\" decoding=\"async\" src=\"https:\/\/i0.wp.com\/2019.zaragoza.wordcamp.org\/files\/2018\/10\/Weglot-WordCamp-logo.png?resize=311%2C87&#038;ssl=1\" alt=\"Weglot\" width=\"311\" height=\"87\"> <\/a><\/figure>\n<figure><a href=\"https:\/\/2019.zaragoza.wordcamp.org\/sponsor\/gravity-flow\/\"> <img data-recalc-dims=\"1\" loading=\"lazy\" decoding=\"async\" src=\"https:\/\/i0.wp.com\/2019.zaragoza.wordcamp.org\/files\/2018\/10\/Gravity-Flow.png?resize=442%2C56&#038;ssl=1\" alt=\"Gravity Flow\" width=\"442\" height=\"56\"> <\/a><\/figure>\n<figure><a href=\"https:\/\/2019.zaragoza.wordcamp.org\/sponsor\/boludacom\/\"> <img data-recalc-dims=\"1\" loading=\"lazy\" decoding=\"async\" src=\"https:\/\/i0.wp.com\/2019.zaragoza.wordcamp.org\/files\/2018\/10\/boludacom.png?resize=439%2C50&#038;ssl=1\" alt=\"Boluda.com\" width=\"439\" height=\"50\"> <\/a><\/figure>\n<figure><a href=\"https:\/\/2019.zaragoza.wordcamp.org\/sponsor\/yoast-academy\/\"> <img data-recalc-dims=\"1\" loading=\"lazy\" decoding=\"async\" src=\"https:\/\/i0.wp.com\/2019.zaragoza.wordcamp.org\/files\/2018\/10\/Yoast_Academy.png?resize=400%2C87&#038;ssl=1\" alt=\"Yoast Academy\" width=\"400\" height=\"87\"> <\/a><\/figure>\n<figure><a href=\"https:\/\/2019.zaragoza.wordcamp.org\/sponsor\/aula-cm\/\"> <img data-recalc-dims=\"1\" loading=\"lazy\" decoding=\"async\" src=\"https:\/\/i0.wp.com\/2019.zaragoza.wordcamp.org\/files\/2018\/11\/aulacm-formacion-digital.png?resize=397%2C148&#038;ssl=1\" alt=\"Aula CM Zaragoza\" width=\"397\" height=\"148\"> <\/a><\/figure>\n<figure><a href=\"https:\/\/2019.zaragoza.wordcamp.org\/sponsor\/aura-restaurante\/\"> <img data-recalc-dims=\"1\" loading=\"lazy\" decoding=\"async\" src=\"https:\/\/i0.wp.com\/2019.zaragoza.wordcamp.org\/files\/2018\/12\/Group.png?resize=482%2C120&#038;ssl=1\" alt=\"Aura Restaurante\" width=\"482\" height=\"120\"> <\/a><\/figure>\n<figure><a href=\"https:\/\/2019.zaragoza.wordcamp.org\/sponsor\/cafes-el-criollo\/\"> <img data-recalc-dims=\"1\" loading=\"lazy\" decoding=\"async\" src=\"https:\/\/i0.wp.com\/2019.zaragoza.wordcamp.org\/files\/2019\/01\/logo-crillo.png?resize=359%2C120&#038;ssl=1\" alt=\"Caf\u00e9s el Criollo\" width=\"359\" height=\"120\"> <\/a><\/figure>\n<figure><a href=\"https:\/\/2019.zaragoza.wordcamp.org\/sponsor\/desafio-digital-video-y-consultoria-web\/\"> <img data-recalc-dims=\"1\" loading=\"lazy\" decoding=\"async\" src=\"https:\/\/i0.wp.com\/2019.zaragoza.wordcamp.org\/files\/2019\/01\/logo-desafio-digital.png?resize=384%2C85&#038;ssl=1\" alt=\"Desaf\u00edo Digital\" width=\"384\" height=\"85\"> <\/a><\/figure>\n<\/div>\n<h3 class=\"block-title-sponsor block-title-collaborator\">Colaboradores<\/h3>\n<div class=\"block-sponsors block-sponsors-collaborator\">\n<figure><a href=\"https:\/\/2019.zaragoza.wordcamp.org\/sponsor\/sticker-mule\/\"> <img data-recalc-dims=\"1\" loading=\"lazy\" decoding=\"async\" src=\"https:\/\/i0.wp.com\/2019.zaragoza.wordcamp.org\/files\/2018\/12\/logo-sticker-mule.png?resize=297%2C172&#038;ssl=1\" alt=\"Stickermule\" width=\"297\" height=\"172\"> <\/a><\/figure>\n<figure><a href=\"https:\/\/2019.zaragoza.wordcamp.org\/sponsor\/enjoy-concept\/\"> <img data-recalc-dims=\"1\" loading=\"lazy\" decoding=\"async\" src=\"https:\/\/i0.wp.com\/2019.zaragoza.wordcamp.org\/files\/2018\/12\/enjoy-concept.png?resize=346%2C172&#038;ssl=1\" alt=\"Enjoy Concept\" width=\"346\" height=\"172\"> <\/a><\/figure>\n<figure><a href=\"https:\/\/2019.zaragoza.wordcamp.org\/sponsor\/rock-and-blues\/\"> <img data-recalc-dims=\"1\" loading=\"lazy\" decoding=\"async\" src=\"https:\/\/i0.wp.com\/2019.zaragoza.wordcamp.org\/files\/2019\/01\/rockandblues-zaragoza.png?resize=218%2C157&#038;ssl=1\" alt=\"Rock &amp; Blues\" width=\"218\" height=\"157\"> <\/a><\/figure>\n<figure><a href=\"https:\/\/2019.zaragoza.wordcamp.org\/sponsor\/regus\/\"> <img data-recalc-dims=\"1\" loading=\"lazy\" decoding=\"async\" src=\"https:\/\/i0.wp.com\/2019.zaragoza.wordcamp.org\/files\/2019\/01\/regus-zaragoza-logo.png?resize=303%2C157&#038;ssl=1\" alt=\"Regus\" width=\"303\" height=\"157\"> <\/a><\/figure>\n<figure><a href=\"https:\/\/2019.zaragoza.wordcamp.org\/sponsor\/atmosfera-eventos\/\"> <img data-recalc-dims=\"1\" loading=\"lazy\" decoding=\"async\" src=\"https:\/\/i0.wp.com\/2019.zaragoza.wordcamp.org\/files\/2019\/01\/Logo-Atmosfera-Eventos-10-aniv.png?resize=354%2C174&#038;ssl=1\" alt=\"Atm\u00f3sfera eventos\" width=\"354\" height=\"174\"> <\/a><\/figure>\n<figure class=\"doble\"><a href=\"https:\/\/2019.zaragoza.wordcamp.org\/sponsor\/etopia-centro-de-arte-y-tecnologia\/\"> <img data-recalc-dims=\"1\" loading=\"lazy\" decoding=\"async\" src=\"https:\/\/i0.wp.com\/2019.zaragoza.wordcamp.org\/files\/2018\/12\/logo_ayto-etopia.png?resize=525%2C83&#038;ssl=1\" alt=\"Etopia\" width=\"525\" height=\"83\"> <\/a><\/figure>\n<figure><a href=\"https:\/\/2019.zaragoza.wordcamp.org\/sponsor\/cervezas-ambar\/\"><img data-recalc-dims=\"1\" loading=\"lazy\" decoding=\"async\" src=\"https:\/\/i0.wp.com\/2019.zaragoza.wordcamp.org\/files\/2019\/01\/logo-ambar-red.png?resize=419%2C85&#038;ssl=1\" alt=\"Cervezas Ambar\" width=\"419\" height=\"85\"><\/a><\/figure>\n<figure>\n<a href=\"https:\/\/2019.zaragoza.wordcamp.org\/sponsor\/bananawork\/\"><img data-recalc-dims=\"1\" loading=\"lazy\" decoding=\"async\" src=\"https:\/\/i0.wp.com\/2019.zaragoza.wordcamp.org\/files\/2019\/01\/Logo-Bananawork-PNG.png?resize=300%2C140&#038;ssl=1\" alt=\"tienda de ropa de trabajo\" width=\"300\" height=\"140\"> <\/a><\/figure>\n<figure>\n<a href=\"https:\/\/2019.zaragoza.wordcamp.org\/sponsor\/muybueanidea\/\"><img data-recalc-dims=\"1\" loading=\"lazy\" decoding=\"async\" src=\"https:\/\/i0.wp.com\/2019.zaragoza.wordcamp.org\/files\/2019\/01\/Logo-Muybuenaidea-PNG.png?resize=300%2C140&#038;ssl=1\" alt=\"regalos de empresa\" width=\"300\" height=\"140\"> <\/a><\/figure>\n<figure><a href=\"https:\/\/2019.zaragoza.wordcamp.org\/sponsor\/imprentaonline-net\/\"><img data-recalc-dims=\"1\" loading=\"lazy\" decoding=\"async\" src=\"https:\/\/i0.wp.com\/2019.zaragoza.wordcamp.org\/files\/2019\/01\/logo-imprentaonline.png?resize=300%2C149&#038;ssl=1\" alt=\"ImprentaOnline.net\" width=\"300\" height=\"149\"><\/a><\/figure>\n<\/div>\n<div class=\"wp-block-button aligncenter is-style-squared small\"><a class=\"wp-block-button__link has-text-color has-background has-vivid-red-background-color\" style=\"color: #ffffff\" href=\"https:\/\/2019.zaragoza.wordcamp.org\/patrocinadores\/\">Conoce a todos nuestros patrocinadores<\/a><\/div>\n","protected":false},"excerpt":{"rendered":"<p>Comprar mi entrada Ver programa y ponentes Conoce a nuestros patrocinadores \u00a1Se acerca WordCamp Zaragoza! Un emocionante evento de aprendizaje, contactos y diversi\u00f3n. \u00danete a nosotros en un viaje de 2 d\u00edas, 26 y 27 de enero, a trav\u00e9s de las entra\u00f1as de WordPress. \u00daltimas noticias Nuestros patrocinadores<\/p>\n","protected":false},"author":6642423,"featured_media":0,"parent":0,"menu_order":0,"comment_status":"closed","ping_status":"open","template":"","meta":{"_crdt_document":"","jetpack_post_was_ever_published":false,"footnotes":""},"class_list":["post-2","page","type-page","status-publish","hentry"],"jetpack_sharing_enabled":true,"jetpack_shortlink":"https:\/\/wp.me\/Pab3v4-2","jetpack_likes_enabled":true,"jetpack-related-posts":[],"_links":{"self":[{"href":"https:\/\/zaragoza.wordcamp.org\/2019\/wp-json\/wp\/v2\/pages\/2","targetHints":{"allow":["GET"]}}],"collection":[{"href":"https:\/\/zaragoza.wordcamp.org\/2019\/wp-json\/wp\/v2\/pages"}],"about":[{"href":"https:\/\/zaragoza.wordcamp.org\/2019\/wp-json\/wp\/v2\/types\/page"}],"author":[{"embeddable":true,"href":"https:\/\/zaragoza.wordcamp.org\/2019\/wp-json\/wp\/v2\/users\/6642423"}],"replies":[{"embeddable":true,"href":"https:\/\/zaragoza.wordcamp.org\/2019\/wp-json\/wp\/v2\/comments?post=2"}],"version-history":[{"count":52,"href":"https:\/\/zaragoza.wordcamp.org\/2019\/wp-json\/wp\/v2\/pages\/2\/revisions"}],"predecessor-version":[{"id":2646,"href":"https:\/\/zaragoza.wordcamp.org\/2019\/wp-json\/wp\/v2\/pages\/2\/revisions\/2646"}],"wp:attachment":[{"href":"https:\/\/zaragoza.wordcamp.org\/2019\/wp-json\/wp\/v2\/media?parent=2"}],"curies":[{"name":"wp","href":"https:\/\/api.w.org\/{rel}","templated":true}]}}