{"id":19,"date":"2018-08-02T10:10:28","date_gmt":"2018-08-02T10:10:28","guid":{"rendered":"https:\/\/2019.zaragoza.wordcamp.org\/code-of-conduct\/"},"modified":"2018-10-05T13:09:15","modified_gmt":"2018-10-05T11:09:15","slug":"codigo-de-conducta","status":"publish","type":"page","link":"https:\/\/zaragoza.wordcamp.org\/2019\/codigo-de-conducta\/","title":{"rendered":"C\u00f3digo de conducta"},"content":{"rendered":"\n<h2 class=\"wp-block-heading\">Prop\u00f3sito<\/h2>\n\n\n\n<p class=\"wp-block-paragraph\">WordCamp Zaragoza cree en una comunidad abierta a todo el mundo. Como tal, estamos comprometidos a proporcionar un ambiente amigable, seguro y acogedor para todos; independientemente de su sexo, orientaci\u00f3n sexual, discapacidad, etnia, religi\u00f3n, sistema operativo preferido, lenguaje de programaci\u00f3n o editor de texto.<\/p>\n\n\n\n<p class=\"wp-block-paragraph\">Este c\u00f3digo de conducta resume nuestras expectativas para el comportamiento de los participantes, as\u00ed como las consecuencias para el comportamiento inaceptable.<\/p>\n\n\n\n<p class=\"wp-block-paragraph\">Instamos a todos los patrocinadores, voluntarios, conferenciantes, asistentes y otros participantes para ayudar a tener una experiencia de evento segura y agradable para todos.<\/p>\n\n\n\n<h2 class=\"wp-block-heading\">Ciudadan\u00eda <em>Open Source<\/em><br \/><\/h2>\n\n\n\n<p class=\"wp-block-paragraph\">Un objetivo adicional de este c\u00f3digo de conducta es incrementar la ciudadan\u00eda de c\u00f3digo abierto alentando a los participantes a reconocer y fortalecer las relaciones entre lo que hacemos y la comunidad en general.<\/p>\n\n\n\n<p class=\"wp-block-paragraph\">En el servicio de este objetivo, los organizadores de WordCamp Zaragoza recoger\u00e1n candidaturas de ciudadanos ejemplares a lo largo de todo el evento y reconocer\u00e1n selectos participantes despu\u00e9s del evento en el sitio web.<\/p>\n\n\n\n<p class=\"wp-block-paragraph\">Si ves a alguien que est\u00e1 haciendo un esfuerzo extra para asegurar que nuestra comunidad resulte acogedora, amable, y que anima a todos los participantes a contribuir en la mayor medida posible, lo queremos saber.<\/p>\n\n\n\n<p class=\"wp-block-paragraph\">Puedes nominar a alguien en la mesa de registro o dici\u00e9ndolo a alg\u00fan miembro de la organizaci\u00f3n.<\/p>\n\n\n\n<h2 class=\"wp-block-heading\">Comportamiento esperado<br \/><\/h2>\n\n\n\n<ul class=\"wp-block-list\"><li>Ser considerado, respetuoso y colaborativo.<\/li><li>Abstenerse de comportamiento degradante, discriminatorio o de acoso y el habla.<\/li><li>Ser consciente del entorno y de tus compa\u00f1eros participantes. Alerta a los organizadores si observas una situaci\u00f3n peligrosa o alguien en apuros.<\/li><li>Participa de una manera aut\u00e9ntica y activa. Al hacerlo, est\u00e1s ayudando a que WordCamp Zaragoza sea una realidad.<\/li><\/ul>\n\n\n\n<h2 class=\"wp-block-heading\">Comportamiento inaceptable<br \/><\/h2>\n\n\n\n<p class=\"wp-block-paragraph\">Como comportamientos inaceptables se incluyen: intimidatorio, acosador, abusivo, conducta discriminatoria, despectiva o degradante por cualquier asistente de WordCamp Zaragoza y actividades relacionadas. El lugar donde se realiza WordCamp Zaragoza es un lugar emblem\u00e1tico y puede ser compartido con otros visitantes; por favor, se respetuoso con todos los visitantes de este lugar y con el propio entorno.<\/p>\n\n\n\n<p class=\"wp-block-paragraph\">El acoso incluye: comentarios verbales ofensivos relacionados con el g\u00e9nero, la orientaci\u00f3n sexual, la raza, la religi\u00f3n, la discapacidad; uso inadecuado de desnudez y\/o im\u00e1genes sexuales en espacios p\u00fablicos (incluyendo diapositivas de la presentaci\u00f3n); intimidaci\u00f3n deliberada, acecho o acosar con fotograf\u00eda o grabaci\u00f3n; interrupci\u00f3n sostenida de charlas y otros eventos; contacto f\u00edsico inapropiado y atenci\u00f3n sexual no deseada.<\/p>\n\n\n\n<h3 class=\"wp-block-heading\">Consecuencias de un comportamiento inaceptable<br \/><\/h3>\n\n\n\n<p class=\"wp-block-paragraph\">El comportamiento inaceptable no ser\u00e1 tolerado sea por los asistentes, organizadores, personal local, patrocinadores u otros patronos de lugares WordCamp Zaragoza.<\/p>\n\n\n\n<p class=\"wp-block-paragraph\">Se espera que cualquiera cumpla inmediatamente en caso de que se le llame a la atenci\u00f3n por un comportamiento inaceptable.<\/p>\n\n\n\n<p class=\"wp-block-paragraph\">Si un participante se involucra en una conducta inaceptable, los organizadores del evento pueden tomar cualquier acci\u00f3n que consideren apropiada, inclusive la expulsi\u00f3n del evento sin previo aviso o reembolso.<\/p>\n\n\n\n<h3 class=\"wp-block-heading\">\u00bfQu\u00e9 hacer si eres testigo de un comportamiento inaceptable?<br \/><\/h3>\n\n\n\n<p class=\"wp-block-paragraph\">Si est\u00e1s involucrado en un comportamiento inaceptable, eres testigo de otra persona con dicho comportamiento o tienes otras preocupaciones, por favor avisa a un organizador tan pronto como sea posible.<\/p>\n\n\n\n<p class=\"wp-block-paragraph\">El equipo de WordCamp Zaragoza estar\u00e1 disponible para ayudar a los participantes de contactos de seguridad local o para ofrecer cualquier tipo de ayuda a aquellos que experimentan un comportamiento inaceptable.<\/p>\n\n\n\n<p class=\"wp-block-paragraph\">Durante el evento, los voluntarios vestir\u00e1n diferente al resto de asistentes. Cualquier voluntario puede ponerte en contacto con un organizador del evento. Tambi\u00e9n puedes venir a la mesa de inscripci\u00f3n en el vest\u00edbulo y preguntar por los organizadores.<\/p>\n\n\n\n<h2 class=\"wp-block-heading\">\u00c1mbito de aplicaci\u00f3n<br \/><\/h2>\n\n\n\n<p class=\"wp-block-paragraph\">Esperamos que todos los participantes del evento (patrocinadores, voluntarios, conferenciantes, asistentes y otros invitados) cumplan con el c\u00f3digo de conducta en todas las salas de conferencias y actividades relacionadas con la conferencia.<\/p>\n\n\n\n<h2 class=\"wp-block-heading\">Informaci\u00f3n de contacto<br \/><\/h2>\n\n\n\n<p class=\"wp-block-paragraph\">Si te ves en la necesidad de contactar con nosotros, <a href=\"https:\/\/2019.zaragoza.wordcamp.org\/contacta\/\">esta p\u00e1gina<\/a> tiene toda la informaci\u00f3n necesaria.<\/p>\n\n\n\n<h2 class=\"wp-block-heading\">Licencia y atribuci\u00f3n<br \/><\/h2>\n\n\n\n<p class=\"wp-block-paragraph\">Este c\u00f3digo de conducta es una copia directa del impresionante trabajo del Open Source Bridge, pero sustituido con nuestra informaci\u00f3n del evento. El original est\u00e1 disponible en<br \/><a href=\"http:\/\/opensourcebridge.org\/about\/code-of-conduct\/\">http:\/\/opensourcebridge.org\/about\/code-of-conduct\/<\/a> y est\u00e1 liberado bajo una <a href=\"http:\/\/creativecommons.org\/licenses\/by-sa\/3.0\/\">Licencia de Creative Commons Attribution-ShareAlike.<\/a><\/p>\n","protected":false},"excerpt":{"rendered":"<p>Prop\u00f3sito WordCamp Zaragoza cree en una comunidad abierta a todo el mundo. Como tal, estamos comprometidos a proporcionar un ambiente amigable, seguro y acogedor para todos; independientemente de su sexo, orientaci\u00f3n sexual, discapacidad, etnia, religi\u00f3n, sistema operativo preferido, lenguaje de programaci\u00f3n o editor de texto. Este c\u00f3digo de conducta resume nuestras expectativas para el comportamiento &hellip; <\/p>\n<p class=\"link-more\"><a href=\"https:\/\/zaragoza.wordcamp.org\/2019\/codigo-de-conducta\/\" class=\"more-link\">Continuar leyendo<span class=\"screen-reader-text\"> \u00abC\u00f3digo de conducta\u00bb<\/span><\/a><\/p>\n","protected":false},"author":6642423,"featured_media":0,"parent":0,"menu_order":0,"comment_status":"closed","ping_status":"closed","template":"","meta":{"_crdt_document":"","jetpack_post_was_ever_published":false,"footnotes":""},"class_list":["post-19","page","type-page","status-publish","hentry"],"jetpack_sharing_enabled":true,"jetpack_shortlink":"https:\/\/wp.me\/Pab3v4-j","jetpack_likes_enabled":true,"jetpack-related-posts":[{"id":2022,"url":"https:\/\/zaragoza.wordcamp.org\/2019\/contributor-day-wordcamp\/","url_meta":{"origin":19,"position":0},"title":"Contributor Day. \u00bfQu\u00e9 es y por qu\u00e9 tienes que venir?","author":"Priscilla Bocage","date":"5 enero, 2019","format":false,"excerpt":"Has visto en el programa que la WordCamp es un evento que se divide en dos d\u00edas y que el segundo es el \"Contributor Day\". \u00bfQu\u00e9 es el Contributor Day? El Contributor Day se suele celebrar el segundo d\u00eda de una WordCamp. En la WordCamp Zaragoza 2019 , tendr\u00e1 lugar\u2026","rel":"","context":"Entrada similar","block_context":{"text":"Entrada similar","link":""},"img":{"alt_text":"","src":"https:\/\/i0.wp.com\/zaragoza.wordcamp.org\/2019\/files\/2019\/01\/cover-contributor-day.png?fit=650%2C250&ssl=1&resize=350%2C200","width":350,"height":200,"srcset":"https:\/\/i0.wp.com\/zaragoza.wordcamp.org\/2019\/files\/2019\/01\/cover-contributor-day.png?fit=650%2C250&ssl=1&resize=350%2C200 1x, https:\/\/i0.wp.com\/zaragoza.wordcamp.org\/2019\/files\/2019\/01\/cover-contributor-day.png?fit=650%2C250&ssl=1&resize=525%2C300 1.5x"},"classes":[]},{"id":13,"url":"https:\/\/zaragoza.wordcamp.org\/2019\/tickets\/","url_meta":{"origin":19,"position":1},"title":"Tickets: Compra tu entradaPreguntas frecuentes\u2026","author":"Alejandro Gil Mialdea","date":"5 diciembre, 2018","format":false,"excerpt":"Tickets: Compra tu entradaPreguntas frecuentes Tickets Preguntas frecuentes Entrada \"Asistente\", Entrada \"Estudiante \/ en Desempleo\" o Entrada \"Fila 0\" \u00bfqu\u00e9 incluye cada una?WordCamp es para TODOS los p\u00fablicos. Perfiles \"Tech\" y \"Editor\"... \u00bfqu\u00e9 significan?\u00bfPor qu\u00e9 no se ve mi avatar?\u00bfQu\u00e9 es el \"Contributor Day?\u00bfVienes desde otra ciudad a Zaragoza? Descuento\u2026","rel":"","context":"Entrada similar","block_context":{"text":"Entrada similar","link":""},"img":{"alt_text":"","src":"https:\/\/i0.wp.com\/zaragoza.wordcamp.org\/2019\/files\/2018\/10\/cropped-wczgz19-favicon.png?fit=512%2C512&resize=350%2C200#038;ssl=1","width":350,"height":200},"classes":[]}],"_links":{"self":[{"href":"https:\/\/zaragoza.wordcamp.org\/2019\/wp-json\/wp\/v2\/pages\/19","targetHints":{"allow":["GET"]}}],"collection":[{"href":"https:\/\/zaragoza.wordcamp.org\/2019\/wp-json\/wp\/v2\/pages"}],"about":[{"href":"https:\/\/zaragoza.wordcamp.org\/2019\/wp-json\/wp\/v2\/types\/page"}],"author":[{"embeddable":true,"href":"https:\/\/zaragoza.wordcamp.org\/2019\/wp-json\/wp\/v2\/users\/6642423"}],"replies":[{"embeddable":true,"href":"https:\/\/zaragoza.wordcamp.org\/2019\/wp-json\/wp\/v2\/comments?post=19"}],"version-history":[{"count":2,"href":"https:\/\/zaragoza.wordcamp.org\/2019\/wp-json\/wp\/v2\/pages\/19\/revisions"}],"predecessor-version":[{"id":203,"href":"https:\/\/zaragoza.wordcamp.org\/2019\/wp-json\/wp\/v2\/pages\/19\/revisions\/203"}],"wp:attachment":[{"href":"https:\/\/zaragoza.wordcamp.org\/2019\/wp-json\/wp\/v2\/media?parent=19"}],"curies":[{"name":"wp","href":"https:\/\/api.w.org\/{rel}","templated":true}]}}