{"id":13,"date":"2018-12-05T10:00:35","date_gmt":"2018-12-05T09:00:35","guid":{"rendered":"https:\/\/2019.zaragoza.wordcamp.org\/?page_id=13"},"modified":"2019-04-22T09:31:13","modified_gmt":"2019-04-22T07:31:13","slug":"tickets","status":"publish","type":"page","link":"https:\/\/zaragoza.wordcamp.org\/2019\/tickets\/","title":{"rendered":""},"content":{"rendered":"\n<ul class=\"listamenu wp-block-list\"><li><a href=\"#comprar\">Tickets: Compra tu entrada<\/a><\/li><li><a href=\"#faq\">Preguntas frecuentes<\/a><\/li><\/ul>\n\n\n\n<h2 class=\"wp-block-heading\" id=\"comprar\">Tickets<\/h2>\n\n\n<a href=\"https:\/\/zaragoza.wordcamp.org\/2019\/tickets\/\">Por favor, ve esta p\u00e1gina en un navegador para hacer una compra o gestionar entradas.<\/a>\n\n\n\n<h2 class=\"wp-block-heading\" id=\"faq\">Preguntas frecuentes<br><\/h2>\n\n\n\n<ol class=\"listatoc wp-block-list\"><li><a href=\"#que-se-incluye\">Entrada \u00abAsistente\u00bb, Entrada \u00abEstudiante \/ en Desempleo\u00bb o Entrada \u00abFila 0\u00bb \u00bfqu\u00e9 incluye cada una?<\/a><\/li><li><a href=\"#perfiles\">WordCamp es para TODOS los p\u00fablicos. Perfiles \u00abTech\u00bb y \u00abEditor\u00bb&#8230; \u00bfqu\u00e9 significan?<\/a><\/li><li><a href=\"#avatar\">\u00bfPor qu\u00e9 no se ve mi avatar?<\/a><\/li><li><a href=\"#contributor-day\">\u00bfQu\u00e9 es el \u00abContributor Day?<\/a><\/li><li><a href=\"#descuento-renfe\">\u00bfVienes desde otra ciudad a Zaragoza? Descuento en Renfe.<\/a><\/li><li><a href=\"https:\/\/2019.zaragoza.wordcamp.org\/tickets\/#factura\">\u00bfC\u00f3mo puedo solicitar factura?<\/a><br><\/li><li><a href=\"#notas\">Notas adicionales<\/a><\/li><\/ol>\n\n\n\n<h3 class=\"wp-block-heading\" id=\"que-se-incluye\">1) \u00bfQu\u00e9 incluye cada entrada?<\/h3>\n\n\n\n<p class=\"wp-block-paragraph\"><strong>La entrada \u00abAsistente\u00bb de 20 \u20ac incluye:<\/strong><\/p>\n\n\n\n<ul class=\"wp-block-list\"><li>Acceso a todo el evento (s\u00e1bado y domingo), a todas sus ponencias, talleres, d\u00eda de la comunidad y actividades ofrecidas por ponentes de primer nivel.<\/li><li>Coffee break (descanso para el caf\u00e9) por la ma\u00f1ana para activarnos.<\/li><li>Comida (lunch) en comunidad para reponer fuerzas y hacer networking, intercambiar ideas y conocer a otros profesionales (s\u00e1bado y domingo).<\/li><li>Coffee break (no tenemos siesta pero s\u00ed caf\u00e9) por la tarde<\/li><li>Acceso al After Party que celebraremos en la noche del s\u00e1bado.<\/li><li>Y otras sorpresas que nos ofrecer\u00e1n nuestro patrocinadores.<\/li><\/ul>\n\n\n\n<p class=\"wp-block-paragraph\"><strong>Si est\u00e1s en desempleo o eres estudiante igual o menor a 26 a\u00f1os:<\/strong><\/p>\n\n\n\n<p class=\"wp-block-paragraph\">Puedes inscribirte con este tipo de entrada que incluye un 50% de descuento. Una vez te hayas inscrito <strong>no olvides<\/strong>&nbsp;env\u00edarnos tu comprobante (tu tarjeta de demandante de empleo, un carn\u00e9 de estudiante, o similar) para que se haga efectiva a trav\u00e9s de <a href=\"https:\/\/goo.gl\/forms\/oCBngowsR5XE7TRH3\" target=\"_blank\" rel=\"noreferrer noopener\">este formulario<\/a>.<br><\/p>\n\n\n\n<p class=\"wp-block-paragraph\">\u00bfQu\u00e9 incluye? La entrada incluye ex\u00e1ctamente lo mismo que la entrada \u00abAsistente\u00bb. Son id\u00e9nticas. La \u00fanica diferencia es que solo podr\u00e1 solicitarse <span style=\"color:#BB0000\">factura a t\u00edtulo personal<\/span>, nunca a nombre de empresa.<br><\/p>\n\n\n\n<p class=\"wp-block-paragraph\"><strong>La entrada \u00abFila 0\u00bb de 20 \u20ac incluye:<\/strong><\/p>\n\n\n\n<p class=\"wp-block-paragraph\">Si no puedes asistir al evento, pero quieres formar parte de WordCamp Zaragoza 2019 apoyando a la comunidad ma\u00f1a&#8230; \u00a1\u00e9sta es tu entrada!<\/p>\n\n\n\n<ul class=\"wp-block-list\"><li>Ser\u00e1s uno m\u00e1s en el apartado de asistentes al evento. (Debes marcarlo al comprar tu entrada).<\/li><li>Recibir\u00e1s una acreditaci\u00f3n conmemorativa por correo a tu domicilio.<\/li><li>Agradecimiento en Twitter.<\/li><\/ul>\n\n\n\n<p class=\"wp-block-paragraph\" style=\"font-size:12px;text-align:center\"><a href=\"#main\">\u2191 Subir arriba<br><\/a><\/p>\n\n\n\n<h3 class=\"wp-block-heading\" id=\"perfiles\">2) WordCamp es para TODOS los p\u00fablicos. Perfiles \u00abTech\u00bb y \u00abEditor\u00bb&#8230; \u00bfqu\u00e9 significan?<\/h3>\n\n\n\n<p class=\"wp-block-paragraph\">WordCamp es para todo tipo de personas que utilicen WordPress; para usuarios y gestores de contenido, para desarrolladores, etc. De hecho, cuando compres tu entrada te preguntaremos tu perfil, esto nos permitir\u00e1 conocer m\u00e1s qu\u00e9 tipo de p\u00fablico vendr\u00e1 al evento: Tech | Editor<\/p>\n\n\n\n<ul class=\"wp-block-list\"><li><strong>Editor<\/strong>:<br>Este perfil estar\u00e1 enfocada en aquellos temas m\u00e1s asequibles a todo tipo de usuario: copywriting, gesti\u00f3n de contenidos, blog, dise\u00f1o, negocio, marketing y comunidad.<\/li><li><strong>Tech<\/strong>:<br>Este perfil estar\u00e1n m\u00e1s enfocados a temas sobre programaci\u00f3n HTML, CSS, PHP, jQuery, etc; sobre servidores; es decir, m\u00e1s t\u00e9cnicos \u2014 pero no por ellos exclusivos para expertos, pueden ser de un nivel de iniciaci\u00f3n para aquellos que quieran empezar en estos temas.<\/li><\/ul>\n\n\n\n<p class=\"wp-block-paragraph\" style=\"font-size:12px;text-align:center\"><a href=\"#main\">\u2191 Subir arriba<br><\/a><\/p>\n\n\n\n<h3 class=\"wp-block-heading\" id=\"avatar\"><strong>3) \u00bfPor qu\u00e9 no se ve mi avatar?<\/strong><\/h3>\n\n\n\n<p class=\"wp-block-paragraph\">\u00bfEntras en el listado de asistentes y no se ve tu foto? Si es as\u00ed, tampoco se ver\u00e1 en tu acreditaci\u00f3n.<\/p>\n\n\n\n<p class=\"wp-block-paragraph\"> Utilizamos el famoso sistema <a href=\"https:\/\/es.gravatar.com\/\">Gravatar<\/a> para mostrar la foto\/avatar de los asistentes tanto en la p\u00e1gina de asistentes como en su propia acreditaci\u00f3n. Si quieres que tu foto aparezca en el listado y acreditaci\u00f3n, basta con crear una cuenta y asignarle tu avatar o foto al correo electr\u00f3nico que utilizar\u00e1s para adquirir tu entrada.<\/p>\n\n\n\n<p class=\"wp-block-paragraph\" style=\"font-size:12px;text-align:center\"><a href=\"#main\">\u2191 Subir arriba<br><\/a><\/p>\n\n\n\n<h3 class=\"wp-block-heading\" id=\"contributor-day\">4) \u00bfQu\u00e9 es el \u00abContributor Day\u00bb?<br><\/h3>\n\n\n\n<p class=\"wp-block-paragraph\">Ser\u00e1 el domingo 27 de enero. Tras un d\u00eda de conferencias y de aprender; este es un d\u00eda dedicado a <strong>colaborar y compartir tu tiempo<\/strong> para seguir haciendo de WordPress lo que es.<\/p>\n\n\n\n<p class=\"wp-block-paragraph\">\u00bfQu\u00e9 se puede hacer en un Contributor Day?<br><\/p>\n\n\n\n<ul class=\"wp-block-list\"><li>Colaborar con el core de WordPress, por ejemplo a nivel de seguridad, aprender m\u00e1s sobre Gutenberg, etc.<br><\/li><li>Aprender\/Ayudar a revisar temas<\/li><li>Aprender\/Ayudar a revisar plugins<\/li><li>Aprender\/Traducir WordPress, temas y plugins a otros idiomas<\/li><li>Aprender\/Ofrecer ayuda a otros que quieran contribuir en WordPress<\/li><\/ul>\n\n\n\n<p class=\"wp-block-paragraph\" style=\"font-size:12px;text-align:center\"><a href=\"#main\">\u2191 Subir arriba<br><\/a><\/p>\n\n\n\n<h3 class=\"wp-block-heading\" id=\"descuento-renfe\">5) \u00bfVienes desde otra lugar a Zaragoza?<br><\/h3>\n\n\n\n<p class=\"wp-block-paragraph\">\u00bfVienes desde otra ciudad a Zaragoza? Consulta la secci\u00f3n \u00ab<a href=\"https:\/\/2019.zaragoza.wordcamp.org\/como-llegar-a-zaragoza\/\" target=\"_blank\" rel=\"noreferrer noopener\">C\u00f3mo llegar a Zaragoza<\/a>\u00bb de nuestra web.<\/p>\n\n\n\n<p class=\"wp-block-paragraph\">Recuerda que, adem\u00e1s, todos los asistentes ten\u00e9is un <strong>descuento de un 30 %<\/strong> de descuento en tu billete de tren Alta Velocidad \/ Larga Distancia de Renfe. Marca el check al comprar tu entrada para recibirlo (no es un proceso autom\u00e1tico, tardaremos 24\/48 horas en envi\u00e1rtelo). <a rel=\"noreferrer noopener\" href=\"https:\/\/2019.zaragoza.wordcamp.org\/como-llegar-a-zaragoza\/#renfe\" target=\"_blank\">M\u00e1s informaci\u00f3n<\/a><br><\/p>\n\n\n\n<p class=\"wp-block-paragraph\" style=\"font-size:12px;text-align:center\"><a href=\"#main\">\u2191 Subir arriba<br><\/a><\/p>\n\n\n\n<h3 class=\"wp-block-heading\" id=\"factura\">6) \u00bfC\u00f3mo puedo solicitar factura?<br><\/h3>\n\n\n\n<p class=\"has-text-color has-cyan-bluish-gray-color wp-block-paragraph\">Para solicitar factura puedes enviarnos un mensaje a trav\u00e9s de la p\u00e1gina de <a href=\"https:\/\/2019.zaragoza.wordcamp.org\/contacta\/\">contacto<\/a> escrib\u00edendonos el nombre de cada uno de los asistentes a incluir en la factura y tus datos de facturaci\u00f3n (Raz\u00f3n social, NIF y direcci\u00f3n fiscal completa). S\u00f3lo hasta el 31 de marzo.<\/p>\n\n\n\n<p class=\"wp-block-paragraph\" style=\"font-size:12px;text-align:center\"><a href=\"#main\">\u2191 Subir arriba<br><\/a><\/p>\n\n\n\n<h3 class=\"wp-block-heading\" id=\"notas\">7) Notas aclaratorias<br><\/h3>\n\n\n\n<p class=\"wp-block-paragraph\">* Si quieres asistir al d\u00eda de comunidad (Contributor Day) m\u00e1rcalo cuando rellenes los datos para tu entrada.<\/p>\n\n\n\n<p class=\"wp-block-paragraph\">** Aunque la \u00fanica forma de pago sea PayPal o Stripe, no necesitas estar registrado en ninguna de estas plataformas, podr\u00e1s pagar con tu tarjeta de d\u00e9bito o cr\u00e9dito habitual.<br><\/p>\n\n\n\n<p class=\"wp-block-paragraph\">*** Aviso para voluntarios y ponentes: No adquieras tu entrada sin hablar con nosotros. <a href=\"https:\/\/2019.zaragoza.wordcamp.org\/contacta\/\">Contact\u00e1nos<\/a>.<br><\/p>\n\n\n\n<p class=\"wp-block-paragraph\">**** Las entradas son personales e intransferibles. Si por alguna raz\u00f3n no puedes asistir al evento, puedes solicitar el reembolso hasta el d\u00eda 19 de enero de 2019.<br><\/p>\n\n\n\n<p class=\"wp-block-paragraph\" style=\"font-size:12px;text-align:center\"><a href=\"#main\">\u2191 Subir arriba<br><\/a><\/p>\n","protected":false},"excerpt":{"rendered":"<p>Tickets: Compra tu entrada Preguntas frecuentes Tickets Preguntas frecuentes Entrada \u00abAsistente\u00bb, Entrada \u00abEstudiante \/ en Desempleo\u00bb o Entrada \u00abFila 0\u00bb \u00bfqu\u00e9 incluye cada una? WordCamp es para TODOS los p\u00fablicos. Perfiles \u00abTech\u00bb y \u00abEditor\u00bb&#8230; \u00bfqu\u00e9 significan? \u00bfPor qu\u00e9 no se ve mi avatar? \u00bfQu\u00e9 es el \u00abContributor Day? \u00bfVienes desde otra ciudad a Zaragoza? Descuento &hellip; <\/p>\n<p class=\"link-more\"><a href=\"https:\/\/zaragoza.wordcamp.org\/2019\/tickets\/\" class=\"more-link\">Continuar leyendo<span class=\"screen-reader-text\"> \u00ab\u00bb<\/span><\/a><\/p>\n","protected":false},"author":6642423,"featured_media":0,"parent":0,"menu_order":0,"comment_status":"closed","ping_status":"closed","template":"","meta":{"_crdt_document":"","jetpack_post_was_ever_published":false,"footnotes":""},"class_list":["post-13","page","type-page","status-publish","hentry"],"jetpack_sharing_enabled":true,"jetpack_shortlink":"https:\/\/wp.me\/Pab3v4-d","jetpack_likes_enabled":true,"jetpack-related-posts":[{"id":14,"url":"https:\/\/zaragoza.wordcamp.org\/2019\/asistentes\/","url_meta":{"origin":13,"position":0},"title":"Asistentes","author":"Alejandro Gil Mialdea","date":"2 agosto, 2018","format":false,"excerpt":"Conoce a algunos de los asistentes que, tras comprar su entrada, han mostrado su inter\u00e9s por aparecer en este listado.","rel":"","context":"Entrada similar","block_context":{"text":"Entrada similar","link":""},"img":{"alt_text":"","src":"https:\/\/i0.wp.com\/zaragoza.wordcamp.org\/2019\/files\/2018\/10\/cropped-wczgz19-favicon.png?fit=512%2C512&resize=350%2C200#038;ssl=1","width":350,"height":200},"classes":[]},{"id":2,"url":"https:\/\/zaragoza.wordcamp.org\/2019\/","url_meta":{"origin":13,"position":1},"title":"Comprar mi entrada Ver programa\u2026","author":"Alejandro Gil Mialdea","date":"2 agosto, 2018","format":false,"excerpt":"Comprar mi entrada Ver programa y ponentes Conoce a nuestros patrocinadores \u00a1Se acerca WordCamp Zaragoza! Un emocionante evento de aprendizaje, contactos y diversi\u00f3n. \u00danete a nosotros en un viaje de 2 d\u00edas, 26 y 27 de enero, a trav\u00e9s de las entra\u00f1as de WordPress. \u00daltimas noticias Ver todas Nuestros patrocinadores","rel":"","context":"Entrada similar","block_context":{"text":"Entrada similar","link":""},"img":{"alt_text":"","src":"https:\/\/i0.wp.com\/zaragoza.wordcamp.org\/2019\/files\/2018\/10\/cropped-wczgz19-favicon.png?fit=512%2C512&resize=350%2C200#038;ssl=1","width":350,"height":200},"classes":[]},{"id":11,"url":"https:\/\/zaragoza.wordcamp.org\/2019\/ubicacion\/","url_meta":{"origin":13,"position":2},"title":"Lugar del evento","author":"Alejandro Gil Mialdea","date":"2 agosto, 2018","format":false,"excerpt":"El lugar elegido para WordCamp Zaragoza 2019 es el edificio ETOPIA Centro de Arte y Tecnolog\u00eda; un equipamiento de nueva generaci\u00f3n dise\u00f1ado para albergar y promover proyectos creativos y emprendedores. Un lugar para investigar, aprender, probar, contar, pasear, compartir. Un espacio reservado para la cultura contempor\u00e1nea. Un espacio abierto a\u2026","rel":"","context":"Entrada similar","block_context":{"text":"Entrada similar","link":""},"img":{"alt_text":"","src":"https:\/\/i0.wp.com\/2019.zaragoza.wordcamp.org\/files\/2018\/11\/etopia-zaragoza.jpg?resize=350%2C200&ssl=1","width":350,"height":200,"srcset":"https:\/\/i0.wp.com\/2019.zaragoza.wordcamp.org\/files\/2018\/11\/etopia-zaragoza.jpg?resize=350%2C200&ssl=1 1x, https:\/\/i0.wp.com\/2019.zaragoza.wordcamp.org\/files\/2018\/11\/etopia-zaragoza.jpg?resize=525%2C300&ssl=1 1.5x, https:\/\/i0.wp.com\/2019.zaragoza.wordcamp.org\/files\/2018\/11\/etopia-zaragoza.jpg?resize=700%2C400&ssl=1 2x, https:\/\/i0.wp.com\/2019.zaragoza.wordcamp.org\/files\/2018\/11\/etopia-zaragoza.jpg?resize=1050%2C600&ssl=1 3x, https:\/\/i0.wp.com\/2019.zaragoza.wordcamp.org\/files\/2018\/11\/etopia-zaragoza.jpg?resize=1400%2C800&ssl=1 4x"},"classes":[]},{"id":7,"url":"https:\/\/zaragoza.wordcamp.org\/2019\/programa\/","url_meta":{"origin":13,"position":3},"title":"Programa","author":"Alejandro Gil Mialdea","date":"2 agosto, 2018","format":false,"excerpt":"S\u00e1bado, 26 de Enero Descarga el programa del WordCamp Zaragoza 2019 Domingo, 27 de Enero Tras el s\u00e1bado 26, d\u00eda de conferencias y de aprender, toca el d\u00eda de la contribuci\u00f3n, dedicado a colaborar y compartir tu tiempo con la comunidad para seguir haciendo de WordPress lo que es. \u00bfQuieres\u2026","rel":"","context":"Entrada similar","block_context":{"text":"Entrada similar","link":""},"img":{"alt_text":"","src":"https:\/\/i0.wp.com\/zaragoza.wordcamp.org\/2019\/files\/2018\/10\/cropped-wczgz19-favicon.png?fit=512%2C512&resize=350%2C200#038;ssl=1","width":350,"height":200},"classes":[]},{"id":1020,"url":"https:\/\/zaragoza.wordcamp.org\/2019\/como-llegar-a-zaragoza\/","url_meta":{"origin":13,"position":4},"title":"\u00bfC\u00f3mo llegar a Zaragoza?","author":"Priscilla Bocage","date":"5 diciembre, 2018","format":false,"excerpt":"Situaci\u00f3n geogr\u00e1fica de ZaragozaVenir en avi\u00f3nVuelos directos a ZaragozaVuelos a Madrid, Barcelona o ValenciaVenir a Zaragoza en trenDescuento RENFEVenir en busMadrid \u00ab\u00bb ZaragozaBarcelona \u00ab\u00bb ZaragozaValencia \u00ab\u00bb ZaragozaBilbao \u00ab\u00bb ZaragozaVenir en cocheUsar servicios para compartir cocheAparcamiento en Zaragoza Todos los caminos llevan a\u2026 Caesaraugusta. Zaragoza es la quinta ciudad espa\u00f1ola a\u2026","rel":"","context":"Entrada similar","block_context":{"text":"Entrada similar","link":""},"img":{"alt_text":"","src":"https:\/\/i0.wp.com\/zaragoza.wordcamp.org\/2019\/files\/2018\/11\/Zaragoza-ciudad-estrategia-1.png?resize=350%2C200&ssl=1","width":350,"height":200,"srcset":"https:\/\/i0.wp.com\/zaragoza.wordcamp.org\/2019\/files\/2018\/11\/Zaragoza-ciudad-estrategia-1.png?resize=350%2C200&ssl=1 1x, https:\/\/i0.wp.com\/zaragoza.wordcamp.org\/2019\/files\/2018\/11\/Zaragoza-ciudad-estrategia-1.png?resize=525%2C300&ssl=1 1.5x, https:\/\/i0.wp.com\/zaragoza.wordcamp.org\/2019\/files\/2018\/11\/Zaragoza-ciudad-estrategia-1.png?resize=700%2C400&ssl=1 2x"},"classes":[]}],"_links":{"self":[{"href":"https:\/\/zaragoza.wordcamp.org\/2019\/wp-json\/wp\/v2\/pages\/13","targetHints":{"allow":["GET"]}}],"collection":[{"href":"https:\/\/zaragoza.wordcamp.org\/2019\/wp-json\/wp\/v2\/pages"}],"about":[{"href":"https:\/\/zaragoza.wordcamp.org\/2019\/wp-json\/wp\/v2\/types\/page"}],"author":[{"embeddable":true,"href":"https:\/\/zaragoza.wordcamp.org\/2019\/wp-json\/wp\/v2\/users\/6642423"}],"replies":[{"embeddable":true,"href":"https:\/\/zaragoza.wordcamp.org\/2019\/wp-json\/wp\/v2\/comments?post=13"}],"version-history":[{"count":54,"href":"https:\/\/zaragoza.wordcamp.org\/2019\/wp-json\/wp\/v2\/pages\/13\/revisions"}],"predecessor-version":[{"id":2872,"href":"https:\/\/zaragoza.wordcamp.org\/2019\/wp-json\/wp\/v2\/pages\/13\/revisions\/2872"}],"wp:attachment":[{"href":"https:\/\/zaragoza.wordcamp.org\/2019\/wp-json\/wp\/v2\/media?parent=13"}],"curies":[{"name":"wp","href":"https:\/\/api.w.org\/{rel}","templated":true}]}}