{"id":12,"date":"2018-08-02T10:10:28","date_gmt":"2018-08-02T10:10:28","guid":{"rendered":"https:\/\/2019.zaragoza.wordcamp.org\/organizers\/"},"modified":"2018-11-12T19:34:22","modified_gmt":"2018-11-12T18:34:22","slug":"organizadores","status":"publish","type":"page","link":"https:\/\/zaragoza.wordcamp.org\/2019\/organizadores\/","title":{"rendered":"Organizadores"},"content":{"rendered":"\t<div class=\"wcorg-organizers\">\n\n\t\t\n\t\t\t<div class=\"wcorg-organizer\">\n\t\t\t\t<h2>Israel Escuer<\/h2>\n\t\t\t\t<div class=\"wcorg-organizer-description\">\n\t\t\t\t\t\t\t\t\t\t<img alt='' src='https:\/\/secure.gravatar.com\/avatar\/5b84f22795b463bd1364b159795c18e6a6beb1e9daacc8337bf69d966b623964?s=100&#038;d=mm&#038;r=g' srcset='https:\/\/secure.gravatar.com\/avatar\/5b84f22795b463bd1364b159795c18e6a6beb1e9daacc8337bf69d966b623964?s=200&#038;d=mm&#038;r=g 2x' class='avatar avatar-100 photo' height='100' width='100' \/>\t\t\t\t\tDefensor de las Blackberrys, Desarrollador web con WordPress y WooCommerce, Html5, css3, Javascript, y mucho mas.\t\t\t\t<\/div>\n\t\t\t<\/div>\n\n\t\t\n\t\t\t<div class=\"wcorg-organizer\">\n\t\t\t\t<h2>Alejandro Gil<\/h2>\n\t\t\t\t<div class=\"wcorg-organizer-description\">\n\t\t\t\t\t\t\t\t\t\t<img alt='' src='https:\/\/secure.gravatar.com\/avatar\/43f5f65fc5cc7cda34ec315a19a294411cbe017b72aae3250c1123397354eac0?s=100&#038;d=mm&#038;r=g' srcset='https:\/\/secure.gravatar.com\/avatar\/43f5f65fc5cc7cda34ec315a19a294411cbe017b72aae3250c1123397354eac0?s=200&#038;d=mm&#038;r=g 2x' class='avatar avatar-100 photo' height='100' width='100' \/>\t\t\t\t\t<p>Especialista en WordPress. <span lang=\"an\">Chugando con o suyo nuclio dende #TwentyTen<\/span>. Organizador en la comunidad <a href=\"http:\/\/wpzaragoza.es\" rel=\"nofollow\">WordPress Zaragoza<\/a>. Docente en SEAS Formacion, Centro de Tecnolog\u00edas Avanzadas, Aula CM y K\u00fchnel.<\/p>\n\t\t\t\t<\/div>\n\t\t\t<\/div>\n\n\t\t\n\t\t\t<div class=\"wcorg-organizer\">\n\t\t\t\t<h2>C\u00e9sar Frisa<\/h2>\n\t\t\t\t<div class=\"wcorg-organizer-description\">\n\t\t\t\t\t\t\t\t\t\t<img alt='' src='https:\/\/secure.gravatar.com\/avatar\/1b21c2eefc6ee228c19a0d5fb9ceed059bb66f1eaff73b2671ea2c0aa1e9ebfb?s=100&#038;d=mm&#038;r=g' srcset='https:\/\/secure.gravatar.com\/avatar\/1b21c2eefc6ee228c19a0d5fb9ceed059bb66f1eaff73b2671ea2c0aa1e9ebfb?s=200&#038;d=mm&#038;r=g 2x' class='avatar avatar-100 photo' height='100' width='100' \/>\t\t\t\t\t<p>\ud83d\udcbe Al menos, s\u00e9, que en alg\u00fan momento de mi vida, supe programar. Por otro lado, \ud83e\udd10 sigo sin poder hablar&#8230;<\/p>\n\t\t\t\t<\/div>\n\t\t\t<\/div>\n\n\t\t\n\t\t\t<div class=\"wcorg-organizer\">\n\t\t\t\t<h2>Jos\u00e9 J. Peleato Pradel<\/h2>\n\t\t\t\t<div class=\"wcorg-organizer-description\">\n\t\t\t\t\t\t\t\t\t\t<img alt='' src='https:\/\/secure.gravatar.com\/avatar\/ab0b5fc7b101967e8482d015ec8961eecf0ae2191d6a9a1a1821f1ee05bf9fe9?s=100&#038;d=mm&#038;r=g' srcset='https:\/\/secure.gravatar.com\/avatar\/ab0b5fc7b101967e8482d015ec8961eecf0ae2191d6a9a1a1821f1ee05bf9fe9?s=200&#038;d=mm&#038;r=g 2x' class='avatar avatar-100 photo' height='100' width='100' \/>\t\t\t\t\t<p>-Code is poetry- Aprender de la vida y siempre positivo. Full-stack Developer WordPress y PHP\/JS. Co-organizador de la comunidad WordPress Zaragoza.<\/p>\n\t\t\t\t<\/div>\n\t\t\t<\/div>\n\n\t\t\n\t\t\t<div class=\"wcorg-organizer\">\n\t\t\t\t<h2>Priscilla Bocage<\/h2>\n\t\t\t\t<div class=\"wcorg-organizer-description\">\n\t\t\t\t\t\t\t\t\t\t<img alt='' src='https:\/\/secure.gravatar.com\/avatar\/585c133e99c5e8ad84d25f4f3d4d23a28989a3eb735a207f72f538cb7de96eec?s=100&#038;d=mm&#038;r=g' srcset='https:\/\/secure.gravatar.com\/avatar\/585c133e99c5e8ad84d25f4f3d4d23a28989a3eb735a207f72f538cb7de96eec?s=200&#038;d=mm&#038;r=g 2x' class='avatar avatar-100 photo' height='100' width='100' \/>\t\t\t\t\t\n<p class=\"wp-block-paragraph\">Profesional y apasionada del Marketing Digital, SEO, SEM y Anal\u00edtica Web. Aficionada al running, corredora de 10k. Colaboro con la comunidad de WordPress.<\/p>\n\t\t\t\t<\/div>\n\t\t\t<\/div>\n\n\t\t\n\t<\/div><!-- .wcorg-organizers -->\n\t\n","protected":false},"excerpt":{"rendered":"","protected":false},"author":6642423,"featured_media":0,"parent":0,"menu_order":0,"comment_status":"closed","ping_status":"closed","template":"","meta":{"_crdt_document":"","jetpack_post_was_ever_published":false,"footnotes":""},"class_list":["post-12","page","type-page","status-publish","hentry"],"jetpack_sharing_enabled":true,"jetpack_shortlink":"https:\/\/wp.me\/Pab3v4-c","jetpack_likes_enabled":true,"jetpack-related-posts":[{"id":19,"url":"https:\/\/zaragoza.wordcamp.org\/2019\/codigo-de-conducta\/","url_meta":{"origin":12,"position":0},"title":"C\u00f3digo de conducta","author":"Alejandro Gil Mialdea","date":"2 agosto, 2018","format":false,"excerpt":"Prop\u00f3sito WordCamp Zaragoza cree en una comunidad abierta a todo el mundo. Como tal, estamos comprometidos a proporcionar un ambiente amigable, seguro y acogedor para todos; independientemente de su sexo, orientaci\u00f3n sexual, discapacidad, etnia, religi\u00f3n, sistema operativo preferido, lenguaje de programaci\u00f3n o editor de texto. Este c\u00f3digo de conducta resume\u2026","rel":"","context":"Entrada similar","block_context":{"text":"Entrada similar","link":""},"img":{"alt_text":"","src":"https:\/\/i0.wp.com\/zaragoza.wordcamp.org\/2019\/files\/2018\/10\/cropped-wczgz19-favicon.png?fit=512%2C512&resize=350%2C200#038;ssl=1","width":350,"height":200},"classes":[]},{"id":11,"url":"https:\/\/zaragoza.wordcamp.org\/2019\/ubicacion\/","url_meta":{"origin":12,"position":1},"title":"Lugar del evento","author":"Alejandro Gil Mialdea","date":"2 agosto, 2018","format":false,"excerpt":"El lugar elegido para WordCamp Zaragoza 2019 es el edificio ETOPIA Centro de Arte y Tecnolog\u00eda; un equipamiento de nueva generaci\u00f3n dise\u00f1ado para albergar y promover proyectos creativos y emprendedores. Un lugar para investigar, aprender, probar, contar, pasear, compartir. Un espacio reservado para la cultura contempor\u00e1nea. Un espacio abierto a\u2026","rel":"","context":"Entrada similar","block_context":{"text":"Entrada similar","link":""},"img":{"alt_text":"","src":"https:\/\/i0.wp.com\/2019.zaragoza.wordcamp.org\/files\/2018\/11\/etopia-zaragoza.jpg?resize=350%2C200&ssl=1","width":350,"height":200,"srcset":"https:\/\/i0.wp.com\/2019.zaragoza.wordcamp.org\/files\/2018\/11\/etopia-zaragoza.jpg?resize=350%2C200&ssl=1 1x, https:\/\/i0.wp.com\/2019.zaragoza.wordcamp.org\/files\/2018\/11\/etopia-zaragoza.jpg?resize=525%2C300&ssl=1 1.5x, https:\/\/i0.wp.com\/2019.zaragoza.wordcamp.org\/files\/2018\/11\/etopia-zaragoza.jpg?resize=700%2C400&ssl=1 2x, https:\/\/i0.wp.com\/2019.zaragoza.wordcamp.org\/files\/2018\/11\/etopia-zaragoza.jpg?resize=1050%2C600&ssl=1 3x, https:\/\/i0.wp.com\/2019.zaragoza.wordcamp.org\/files\/2018\/11\/etopia-zaragoza.jpg?resize=1400%2C800&ssl=1 4x"},"classes":[]}],"_links":{"self":[{"href":"https:\/\/zaragoza.wordcamp.org\/2019\/wp-json\/wp\/v2\/pages\/12","targetHints":{"allow":["GET"]}}],"collection":[{"href":"https:\/\/zaragoza.wordcamp.org\/2019\/wp-json\/wp\/v2\/pages"}],"about":[{"href":"https:\/\/zaragoza.wordcamp.org\/2019\/wp-json\/wp\/v2\/types\/page"}],"author":[{"embeddable":true,"href":"https:\/\/zaragoza.wordcamp.org\/2019\/wp-json\/wp\/v2\/users\/6642423"}],"replies":[{"embeddable":true,"href":"https:\/\/zaragoza.wordcamp.org\/2019\/wp-json\/wp\/v2\/comments?post=12"}],"version-history":[{"count":1,"href":"https:\/\/zaragoza.wordcamp.org\/2019\/wp-json\/wp\/v2\/pages\/12\/revisions"}],"predecessor-version":[{"id":724,"href":"https:\/\/zaragoza.wordcamp.org\/2019\/wp-json\/wp\/v2\/pages\/12\/revisions\/724"}],"wp:attachment":[{"href":"https:\/\/zaragoza.wordcamp.org\/2019\/wp-json\/wp\/v2\/media?parent=12"}],"curies":[{"name":"wp","href":"https:\/\/api.w.org\/{rel}","templated":true}]}}