{"id":885,"date":"2017-12-02T14:37:47","date_gmt":"2017-12-02T13:37:47","guid":{"rendered":"https:\/\/2018.zaragoza.wordcamp.org\/?page_id=885"},"modified":"2017-12-02T14:37:47","modified_gmt":"2017-12-02T13:37:47","slug":"super-asistentes","status":"publish","type":"page","link":"https:\/\/zaragoza.wordcamp.org\/2018\/super-asistentes\/","title":{"rendered":"S\u00faper asistentes"},"content":{"rendered":"\t\t<div id=\"tix-attendees\">\n\t\t\t<ul class=\"tix-attendee-list tix-columns-3\">\n\t\t\t\t<li><img alt='' src='https:\/\/secure.gravatar.com\/avatar\/990c838729404e7a91904ded7b68a945b4d746301337bd2e2681c057a9aee08d?s=96&#038;d=mm&#038;r=g' srcset='https:\/\/secure.gravatar.com\/avatar\/990c838729404e7a91904ded7b68a945b4d746301337bd2e2681c057a9aee08d?s=192&#038;d=mm&#038;r=g 2x' class='avatar avatar-96 photo' height='96' width='96' loading='lazy' decoding='async'\/>\n\t\t\t\t\t\t<div class=\"tix-field tix-attendee-name\">\n\t\t\t\t\t\t\t<span class=\"tix-first\">Fernando<\/span> <span class=\"tix-last\">Faci Lucia<\/span>\t\t\t\t\t\t<\/div>\n\n\t\t\t\t\t\t\n\t\t\t\t\t\t<a class=\"tix-field tix-attendee-twitter\" href=\"http:\/\/twitter.com\/fernandofaci\">@fernandofaci<\/a><a class=\"tix-field tix-attendee-url tix-pagina-web\" href=\"http:\/\/www.adide.org\">adide.org<\/a><\/li><li><img alt='' src='https:\/\/secure.gravatar.com\/avatar\/a32b4c4fa59cb821c50a288a273d1593859c53ca5f90dd2a1791418c29ab7e0b?s=96&#038;d=mm&#038;r=g' srcset='https:\/\/secure.gravatar.com\/avatar\/a32b4c4fa59cb821c50a288a273d1593859c53ca5f90dd2a1791418c29ab7e0b?s=192&#038;d=mm&#038;r=g 2x' class='avatar avatar-96 photo' height='96' width='96' loading='lazy' decoding='async'\/>\n\t\t\t\t\t\t<div class=\"tix-field tix-attendee-name\">\n\t\t\t\t\t\t\t<span class=\"tix-first\">Javier<\/span> <span class=\"tix-last\">Casares<\/span>\t\t\t\t\t\t<\/div>\n\n\t\t\t\t\t\t\n\t\t\t\t\t\t<a class=\"tix-field tix-attendee-twitter\" href=\"http:\/\/twitter.com\/JavierCasares\">@JavierCasares<\/a><a class=\"tix-field tix-attendee-url tix-pagina-web\" href=\"https:\/\/www.javiercasares.com\/\">javiercasares.com<\/a><\/li><li><img alt='' src='https:\/\/secure.gravatar.com\/avatar\/e22d5d0ca811eed6d858bb14a9f6800dedc643cca67abdd8b02a5968ea59b786?s=96&#038;d=mm&#038;r=g' srcset='https:\/\/secure.gravatar.com\/avatar\/e22d5d0ca811eed6d858bb14a9f6800dedc643cca67abdd8b02a5968ea59b786?s=192&#038;d=mm&#038;r=g 2x' class='avatar avatar-96 photo' height='96' width='96' loading='lazy' decoding='async'\/>\n\t\t\t\t\t\t<div class=\"tix-field tix-attendee-name\">\n\t\t\t\t\t\t\t<span class=\"tix-first\">Joaquin<\/span> <span class=\"tix-last\">Fabregat<\/span>\t\t\t\t\t\t<\/div>\n\n\t\t\t\t\t\t\n\t\t\t\t\t\t<a class=\"tix-field tix-attendee-twitter\" href=\"http:\/\/twitter.com\/JoaquimFabregat\">@JoaquimFabregat<\/a><a class=\"tix-field tix-attendee-url tix-pagina-web\" href=\"http:\/\/redcoop.es\">redcoop.es<\/a><\/li><li><img alt='' src='https:\/\/secure.gravatar.com\/avatar\/fb2e23959a09b11c9057b7bce54fdea715410a159837699579b627756621e31f?s=96&#038;d=mm&#038;r=g' srcset='https:\/\/secure.gravatar.com\/avatar\/fb2e23959a09b11c9057b7bce54fdea715410a159837699579b627756621e31f?s=192&#038;d=mm&#038;r=g 2x' class='avatar avatar-96 photo' height='96' width='96' loading='lazy' decoding='async'\/>\n\t\t\t\t\t\t<div class=\"tix-field tix-attendee-name\">\n\t\t\t\t\t\t\t<span class=\"tix-first\">Lorenzo J.<\/span> <span class=\"tix-last\">Ib\u00e1\u00f1ez Espiago<\/span>\t\t\t\t\t\t<\/div>\n\n\t\t\t\t\t\t\n\t\t\t\t\t\t<a class=\"tix-field tix-attendee-twitter\" href=\"http:\/\/twitter.com\/zaragusta\">@zaragusta<\/a><a class=\"tix-field tix-attendee-url tix-pagina-web\" href=\"http:\/\/zaragusta.com\">zaragusta.com<\/a><\/li><li><img alt='' src='https:\/\/secure.gravatar.com\/avatar\/df3d6efd8e425a9eb328b55edfea428a1492c6661a767c87ef6c49a70575c0c4?s=96&#038;d=mm&#038;r=g' srcset='https:\/\/secure.gravatar.com\/avatar\/df3d6efd8e425a9eb328b55edfea428a1492c6661a767c87ef6c49a70575c0c4?s=192&#038;d=mm&#038;r=g 2x' class='avatar avatar-96 photo' height='96' width='96' loading='lazy' decoding='async'\/>\n\t\t\t\t\t\t<div class=\"tix-field tix-attendee-name\">\n\t\t\t\t\t\t\t<span class=\"tix-first\">Sara<\/span> <span class=\"tix-last\">Lorenzo Gonz\u00e1lez<\/span>\t\t\t\t\t\t<\/div>\n\n\t\t\t\t\t\t\n\t\t\t\t\t\t<a class=\"tix-field tix-attendee-twitter\" href=\"http:\/\/twitter.com\/SaraLorenzo_SL\">@SaraLorenzo_SL<\/a><a class=\"tix-field tix-attendee-url tix-pagina-web\" href=\"http:\/\/saralorenzog.com\/\">saralorenzog.com<\/a><\/li><li><img alt='' src='https:\/\/secure.gravatar.com\/avatar\/9fb3f991e1294b1ea877fa2b38bfcf05375631be551306cf603f7e4f2318de33?s=96&#038;d=mm&#038;r=g' srcset='https:\/\/secure.gravatar.com\/avatar\/9fb3f991e1294b1ea877fa2b38bfcf05375631be551306cf603f7e4f2318de33?s=192&#038;d=mm&#038;r=g 2x' class='avatar avatar-96 photo' height='96' width='96' loading='lazy' decoding='async'\/>\n\t\t\t\t\t\t<div class=\"tix-field tix-attendee-name\">\n\t\t\t\t\t\t\t<span class=\"tix-first\">V\u00edctor<\/span> <span class=\"tix-last\">Jim\u00e9nez Puente<\/span>\t\t\t\t\t\t<\/div>\n\n\t\t\t\t\t\t\n\t\t\t\t\t\t<a class=\"tix-field tix-attendee-twitter\" href=\"http:\/\/twitter.com\/victorjpzgz\">@victorjpzgz<\/a><a class=\"tix-field tix-attendee-url tix-pagina-web\" href=\"https:\/\/www.orix.es\">orix.es<\/a><\/li>\t\t\t<\/ul>\n\t\t<\/div>\n\t\t<br class=\"tix-clear\"\/>\n\t\t\n<h4>Nota aclaratoria:<\/h4>\n<p><strong>\u00bfPor qu\u00e9 no se ve mi avatar?\u00a0<\/strong>Utilizamos el famoso sistema Gravatar para mostrar la foto\/avatar de los asistentes. Si quieres que tu foto aparezca en el listado, basta con crear una cuenta y asignarle tu avatar o foto al correo electr\u00f3nico que has utilizado para adquirir tu entrada.<\/p>\n<p><strong>Date de alta ahora en Gravatar:<\/strong>\u00a0<a href=\"https:\/\/es.gravatar.com\/\" target=\"_blank\" rel=\"noopener\">https:\/\/es.gravatar.com\/<\/a><\/p>\n","protected":false},"excerpt":{"rendered":"<p>Nota aclaratoria: \u00bfPor qu\u00e9 no se ve mi avatar?\u00a0Utilizamos el famoso sistema Gravatar para mostrar la foto\/avatar de los asistentes. Si quieres que tu foto aparezca en el listado, basta con crear una cuenta y asignarle tu avatar o foto al correo electr\u00f3nico que has utilizado para adquirir tu entrada. Date de alta ahora en &hellip; <a href=\"https:\/\/zaragoza.wordcamp.org\/2018\/super-asistentes\/\" class=\"more-link\">Continuar leyendo<span class=\"screen-reader-text\"> \u00abS\u00faper asistentes\u00bb<\/span><\/a><\/p>\n","protected":false},"author":15061605,"featured_media":0,"parent":0,"menu_order":0,"comment_status":"closed","ping_status":"closed","template":"","meta":{"_crdt_document":"","footnotes":""},"class_list":["post-885","page","type-page","status-publish","hentry"],"jetpack_sharing_enabled":true,"jetpack_likes_enabled":true,"jetpack-related-posts":[{"id":14,"url":"https:\/\/zaragoza.wordcamp.org\/2018\/asistentes\/","url_meta":{"origin":885,"position":0},"title":"Asistentes","author":"Alejandro Gil Mialdea","date":"04\/11\/2017","format":false,"excerpt":"Nota aclaratoria: \u00bfPor qu\u00e9 no se ve mi avatar?\u00a0Utilizamos el famoso sistema Gravatar para mostrar la foto\/avatar de los asistentes. Si quieres que tu foto aparezca en el listado, basta con crear una cuenta y asignarle tu avatar o foto al correo electr\u00f3nico que has utilizado para adquirir tu entrada.\u2026","rel":"","context":"Entrada similar","block_context":{"text":"Entrada similar","link":""},"img":{"alt_text":"","src":"https:\/\/i0.wp.com\/zaragoza.wordcamp.org\/2018\/files\/2017\/12\/cropped-wczgz18-favicon.png?fit=512%2C512&resize=350%2C200#038;ssl=1","width":350,"height":200},"classes":[]},{"id":13,"url":"https:\/\/zaragoza.wordcamp.org\/2018\/compra-tu-entrada\/","url_meta":{"origin":885,"position":1},"title":"Compra tu entrada","author":"Alejandro Gil Mialdea","date":"26\/11\/2017","format":false,"excerpt":"Actualizaci\u00f3n 08\/01\/2018 TODAS LAS ENTRADAS AGOTADAS \u00a1Ya est\u00e1n disponibles las entradas para la primera WordCamp Zaragoza en 2018! IMPORTANTE: Las entradas son personales e intransferibles. Si por alguna raz\u00f3n no puedes asistir al evento, puedes solicitar el reembolso hasta el d\u00eda 6 de enero de 2018 o avisarnos y pondremos\u2026","rel":"","context":"Entrada similar","block_context":{"text":"Entrada similar","link":""},"img":{"alt_text":"","src":"https:\/\/i0.wp.com\/zaragoza.wordcamp.org\/2018\/files\/2017\/12\/cropped-wczgz18-favicon.png?fit=512%2C512&resize=350%2C200#038;ssl=1","width":350,"height":200},"classes":[]},{"id":19,"url":"https:\/\/zaragoza.wordcamp.org\/2018\/codigo-de-conducta\/","url_meta":{"origin":885,"position":2},"title":"C\u00f3digo de conducta","author":"Alejandro Gil Mialdea","date":"11\/08\/2017","format":false,"excerpt":"PROP\u00d3SITO WordCamp Zaragoza cree en una comunidad abierta a todo el mundo. Como tal, estamos comprometidos a proporcionar un ambiente amigable, seguro y acogedor para todos; independientemente de su sexo, orientaci\u00f3n sexual, discapacidad, etnia, religi\u00f3n, sistema operativo preferido, lenguaje de programaci\u00f3n o editor de texto. Este c\u00f3digo de conducta resume\u2026","rel":"","context":"Entrada similar","block_context":{"text":"Entrada similar","link":""},"img":{"alt_text":"","src":"https:\/\/i0.wp.com\/zaragoza.wordcamp.org\/2018\/files\/2017\/12\/cropped-wczgz18-favicon.png?fit=512%2C512&resize=350%2C200#038;ssl=1","width":350,"height":200},"classes":[]},{"id":1462,"url":"https:\/\/zaragoza.wordcamp.org\/2018\/voluntarios\/","url_meta":{"origin":885,"position":3},"title":"Voluntarios","author":"jjpeleato","date":"13\/12\/2017","format":false,"excerpt":"Ver lista Voluntari@s de Twitter Alfredo Piqueras Me llamo Alfredo Piqueras y trabajo como aut\u00f3nomo desde 2006 en mi proyecto personal, Espacio Creativo. Me dedico fundamentalmente al desarrollo de p\u00e1ginas web y trabajos de imagen corporativa. Y ahora apostando fuerte por el Marketing on-line y la fotograf\u00eda, a no parar\u2026","rel":"","context":"Entrada similar","block_context":{"text":"Entrada similar","link":""},"img":{"alt_text":"","src":"https:\/\/i0.wp.com\/zaragoza.wordcamp.org\/2018\/files\/2017\/12\/cropped-wczgz18-favicon.png?fit=512%2C512&resize=350%2C200#038;ssl=1","width":350,"height":200},"classes":[]}],"jetpack_shortlink":"https:\/\/wp.me\/PheMyu-eh","_links":{"self":[{"href":"https:\/\/zaragoza.wordcamp.org\/2018\/wp-json\/wp\/v2\/pages\/885","targetHints":{"allow":["GET"]}}],"collection":[{"href":"https:\/\/zaragoza.wordcamp.org\/2018\/wp-json\/wp\/v2\/pages"}],"about":[{"href":"https:\/\/zaragoza.wordcamp.org\/2018\/wp-json\/wp\/v2\/types\/page"}],"author":[{"embeddable":true,"href":"https:\/\/zaragoza.wordcamp.org\/2018\/wp-json\/wp\/v2\/users\/15061605"}],"replies":[{"embeddable":true,"href":"https:\/\/zaragoza.wordcamp.org\/2018\/wp-json\/wp\/v2\/comments?post=885"}],"version-history":[{"count":1,"href":"https:\/\/zaragoza.wordcamp.org\/2018\/wp-json\/wp\/v2\/pages\/885\/revisions"}],"predecessor-version":[{"id":886,"href":"https:\/\/zaragoza.wordcamp.org\/2018\/wp-json\/wp\/v2\/pages\/885\/revisions\/886"}],"wp:attachment":[{"href":"https:\/\/zaragoza.wordcamp.org\/2018\/wp-json\/wp\/v2\/media?parent=885"}],"curies":[{"name":"wp","href":"https:\/\/api.w.org\/{rel}","templated":true}]}}