{"id":2272,"date":"2018-01-12T09:14:22","date_gmt":"2018-01-12T08:14:22","guid":{"rendered":"https:\/\/2018.zaragoza.wordcamp.org\/?page_id=2272"},"modified":"2018-01-12T11:31:44","modified_gmt":"2018-01-12T10:31:44","slug":"after-party","status":"publish","type":"page","link":"https:\/\/zaragoza.wordcamp.org\/2018\/after-party\/","title":{"rendered":"After Party \u00a1miedo!"},"content":{"rendered":"<p>Toda WordCamp tiene un <strong>After Party<\/strong>, evento que asistes, congreso que no puede faltar la fiesta del s\u00e1bado noche, y si, <strong>En Zaragoza \u00a1Tenemos fiesta!<\/strong>.<\/p>\n<p>Despu\u00e9s de un d\u00eda repleto de conocimientos y experiencias, nada mejor que seguir conoci\u00e9ndonos tomando algo con los ponentes, patrocinadores, organizadores y dem\u00e1s participantes<strong>. <\/strong>Por ello, te animamos a que vengas de parranda a partir de las 23:30 del s\u00e1bado 13 por el <a href=\"https:\/\/www.facebook.com\/bocachicagastropub\/\" target=\"_blank\" rel=\"noopener\"><strong>Bocachica Gastro Pub<\/strong><\/a>.<\/p>\n<p><img data-recalc-dims=\"1\" loading=\"lazy\" decoding=\"async\" data-attachment-id=\"2279\" data-permalink=\"https:\/\/zaragoza.wordcamp.org\/2018\/after-party\/bocachica\/\" data-orig-file=\"https:\/\/i0.wp.com\/zaragoza.wordcamp.org\/2018\/files\/2018\/01\/bocachica.jpg?fit=960%2C640&amp;ssl=1\" data-orig-size=\"960,640\" data-comments-opened=\"0\" data-image-meta=\"{&quot;aperture&quot;:&quot;0&quot;,&quot;credit&quot;:&quot;&quot;,&quot;camera&quot;:&quot;&quot;,&quot;caption&quot;:&quot;&quot;,&quot;created_timestamp&quot;:&quot;0&quot;,&quot;copyright&quot;:&quot;&quot;,&quot;focal_length&quot;:&quot;0&quot;,&quot;iso&quot;:&quot;0&quot;,&quot;shutter_speed&quot;:&quot;0&quot;,&quot;title&quot;:&quot;&quot;,&quot;orientation&quot;:&quot;0&quot;}\" data-image-title=\"bocachica\" data-image-description=\"\" data-image-caption=\"\" data-large-file=\"https:\/\/i0.wp.com\/zaragoza.wordcamp.org\/2018\/files\/2018\/01\/bocachica.jpg?fit=840%2C560&amp;ssl=1\" class=\"alignnone wp-image-2279 size-full\" src=\"https:\/\/i0.wp.com\/2018.zaragoza.wordcamp.org\/files\/2018\/01\/bocachica.jpg?resize=840%2C560&#038;ssl=1\" alt=\"\" width=\"840\" height=\"560\" srcset=\"https:\/\/i0.wp.com\/zaragoza.wordcamp.org\/2018\/files\/2018\/01\/bocachica.jpg?w=960&amp;ssl=1 960w, https:\/\/i0.wp.com\/zaragoza.wordcamp.org\/2018\/files\/2018\/01\/bocachica.jpg?resize=300%2C200&amp;ssl=1 300w, https:\/\/i0.wp.com\/zaragoza.wordcamp.org\/2018\/files\/2018\/01\/bocachica.jpg?resize=768%2C512&amp;ssl=1 768w, https:\/\/i0.wp.com\/zaragoza.wordcamp.org\/2018\/files\/2018\/01\/bocachica.jpg?resize=450%2C300&amp;ssl=1 450w\" sizes=\"auto, (max-width: 709px) 85vw, (max-width: 909px) 67vw, (max-width: 1362px) 62vw, 840px\" \/><\/p>\n<p>En la direcci\u00f3n: <strong>Plaza de los sitios, 18<\/strong>, a tan solo 5 minutos andando desde Plaza Espa\u00f1a.<\/p>\n<div class=\"googlemaps\">\n\t\t\t\t<iframe loading=\"lazy\" width=\"800\" height=\"600\" frameborder=\"0\" scrolling=\"no\" marginheight=\"0\" marginwidth=\"0\"  src=\"https:\/\/www.google.com\/maps\/embed?pb=!1m18!1m12!1m3!1d2981.262969315978!2d-0.8816986845660475!3d41.65005997924087!2m3!1f0!2f0!3f0!3m2!1i1024!2i768!4f13.1!3m3!1m2!1s0xd5914ef005e35e9:0xda4e5f11dfacf623!2sPlaza%20los%20Sitios,%2018,%2050001%20Zaragoza!5e0!3m2!1ses!2ses!4v1515743898843\"><\/iframe>\n\t\t\t<\/div>\n<p>Habr\u00e1 pulseras para las personas que asistan, con <strong>descuentos en copas, cervezas y refrescos<\/strong>, adem\u00e1s de muchas diversi\u00f3n, m\u00fasica y sobre todo la mejor gente de la comunidad WordPress <strong>\u00bfTe lo vas a perder?<\/strong><\/p>\n<p><strong>\u00a1Nos vemos en la noche!<\/strong><\/p>\n<p><em><strong>Nota:<\/strong> En el local no hay comida as\u00ed que mejor\u00a0recupera energ\u00edas antes en alguno de los muchos locales de la zona.<\/em><\/p>\n","protected":false},"excerpt":{"rendered":"<p>Toda WordCamp tiene un After Party, evento que asistes, congreso que no puede faltar la fiesta del s\u00e1bado noche, y si, En Zaragoza \u00a1Tenemos fiesta!. Despu\u00e9s de un d\u00eda repleto de conocimientos y experiencias, nada mejor que seguir conoci\u00e9ndonos tomando algo con los ponentes, patrocinadores, organizadores y dem\u00e1s participantes. Por ello, te animamos a que &hellip; <a href=\"https:\/\/zaragoza.wordcamp.org\/2018\/after-party\/\" class=\"more-link\">Continuar leyendo<span class=\"screen-reader-text\"> \u00abAfter Party \u00a1miedo!\u00bb<\/span><\/a><\/p>\n","protected":false},"author":15061605,"featured_media":0,"parent":0,"menu_order":0,"comment_status":"closed","ping_status":"closed","template":"","meta":{"_crdt_document":"","footnotes":""},"class_list":["post-2272","page","type-page","status-publish","hentry"],"jetpack_sharing_enabled":true,"jetpack_likes_enabled":true,"jetpack-related-posts":[{"id":13,"url":"https:\/\/zaragoza.wordcamp.org\/2018\/compra-tu-entrada\/","url_meta":{"origin":2272,"position":0},"title":"Compra tu entrada","author":"Alejandro Gil Mialdea","date":"26\/11\/2017","format":false,"excerpt":"Actualizaci\u00f3n 08\/01\/2018 TODAS LAS ENTRADAS AGOTADAS \u00a1Ya est\u00e1n disponibles las entradas para la primera WordCamp Zaragoza en 2018! IMPORTANTE: Las entradas son personales e intransferibles. Si por alguna raz\u00f3n no puedes asistir al evento, puedes solicitar el reembolso hasta el d\u00eda 6 de enero de 2018 o avisarnos y pondremos\u2026","rel":"","context":"Entrada similar","block_context":{"text":"Entrada similar","link":""},"img":{"alt_text":"","src":"https:\/\/i0.wp.com\/zaragoza.wordcamp.org\/2018\/files\/2017\/12\/cropped-wczgz18-favicon.png?fit=512%2C512&resize=350%2C200#038;ssl=1","width":350,"height":200},"classes":[]},{"id":11,"url":"https:\/\/zaragoza.wordcamp.org\/2018\/ubicacion\/","url_meta":{"origin":2272,"position":1},"title":"Ubicaci\u00f3n: ETOPIA","author":"Alejandro Gil Mialdea","date":"11\/08\/2017","format":false,"excerpt":"El lugar elegido para WordCamp Zaragoza 2018 es ETOPIA Centro de Arte y Tecnolog\u00eda; un equipamiento de nueva generaci\u00f3n dise\u00f1ado para albergar y promover proyectos creativos y emprendedores. Un lugar para investigar, aprender, probar, contar, pasear, compartir. Un espacio reservado para la cultura contempor\u00e1nea. Un espacio abierto a todos los\u2026","rel":"","context":"Entrada similar","block_context":{"text":"Entrada similar","link":""},"img":{"alt_text":"","src":"https:\/\/i0.wp.com\/zaragoza.wordcamp.org\/2018\/files\/2017\/12\/etopia-1.jpg?fit=1200%2C800&ssl=1&resize=350%2C200","width":350,"height":200,"srcset":"https:\/\/i0.wp.com\/zaragoza.wordcamp.org\/2018\/files\/2017\/12\/etopia-1.jpg?fit=1200%2C800&ssl=1&resize=350%2C200 1x, https:\/\/i0.wp.com\/zaragoza.wordcamp.org\/2018\/files\/2017\/12\/etopia-1.jpg?fit=1200%2C800&ssl=1&resize=525%2C300 1.5x, https:\/\/i0.wp.com\/zaragoza.wordcamp.org\/2018\/files\/2017\/12\/etopia-1.jpg?fit=1200%2C800&ssl=1&resize=700%2C400 2x, https:\/\/i0.wp.com\/zaragoza.wordcamp.org\/2018\/files\/2017\/12\/etopia-1.jpg?fit=1200%2C800&ssl=1&resize=1050%2C600 3x"},"classes":[]},{"id":7,"url":"https:\/\/zaragoza.wordcamp.org\/2018\/programa\/","url_meta":{"origin":2272,"position":2},"title":"Programa","author":"Alejandro Gil Mialdea","date":"11\/08\/2017","format":false,"excerpt":"S\u00c1BADO 13 DE ENERO DOMINGO 14 DE ENERO","rel":"","context":"Entrada similar","block_context":{"text":"Entrada similar","link":""},"img":{"alt_text":"","src":"https:\/\/i0.wp.com\/zaragoza.wordcamp.org\/2018\/files\/2017\/12\/cropped-wczgz18-favicon.png?fit=512%2C512&resize=350%2C200#038;ssl=1","width":350,"height":200},"classes":[]},{"id":1462,"url":"https:\/\/zaragoza.wordcamp.org\/2018\/voluntarios\/","url_meta":{"origin":2272,"position":3},"title":"Voluntarios","author":"jjpeleato","date":"13\/12\/2017","format":false,"excerpt":"Ver lista Voluntari@s de Twitter Alfredo Piqueras Me llamo Alfredo Piqueras y trabajo como aut\u00f3nomo desde 2006 en mi proyecto personal, Espacio Creativo. Me dedico fundamentalmente al desarrollo de p\u00e1ginas web y trabajos de imagen corporativa. Y ahora apostando fuerte por el Marketing on-line y la fotograf\u00eda, a no parar\u2026","rel":"","context":"Entrada similar","block_context":{"text":"Entrada similar","link":""},"img":{"alt_text":"","src":"https:\/\/i0.wp.com\/zaragoza.wordcamp.org\/2018\/files\/2017\/12\/cropped-wczgz18-favicon.png?fit=512%2C512&resize=350%2C200#038;ssl=1","width":350,"height":200},"classes":[]},{"id":19,"url":"https:\/\/zaragoza.wordcamp.org\/2018\/codigo-de-conducta\/","url_meta":{"origin":2272,"position":4},"title":"C\u00f3digo de conducta","author":"Alejandro Gil Mialdea","date":"11\/08\/2017","format":false,"excerpt":"PROP\u00d3SITO WordCamp Zaragoza cree en una comunidad abierta a todo el mundo. Como tal, estamos comprometidos a proporcionar un ambiente amigable, seguro y acogedor para todos; independientemente de su sexo, orientaci\u00f3n sexual, discapacidad, etnia, religi\u00f3n, sistema operativo preferido, lenguaje de programaci\u00f3n o editor de texto. Este c\u00f3digo de conducta resume\u2026","rel":"","context":"Entrada similar","block_context":{"text":"Entrada similar","link":""},"img":{"alt_text":"","src":"https:\/\/i0.wp.com\/zaragoza.wordcamp.org\/2018\/files\/2017\/12\/cropped-wczgz18-favicon.png?fit=512%2C512&resize=350%2C200#038;ssl=1","width":350,"height":200},"classes":[]}],"jetpack_shortlink":"https:\/\/wp.me\/PheMyu-AE","_links":{"self":[{"href":"https:\/\/zaragoza.wordcamp.org\/2018\/wp-json\/wp\/v2\/pages\/2272","targetHints":{"allow":["GET"]}}],"collection":[{"href":"https:\/\/zaragoza.wordcamp.org\/2018\/wp-json\/wp\/v2\/pages"}],"about":[{"href":"https:\/\/zaragoza.wordcamp.org\/2018\/wp-json\/wp\/v2\/types\/page"}],"author":[{"embeddable":true,"href":"https:\/\/zaragoza.wordcamp.org\/2018\/wp-json\/wp\/v2\/users\/15061605"}],"replies":[{"embeddable":true,"href":"https:\/\/zaragoza.wordcamp.org\/2018\/wp-json\/wp\/v2\/comments?post=2272"}],"version-history":[{"count":9,"href":"https:\/\/zaragoza.wordcamp.org\/2018\/wp-json\/wp\/v2\/pages\/2272\/revisions"}],"predecessor-version":[{"id":2283,"href":"https:\/\/zaragoza.wordcamp.org\/2018\/wp-json\/wp\/v2\/pages\/2272\/revisions\/2283"}],"wp:attachment":[{"href":"https:\/\/zaragoza.wordcamp.org\/2018\/wp-json\/wp\/v2\/media?parent=2272"}],"curies":[{"name":"wp","href":"https:\/\/api.w.org\/{rel}","templated":true}]}}