{"id":19,"date":"2017-08-11T09:17:38","date_gmt":"2017-08-11T09:17:38","guid":{"rendered":"https:\/\/2018.zaragoza.wordcamp.org\/code-of-conduct\/"},"modified":"2018-10-05T13:31:42","modified_gmt":"2018-10-05T11:31:42","slug":"codigo-de-conducta","status":"publish","type":"page","link":"https:\/\/zaragoza.wordcamp.org\/2018\/codigo-de-conducta\/","title":{"rendered":"C\u00f3digo de conducta"},"content":{"rendered":"<h3>PROP\u00d3SITO<\/h3>\n<p>WordCamp Zaragoza cree en una comunidad abierta a todo el mundo. Como tal, estamos comprometidos a proporcionar un ambiente amigable, seguro y acogedor para todos; independientemente de su sexo, orientaci\u00f3n sexual, discapacidad, etnia, religi\u00f3n, sistema operativo preferido, lenguaje de programaci\u00f3n o editor de texto.<\/p>\n<p>Este c\u00f3digo de conducta resume nuestras expectativas para el comportamiento de los participantes, as\u00ed como las consecuencias para el comportamiento inaceptable.<\/p>\n<p>Instamos a todos los patrocinadores, voluntarios, conferenciantes, asistentes y otros participantes para ayudar a tener una experiencia de evento segura y agradable para todos.<\/p>\n<h3>CIUDADAN\u00cdA OPEN SOURCE<\/h3>\n<p>Un objetivo adicional de este c\u00f3digo de conducta es incrementar la ciudadan\u00eda de c\u00f3digo abierto alentando a los participantes a reconocer y fortalecer las relaciones entre lo que hacemos y la comunidad en general.<\/p>\n<p>En el servicio de este objetivo, los organizadores de WordCamp Zaragoza recoger\u00e1n candidaturas de ciudadanos ejemplares a lo largo de todo el evento y reconocer\u00e1n selectos participantes despu\u00e9s del evento en el sitio web.<\/p>\n<p>Si ves a alguien que est\u00e1 haciendo un esfuerzo extra para asegurar que nuestra comunidad resulte acogedora, amable, y que anima a todos los participantes a contribuir en la mayor medida posible, lo queremos saber.<\/p>\n<p>Puedes nominar a alguien en la mesa de registro o dici\u00e9ndolo a alg\u00fan miembro de la organizaci\u00f3n.<\/p>\n<h3>COMPORTAMIENTO ESPERADO<\/h3>\n<ul>\n<li>Ser considerado, respetuoso y colaborativo.<\/li>\n<li>Abstenerse de comportamiento degradante, discriminatorio o de acoso y el habla.<\/li>\n<li>Ser consciente del entorno y de tus compa\u00f1eros participantes. Alerta a los organizadores si observas una situaci\u00f3n peligrosa o alguien en apuros.<\/li>\n<li>Participa de una manera aut\u00e9ntica y activa. Al hacerlo, est\u00e1s ayudando a que WordCamp Zaragoza sea una realidad.<\/li>\n<\/ul>\n<h3>COMPORTAMIENTO INACEPTABLE<\/h3>\n<p>Como comportamientos inaceptables se incluyen: intimidatorio, acosador, abusivo, conducta discriminatoria, despectiva o degradante por cualquier asistente de WordCamp Zaragoza y actividades relacionadas. El lugar donde se realiza WordCamp Zaragoza es un lugar emblem\u00e1tico y puede ser compartido con otros visitantes; por favor, se respetuoso con todos los visitantes de este lugar y con el propio entorno.<\/p>\n<p>El acoso incluye: comentarios verbales ofensivos relacionados con el g\u00e9nero, la orientaci\u00f3n sexual, la raza, la religi\u00f3n, la discapacidad; uso inadecuado de desnudez y\/o im\u00e1genes sexuales en espacios p\u00fablicos (incluyendo diapositivas de la presentaci\u00f3n); intimidaci\u00f3n deliberada, acecho o acosar con fotograf\u00eda o grabaci\u00f3n; interrupci\u00f3n sostenida de charlas y otros eventos; contacto f\u00edsico inapropiado y atenci\u00f3n sexual no deseada.<\/p>\n<h3>CONSECUENCIAS DE UN COMPORTAMIENTO INACEPTABLE<\/h3>\n<p>El comportamiento inaceptable no ser\u00e1 tolerado sea por los asistentes, organizadores, personal local, patrocinadores u otros patronos de lugares WordCamp Zaragoza.<\/p>\n<p>Se espera que cualquiera cumpla inmediatamente en caso de que se le llame a la atenci\u00f3n por un comportamiento inaceptable.<\/p>\n<p>Si un participante se involucra en una conducta inaceptable, los organizadores del evento pueden tomar cualquier acci\u00f3n que consideren apropiada, inclusive la expulsi\u00f3n del evento sin previo aviso o reembolso.<\/p>\n<h3>\u00bfQU\u00c9 HACER SI ERES TESTIGO U OBJETO DE UN COMPORTAMIENTO INACEPTABLE?<\/h3>\n<p>Si est\u00e1s involucrado en un comportamiento inaceptable, eres testigo de otra persona con dicho comportamiento o tienes otras preocupaciones, por favor avisa a un organizador tan pronto como sea posible.<\/p>\n<p>El equipo de WordCamp Zaragoza estar\u00e1 disponible para ayudar a los participantes de contactos de seguridad local o para ofrecer cualquier tipo de ayuda a aquellos que experimentan un comportamiento inaceptable.<\/p>\n<p>Durante el evento, los voluntarios vestir\u00e1n diferente al resto de asistentes. Cualquier voluntario puede ponerte en contacto con un organizador del evento. Tambi\u00e9n puedes venir a la mesa de inscripci\u00f3n en el vest\u00edbulo y preguntar por los organizadores.<\/p>\n<h3>\u00c1MBITO DE APLICACI\u00d3N<\/h3>\n<p>Esperamos que todos los participantes del evento (patrocinadores, voluntarios, conferenciantes, asistentes y otros invitados) cumplan con el c\u00f3digo de conducta en todas las salas de conferencias y actividades relacionadas con la conferencia.<\/p>\n<h3>INFORMACI\u00d3N DE CONTACTO<\/h3>\n<p>Si te ves en la necesidad de contactar con nosotros,&nbsp;<a href=\"https:\/\/2018.zaragoza.wordcamp.org\/contacta\/\">esta p\u00e1gina<\/a>&nbsp;tiene toda la informaci\u00f3n necesaria.<\/p>\n<h3>LICENCIA Y ATRIBUCI\u00d3N<\/h3>\n<p>Este c\u00f3digo de conducta es una copia directa del impresionante trabajo del Open Source Bridge, pero sustituido con nuestra informaci\u00f3n del evento. El original est\u00e1 disponible en<br \/>\n<a href=\"http:\/\/opensourcebridge.org\/about\/code-of-conduct\/\">http:\/\/opensourcebridge.org\/about\/code-of-conduct\/<\/a>&nbsp;y est\u00e1 liberado bajo una&nbsp;<a href=\"http:\/\/creativecommons.org\/licenses\/by-sa\/3.0\/\">Licencia de Creative Commons Attribution-ShareAlike.<\/a><\/p>\n","protected":false},"excerpt":{"rendered":"<p>PROP\u00d3SITO WordCamp Zaragoza cree en una comunidad abierta a todo el mundo. Como tal, estamos comprometidos a proporcionar un ambiente amigable, seguro y acogedor para todos; independientemente de su sexo, orientaci\u00f3n sexual, discapacidad, etnia, religi\u00f3n, sistema operativo preferido, lenguaje de programaci\u00f3n o editor de texto. Este c\u00f3digo de conducta resume nuestras expectativas para el comportamiento &hellip; <a href=\"https:\/\/zaragoza.wordcamp.org\/2018\/codigo-de-conducta\/\" class=\"more-link\">Continuar leyendo<span class=\"screen-reader-text\"> \u00abC\u00f3digo de conducta\u00bb<\/span><\/a><\/p>\n","protected":false},"author":6642423,"featured_media":0,"parent":0,"menu_order":0,"comment_status":"closed","ping_status":"closed","template":"","meta":{"_crdt_document":"","footnotes":""},"class_list":["post-19","page","type-page","status-publish","hentry"],"jetpack_sharing_enabled":true,"jetpack_likes_enabled":true,"jetpack-related-posts":[{"id":2272,"url":"https:\/\/zaragoza.wordcamp.org\/2018\/after-party\/","url_meta":{"origin":19,"position":0},"title":"After Party \u00a1miedo!","author":"jjpeleato","date":"12\/01\/2018","format":false,"excerpt":"Toda WordCamp tiene un After Party, evento que asistes, congreso que no puede faltar la fiesta del s\u00e1bado noche, y si, En Zaragoza \u00a1Tenemos fiesta!. Despu\u00e9s de un d\u00eda repleto de conocimientos y experiencias, nada mejor que seguir conoci\u00e9ndonos tomando algo con los ponentes, patrocinadores, organizadores y dem\u00e1s participantes. Por\u2026","rel":"","context":"Entrada similar","block_context":{"text":"Entrada similar","link":""},"img":{"alt_text":"","src":"https:\/\/i0.wp.com\/2018.zaragoza.wordcamp.org\/files\/2018\/01\/bocachica.jpg?resize=350%2C200&ssl=1","width":350,"height":200,"srcset":"https:\/\/i0.wp.com\/2018.zaragoza.wordcamp.org\/files\/2018\/01\/bocachica.jpg?resize=350%2C200&ssl=1 1x, https:\/\/i0.wp.com\/2018.zaragoza.wordcamp.org\/files\/2018\/01\/bocachica.jpg?resize=525%2C300&ssl=1 1.5x, https:\/\/i0.wp.com\/2018.zaragoza.wordcamp.org\/files\/2018\/01\/bocachica.jpg?resize=700%2C400&ssl=1 2x"},"classes":[]},{"id":1462,"url":"https:\/\/zaragoza.wordcamp.org\/2018\/voluntarios\/","url_meta":{"origin":19,"position":1},"title":"Voluntarios","author":"jjpeleato","date":"13\/12\/2017","format":false,"excerpt":"Ver lista Voluntari@s de Twitter Alfredo Piqueras Me llamo Alfredo Piqueras y trabajo como aut\u00f3nomo desde 2006 en mi proyecto personal, Espacio Creativo. Me dedico fundamentalmente al desarrollo de p\u00e1ginas web y trabajos de imagen corporativa. Y ahora apostando fuerte por el Marketing on-line y la fotograf\u00eda, a no parar\u2026","rel":"","context":"Entrada similar","block_context":{"text":"Entrada similar","link":""},"img":{"alt_text":"","src":"https:\/\/i0.wp.com\/zaragoza.wordcamp.org\/2018\/files\/2017\/12\/cropped-wczgz18-favicon.png?fit=512%2C512&resize=350%2C200#038;ssl=1","width":350,"height":200},"classes":[]},{"id":11,"url":"https:\/\/zaragoza.wordcamp.org\/2018\/ubicacion\/","url_meta":{"origin":19,"position":2},"title":"Ubicaci\u00f3n: ETOPIA","author":"Alejandro Gil Mialdea","date":"11\/08\/2017","format":false,"excerpt":"El lugar elegido para WordCamp Zaragoza 2018 es ETOPIA Centro de Arte y Tecnolog\u00eda; un equipamiento de nueva generaci\u00f3n dise\u00f1ado para albergar y promover proyectos creativos y emprendedores. Un lugar para investigar, aprender, probar, contar, pasear, compartir. Un espacio reservado para la cultura contempor\u00e1nea. Un espacio abierto a todos los\u2026","rel":"","context":"Entrada similar","block_context":{"text":"Entrada similar","link":""},"img":{"alt_text":"","src":"https:\/\/i0.wp.com\/zaragoza.wordcamp.org\/2018\/files\/2017\/12\/etopia-1.jpg?fit=1200%2C800&ssl=1&resize=350%2C200","width":350,"height":200,"srcset":"https:\/\/i0.wp.com\/zaragoza.wordcamp.org\/2018\/files\/2017\/12\/etopia-1.jpg?fit=1200%2C800&ssl=1&resize=350%2C200 1x, https:\/\/i0.wp.com\/zaragoza.wordcamp.org\/2018\/files\/2017\/12\/etopia-1.jpg?fit=1200%2C800&ssl=1&resize=525%2C300 1.5x, https:\/\/i0.wp.com\/zaragoza.wordcamp.org\/2018\/files\/2017\/12\/etopia-1.jpg?fit=1200%2C800&ssl=1&resize=700%2C400 2x, https:\/\/i0.wp.com\/zaragoza.wordcamp.org\/2018\/files\/2017\/12\/etopia-1.jpg?fit=1200%2C800&ssl=1&resize=1050%2C600 3x"},"classes":[]}],"jetpack_shortlink":"https:\/\/wp.me\/PheMyu-j","_links":{"self":[{"href":"https:\/\/zaragoza.wordcamp.org\/2018\/wp-json\/wp\/v2\/pages\/19","targetHints":{"allow":["GET"]}}],"collection":[{"href":"https:\/\/zaragoza.wordcamp.org\/2018\/wp-json\/wp\/v2\/pages"}],"about":[{"href":"https:\/\/zaragoza.wordcamp.org\/2018\/wp-json\/wp\/v2\/types\/page"}],"author":[{"embeddable":true,"href":"https:\/\/zaragoza.wordcamp.org\/2018\/wp-json\/wp\/v2\/users\/6642423"}],"replies":[{"embeddable":true,"href":"https:\/\/zaragoza.wordcamp.org\/2018\/wp-json\/wp\/v2\/comments?post=19"}],"version-history":[{"count":4,"href":"https:\/\/zaragoza.wordcamp.org\/2018\/wp-json\/wp\/v2\/pages\/19\/revisions"}],"predecessor-version":[{"id":2658,"href":"https:\/\/zaragoza.wordcamp.org\/2018\/wp-json\/wp\/v2\/pages\/19\/revisions\/2658"}],"wp:attachment":[{"href":"https:\/\/zaragoza.wordcamp.org\/2018\/wp-json\/wp\/v2\/media?parent=19"}],"curies":[{"name":"wp","href":"https:\/\/api.w.org\/{rel}","templated":true}]}}