{"id":1785,"date":"2018-01-01T09:35:38","date_gmt":"2018-01-01T08:35:38","guid":{"rendered":"https:\/\/2018.zaragoza.wordcamp.org\/?page_id=1785"},"modified":"2018-01-01T11:51:58","modified_gmt":"2018-01-01T10:51:58","slug":"identidad-visual","status":"publish","type":"page","link":"https:\/\/zaragoza.wordcamp.org\/2018\/identidad-visual\/","title":{"rendered":"Identidad visual"},"content":{"rendered":"\r\n<p class=\"wp-block-paragraph\">El conjunto de identidad visual de WordCamp Zaragoza est\u00e1 formado por un imagotipo (logotipo + s\u00edmbolo). Como regla general deber\u00e1n permanecer unidos. Debe mantenerse fiel a las siguientes indicaciones, la proporci\u00f3n, as\u00ed como los colores de sus elementos (logotipo y s\u00edmbolo).<\/p>\r\n\r\n\r\n\r\n<p class=\"wp-block-paragraph\">A continuaci\u00f3n, se indican algunas pautas de utilizaci\u00f3n en sus versiones de dise\u00f1o plano y degradado sobre fondo blanco y en negativo sobre fondos oscuros.<\/p>\r\n\r\n\r\n\r\n<h2 class=\"wp-block-heading\">Logotipo<\/h2>\r\n\r\n\r\n\r\n<p class=\"wp-block-paragraph\">Descargar archivo zip de:<\/p>\r\n\r\n\r\n\r\n<ul class=\"wp-block-list\">\r\n    <li><a href=\"https:\/\/drive.google.com\/file\/d\/13EWy0lRO8A0VleZGMZXcjCakcTsEvLfn\/view?usp=sharing\" target=\"_blank\" rel=\"noopener\">Logotipos en *.EPS<\/a><\/li>\r\n    <li><a href=\"https:\/\/drive.google.com\/open?id=136Hp7_8q6TuPO6zXFY0yrFNkOK09oaJA\" target=\"_blank\" rel=\"noopener\">Llogotipos en *.PNG<\/a><\/li>\r\n    <li><a href=\"https:\/\/drive.google.com\/open?id=1awTI78xEJw5ekLUKvnPYs08dL3ffdf-w\" target=\"_blank\" rel=\"noopener\">Tipograf\u00eda Muller<\/a><br \/><\/li>\r\n<\/ul>\r\n\r\n\r\n\r\n<figure class=\"wp-block-image figurecolors\"><img data-recalc-dims=\"1\" decoding=\"async\" src=\"https:\/\/i0.wp.com\/2018.zaragoza.wordcamp.org\/files\/2017\/12\/versiones-logo-wczgz-suave-1.png?w=840&#038;ssl=1\" alt=\"Logotipo de WCZGZ sobre fondo claro\" \/><\/figure>\r\n\r\n\r\n\r\n<ul class=\"colors\">\r\n    <li class=\"color-negro\">\r\n        <img data-recalc-dims=\"1\" decoding=\"async\" src=\"https:\/\/i0.wp.com\/2018.zaragoza.wordcamp.org\/files\/2017\/12\/color-negro.png?w=840\" alt=\"Muestra de color negro\">\r\n        <strong>Negro<\/strong>\r\n        <br>Pantone Black 6 C\r\n        <br>CMYK 100, 79, 44, 93\r\n        <br>HEX #000000\r\n        <br>RGB 0, 0, 0\r\n    <\/li>\r\n    <li class=\"color-rojo\">\r\n        <img data-recalc-dims=\"1\" decoding=\"async\" src=\"https:\/\/i0.wp.com\/2018.zaragoza.wordcamp.org\/files\/2017\/12\/color-rojo.png?w=840\" alt=\"Muestra de color rojo\">\r\n        <strong>Rojo<\/strong>\r\n        <br>Pantone 186 C\r\n        <br>CMYK 2, 100, 85, 6\r\n        <br>HEX #B5002C\r\n        <br>RGB 181, 0, 44\r\n    <\/li>\r\n    <li class=\"color-naranja\">\r\n        <img data-recalc-dims=\"1\" decoding=\"async\" src=\"https:\/\/i0.wp.com\/2018.zaragoza.wordcamp.org\/files\/2017\/12\/color-naranja.png?w=840\" alt=\"Muestra de color naranja\">\r\n        <strong>Naranja<\/strong>\r\n        <br>Pantone 171 C\r\n        <br>CMYK 0, 61, 72, 0\r\n        <br>HEX #D58654\r\n        <br>RGB 213, 134, 84\r\n    <\/li>\r\n    <li class=\"color-gris1\">\r\n        <img data-recalc-dims=\"1\" decoding=\"async\" src=\"https:\/\/i0.wp.com\/2018.zaragoza.wordcamp.org\/files\/2017\/12\/color-gris-1.png?w=840\" alt=\"Muestra de color gris 1\">\r\n        <strong>Gris 1<\/strong>\r\n        <br>Pantone Warm Gray 7 U\r\n        <br>CMYK 11, 15, 18, 37\r\n        <br>HEX #A19A94\r\n        <br>RGB 161, 154, 148\r\n    <\/li>\r\n    <li class=\"color-blanco\">\r\n        <img data-recalc-dims=\"1\" decoding=\"async\" src=\"https:\/\/i0.wp.com\/2018.zaragoza.wordcamp.org\/files\/2017\/12\/color-blanco.png?w=840\" alt=\"Muestra de color blanco\">\r\n        <strong>Blanco<\/strong>\r\n        <br>Pantone P 1-2 C\r\n        <br>CMYK 0, 0, 9, 0\r\n        <br>HEX #FEFDF1\r\n        <br>RGB 254, 253, 241\r\n    <\/li>\r\n<\/ul>\r\n\r\n\r\n\r\n<figure class=\"wp-block-image figurecolors\"><img decoding=\"async\" src=\"https:\/\/i1.wp.com\/2018.zaragoza.wordcamp.org\/files\/2017\/12\/versiones-logo-wczgz-oscuro.png?fit=840%2C327&amp;ssl=1\" alt=\"Logotipo de WCZGZ sobre fondo oscuro\" \/>\r\n    <figcaption>Descargar ZIP<\/figcaption>\r\n<\/figure>\r\n\r\n\r\n\r\n<ul class=\"colors\">\r\n    <li class=\"color-gris2\">\r\n        <img data-recalc-dims=\"1\" decoding=\"async\" src=\"https:\/\/i0.wp.com\/2018.zaragoza.wordcamp.org\/files\/2017\/12\/color-gris-2.png?w=840\" alt=\"Muestra de color gris 2\">\r\n        <strong>Gris 2<\/strong>\r\n        <br>Pantone 442 UP\r\n        <br>CMYK 31, 12, 19, 3\r\n        <br>HEX #BDCBCC\r\n        <br>RGB 189, 203, 204\r\n    <\/li>\r\n    <li class=\"color-rojo\">\r\n        <img data-recalc-dims=\"1\" decoding=\"async\" src=\"https:\/\/i0.wp.com\/2018.zaragoza.wordcamp.org\/files\/2017\/12\/color-rojo.png?w=840\" alt=\"Muestra de color rojo\">\r\n        <strong>Rojo<\/strong>\r\n        <br>Pantone 186 C\r\n        <br>CMYK 2, 100, 85, 6\r\n        <br>HEX #B5002C\r\n        <br>RGB 181, 0, 44\r\n    <\/li>\r\n    <li class=\"color-naranja\">\r\n        <img data-recalc-dims=\"1\" decoding=\"async\" src=\"https:\/\/i0.wp.com\/2018.zaragoza.wordcamp.org\/files\/2017\/12\/color-naranja.png?w=840\" alt=\"Muestra de color naranja\">\r\n        <strong>Naranja<\/strong>\r\n        <br>Pantone 171 C\r\n        <br>CMYK 0, 61, 72, 0\r\n        <br>HEX #D58654\r\n        <br>RGB 213, 134, 84\r\n    <\/li>\r\n    <li class=\"color-gris3\">\r\n        <img data-recalc-dims=\"1\" decoding=\"async\" src=\"https:\/\/i0.wp.com\/2018.zaragoza.wordcamp.org\/files\/2017\/12\/color-gris-3.png?w=840\" alt=\"Muestra de color gris 3\">\r\n        <strong>Gris 3<\/strong>\r\n        <br>Pantone P 172-8 C\r\n        <br>CMYK 60, 54, 48, 0\r\n        <br>HEX #7A7679\r\n        <br>RGB 122, 118, 121\r\n    <\/li>\r\n    <li class=\"color-blanco\">\r\n        <img data-recalc-dims=\"1\" decoding=\"async\" src=\"https:\/\/i0.wp.com\/2018.zaragoza.wordcamp.org\/files\/2017\/12\/color-negro.png?w=840\" alt=\"Muestra de color negro\">\r\n        <strong>Negro<\/strong>\r\n        <br>Pantone Black 6 C\r\n        <br>CMYK 100, 79, 44, 93\r\n        <br>HEX #000000\r\n        <br>RGB 0, 0, 0\r\n    <\/li>\r\n<\/ul>\r\n","protected":false},"excerpt":{"rendered":"<p>El conjunto de identidad visual de WordCamp Zaragoza est\u00e1 formado por un imagotipo (logotipo + s\u00edmbolo). Como regla general deber\u00e1n permanecer unidos. Debe mantenerse fiel a las siguientes indicaciones, la proporci\u00f3n, as\u00ed como los colores de sus elementos (logotipo y s\u00edmbolo). A continuaci\u00f3n, se indican algunas pautas de utilizaci\u00f3n en sus versiones de dise\u00f1o plano &hellip; <a href=\"https:\/\/zaragoza.wordcamp.org\/2018\/identidad-visual\/\" class=\"more-link\">Continuar leyendo<span class=\"screen-reader-text\"> \u00abIdentidad visual\u00bb<\/span><\/a><\/p>\n","protected":false},"author":6642423,"featured_media":0,"parent":0,"menu_order":0,"comment_status":"closed","ping_status":"closed","template":"","meta":{"_crdt_document":"","footnotes":""},"class_list":["post-1785","page","type-page","status-publish","hentry"],"jetpack_sharing_enabled":true,"jetpack_likes_enabled":true,"jetpack-related-posts":[{"id":13,"url":"https:\/\/zaragoza.wordcamp.org\/2018\/compra-tu-entrada\/","url_meta":{"origin":1785,"position":0},"title":"Compra tu entrada","author":"Alejandro Gil Mialdea","date":"26\/11\/2017","format":false,"excerpt":"Actualizaci\u00f3n 08\/01\/2018 TODAS LAS ENTRADAS AGOTADAS \u00a1Ya est\u00e1n disponibles las entradas para la primera WordCamp Zaragoza en 2018! IMPORTANTE: Las entradas son personales e intransferibles. Si por alguna raz\u00f3n no puedes asistir al evento, puedes solicitar el reembolso hasta el d\u00eda 6 de enero de 2018 o avisarnos y pondremos\u2026","rel":"","context":"Entrada similar","block_context":{"text":"Entrada similar","link":""},"img":{"alt_text":"","src":"https:\/\/i0.wp.com\/zaragoza.wordcamp.org\/2018\/files\/2017\/12\/cropped-wczgz18-favicon.png?fit=512%2C512&resize=350%2C200#038;ssl=1","width":350,"height":200},"classes":[]}],"jetpack_shortlink":"https:\/\/wp.me\/PheMyu-sN","_links":{"self":[{"href":"https:\/\/zaragoza.wordcamp.org\/2018\/wp-json\/wp\/v2\/pages\/1785","targetHints":{"allow":["GET"]}}],"collection":[{"href":"https:\/\/zaragoza.wordcamp.org\/2018\/wp-json\/wp\/v2\/pages"}],"about":[{"href":"https:\/\/zaragoza.wordcamp.org\/2018\/wp-json\/wp\/v2\/types\/page"}],"author":[{"embeddable":true,"href":"https:\/\/zaragoza.wordcamp.org\/2018\/wp-json\/wp\/v2\/users\/6642423"}],"replies":[{"embeddable":true,"href":"https:\/\/zaragoza.wordcamp.org\/2018\/wp-json\/wp\/v2\/comments?post=1785"}],"version-history":[{"count":128,"href":"https:\/\/zaragoza.wordcamp.org\/2018\/wp-json\/wp\/v2\/pages\/1785\/revisions"}],"predecessor-version":[{"id":1946,"href":"https:\/\/zaragoza.wordcamp.org\/2018\/wp-json\/wp\/v2\/pages\/1785\/revisions\/1946"}],"wp:attachment":[{"href":"https:\/\/zaragoza.wordcamp.org\/2018\/wp-json\/wp\/v2\/media?parent=1785"}],"curies":[{"name":"wp","href":"https:\/\/api.w.org\/{rel}","templated":true}]}}