{"id":17,"date":"2017-08-11T09:17:38","date_gmt":"2017-08-11T09:17:38","guid":{"rendered":"https:\/\/2018.zaragoza.wordcamp.org\/contact\/"},"modified":"2017-11-05T19:33:34","modified_gmt":"2017-11-05T18:33:34","slug":"contacta","status":"publish","type":"page","link":"https:\/\/zaragoza.wordcamp.org\/2018\/contacta\/","title":{"rendered":"Contacta"},"content":{"rendered":"<h2>\u00bfQuieres contarnos o proponernos algo interesante para la WordCamp?<\/h2>\n<p>Puedes contactar con nosotros:<br \/>\nA trav\u00e9s de <strong>Twitter<\/strong> <a href=\"https:\/\/twitter.com\/zaragozawp\/\" target=\"_blank\" rel=\"noopener\">@zaragozawp<\/a> o usando el siguiente formulario:<\/p>\n<div data-test='contact-form'\n\t\t\tid='contact-form-17'\n\t\t\tclass='jetpack-contact-form-container '\n\t\t\tdata-wp-interactive='jetpack\/form' data-wp-context='{\"formId\":\"17\",\"formHash\":\"50e8c6af2e8a28f248cb8f9ab82583cd29ec811d\",\"showErrors\":false,\"errors\":[],\"fields\":[],\"isMultiStep\":false,\"useAjax\":true,\"submissionData\":null,\"formattedSubmissionData\":[],\"submissionSuccess\":false,\"submissionError\":null,\"elementId\":\"jp-form-50e8c6af2e8a28f248cb8f9ab82583cd29ec811d\",\"isSingleInputForm\":false,\"isForcedHorizontal\":false}'\n\t\t\tdata-wp-watch--scroll-to-wrapper=\"callbacks.scrollToWrapper\"\n\t\t>\n<div class=\"contact-form-submission contact-form-ajax-submission\" data-wp-bind--aria-hidden=\"state.isSuccessMessageAriaHidden\" data-wp-class--submission-success=\"context.submissionSuccess\" id=\"contact-form-success-50e8c6af2e8a28f248cb8f9ab82583cd29ec811d\" tabindex=\"-1\" aria-labelledby=\"contact-form-success-header-50e8c6af2e8a28f248cb8f9ab82583cd29ec811d\"><p class=\"go-back-message\"><a class=\"link\" role=\"button\" tabindex=\"0\" data-wp-on--click=\"actions.goBack\" href=\"\/2018\/wp-json\/wp\/v2\/pages\/17\">\u2190 Back<\/a><\/p><h4 data-wp-bind--aria-hidden=\"state.isSuccessMessageAriaHidden\" id=\"contact-form-success-header-50e8c6af2e8a28f248cb8f9ab82583cd29ec811d\">Tu mensaje se ha enviado<\/h4>\n\n<template data-wp-each--submission=\"context.formattedSubmissionData\">\n\t\t\t\t\t<div class=\"jetpack_forms_contact-form-success-summary\">\n\t\t\t\t\t\t<div class=\"field-name-wrapper\">\n\t\t\t\t\t\t\t<div class=\"field-type-icon\" data-wp-watch=\"callbacks.watchFieldTypeIcon\"><\/div>\n\t\t\t\t\t\t\t<div class=\"field-name\" data-wp-text=\"context.submission.label\" data-wp-bind--hidden=\"!context.submission.label\"><\/div>\n\t\t\t\t\t\t<\/div>\n\t\t\t\t\t\t<div class=\"field-value\" data-wp-text=\"context.submission.value\" data-wp-bind--hidden=\"!context.submission.showPlainValue\"><\/div>\n\t\t\t\t\t\t<a class=\"field-url\" data-wp-bind--href=\"context.submission.url\" data-wp-text=\"context.submission.value\" data-wp-bind--hidden=\"!context.submission.url\" target=\"_blank\" rel=\"noopener noreferrer\"><\/a>\n\t\t\t\t\t\t<div class=\"field-rating\" data-wp-bind--hidden=\"!context.submission.rating\" data-wp-watch=\"callbacks.watchRatingIcons\"><\/div>\n\t\t\t\t\t\t<div class=\"field-images\" data-wp-bind--hidden=\"!context.submission.images\">\n\t\t\t\t\t\t\t<template data-wp-each--image=\"context.submission.images\">\n\t\t\t\t\t\t\t\t<div class=\"field-image-option\" data-wp-class--is-empty=\"!context.image.src\">\n\t\t\t\t\t\t\t\t\t<figure class=\"field-image-option__image\" data-wp-class--is-empty=\"!context.image.src\">\n\t\t\t\t\t\t\t\t\t\t<img data-wp-bind--src=\"context.image.src\" data-wp-bind--hidden=\"!context.image.src\" \/>\n\t\t\t\t\t\t\t\t\t\t<img decoding=\"async\" src=\"data:image\/gif;base64,R0lGODlhAQABAAD\/ACwAAAAAAQABAAACADs=\" data-wp-bind--hidden=\"context.image.src\" \/>\n\t\t\t\t\t\t\t\t\t<\/figure>\n\t\t\t\t\t\t\t\t\t<div class=\"field-image-option__label-wrapper\">\n\t\t\t\t\t\t\t\t\t\t<span class=\"field-image-option__label-code\" data-wp-text=\"context.image.letterCode\"><\/span>\n\t\t\t\t\t\t\t\t\t\t<span class=\"field-image-option__label\" data-wp-text=\"context.image.label\" data-wp-bind--hidden=\"!context.image.label\"><\/span>\n\t\t\t\t\t\t\t\t\t<\/div>\n\t\t\t\t\t\t\t\t<\/div>\n\t\t\t\t\t\t\t<\/template>\n\t\t\t\t\t\t<\/div>\n\t\t\t\t\t\t<div class=\"field-files\" data-wp-bind--hidden=\"!context.submission.files\">\n\t\t\t\t\t\t\t<template data-wp-each--file=\"context.submission.files\">\n\t\t\t\t\t\t\t\t<div class=\"field-file\">\n\t\t\t\t\t\t\t\t\t<div class=\"field-file__thumbnail\" data-wp-style--background-image=\"context.file.previewUrl\" data-wp-style--mask-image=\"context.file.iconUrl\" data-wp-bind--hidden=\"!context.file.hasPreview\"><\/div>\n\t\t\t\t\t\t\t\t\t<svg class=\"field-file__icon\" data-wp-bind--hidden=\"context.file.hasPreview\" width=\"20\" height=\"20\" viewBox=\"0 0 24 24\" fill=\"none\" xmlns=\"http:\/\/www.w3.org\/2000\/svg\" aria-hidden=\"true\">\n\t\t\t\t\t\t\t\t\t\t<path d=\"M14 2H6C4.9 2 4 2.9 4 4V20C4 21.1 4.89 22 5.99 22H18C19.1 22 20 21.1 20 20V8L14 2ZM18 20H6V4H13V9H18V20Z\" fill=\"currentColor\"\/>\n\t\t\t\t\t\t\t\t\t<\/svg>\n\t\t\t\t\t\t\t\t\t<span class=\"field-file__name\" data-wp-text=\"context.file.name\"><\/span>\n\t\t\t\t\t\t\t\t\t<span class=\"field-file__size\" data-wp-text=\"context.file.size\"><\/span>\n\t\t\t\t\t\t\t\t<\/div>\n\t\t\t\t\t\t\t<\/template>\n\t\t\t\t\t\t<\/div>\n\t\t\t\t\t<\/div>\n\t\t\t\t<\/template><\/div><form action='https:\/\/zaragoza.wordcamp.org\/2018\/contacta\/'\n\t\t\t\tid='jp-form-50e8c6af2e8a28f248cb8f9ab82583cd29ec811d'\n\t\t\t\tmethod='post'\n\t\t\t\tclass='contact-form commentsblock jetpack-contact-form__form has-no-jetpack-form-layout' aria-label=\"Contacta\"\n\t\t\t\tdata-wp-on--submit=\"actions.onFormSubmit\"\n\t\t\t\tdata-wp-on--reset=\"actions.onFormReset\"\n\t\t\t\tdata-wp-class--submission-success=\"context.submissionSuccess\"\n\t\t\t\tdata-wp-class--is-first-step=\"state.isFirstStep\"\n\t\t\t\tdata-wp-class--is-last-step=\"state.isLastStep\"\n\t\t\t\tdata-wp-class--is-ajax-form=\"context.useAjax\"\n\t\t\t\tnovalidate >\n<input type='hidden' name='jetpack_contact_form_jwt' value='eyJ0eXAiOiJKV1QiLCJhbGciOiJIUzI1NiJ9.eyJlbmNyeXB0ZWRfYXR0cmlidXRlcyI6Ik5rN1NtZzdnTlN1YXZqbFBRT0tsUDU0Y0tiRXhlRm1oMUtLV2tiMnYxV2dra3BNaW1weTBtSXNiZk5CaVE1M1BGZzFmMExqT25zZHM0V3NmazJ1Zkk3N3lKZGNyT29sTWxpR3FHbnN1MG9EOUtUTE1UQmpMcWNPRmNyRkZteDNxUEpzazJrNzh0YUdkckY2ZVNOdDZmMUZsTEFtKzdlN2JFN2N4dTZTbnA4NXdpWS9zUFlZTFRseTdodHJzK082ekFnbGd2bFVnbDhLZWlQT0pab3RiV2pMSlhLWFl5WEhBNjJQYUFvVTVCc3ZmZDdQQmhJUlhDUm90Y1hMWVFyaTVZZDlJUW1rTldLUTNWRzQvUnoxUGU1ZDh4WXNDNkdEUnJxS1NZMVhvdWRidXRFb25xa2dKOHUwUThyTHpXQ0tSblRLZ1JiQnhyRFRvSUt3VHhPditZSmp2Z0ZEbURNUWFLb1pzR2JzK1VXTUI0eVRadFR3bE5tTExDbDFBYU5Wd3pZTVZLbkNRTE02N1ZpbnVUMzNNdms2RlA1bldEZVVTTTJoZTBMTi9sOXFOdGkwVlFFRUxEcWl3eExKSmxacXJDUDNkd3BTQXhYbDI3ZW9mNFVIMkJDT0UzUzhGSllsTnNIRUVXdkxyMFhsVkNxemU0cmErQUZBRjBMWldCTU53MGNOT0tzN1ZPMWxRLzJQb0ZPREp4WFN5dm5VR21kb0lvTm1IQzVPeWxCNWw5RGlWcGFYZmpOUkd2QmVNUXdsRHFFU3lxcDlkUVJTaGhldWVWUC9BZVQwa0xMMFo1cFRySW1aSW55R1FyYU1XYTFyaUJZdWM1NlIvcHRMSkRFMmg0bS9pTzFKYXZzUjVYdUE3Nm50OG8vWmo3L2hWaHBDU0xyQUdYQjNEWjgyckR2NHNJdWY5SWxKQVRyUnRwbHkxVmt3MEdJdlBZb0ZpTmRqMkxubHVIb1RHV1djSG9TaVI1L2wrbzVTMmU2cXNNeHFRZWF5M0dUeDhPUmE5UXJSYXJNc1dGRnVJWFZuM2h4OFplRUpJdDBraU1QazVwbzdvODlFbXp0aVFwa0RiZXkzZWVuNVZCN1ppSFF5S0RjV0dBSFczMFVpenNOT1d6N3BZcE8xM3dYUldxRHVFMTBzZVZ2Q0dmRTZDRFhnN2hlSDJGMWtNNHBDUDZRPT0iLCJjb250ZW50IjoiW2NvbnRhY3QtZmllbGQgbGFiZWw9XCJOb21icmVcIiB0eXBlPVwibmFtZVwiICAgICByZXF1aXJlZD1cIjFcIiAvXVtjb250YWN0LWZpZWxkIGxhYmVsPVwiRW1haWxcIiB0eXBlPVwiZW1haWxcIiByZXF1aXJlZD1cIjFcIiAvXVtjb250YWN0LWZpZWxkIGxhYmVsPVwiTWVuc2FqZVwiIHR5cGU9XCJ0ZXh0YXJlYVwiIHJlcXVpcmVkPVwiMVwiIC9dIiwiaGFzaCI6IjUwZThjNmFmMmU4YTI4ZjI0OGNiOGY5YWI4MjU4M2NkMjllYzgxMWQiLCJzb3VyY2UiOnsiZW50cnlfdGl0bGUiOiJDb250YWN0YSIsImVudHJ5X3BhZ2UiOjEsInNvdXJjZV9pZCI6MTcsInNvdXJjZV90eXBlIjoic2luZ2xlIiwicmVxdWVzdF91cmwiOiJodHRwczovL3phcmFnb3phLndvcmRjYW1wLm9yZy8yMDE4L3dwLWpzb24vd3AvdjIvcGFnZXMvMTcifSwidmVyc2lvbiI6MiwiY2lwaGVyIjoiYWVzLTI1Ni1nY20ifQ.V8CtXTvA1FPxMdocIlHEdZVoaKtJWMf3cnGC7Y_ybiw' \/>\n\n<div style=\"\"  data-wp-interactive=\"jetpack\/form\" data-wp-context='{\"fieldId\":\"g17-nombre\",\"fieldType\":\"name\",\"fieldLabel\":\"Nombre\",\"fieldValue\":\"\",\"fieldPlaceholder\":\"\",\"fieldIsRequired\":\"1\",\"fieldErrorMessage\":\"\",\"fieldExtra\":[],\"formHash\":\"50e8c6af2e8a28f248cb8f9ab82583cd29ec811d\"}'  class='grunion-field-name-wrap grunion-field-wrap'  data-wp-init='callbacks.initializeField' data-wp-on--jetpack-form-reset='callbacks.initializeField' >\n<label\n\t\t\t\tfor='g17-nombre' class=\"grunion-field-label name\" >Nombre<span class=\"grunion-label-required\" aria-hidden=\"true\">(obligatorio)<\/span><\/label>\n<input\n\t\t\t\t\ttype='text'\n\t\t\t\t\tname='g17-nombre'\n\t\t\t\t\tid='g17-nombre'\n\t\t\t\t\tvalue=''\n\n\t\t\t\t\tdata-wp-bind--aria-invalid='state.fieldAriaInvalid'\n\t\t\t\t\tdata-wp-bind--value='state.getFieldValue'\n\t\t\t\t\taria-describedby='g17-nombre-text-error-message'\n\t\t\t\t\tdata-wp-on--input='actions.onFieldChange'\n\t\t\t\t\tdata-wp-on--blur='actions.onFieldBlur'\n\t\t\t\t\tdata-wp-class--has-value='state.hasFieldValue'\n\n\t\t\t\t\tclass='name  grunion-field' \n\t\t\t\t\trequired='true' aria-required='true'  \/>\n \n\t\t\t<div id=\"g17-nombre-text-error\" class=\"contact-form__input-error\" data-wp-class--has-errors=\"state.fieldHasErrors\">\n\t\t\t\t<span class=\"contact-form__warning-icon\" aria-hidden=\"true\">\n\t\t\t\t\t<svg width=\"16\" height=\"16\" viewBox=\"0 0 16 16\" fill=\"none\" xmlns=\"http:\/\/www.w3.org\/2000\/svg\">\n\t\t\t\t\t\t<path d=\"M8.50015 11.6402H7.50015V10.6402H8.50015V11.6402Z\" \/>\n\t\t\t\t\t\t<path d=\"M7.50015 9.64018H8.50015V6.30684H7.50015V9.64018Z\" \/>\n\t\t\t\t\t\t<path fill-rule=\"evenodd\" clip-rule=\"evenodd\" d=\"M6.98331 3.0947C7.42933 2.30177 8.57096 2.30177 9.01698 3.09469L13.8771 11.7349C14.3145 12.5126 13.7525 13.4735 12.8602 13.4735H3.14004C2.24774 13.4735 1.68575 12.5126 2.12321 11.7349L6.98331 3.0947ZM8.14541 3.58496C8.08169 3.47168 7.9186 3.47168 7.85488 3.58496L2.99478 12.2251C2.93229 12.3362 3.01257 12.4735 3.14004 12.4735H12.8602C12.9877 12.4735 13.068 12.3362 13.0055 12.2251L8.14541 3.58496Z\" \/>\n\t\t\t\t\t<\/svg>\n\t\t\t\t<\/span>\n\t\t\t\t<span data-wp-text=\"state.errorMessage\" id=\"g17-nombre-text-error-message\"><\/span>\n\t\t\t<\/div> \n\t<\/div>\n\n<div style=\"\"  data-wp-interactive=\"jetpack\/form\" data-wp-context='{\"fieldId\":\"g17-email\",\"fieldType\":\"email\",\"fieldLabel\":\"Email\",\"fieldValue\":\"\",\"fieldPlaceholder\":\"\",\"fieldIsRequired\":\"1\",\"fieldErrorMessage\":\"\",\"fieldExtra\":[],\"formHash\":\"50e8c6af2e8a28f248cb8f9ab82583cd29ec811d\"}'  class='grunion-field-email-wrap grunion-field-wrap'  data-wp-init='callbacks.initializeField' data-wp-on--jetpack-form-reset='callbacks.initializeField' >\n<label\n\t\t\t\tfor='g17-email' class=\"grunion-field-label email\" >Email<span class=\"grunion-label-required\" aria-hidden=\"true\">(obligatorio)<\/span><\/label>\n<input\n\t\t\t\t\ttype='email'\n\t\t\t\t\tname='g17-email'\n\t\t\t\t\tid='g17-email'\n\t\t\t\t\tvalue=''\n\n\t\t\t\t\tdata-wp-bind--aria-invalid='state.fieldAriaInvalid'\n\t\t\t\t\tdata-wp-bind--value='state.getFieldValue'\n\t\t\t\t\taria-describedby='g17-email-email-error-message'\n\t\t\t\t\tdata-wp-on--input='actions.onFieldChange'\n\t\t\t\t\tdata-wp-on--blur='actions.onFieldBlur'\n\t\t\t\t\tdata-wp-class--has-value='state.hasFieldValue'\n\n\t\t\t\t\tclass='email  grunion-field' \n\t\t\t\t\trequired='true' aria-required='true'  \/>\n \n\t\t\t<div id=\"g17-email-email-error\" class=\"contact-form__input-error\" data-wp-class--has-errors=\"state.fieldHasErrors\">\n\t\t\t\t<span class=\"contact-form__warning-icon\" aria-hidden=\"true\">\n\t\t\t\t\t<svg width=\"16\" height=\"16\" viewBox=\"0 0 16 16\" fill=\"none\" xmlns=\"http:\/\/www.w3.org\/2000\/svg\">\n\t\t\t\t\t\t<path d=\"M8.50015 11.6402H7.50015V10.6402H8.50015V11.6402Z\" \/>\n\t\t\t\t\t\t<path d=\"M7.50015 9.64018H8.50015V6.30684H7.50015V9.64018Z\" \/>\n\t\t\t\t\t\t<path fill-rule=\"evenodd\" clip-rule=\"evenodd\" d=\"M6.98331 3.0947C7.42933 2.30177 8.57096 2.30177 9.01698 3.09469L13.8771 11.7349C14.3145 12.5126 13.7525 13.4735 12.8602 13.4735H3.14004C2.24774 13.4735 1.68575 12.5126 2.12321 11.7349L6.98331 3.0947ZM8.14541 3.58496C8.08169 3.47168 7.9186 3.47168 7.85488 3.58496L2.99478 12.2251C2.93229 12.3362 3.01257 12.4735 3.14004 12.4735H12.8602C12.9877 12.4735 13.068 12.3362 13.0055 12.2251L8.14541 3.58496Z\" \/>\n\t\t\t\t\t<\/svg>\n\t\t\t\t<\/span>\n\t\t\t\t<span data-wp-text=\"state.errorMessage\" id=\"g17-email-email-error-message\"><\/span>\n\t\t\t<\/div> \n\t<\/div>\n\n<div style=\"\"  data-wp-interactive=\"jetpack\/form\" data-wp-context='{\"fieldId\":\"g17-mensaje\",\"fieldType\":\"textarea\",\"fieldLabel\":\"Mensaje\",\"fieldValue\":\"\",\"fieldPlaceholder\":\"\",\"fieldIsRequired\":\"1\",\"fieldErrorMessage\":\"\",\"fieldExtra\":[],\"formHash\":\"50e8c6af2e8a28f248cb8f9ab82583cd29ec811d\"}'  class='grunion-field-textarea-wrap grunion-field-wrap'  data-wp-init='callbacks.initializeField' data-wp-on--jetpack-form-reset='callbacks.initializeField' >\n<label\n\t\t\t\tfor='contact-form-comment-g17-mensaje' class=\"grunion-field-label textarea\" >Mensaje<span class=\"grunion-label-required\" aria-hidden=\"true\">(obligatorio)<\/span><\/label>\n<textarea\n\t\t                style=''\n\t\t                name='g17-mensaje'\n\t\t                id='contact-form-comment-g17-mensaje'\n\t\t                rows='20'\n\t\t\t\t\t\tdata-wp-text='state.getFieldValue'\n\t\t\t\t\t\tdata-wp-on--input='actions.onFieldChange'\n\t\t\t\t\t\tdata-wp-on--blur='actions.onFieldBlur'\n\t\t\t\t\t\tdata-wp-class--has-value='state.hasFieldValue'\n\t\t\t\t\t\taria-describedby='g17-mensaje-textarea-error-message'\n\t\t\t\t\t\tdata-wp-bind--aria-invalid='state.fieldAriaInvalid'\n\t\t\t\t\t\tclass='textarea  grunion-field'  required aria-required='true'><\/textarea>\n \n\t\t\t<div id=\"g17-mensaje-textarea-error\" class=\"contact-form__input-error\" data-wp-class--has-errors=\"state.fieldHasErrors\">\n\t\t\t\t<span class=\"contact-form__warning-icon\" aria-hidden=\"true\">\n\t\t\t\t\t<svg width=\"16\" height=\"16\" viewBox=\"0 0 16 16\" fill=\"none\" xmlns=\"http:\/\/www.w3.org\/2000\/svg\">\n\t\t\t\t\t\t<path d=\"M8.50015 11.6402H7.50015V10.6402H8.50015V11.6402Z\" \/>\n\t\t\t\t\t\t<path d=\"M7.50015 9.64018H8.50015V6.30684H7.50015V9.64018Z\" \/>\n\t\t\t\t\t\t<path fill-rule=\"evenodd\" clip-rule=\"evenodd\" d=\"M6.98331 3.0947C7.42933 2.30177 8.57096 2.30177 9.01698 3.09469L13.8771 11.7349C14.3145 12.5126 13.7525 13.4735 12.8602 13.4735H3.14004C2.24774 13.4735 1.68575 12.5126 2.12321 11.7349L6.98331 3.0947ZM8.14541 3.58496C8.08169 3.47168 7.9186 3.47168 7.85488 3.58496L2.99478 12.2251C2.93229 12.3362 3.01257 12.4735 3.14004 12.4735H12.8602C12.9877 12.4735 13.068 12.3362 13.0055 12.2251L8.14541 3.58496Z\" \/>\n\t\t\t\t\t<\/svg>\n\t\t\t\t<\/span>\n\t\t\t\t<span data-wp-text=\"state.errorMessage\" id=\"g17-mensaje-textarea-error-message\"><\/span>\n\t\t\t<\/div>\n\t<\/div>\n\t<p class='contact-submit'>\n<div class=\"contact-form__error\" data-wp-class--show-errors=\"state.showFormErrors\"><span class=\"contact-form__warning-icon\" aria-hidden=\"true\"><i><\/i><\/span><span class=\"contact-form__error-message\" tabindex=\"-1\" data-wp-watch=\"callbacks.focusOnValidationError\" data-wp-text=\"state.getFormErrorMessage\"><\/span><ul aria-label=\"Form errors\">\n\t\t\t\t<template data-wp-each=\"state.getErrorList\" data-wp-key=\"context.item.id\">\n\t\t\t\t\t<li><a data-wp-bind--href=\"context.item.anchor\" data-wp-on--click=\"actions.scrollIntoView\" data-wp-text=\"context.item.label\"><\/a><\/li>\n\t\t\t\t<\/template>\n\t\t\t\t<\/ul><\/div><div class=\"contact-form__error\" data-wp-class--show-errors=\"state.showSubmissionError\" data-wp-text=\"context.submissionError\" tabindex=\"-1\" data-wp-watch=\"callbacks.focusOnSubmissionError\"><\/div>\t\t<button type='submit' class='pushbutton-wide'>Enviar<\/button>\t\t<input type='hidden' name='contact-form-id' value='17' \/>\n\t\t<input type='hidden' name='action' value='grunion-contact-form' \/>\n\t\t<input type='hidden' name='contact-form-hash' value='50e8c6af2e8a28f248cb8f9ab82583cd29ec811d' \/>\n\t<\/p>\n<p style=\"display: none !important;\" class=\"akismet-fields-container\" data-prefix=\"ak_\"><label>&#916;<textarea name=\"ak_hp_textarea\" cols=\"45\" rows=\"8\" maxlength=\"100\"><\/textarea><\/label><input type=\"hidden\" id=\"ak_js_1\" name=\"ak_js\" value=\"183\"\/><script>\ndocument.getElementById( \"ak_js_1\" ).setAttribute( \"value\", ( new Date() ).getTime() );\n<\/script>\n<\/p><\/form>\n<\/div>\n","protected":false},"excerpt":{"rendered":"<p>\u00bfQuieres contarnos o proponernos algo interesante para la WordCamp? Puedes contactar con nosotros: A trav\u00e9s de Twitter @zaragozawp o usando el siguiente formulario:<\/p>\n","protected":false},"author":6642423,"featured_media":0,"parent":0,"menu_order":0,"comment_status":"closed","ping_status":"closed","template":"","meta":{"_crdt_document":"","footnotes":""},"class_list":["post-17","page","type-page","status-publish","hentry"],"jetpack_sharing_enabled":true,"jetpack_likes_enabled":true,"jetpack-related-posts":[{"id":19,"url":"https:\/\/zaragoza.wordcamp.org\/2018\/codigo-de-conducta\/","url_meta":{"origin":17,"position":0},"title":"C\u00f3digo de conducta","author":"Alejandro Gil Mialdea","date":"11\/08\/2017","format":false,"excerpt":"PROP\u00d3SITO WordCamp Zaragoza cree en una comunidad abierta a todo el mundo. Como tal, estamos comprometidos a proporcionar un ambiente amigable, seguro y acogedor para todos; independientemente de su sexo, orientaci\u00f3n sexual, discapacidad, etnia, religi\u00f3n, sistema operativo preferido, lenguaje de programaci\u00f3n o editor de texto. Este c\u00f3digo de conducta resume\u2026","rel":"","context":"Entrada similar","block_context":{"text":"Entrada similar","link":""},"img":{"alt_text":"","src":"https:\/\/i0.wp.com\/zaragoza.wordcamp.org\/2018\/files\/2017\/12\/cropped-wczgz18-favicon.png?fit=512%2C512&resize=350%2C200#038;ssl=1","width":350,"height":200},"classes":[]},{"id":13,"url":"https:\/\/zaragoza.wordcamp.org\/2018\/compra-tu-entrada\/","url_meta":{"origin":17,"position":1},"title":"Compra tu entrada","author":"Alejandro Gil Mialdea","date":"26\/11\/2017","format":false,"excerpt":"Actualizaci\u00f3n 08\/01\/2018 TODAS LAS ENTRADAS AGOTADAS \u00a1Ya est\u00e1n disponibles las entradas para la primera WordCamp Zaragoza en 2018! IMPORTANTE: Las entradas son personales e intransferibles. Si por alguna raz\u00f3n no puedes asistir al evento, puedes solicitar el reembolso hasta el d\u00eda 6 de enero de 2018 o avisarnos y pondremos\u2026","rel":"","context":"Entrada similar","block_context":{"text":"Entrada similar","link":""},"img":{"alt_text":"","src":"https:\/\/i0.wp.com\/zaragoza.wordcamp.org\/2018\/files\/2017\/12\/cropped-wczgz18-favicon.png?fit=512%2C512&resize=350%2C200#038;ssl=1","width":350,"height":200},"classes":[]},{"id":1785,"url":"https:\/\/zaragoza.wordcamp.org\/2018\/identidad-visual\/","url_meta":{"origin":17,"position":2},"title":"Identidad visual","author":"Alejandro Gil Mialdea","date":"01\/01\/2018","format":false,"excerpt":"El conjunto de identidad visual de WordCamp Zaragoza est\u00e1 formado por un imagotipo (logotipo + s\u00edmbolo). Como regla general deber\u00e1n permanecer unidos. Debe mantenerse fiel a las siguientes indicaciones, la proporci\u00f3n, as\u00ed como los colores de sus elementos (logotipo y s\u00edmbolo). A continuaci\u00f3n, se indican algunas pautas de utilizaci\u00f3n en\u2026","rel":"","context":"Entrada similar","block_context":{"text":"Entrada similar","link":""},"img":{"alt_text":"","src":"https:\/\/i0.wp.com\/zaragoza.wordcamp.org\/2018\/files\/2017\/12\/versiones-logo-wczgz-suave-1.png?resize=350%2C200&ssl=1","width":350,"height":200,"srcset":"https:\/\/i0.wp.com\/zaragoza.wordcamp.org\/2018\/files\/2017\/12\/versiones-logo-wczgz-suave-1.png?resize=350%2C200&ssl=1 1x, https:\/\/i0.wp.com\/zaragoza.wordcamp.org\/2018\/files\/2017\/12\/versiones-logo-wczgz-suave-1.png?resize=525%2C300&ssl=1 1.5x, https:\/\/i0.wp.com\/zaragoza.wordcamp.org\/2018\/files\/2017\/12\/versiones-logo-wczgz-suave-1.png?resize=700%2C400&ssl=1 2x"},"classes":[]},{"id":1462,"url":"https:\/\/zaragoza.wordcamp.org\/2018\/voluntarios\/","url_meta":{"origin":17,"position":3},"title":"Voluntarios","author":"jjpeleato","date":"13\/12\/2017","format":false,"excerpt":"Ver lista Voluntari@s de Twitter Alfredo Piqueras Me llamo Alfredo Piqueras y trabajo como aut\u00f3nomo desde 2006 en mi proyecto personal, Espacio Creativo. Me dedico fundamentalmente al desarrollo de p\u00e1ginas web y trabajos de imagen corporativa. Y ahora apostando fuerte por el Marketing on-line y la fotograf\u00eda, a no parar\u2026","rel":"","context":"Entrada similar","block_context":{"text":"Entrada similar","link":""},"img":{"alt_text":"","src":"https:\/\/i0.wp.com\/zaragoza.wordcamp.org\/2018\/files\/2017\/12\/cropped-wczgz18-favicon.png?fit=512%2C512&resize=350%2C200#038;ssl=1","width":350,"height":200},"classes":[]},{"id":8,"url":"https:\/\/zaragoza.wordcamp.org\/2018\/ponentes\/","url_meta":{"origin":17,"position":4},"title":"Ponentes","author":"jjpeleato","date":"11\/08\/2017","format":false,"excerpt":"","rel":"","context":"Entrada similar","block_context":{"text":"Entrada similar","link":""},"img":{"alt_text":"","src":"https:\/\/i0.wp.com\/zaragoza.wordcamp.org\/2018\/files\/2017\/12\/cropped-wczgz18-favicon.png?fit=512%2C512&resize=350%2C200#038;ssl=1","width":350,"height":200},"classes":[]},{"id":10,"url":"https:\/\/zaragoza.wordcamp.org\/2018\/patrocinadores\/","url_meta":{"origin":17,"position":5},"title":"Patrocinadores","author":"Alejandro Gil Mialdea","date":"11\/08\/2017","format":false,"excerpt":"","rel":"","context":"Entrada similar","block_context":{"text":"Entrada similar","link":""},"img":{"alt_text":"","src":"https:\/\/i0.wp.com\/zaragoza.wordcamp.org\/2018\/files\/2017\/12\/cropped-wczgz18-favicon.png?fit=512%2C512&resize=350%2C200#038;ssl=1","width":350,"height":200},"classes":[]}],"jetpack_shortlink":"https:\/\/wp.me\/PheMyu-h","_links":{"self":[{"href":"https:\/\/zaragoza.wordcamp.org\/2018\/wp-json\/wp\/v2\/pages\/17","targetHints":{"allow":["GET"]}}],"collection":[{"href":"https:\/\/zaragoza.wordcamp.org\/2018\/wp-json\/wp\/v2\/pages"}],"about":[{"href":"https:\/\/zaragoza.wordcamp.org\/2018\/wp-json\/wp\/v2\/types\/page"}],"author":[{"embeddable":true,"href":"https:\/\/zaragoza.wordcamp.org\/2018\/wp-json\/wp\/v2\/users\/6642423"}],"replies":[{"embeddable":true,"href":"https:\/\/zaragoza.wordcamp.org\/2018\/wp-json\/wp\/v2\/comments?post=17"}],"version-history":[{"count":5,"href":"https:\/\/zaragoza.wordcamp.org\/2018\/wp-json\/wp\/v2\/pages\/17\/revisions"}],"predecessor-version":[{"id":250,"href":"https:\/\/zaragoza.wordcamp.org\/2018\/wp-json\/wp\/v2\/pages\/17\/revisions\/250"}],"wp:attachment":[{"href":"https:\/\/zaragoza.wordcamp.org\/2018\/wp-json\/wp\/v2\/media?parent=17"}],"curies":[{"name":"wp","href":"https:\/\/api.w.org\/{rel}","templated":true}]}}