{"id":1462,"date":"2017-12-13T23:02:56","date_gmt":"2017-12-13T22:02:56","guid":{"rendered":"https:\/\/2018.zaragoza.wordcamp.org\/?page_id=1462"},"modified":"2018-01-24T12:05:48","modified_gmt":"2018-01-24T11:05:48","slug":"voluntarios","status":"publish","type":"page","link":"https:\/\/zaragoza.wordcamp.org\/2018\/voluntarios\/","title":{"rendered":"Voluntarios"},"content":{"rendered":"<blockquote><p><a href=\"https:\/\/twitter.com\/zaragozawp\/lists\/voluntarios-wczgz-18\" target=\"_blank\" rel=\"noopener\">Ver lista Voluntari@s de Twitter<\/a><\/p><\/blockquote>\n<h3>Alfredo Piqueras<\/h3>\n<p>Me llamo Alfredo Piqueras y trabajo como aut\u00f3nomo desde 2006 en mi proyecto personal, Espacio Creativo. Me dedico fundamentalmente al desarrollo de p\u00e1ginas web y trabajos de imagen corporativa. Y ahora apostando fuerte por el Marketing on-line y la fotograf\u00eda, a no parar de aprender.<\/p>\n<p><strong>Twitter: <a href=\"https:\/\/twitter.com\/AlfredoPiqueras\" target=\"_blank\" rel=\"noopener\">@AlfredoPiqueras<\/a><\/strong><\/p>\n<h3>C\u00e9sar Frisa<\/h3>\n<p>Como programador he ido aprendiendo de todo un poco y sobre todo del c\u00f3digo que no funcionaba, la vida real es dura y el usuario es el enemigo.<\/p>\n<p>\u00bfSobre WordPress?, s\u00f3lo es para blogs&#8230; ese era mi pensamiento, hasta que en 2008 tuve que hacer una web para un cliente. Desde entonces fui dejando .net y ahora me dedico casi al 85% a WordPress, aprovechando su potencial.<\/p>\n<p>Acud\u00ed por primera vez a una WordCamp, en Madrid 2017, y me pareci\u00f3\u00a0muy interesante lo que se habl\u00f3, el conocer en persona a la \u00abpanda de gente\u00bb que tanto leo y que gracias a ello puedo ir mejorando en mi trabajo.<\/p>\n<p>Y un d\u00eda te dicen que van a hacer una WordCamp en Zaragoza y me apunte como voluntario. La raz\u00f3n es la de agradecer el trabajo que realizan otros con mi voluntariado, ya que con mi c\u00f3digo todav\u00eda no puedo&#8230;Todav\u00eda.<\/p>\n<p>Adem\u00e1s de programador en <a href=\"http:\/\/onsat.es\" target=\"_blank\" rel=\"noopener\">onsat.es<\/a>,&#8230; padre, marido, m\u00fasico y profe.<\/p>\n<p><strong>Twitter: <a href=\"https:\/\/twitter.com\/cesarfrisa\" target=\"_blank\" rel=\"noopener\">@cesarfrisa<\/a><\/strong><\/p>\n<h3>Daniel Cavero<\/h3>\n<p class=\"gmail_default\">\u200bNacido en Zaragoza en el a\u00f1o 1983.<\/p>\n<p class=\"gmail_default\">\u200bTras trece a\u00f1os dedicados a un Contact Center como Coordinador de Equipos decido ampliar mis estudios en Marketing, comenzando el Master en Aula CM Zaragoza de Marketing Digital.<\/p>\n<p class=\"gmail_default\">Actualmente he creado la Web de Mi marca personal <a href=\"http:\/\/www.danicavero.com\" target=\"_blank\" rel=\"noopener\">www.danicavero.com<\/a>, ofreciendo varios servicios, pero especialmente como Social Media o Community Manager.<\/p>\n<p class=\"gmail_default\">Tambi\u00e9n estoy en desarrollo de una ecommerce para productos de herborister\u00eda para deportistas.<\/p>\n<p class=\"gmail_default\">Adem\u00e1s estoy comenzando un proyecto con mis compa\u00f1eros de Master, Esperanza Rodes y David Bernia llamada MentaSocial (<a href=\"http:\/\/www.mentasocial.com\" target=\"_blank\" rel=\"noopener\">www.mentasocial.com<\/a>) para la preparaci\u00f3n de eventos y difusi\u00f3n en Redes Sociales.<\/p>\n<p>Y siempre con ganas de aprender nuevas cosas y emprender nuevos proyectos, porque si no&#8230; mi vida se hace m\u00e1s aburrida.<\/p>\n<p><strong>Twitter: <a href=\"https:\/\/twitter.com\/danicavero83\" target=\"_blank\" rel=\"noopener\">@danicavero83<\/a><\/strong><\/p>\n<h3>David Bernia<\/h3>\n<p>Hola! Me llamo David Bernia y actualmente estoy trabajando de ma\u00f1anas para la empresa \u00absaborea la ziudad\u00bb construyendo la web y gestionando RRSS. A su vez estoy estudiando por las tardes el Master de Marketing Digital de AulaCM, desarrollando mi marca personal y ampliando mis conocimientos de WordPress. De ah\u00ed naci\u00f3 la idea de formar una empresa sobre eventos de marketing con mis compa\u00f1eros Daniel Cavero y Esperanza Rodes llamada MentaSocial.<\/p>\n<p>Tambi\u00e9n tengo un grado superior de Desarrollo de Aplicaciones Multiplataforma del cu\u00e1l trabaj\u00e9 2 a\u00f1os en mi anterior empresa, desarrollando varias p\u00e1ginas web y una aplicaci\u00f3n interna de gesti\u00f3n.<\/p>\n<p>Pr\u00f3ximos objetivos de aprendizaje&#8230; SEO y Analytics!.<\/p>\n<p><strong>Twitter: <a href=\"https:\/\/twitter.com\/davidbernia\" target=\"_blank\" rel=\"noopener\">@davidbernia<\/a><\/strong><\/p>\n<h3>David Lou<\/h3>\n<p><span class=\"m_-5971011307893424342gmail-gI\">Me llamo David Lou y actualmente trabajo de t\u00e9cnico inform\u00e1tico realizando tareas de mantenimiento y desarrollo inform\u00e1tico. <\/span><\/p>\n<p><span class=\"m_-5971011307893424342gmail-gI\">Estudi\u00e9 el grado superior de Administraci\u00f3n de sistemas inform\u00e1ticos en red, en los cuales aprend\u00ed conocimientos sobre programaci\u00f3n, bases de datos y sistemas operativos y redes inform\u00e1ticas.Un modulo muy completo de inform\u00e1tica.<\/span><\/p>\n<p><span class=\"m_-5971011307893424342gmail-gI\">Actualmente trabajo con WordPress para el mantenimiento de la pagina de la asociacion en la que realizo el puesto de Secretario y mantenimiento de temas inform\u00e1tico (wed, servicios de correo, redes sociales, app, dise\u00f1o grafico, etc&#8230;)<\/span><\/p>\n<p><span class=\"m_-5971011307893424342gmail-gI\">Estoy dando mis primeros pasos en WordPress e integr\u00e1ndome mas en esta gran comunidad, mi objetivo es seguir desarrollando mis dotes de programaci\u00f3n y dise\u00f1o para mejorar la calidad de mi trabajo.<\/span><\/p>\n<p><strong>Twitter: <a href=\"https:\/\/twitter.com\/DLou_X\" target=\"_blank\" rel=\"noopener\">@DLou_X<\/a><\/strong><\/p>\n<h3>Elba Hax\u00ebl<\/h3>\n<p><strong>Twitter: <a href=\"https:\/\/twitter.com\/elbahaxel\" target=\"_blank\" rel=\"noopener\">@elbahaxel<\/a><\/strong><\/p>\n<h3>Espe Rodes<\/h3>\n<p>Aprend\u00ed a escribir y a contar historias a trav\u00e9s de una c\u00e1mara. Actualmente me dedico a otro campo de la comunicaci\u00f3n, m\u00e1s enfocada al \u00e1mbito empresarial.<\/p>\n<p>El tiempo no se para por ti, hay que seguir innov\u00e1ndose. Por ello, en los \u00faltimos meses me he inmerso en la formaci\u00f3n en Marketing Digital como otra forma m\u00e1s de contar historias.<\/p>\n<p>De esta manera conoc\u00ed WordPress, \u00bfy qu\u00e9 mejor manera de continuar aprendiendo que pudiendo colaborar en algo tan grande como la WordCamp?<\/p>\n<p><strong>Twitter: <a href=\"https:\/\/twitter.com\/ERodesI\" target=\"_blank\" rel=\"noopener\">@ERodesI<\/a><\/strong><\/p>\n<h3>Fernando Garc\u00eda<\/h3>\n<p class=\"gmail_default\">Me llamo Fernando Garc\u00eda Rebolledo, y trabajo bajo la marca <a href=\"http:\/\/F.GR\" target=\"_blank\" rel=\"noopener\">F.GR<\/a> Web.<\/p>\n<p class=\"gmail_default\">Empec\u00e9 con la programaci\u00f3n all\u00e1 sobre el a\u00f1o 1997, con entornos ms-dos. Lo tuve claro: me iba a dedicar a la programaci\u00f3n.<\/p>\n<p class=\"gmail_default\">Sobre el a\u00f1o 2003 alguien me pidi\u00f3 que hiciese una web. \u00a1Eso s\u00ed que molaba!<\/p>\n<p class=\"gmail_default\">Segu\u00ed avanzando en programaci\u00f3n web hasta que en 2013 instal\u00e9 mi primer WordPress para ver qu\u00e9 era aquello. Y me enganch\u00f3. Hasta el punto que hoy en d\u00eda me dedico profesionalmente a ello.<\/p>\n<p class=\"gmail_default\">Trabajo como freelance, con WordPress casi siempre. Me encanta el front, y me encanta, siempre que el presupuesto lo permite, realizar sitios a medida, sin plantillas predeterminadas.<\/p>\n<p class=\"gmail_default\">Este a\u00f1o 2017, dada mi condici\u00f3n de aut\u00f3nomo, me he podido permitir involucrarme mucho m\u00e1s en la comunidad WordPress, asistiendo a cuantos eventos puedo y ofreci\u00e9ndome como voluntario all\u00e1 donde necesiten. Por intentar devolver todo lo que la comunidad WordPress me ha ayudado, sin ellos saberlo.<\/p>\n<p><strong>Twitter: <a href=\"https:\/\/twitter.com\/fgrwebes\" target=\"_blank\" rel=\"noopener\">@fgrwebes<\/a><\/strong><\/p>\n<h3>Hector Asensio<\/h3>\n<p>Soy un apasionado del cine y del arte en general por ello estudi\u00e9 Audiovisuales y Espect\u00e1culos en CPA Salduie, 2009.<\/p>\n<p>Desde entonces he trabajado principalmente en el dise\u00f1o y ejecucion de acciones publicitarias en video, el dise\u00f1o multimedia y t\u00e9cnico audiovisual para el evento Congreso Web. Tambi\u00e9n he dado el salto a la docencia y anualmente doy clases en el CTA Centro de Tecnolog\u00edas Avanzadas de Zaragoza.<\/p>\n<p>Me apasionan los retos y mi principal objetivo ha sido siempre emprender y aprender desde mi propia empresa. De este modo, actualmente, coordino el \u00e1rea de dise\u00f1o multimedia y t\u00e9cnico audiovisual para Congreso Web y Serotonina Films, ambas de las cuales soy cofundador.<\/p>\n<p>Serotonina Films, productora de v\u00eddeo en la que hemos tenido el placer de dise\u00f1ar y ejecutar accinoes pulbicitarias en v\u00eddeos, animaciones, videos de apertura para Festivales de Cine, videoclips y todo tipo de corporativos para los nuevos medios sociales. Le invito a que vea todos los v\u00eddeos que hemos realizado<\/p>\n<p>He de reconocer que en mi tiempo libre me encanta pasar el tiempo con mis peque\u00f1os sobrinos, jugar a los videojuegos y realizar fotografias o escenas de ficci\u00f3n.<\/p>\n<p><strong>Twitter: <a href=\"https:\/\/twitter.com\/asensiohector\" target=\"_blank\" rel=\"noopener\">@asensiohector<\/a><\/strong><\/p>\n<h3>Isaac Bolea<\/h3>\n<p>Me llamo Isaac inform\u00e1tico de profesi\u00f3n, siempre me ha gustado la tecnolog\u00eda Internet lo que me llevo ya por el 1997 a montar mis primeras BBS y aplicaciones en la red con bases de datos.<\/p>\n<p>He pasado y conocido muchos entornos y formas de trabajar pero en el 2007 conoc\u00ed WordPress y comenc\u00e9 a trabajar con \u00e9l, primero de manera personal con mi blog personal en WordPress.org que finalmente migre 2013 migre a mi propio sitio <a href=\"http:\/\/isaacbolea.com\">isaacbolea.com<\/a><\/p>\n<p>En 2013 cree Sephor Consulting dedicada al mundo online y entre otras cosas desarrollando en WordPress.<\/p>\n<p><strong>Twitter: <a href=\"https:\/\/twitter.com\/ibolea\" target=\"_blank\" rel=\"noopener\">@ibolea<\/a><\/strong><\/p>\n<h3>Isabel Ara<\/h3>\n<p>Periodista freelance que vive y trabaja entre palabras. Escribir es su gran pasi\u00f3n. Actualmente se dedica a la creaci\u00f3n y redacci\u00f3n de contenido digital.<\/p>\n<p>Vive en Zaragoza aunque es de Sabi\u00f1\u00e1nigo (Huesca), lugar al que se escapa de vez en cuando. Ah\u00ed el cielo es m\u00e1s azul.<\/p>\n<p>Colecciona Playmobil y sonrisas. Toca la flauta travesera, practica yoga y baila zumba.<\/p>\n<p>Para ella, la vida son momentos. Y por eso le gusta disfrutarlos con la mayor intensidad posible. Y siempre con actitud.<\/p>\n<p><strong>Twitter: <a href=\"https:\/\/twitter.com\/IsabelAraLopez\" target=\"_blank\" rel=\"noopener\">@IsabelAraLopez<\/a><\/strong><\/p>\n<h3>Israel Escuer<\/h3>\n<p><strong>Twitter: <a href=\"https:\/\/twitter.com\/chicho_zar\" target=\"_blank\" rel=\"noopener\">@chicho_zar<\/a><\/strong><\/p>\n<h3>Jes\u00fas Alberto R\u00edos<\/h3>\n<p>Comienzo en el 2001 cogi\u00e9ndole el gusto a la inform\u00e1tica.<\/p>\n<p>Mis primeros programas en Java para unas pr\u00e1cticas en una carrera que acabare alg\u00fan d\u00eda, me ense\u00f1an lo que necesito para aprender la l\u00f3gica de programar. Hago un cambio en la vida y me paso a sistemas que es lo que me gusta para ese momento: Servidores Linux como mi primer objetivo y servicios para aplicaciones webs.<\/p>\n<p>Acabo form\u00e1ndome por mi cuenta en lenguajes como PHP y JS distintos CMS y Frameworks. Lo m\u00edo es el full-stack-back si se puede definir as\u00ed, en donde siempre me muevo entre servidores Linux, PHP, Node y Javascript, pero sin tocar Css (mi kriptonita). A si, y algo de Java y Android que tambi\u00e9n molan :).<\/p>\n<p>Soy lo que se conoce como un \u201cAprendiz de mucho, maestro de nada\u201d, pero hasta la fecha lo llevo bien.<\/p>\n<p><strong>Twitter: <\/strong><a href=\"https:\/\/twitter.com\/vainas\" target=\"_blank\" rel=\"noopener\"><strong>@vainas<\/strong><\/a><\/p>\n<h3>Jorge Bernal<\/h3>\n<p>Mobile Engineer at Automattic. Making WordPress for iOS<\/p>\n<p><strong>Twitter: <\/strong><a href=\"https:\/\/twitter.com\/koke\" target=\"_blank\" rel=\"noopener\"><strong>@koke<\/strong><\/a><\/p>\n<h3>Jos\u00e9 Carlos Perul\u00e1n<\/h3>\n<p><em>No tengo talentos especiales, pero si que soy profundamente curioso (Albert Einstein).<\/em><\/p>\n<p>Me considero muy observador, mi pasi\u00f3n es captar detalles y momentos significativos y compartirlos utilizando herramientas que me permitan plasmar estos contenidos.<\/p>\n<h3>Laura de la Riva<\/h3>\n<p>Los ordenadores y yo nos tenemos una ligera alergia mutua, pero intentamos\u00a0respetarnos.<\/p>\n<p>No tengo el placer de conocer mucho el mundo del WordPress, pero me apunto a un bombardeo y esto no iba a ser menos!<\/p>\n<p>Actriz y cantaora de ducha de vocaci\u00f3n, camarera de profesi\u00f3n. Empec\u00e9 a hacer teatro a los 15 a\u00f1os y en el 2016 cre\u00e9 el grupo \u00abCogido con imperdibles TEATRO\u00bb junto con 4 compa\u00f1eras:<\/p>\n<p><a href=\"https:\/\/www.facebook.com\/CogidoconImperdibles\/\" target=\"_blank\" rel=\"noopener\">https:\/\/www.facebook.com\/CogidoconImperdibles\/<\/a><\/p>\n<p>En mi tiempo libre me gusta apalear a mi pobre ukelele, ir al teatro y a conciertos, pasar el rato con mis amigos y viajar intentando emular a mi gran h\u00e9roe de la infancia, Willy Fog.<\/p>\n<p>Nos vemos de bombardeo!<\/p>\n<p><strong>Twitter: <a href=\"https:\/\/twitter.com\/larailala\" target=\"_blank\" rel=\"noopener\">@larailala<\/a><\/strong><\/p>\n<h3>Mary Carmen Bozal<\/h3>\n<p><strong>Twitter: <a href=\"https:\/\/twitter.com\/mcbozal\" target=\"_blank\" rel=\"noopener\">@mcbozal<\/a><\/strong><\/p>\n<h3>Monica Gimenez<\/h3>\n<p>Me dedico al marketing online, en concreto a la definici\u00f3n de estrategias de contenidos enfocadas a Blogs y Social Media y al\u00a0Email Marketing.<\/p>\n<p>Desde siempre me ha gustado aprender a hacer mis propias webs, por eso en cuanto conoc\u00ed WordPress fue un amor a primera vista porque es una plataforma que te permite hacer pr\u00e1cticamente cualquier cosa sin unos altos conocimientos t\u00e9cnicos. Instalar WordPress, configurar plantillas, customizarlas, implementar plugins para todo tipo de funcionalidades (ecommerce, suscripciones, anal\u00edtica&#8230;) son cosas que he ido aprendiendo destrozando mis WordPress una y otra vez.<\/p>\n<p>Mi blog es\u00a0<a href=\"https:\/\/www.misstechin.com\" target=\"_blank\" rel=\"noopener\">https:\/\/www.misstechin.com<\/a>\u00a0en el que hablo de internet, creatividad\u00a0y c\u00f3mics y fue ganador del premio al Mejor Blog personal \u00abArag\u00f3n en la red\u00bb en 2014. Tambi\u00e9n coordino el blog de emprendedores creativos MadeinZaragoza, que muestra la creatividad y talento de la ciudad. He participado como ponente hablando de estrategias de marketing online, redes sociales y blogs en las sesiones The Monday Reading Club, el D\u00eda de Internet, Congreso Web o Innovate!<\/p>\n<p><strong>Twitter: <a href=\"https:\/\/twitter.com\/misstechin\" target=\"_blank\" rel=\"noopener\">@misstechin<\/a><\/strong><\/p>\n<h3>Pedro Orihuela<\/h3>\n<p><strong>Twitter: <a href=\"https:\/\/twitter.com\/SoydeZaragoza\" target=\"_blank\" rel=\"noopener\">@SoydeZaragoza<\/a><\/strong><\/p>\n<h3>Sonsoles Valero<\/h3>\n<p>Haciendo caso a los t\u00f3picos, si os digo que soy abogada (s\u00ed, abogada) y formadora especialista en Derecho de Consumo y en atenci\u00f3n al cliente puede sonar aburrido y extra\u00f1o. \u00bfQu\u00e9 hace una chica como t\u00fa en un sitio como \u00e9ste? Pero si a\u00f1ado que me apasiona la tecnolog\u00eda y que ambos mundos est\u00e1n condenados a entenderse, mi mundo se comprende mejor.<\/p>\n<p>Curiosa y con muchas ganas de aprender, me conquistaron con una pantalla en negro y unas cuantas l\u00edneas de c\u00f3digo. No entiendo a quienes dicen que se aburren. A m\u00ed me faltan horas.<\/p>\n<p>Desde 2017 entrenando chatbots en BOTMYSELF, una startup tecnol\u00f3gica que va a dar mucho que hablar en el ecosistema LegalTech.<\/p>\n<p>Es mi primera WordCamp y quiero ayudar para que todo salga genial.<\/p>\n<p>Nos vemos muy prontito.<\/p>\n<p><strong>Twitter: <a href=\"https:\/\/twitter.com\/sonvalero\" target=\"_blank\" rel=\"noopener\">@sonvalero<\/a><\/strong><\/p>\n<h3>Susana Iba\u00f1ez<\/h3>\n<p>Llevo 15 a\u00f1os dedic\u00e1ndome profesionalmente a la inform\u00e1tica. Empec\u00e9 mi carrera como programadora de aplicaciones web en Java. Al cabo de unos a\u00f1os mont\u00e9 una empresa con un compa\u00f1ero y empezamos a desarrollar los proyectos desde cero, pero nos costaba mucho esfuerzo para poco beneficio. No hay nada como aprender de tus errores. As\u00ed que buscamos un CMS y nos decidimos por WordPress. Actualmente soy freelance o aut\u00f3noma, depende de lo guay que me haya levantado ese d\u00eda, y me he especializado en WordPress.<\/p>\n<p>Llevo asistiendo a las meetup de WordPress Zaragoza desde hace dos a\u00f1os y este a\u00f1o me lance a colaborar con ellos dando una charla de introducci\u00f3n a ACF. Os recomiendo la experiencia y os animo a que colabor\u00e9is con la comunidad y compart\u00e1is vuestras experiencias en una meetup.<\/p>\n<p>Hay tantas cosas que aprender y tan poco tiempo. \u00a1Vamos a pas\u00e1rnoslo bien en la WordCamp Zaragoza 2018!<\/p>\n<p><strong>Twitter: <\/strong><a href=\"https:\/\/twitter.com\/shusica\" target=\"_blank\" rel=\"noopener\"><strong>@shusica<\/strong><\/a><\/p>\n","protected":false},"excerpt":{"rendered":"<p>Ver lista Voluntari@s de Twitter Alfredo Piqueras Me llamo Alfredo Piqueras y trabajo como aut\u00f3nomo desde 2006 en mi proyecto personal, Espacio Creativo. Me dedico fundamentalmente al desarrollo de p\u00e1ginas web y trabajos de imagen corporativa. Y ahora apostando fuerte por el Marketing on-line y la fotograf\u00eda, a no parar de aprender. Twitter: @AlfredoPiqueras C\u00e9sar &hellip; <a href=\"https:\/\/zaragoza.wordcamp.org\/2018\/voluntarios\/\" class=\"more-link\">Continuar leyendo<span class=\"screen-reader-text\"> \u00abVoluntarios\u00bb<\/span><\/a><\/p>\n","protected":false},"author":15061605,"featured_media":0,"parent":0,"menu_order":0,"comment_status":"closed","ping_status":"closed","template":"","meta":{"_crdt_document":"","footnotes":""},"class_list":["post-1462","page","type-page","status-publish","hentry"],"jetpack_sharing_enabled":true,"jetpack_likes_enabled":true,"jetpack-related-posts":[{"id":13,"url":"https:\/\/zaragoza.wordcamp.org\/2018\/compra-tu-entrada\/","url_meta":{"origin":1462,"position":0},"title":"Compra tu entrada","author":"Alejandro Gil Mialdea","date":"26\/11\/2017","format":false,"excerpt":"Actualizaci\u00f3n 08\/01\/2018 TODAS LAS ENTRADAS AGOTADAS \u00a1Ya est\u00e1n disponibles las entradas para la primera WordCamp Zaragoza en 2018! IMPORTANTE: Las entradas son personales e intransferibles. Si por alguna raz\u00f3n no puedes asistir al evento, puedes solicitar el reembolso hasta el d\u00eda 6 de enero de 2018 o avisarnos y pondremos\u2026","rel":"","context":"Entrada similar","block_context":{"text":"Entrada similar","link":""},"img":{"alt_text":"","src":"https:\/\/i0.wp.com\/zaragoza.wordcamp.org\/2018\/files\/2017\/12\/cropped-wczgz18-favicon.png?fit=512%2C512&resize=350%2C200#038;ssl=1","width":350,"height":200},"classes":[]},{"id":19,"url":"https:\/\/zaragoza.wordcamp.org\/2018\/codigo-de-conducta\/","url_meta":{"origin":1462,"position":1},"title":"C\u00f3digo de conducta","author":"Alejandro Gil Mialdea","date":"11\/08\/2017","format":false,"excerpt":"PROP\u00d3SITO WordCamp Zaragoza cree en una comunidad abierta a todo el mundo. Como tal, estamos comprometidos a proporcionar un ambiente amigable, seguro y acogedor para todos; independientemente de su sexo, orientaci\u00f3n sexual, discapacidad, etnia, religi\u00f3n, sistema operativo preferido, lenguaje de programaci\u00f3n o editor de texto. Este c\u00f3digo de conducta resume\u2026","rel":"","context":"Entrada similar","block_context":{"text":"Entrada similar","link":""},"img":{"alt_text":"","src":"https:\/\/i0.wp.com\/zaragoza.wordcamp.org\/2018\/files\/2017\/12\/cropped-wczgz18-favicon.png?fit=512%2C512&resize=350%2C200#038;ssl=1","width":350,"height":200},"classes":[]},{"id":11,"url":"https:\/\/zaragoza.wordcamp.org\/2018\/ubicacion\/","url_meta":{"origin":1462,"position":2},"title":"Ubicaci\u00f3n: ETOPIA","author":"Alejandro Gil Mialdea","date":"11\/08\/2017","format":false,"excerpt":"El lugar elegido para WordCamp Zaragoza 2018 es ETOPIA Centro de Arte y Tecnolog\u00eda; un equipamiento de nueva generaci\u00f3n dise\u00f1ado para albergar y promover proyectos creativos y emprendedores. Un lugar para investigar, aprender, probar, contar, pasear, compartir. Un espacio reservado para la cultura contempor\u00e1nea. Un espacio abierto a todos los\u2026","rel":"","context":"Entrada similar","block_context":{"text":"Entrada similar","link":""},"img":{"alt_text":"","src":"https:\/\/i0.wp.com\/zaragoza.wordcamp.org\/2018\/files\/2017\/12\/etopia-1.jpg?fit=1200%2C800&ssl=1&resize=350%2C200","width":350,"height":200,"srcset":"https:\/\/i0.wp.com\/zaragoza.wordcamp.org\/2018\/files\/2017\/12\/etopia-1.jpg?fit=1200%2C800&ssl=1&resize=350%2C200 1x, https:\/\/i0.wp.com\/zaragoza.wordcamp.org\/2018\/files\/2017\/12\/etopia-1.jpg?fit=1200%2C800&ssl=1&resize=525%2C300 1.5x, https:\/\/i0.wp.com\/zaragoza.wordcamp.org\/2018\/files\/2017\/12\/etopia-1.jpg?fit=1200%2C800&ssl=1&resize=700%2C400 2x, https:\/\/i0.wp.com\/zaragoza.wordcamp.org\/2018\/files\/2017\/12\/etopia-1.jpg?fit=1200%2C800&ssl=1&resize=1050%2C600 3x"},"classes":[]},{"id":17,"url":"https:\/\/zaragoza.wordcamp.org\/2018\/contacta\/","url_meta":{"origin":1462,"position":3},"title":"Contacta","author":"Alejandro Gil Mialdea","date":"11\/08\/2017","format":false,"excerpt":"\u00bfQuieres contarnos o proponernos algo interesante para la WordCamp? Puedes contactar con nosotros: A trav\u00e9s de Twitter @zaragozawp o usando el siguiente formulario:","rel":"","context":"Entrada similar","block_context":{"text":"Entrada similar","link":""},"img":{"alt_text":"","src":"https:\/\/i0.wp.com\/zaragoza.wordcamp.org\/2018\/files\/2017\/12\/cropped-wczgz18-favicon.png?fit=512%2C512&resize=350%2C200#038;ssl=1","width":350,"height":200},"classes":[]},{"id":2272,"url":"https:\/\/zaragoza.wordcamp.org\/2018\/after-party\/","url_meta":{"origin":1462,"position":4},"title":"After Party \u00a1miedo!","author":"jjpeleato","date":"12\/01\/2018","format":false,"excerpt":"Toda WordCamp tiene un After Party, evento que asistes, congreso que no puede faltar la fiesta del s\u00e1bado noche, y si, En Zaragoza \u00a1Tenemos fiesta!. Despu\u00e9s de un d\u00eda repleto de conocimientos y experiencias, nada mejor que seguir conoci\u00e9ndonos tomando algo con los ponentes, patrocinadores, organizadores y dem\u00e1s participantes. Por\u2026","rel":"","context":"Entrada similar","block_context":{"text":"Entrada similar","link":""},"img":{"alt_text":"","src":"https:\/\/i0.wp.com\/2018.zaragoza.wordcamp.org\/files\/2018\/01\/bocachica.jpg?resize=350%2C200&ssl=1","width":350,"height":200,"srcset":"https:\/\/i0.wp.com\/2018.zaragoza.wordcamp.org\/files\/2018\/01\/bocachica.jpg?resize=350%2C200&ssl=1 1x, https:\/\/i0.wp.com\/2018.zaragoza.wordcamp.org\/files\/2018\/01\/bocachica.jpg?resize=525%2C300&ssl=1 1.5x, https:\/\/i0.wp.com\/2018.zaragoza.wordcamp.org\/files\/2018\/01\/bocachica.jpg?resize=700%2C400&ssl=1 2x"},"classes":[]},{"id":885,"url":"https:\/\/zaragoza.wordcamp.org\/2018\/super-asistentes\/","url_meta":{"origin":1462,"position":5},"title":"S\u00faper asistentes","author":"jjpeleato","date":"02\/12\/2017","format":false,"excerpt":"Nota aclaratoria: \u00bfPor qu\u00e9 no se ve mi avatar?\u00a0Utilizamos el famoso sistema Gravatar para mostrar la foto\/avatar de los asistentes. Si quieres que tu foto aparezca en el listado, basta con crear una cuenta y asignarle tu avatar o foto al correo electr\u00f3nico que has utilizado para adquirir tu entrada.\u2026","rel":"","context":"Entrada similar","block_context":{"text":"Entrada similar","link":""},"img":{"alt_text":"","src":"https:\/\/i0.wp.com\/zaragoza.wordcamp.org\/2018\/files\/2017\/12\/cropped-wczgz18-favicon.png?fit=512%2C512&resize=350%2C200#038;ssl=1","width":350,"height":200},"classes":[]}],"jetpack_shortlink":"https:\/\/wp.me\/PheMyu-nA","_links":{"self":[{"href":"https:\/\/zaragoza.wordcamp.org\/2018\/wp-json\/wp\/v2\/pages\/1462","targetHints":{"allow":["GET"]}}],"collection":[{"href":"https:\/\/zaragoza.wordcamp.org\/2018\/wp-json\/wp\/v2\/pages"}],"about":[{"href":"https:\/\/zaragoza.wordcamp.org\/2018\/wp-json\/wp\/v2\/types\/page"}],"author":[{"embeddable":true,"href":"https:\/\/zaragoza.wordcamp.org\/2018\/wp-json\/wp\/v2\/users\/15061605"}],"replies":[{"embeddable":true,"href":"https:\/\/zaragoza.wordcamp.org\/2018\/wp-json\/wp\/v2\/comments?post=1462"}],"version-history":[{"count":37,"href":"https:\/\/zaragoza.wordcamp.org\/2018\/wp-json\/wp\/v2\/pages\/1462\/revisions"}],"predecessor-version":[{"id":2573,"href":"https:\/\/zaragoza.wordcamp.org\/2018\/wp-json\/wp\/v2\/pages\/1462\/revisions\/2573"}],"wp:attachment":[{"href":"https:\/\/zaragoza.wordcamp.org\/2018\/wp-json\/wp\/v2\/media?parent=1462"}],"curies":[{"name":"wp","href":"https:\/\/api.w.org\/{rel}","templated":true}]}}