{"id":13,"date":"2017-11-26T21:20:10","date_gmt":"2017-11-26T20:20:10","guid":{"rendered":"https:\/\/2018.zaragoza.wordcamp.org\/?page_id=13"},"modified":"2018-01-11T17:48:26","modified_gmt":"2018-01-11T16:48:26","slug":"compra-tu-entrada","status":"publish","type":"page","link":"https:\/\/zaragoza.wordcamp.org\/2018\/compra-tu-entrada\/","title":{"rendered":"Compra tu entrada"},"content":{"rendered":"<a href=\"https:\/\/zaragoza.wordcamp.org\/2018\/compra-tu-entrada\/\">Por favor, ve esta p\u00e1gina en un navegador para hacer una compra o gestionar entradas.<\/a>\n<h3><span style=\"color: #ff0000\"><strong>Actualizaci\u00f3n 08\/01\/2018<\/strong><\/span><br \/>\n<span style=\"color: #ff0000\"> TODAS LAS ENTRADAS AGOTADAS<\/span><\/h3>\n<p><del datetime=\"2018-01-09T10:19:09+00:00\">\u00a1Ya est\u00e1n disponibles las entradas para la primera WordCamp Zaragoza en 2018!<\/del><\/p>\n<p><strong>IMPORTANTE: <\/strong>Las entradas son personales e intransferibles. Si por alguna raz\u00f3n no puedes asistir al evento, puedes solicitar el reembolso hasta el d\u00eda 6 de enero de 2018 o avisarnos y pondremos tu plaza a disposici\u00f3n de alguien que se haya quedado sin entrada para que pueda asistir. \u00a1Gracias de antemano!<\/p>\n<p>Adem\u00e1s, si quieres puedes solicitarnos un 30% descuento en RENFE o un 15% en ALSA. <a href=\"https:\/\/2018.zaragoza.wordcamp.org\/contacta\/\">Ponte en contacto con nosotros<\/a>.<\/p>\n<h3>Para todos los perfiles<\/h3>\n<p>WordCamp es para todo tipo de personas que utilicen WordPress; para usuarios y gestores de contenido, para desarrolladores, etc. De hecho, cuando compres tu entrada te preguntaremos tu perfil, esto nos permitir\u00e1 conocer m\u00e1s qu\u00e9 tipo de p\u00fablico vendr\u00e1 al evento: Tech | Editor<\/p>\n<ul>\n<li><strong>Editor<\/strong>:<br \/>\nEste perfil estar\u00e1 enfocada en aquellos temas m\u00e1s asequibles a todo tipo de usuario: copywriting, gesti\u00f3n de contenidos, blog, dise\u00f1o, negocio, marketing y comunidad.<\/li>\n<li><strong>Tech<\/strong>:<br \/>\nEste perfil estar\u00e1n m\u00e1s enfocados a temas sobre programaci\u00f3n HTML, CSS, PHP, jQuery, etc; sobre servidores; es decir, m\u00e1s t\u00e9cnicos \u2014 pero no por ellos exclusivos para expertos, pueden ser de un nivel de iniciaci\u00f3n para aquellos que quieran empezar en estos temas.<\/li>\n<\/ul>\n<h3>\u00bfD\u00f3nde y cu\u00e1ndo?<\/h3>\n<p>WordCamp Zaragoza se celebrara los d\u00edas 13 y 14 de enero de 2018 y el evento se dividir\u00e1 en 2 jornadas:<\/p>\n<ul>\n<li><strong>S\u00e1bado<\/strong> 13 de enero \u2013 D\u00eda de ponencias, networking, talleres sobre WordPress, beerworking y afterparty.<\/li>\n<li><strong>Domingo<\/strong> 14 de enero \u2013 D\u00eda de la comunidad&#8230; \u00a1con m\u00e1s ponencias! (se habilitar\u00e1n mesas de trabajo sobre diferentes temas (core, traducciones, foros de ayuda, etc) y salas para conferencias.<\/li>\n<\/ul>\n<p>El lugar elegido para WordCamp Zaragoza 2018 es ETOPIA Centro de Arte y Tecnolog\u00eda; se encuentra a cinco minutos andando de la Estaci\u00f3n del AVE &#8211; conectada directamente a trav\u00e9s de una pasarela &#8211; en plena puerta de entrada a Zaragoza a trav\u00e9s de la autopista A-68. <a href=\"https:\/\/2018.zaragoza.wordcamp.org\/ubicacion\/\">M\u00e1s informaci\u00f3n<\/a>.<\/p>\n<h3>\u00bfQu\u00e9 incluye la entrada?<\/h3>\n<p><strong>La entrada \u00abAsistente\u00bb de 10\u20ac incluye:<\/strong><\/p>\n<ul>\n<li>Acceso a todo el evento (s\u00e1bado y domingo*), a todas sus ponencias, talleres, d\u00eda de la comunidad y actividades ofrecidas por ponentes de primer nivel.<\/li>\n<li>Coffee break (descanso para el caf\u00e9) por la ma\u00f1ana para activarnos.<\/li>\n<li>Comida (lunch) en comunidad para reponer fuerzas y hacer networking, intercambiar ideas y conocer a otros profesionales (s\u00e1bado y domingo).<\/li>\n<li>Coffee break (no tenemos siesta pero s\u00ed caf\u00e9) por la tarde<\/li>\n<li>Acceso al After Party que celebraremos en la noche del s\u00e1bado.<\/li>\n<li>Y otras sorpresas que nos ofrecer\u00e1n nuestro patrocinadores.<\/li>\n<\/ul>\n<p><strong>La entrada \u00abS\u00faper Asistente\u00bb de 50\u20ac incluye:<\/strong><\/p>\n<p>Es tu oportunidad de mostrarle al mundo tu amor por el evento. El micropatrocinio es lo mismo que una entrada normal e incluye todo nuestro cari\u00f1o y gratitud. Tu nombre y logotipo aparecer\u00e1n en la web de WordCamp Zaragoza cuando se publique el art\u00edculo de agradecimiento de los \u00abSuper Asistentes\u00bb.<\/p>\n<ul>\n<li>Todo lo que incluye la entrada \u00abAsistente\u00bb.<\/li>\n<li>Menci\u00f3n especial en el apartado de asistentes al evento.<\/li>\n<li>Agradecimiento en Twitter.<\/li>\n<\/ul>\n<h4>Notas aclaratorias<\/h4>\n<p><strong>IMPORTANTE: Mi acreditaci\u00f3n no tiene mi avatar, \u00bfPor qu\u00e9 no se ve mi avatar?<\/strong><br \/>\nUtilizamos el famoso sistema <a href=\"https:\/\/es.gravatar.com\/\">Gravatar<\/a> para mostrar la foto\/avatar de los asistentes tanto en la p\u00e1gina de asistentes como en su propia acreditaci\u00f3n. Si quieres que tu foto aparezca en el listado y acreditaci\u00f3n, basta con crear una cuenta y asignarle tu avatar o foto al correo electr\u00f3nico que utilizar\u00e1s para adquirir tu entrada.<\/p>\n<p>* Si quieres asistir al d\u00eda de comunidad (Contributor Day) m\u00e1rcalo cuando rellenes los datos para tu entrada.<br \/>\n** Aunque la \u00fanica forma de pago sea PayPal, no necesitas cuenta para pagar, el sistema admite pago con tarjeta.<br \/>\n*** Aviso para voluntarios y ponentes: No adquieras tu entrada sin hablar con nosotros.<\/p>\n","protected":false},"excerpt":{"rendered":"<p>Actualizaci\u00f3n 08\/01\/2018 TODAS LAS ENTRADAS AGOTADAS \u00a1Ya est\u00e1n disponibles las entradas para la primera WordCamp Zaragoza en 2018! IMPORTANTE: Las entradas son personales e intransferibles. Si por alguna raz\u00f3n no puedes asistir al evento, puedes solicitar el reembolso hasta el d\u00eda 6 de enero de 2018 o avisarnos y pondremos tu plaza a disposici\u00f3n de &hellip; <a href=\"https:\/\/zaragoza.wordcamp.org\/2018\/compra-tu-entrada\/\" class=\"more-link\">Continuar leyendo<span class=\"screen-reader-text\"> \u00abCompra tu entrada\u00bb<\/span><\/a><\/p>\n","protected":false},"author":6642423,"featured_media":0,"parent":0,"menu_order":0,"comment_status":"closed","ping_status":"closed","template":"","meta":{"_crdt_document":"","footnotes":""},"class_list":["post-13","page","type-page","status-publish","hentry"],"jetpack_sharing_enabled":true,"jetpack_likes_enabled":true,"jetpack-related-posts":[{"id":885,"url":"https:\/\/zaragoza.wordcamp.org\/2018\/super-asistentes\/","url_meta":{"origin":13,"position":0},"title":"S\u00faper asistentes","author":"jjpeleato","date":"02\/12\/2017","format":false,"excerpt":"Nota aclaratoria: \u00bfPor qu\u00e9 no se ve mi avatar?\u00a0Utilizamos el famoso sistema Gravatar para mostrar la foto\/avatar de los asistentes. Si quieres que tu foto aparezca en el listado, basta con crear una cuenta y asignarle tu avatar o foto al correo electr\u00f3nico que has utilizado para adquirir tu entrada.\u2026","rel":"","context":"Entrada similar","block_context":{"text":"Entrada similar","link":""},"img":{"alt_text":"","src":"https:\/\/i0.wp.com\/zaragoza.wordcamp.org\/2018\/files\/2017\/12\/cropped-wczgz18-favicon.png?fit=512%2C512&resize=350%2C200#038;ssl=1","width":350,"height":200},"classes":[]},{"id":14,"url":"https:\/\/zaragoza.wordcamp.org\/2018\/asistentes\/","url_meta":{"origin":13,"position":1},"title":"Asistentes","author":"Alejandro Gil Mialdea","date":"04\/11\/2017","format":false,"excerpt":"Nota aclaratoria: \u00bfPor qu\u00e9 no se ve mi avatar?\u00a0Utilizamos el famoso sistema Gravatar para mostrar la foto\/avatar de los asistentes. Si quieres que tu foto aparezca en el listado, basta con crear una cuenta y asignarle tu avatar o foto al correo electr\u00f3nico que has utilizado para adquirir tu entrada.\u2026","rel":"","context":"Entrada similar","block_context":{"text":"Entrada similar","link":""},"img":{"alt_text":"","src":"https:\/\/i0.wp.com\/zaragoza.wordcamp.org\/2018\/files\/2017\/12\/cropped-wczgz18-favicon.png?fit=512%2C512&resize=350%2C200#038;ssl=1","width":350,"height":200},"classes":[]},{"id":11,"url":"https:\/\/zaragoza.wordcamp.org\/2018\/ubicacion\/","url_meta":{"origin":13,"position":2},"title":"Ubicaci\u00f3n: ETOPIA","author":"Alejandro Gil Mialdea","date":"11\/08\/2017","format":false,"excerpt":"El lugar elegido para WordCamp Zaragoza 2018 es ETOPIA Centro de Arte y Tecnolog\u00eda; un equipamiento de nueva generaci\u00f3n dise\u00f1ado para albergar y promover proyectos creativos y emprendedores. Un lugar para investigar, aprender, probar, contar, pasear, compartir. Un espacio reservado para la cultura contempor\u00e1nea. Un espacio abierto a todos los\u2026","rel":"","context":"Entrada similar","block_context":{"text":"Entrada similar","link":""},"img":{"alt_text":"","src":"https:\/\/i0.wp.com\/zaragoza.wordcamp.org\/2018\/files\/2017\/12\/etopia-1.jpg?fit=1200%2C800&ssl=1&resize=350%2C200","width":350,"height":200,"srcset":"https:\/\/i0.wp.com\/zaragoza.wordcamp.org\/2018\/files\/2017\/12\/etopia-1.jpg?fit=1200%2C800&ssl=1&resize=350%2C200 1x, https:\/\/i0.wp.com\/zaragoza.wordcamp.org\/2018\/files\/2017\/12\/etopia-1.jpg?fit=1200%2C800&ssl=1&resize=525%2C300 1.5x, https:\/\/i0.wp.com\/zaragoza.wordcamp.org\/2018\/files\/2017\/12\/etopia-1.jpg?fit=1200%2C800&ssl=1&resize=700%2C400 2x, https:\/\/i0.wp.com\/zaragoza.wordcamp.org\/2018\/files\/2017\/12\/etopia-1.jpg?fit=1200%2C800&ssl=1&resize=1050%2C600 3x"},"classes":[]},{"id":2272,"url":"https:\/\/zaragoza.wordcamp.org\/2018\/after-party\/","url_meta":{"origin":13,"position":3},"title":"After Party \u00a1miedo!","author":"jjpeleato","date":"12\/01\/2018","format":false,"excerpt":"Toda WordCamp tiene un After Party, evento que asistes, congreso que no puede faltar la fiesta del s\u00e1bado noche, y si, En Zaragoza \u00a1Tenemos fiesta!. Despu\u00e9s de un d\u00eda repleto de conocimientos y experiencias, nada mejor que seguir conoci\u00e9ndonos tomando algo con los ponentes, patrocinadores, organizadores y dem\u00e1s participantes. Por\u2026","rel":"","context":"Entrada similar","block_context":{"text":"Entrada similar","link":""},"img":{"alt_text":"","src":"https:\/\/i0.wp.com\/2018.zaragoza.wordcamp.org\/files\/2018\/01\/bocachica.jpg?resize=350%2C200&ssl=1","width":350,"height":200,"srcset":"https:\/\/i0.wp.com\/2018.zaragoza.wordcamp.org\/files\/2018\/01\/bocachica.jpg?resize=350%2C200&ssl=1 1x, https:\/\/i0.wp.com\/2018.zaragoza.wordcamp.org\/files\/2018\/01\/bocachica.jpg?resize=525%2C300&ssl=1 1.5x, https:\/\/i0.wp.com\/2018.zaragoza.wordcamp.org\/files\/2018\/01\/bocachica.jpg?resize=700%2C400&ssl=1 2x"},"classes":[]},{"id":17,"url":"https:\/\/zaragoza.wordcamp.org\/2018\/contacta\/","url_meta":{"origin":13,"position":4},"title":"Contacta","author":"Alejandro Gil Mialdea","date":"11\/08\/2017","format":false,"excerpt":"\u00bfQuieres contarnos o proponernos algo interesante para la WordCamp? Puedes contactar con nosotros: A trav\u00e9s de Twitter @zaragozawp o usando el siguiente formulario:","rel":"","context":"Entrada similar","block_context":{"text":"Entrada similar","link":""},"img":{"alt_text":"","src":"https:\/\/i0.wp.com\/zaragoza.wordcamp.org\/2018\/files\/2017\/12\/cropped-wczgz18-favicon.png?fit=512%2C512&resize=350%2C200#038;ssl=1","width":350,"height":200},"classes":[]},{"id":19,"url":"https:\/\/zaragoza.wordcamp.org\/2018\/codigo-de-conducta\/","url_meta":{"origin":13,"position":5},"title":"C\u00f3digo de conducta","author":"Alejandro Gil Mialdea","date":"11\/08\/2017","format":false,"excerpt":"PROP\u00d3SITO WordCamp Zaragoza cree en una comunidad abierta a todo el mundo. Como tal, estamos comprometidos a proporcionar un ambiente amigable, seguro y acogedor para todos; independientemente de su sexo, orientaci\u00f3n sexual, discapacidad, etnia, religi\u00f3n, sistema operativo preferido, lenguaje de programaci\u00f3n o editor de texto. Este c\u00f3digo de conducta resume\u2026","rel":"","context":"Entrada similar","block_context":{"text":"Entrada similar","link":""},"img":{"alt_text":"","src":"https:\/\/i0.wp.com\/zaragoza.wordcamp.org\/2018\/files\/2017\/12\/cropped-wczgz18-favicon.png?fit=512%2C512&resize=350%2C200#038;ssl=1","width":350,"height":200},"classes":[]}],"jetpack_shortlink":"https:\/\/wp.me\/PheMyu-d","_links":{"self":[{"href":"https:\/\/zaragoza.wordcamp.org\/2018\/wp-json\/wp\/v2\/pages\/13","targetHints":{"allow":["GET"]}}],"collection":[{"href":"https:\/\/zaragoza.wordcamp.org\/2018\/wp-json\/wp\/v2\/pages"}],"about":[{"href":"https:\/\/zaragoza.wordcamp.org\/2018\/wp-json\/wp\/v2\/types\/page"}],"author":[{"embeddable":true,"href":"https:\/\/zaragoza.wordcamp.org\/2018\/wp-json\/wp\/v2\/users\/6642423"}],"replies":[{"embeddable":true,"href":"https:\/\/zaragoza.wordcamp.org\/2018\/wp-json\/wp\/v2\/comments?post=13"}],"version-history":[{"count":35,"href":"https:\/\/zaragoza.wordcamp.org\/2018\/wp-json\/wp\/v2\/pages\/13\/revisions"}],"predecessor-version":[{"id":959,"href":"https:\/\/zaragoza.wordcamp.org\/2018\/wp-json\/wp\/v2\/pages\/13\/revisions\/959"}],"wp:attachment":[{"href":"https:\/\/zaragoza.wordcamp.org\/2018\/wp-json\/wp\/v2\/media?parent=13"}],"curies":[{"name":"wp","href":"https:\/\/api.w.org\/{rel}","templated":true}]}}