{"id":12,"date":"2017-08-11T09:17:38","date_gmt":"2017-08-11T09:17:38","guid":{"rendered":"https:\/\/2018.zaragoza.wordcamp.org\/organizers\/"},"modified":"2018-02-07T08:43:41","modified_gmt":"2018-02-07T07:43:41","slug":"organizadores","status":"publish","type":"page","link":"https:\/\/zaragoza.wordcamp.org\/2018\/organizadores\/","title":{"rendered":"Organizadores"},"content":{"rendered":"\t<div class=\"wcorg-organizers\">\n\n\t\t\n\t\t\t<div class=\"wcorg-organizer\">\n\t\t\t\t<h2>Alejandro Gil Mialdea<\/h2>\n\t\t\t\t<div class=\"wcorg-organizer-description\">\n\t\t\t\t\t\t\t\t\t\t<img alt='' src='https:\/\/secure.gravatar.com\/avatar\/43f5f65fc5cc7cda34ec315a19a294411cbe017b72aae3250c1123397354eac0?s=100&#038;d=mm&#038;r=g' srcset='https:\/\/secure.gravatar.com\/avatar\/43f5f65fc5cc7cda34ec315a19a294411cbe017b72aae3250c1123397354eac0?s=200&#038;d=mm&#038;r=g 2x' class='avatar avatar-100 photo' height='100' width='100' \/>\t\t\t\t\t<p>Mi carrera profesional comenz\u00f3 trabajando por cuenta ajena, pero <strong>pronto me lanc\u00e9 al autoempleo<\/strong> creando Caf\u00e9 con Web, junto a mi compa\u00f1ero Miguel \u00c1ngel Garc\u00eda. Aunque \u00e9ste no ha sido el \u00fanico proyecto; junto a H\u00e9ctor Asensio y Pedro Orihuela organizamos Congreso Web, un evento nacido de la necesidad de <strong>seguir en continuo aprendizaje<\/strong> y contacto con el sector en el que nos desenvolvemos.<\/p>\n<p>Tras 10 a\u00f1os trabajando en \u00e1reas de marketing digital y desarrollo web, he tenido tambi\u00e9n la oportunidad de dar el salto a la docencia. Durante toda mi trayectoria he tratado de especializarme, aprendiendo en profundidad las entra\u00f1as de <strong>WordPress; plataforma a la cual he dedicado, y dedico, gran parte de mi tiempo<\/strong>. Adem\u00e1s, actualmente organizo los meetup de WordPress en Zaragoza con la ayuda de JJ Peleato y Samuel Aguilera.<\/p>\n<p>Actualmente&#8230; me encuentro en un proceso de redefinici\u00f3n de mi trayectoria profesional, con muchas ganas de encontrar un nuevo proyecto que me plantee un reto.<\/p>\n<p><a href=\"https:\/\/agmialdea.info\/\" target=\"_blank\" rel=\"noopener\">agmialdea.info<\/a> | <a href=\"https:\/\/twitter.com\/agmialdea\" target=\"_blank\" rel=\"noopener\">@agmialdea<\/a><\/p>\n\t\t\t\t<\/div>\n\t\t\t<\/div>\n\n\t\t\n\t\t\t<div class=\"wcorg-organizer\">\n\t\t\t\t<h2>Jos\u00e9 Javier Peleato Pradel<\/h2>\n\t\t\t\t<div class=\"wcorg-organizer-description\">\n\t\t\t\t\t\t\t\t\t\t<img alt='' src='https:\/\/secure.gravatar.com\/avatar\/ab0b5fc7b101967e8482d015ec8961eecf0ae2191d6a9a1a1821f1ee05bf9fe9?s=100&#038;d=mm&#038;r=g' srcset='https:\/\/secure.gravatar.com\/avatar\/ab0b5fc7b101967e8482d015ec8961eecf0ae2191d6a9a1a1821f1ee05bf9fe9?s=200&#038;d=mm&#038;r=g 2x' class='avatar avatar-100 photo' height='100' width='100' \/>\t\t\t\t\t<p>\u00a1Hola! mi nombre es Jos\u00e9 Javier Peleato Pradel y soy un chico de Tardienta, un pueblo de la provincia de Huesca, siempre me apasion\u00f3 la inform\u00e1tica y todo lo relacionado con la programaci\u00f3n.<\/p>\n<p>Me gusta todo lo referente a la seguridad y optimizaci\u00f3n, adem\u00e1s me encanta asistir a congresos y hackathons. Mi frase: \u201c<strong>Mi meta, ser un profesional<\/strong>\u201d.<\/p>\n<p>Comenc\u00e9 trabajando como desarrollador Java de aplicaciones multiplataforma, PHP de aplicaciones web y actualmente contin\u00fao mi trayectoria profesional especializado en el desarrollo <strong>WordPress<\/strong> y frameworks PHP.<\/p>\n<p>Colaboro en la organizaci\u00f3n de la <strong>comunidad WordPress Zaragoza<\/strong> y participo activamente en diferentes comunidades TIC de Zaragoza, intentando ayudar a la comunidad en todo lo que puedo.<\/p>\n<p>Porque creo en el <strong>conocimiento libre<\/strong> y <strong>gratuito<\/strong>.<\/p>\n<p><a href=\"https:\/\/www.jjpeleato.com\/\" target=\"_blank\" rel=\"noopener\">jjpeleato.com<\/a> | <a href=\"https:\/\/twitter.com\/jjpeleato\/\" target=\"_blank\" rel=\"noopener\">@jjpeleato<\/a><\/p>\n\t\t\t\t<\/div>\n\t\t\t<\/div>\n\n\t\t\n\t<\/div><!-- .wcorg-organizers -->\n\t\n","protected":false},"excerpt":{"rendered":"","protected":false},"author":6642423,"featured_media":0,"parent":0,"menu_order":0,"comment_status":"closed","ping_status":"closed","template":"","meta":{"_crdt_document":"","footnotes":""},"class_list":["post-12","page","type-page","status-publish","hentry"],"jetpack_sharing_enabled":true,"jetpack_likes_enabled":true,"jetpack-related-posts":[{"id":19,"url":"https:\/\/zaragoza.wordcamp.org\/2018\/codigo-de-conducta\/","url_meta":{"origin":12,"position":0},"title":"C\u00f3digo de conducta","author":"Alejandro Gil Mialdea","date":"11\/08\/2017","format":false,"excerpt":"PROP\u00d3SITO WordCamp Zaragoza cree en una comunidad abierta a todo el mundo. Como tal, estamos comprometidos a proporcionar un ambiente amigable, seguro y acogedor para todos; independientemente de su sexo, orientaci\u00f3n sexual, discapacidad, etnia, religi\u00f3n, sistema operativo preferido, lenguaje de programaci\u00f3n o editor de texto. Este c\u00f3digo de conducta resume\u2026","rel":"","context":"Entrada similar","block_context":{"text":"Entrada similar","link":""},"img":{"alt_text":"","src":"https:\/\/i0.wp.com\/zaragoza.wordcamp.org\/2018\/files\/2017\/12\/cropped-wczgz18-favicon.png?fit=512%2C512&resize=350%2C200#038;ssl=1","width":350,"height":200},"classes":[]},{"id":2272,"url":"https:\/\/zaragoza.wordcamp.org\/2018\/after-party\/","url_meta":{"origin":12,"position":1},"title":"After Party \u00a1miedo!","author":"jjpeleato","date":"12\/01\/2018","format":false,"excerpt":"Toda WordCamp tiene un After Party, evento que asistes, congreso que no puede faltar la fiesta del s\u00e1bado noche, y si, En Zaragoza \u00a1Tenemos fiesta!. Despu\u00e9s de un d\u00eda repleto de conocimientos y experiencias, nada mejor que seguir conoci\u00e9ndonos tomando algo con los ponentes, patrocinadores, organizadores y dem\u00e1s participantes. Por\u2026","rel":"","context":"Entrada similar","block_context":{"text":"Entrada similar","link":""},"img":{"alt_text":"","src":"https:\/\/i0.wp.com\/2018.zaragoza.wordcamp.org\/files\/2018\/01\/bocachica.jpg?resize=350%2C200&ssl=1","width":350,"height":200,"srcset":"https:\/\/i0.wp.com\/2018.zaragoza.wordcamp.org\/files\/2018\/01\/bocachica.jpg?resize=350%2C200&ssl=1 1x, https:\/\/i0.wp.com\/2018.zaragoza.wordcamp.org\/files\/2018\/01\/bocachica.jpg?resize=525%2C300&ssl=1 1.5x, https:\/\/i0.wp.com\/2018.zaragoza.wordcamp.org\/files\/2018\/01\/bocachica.jpg?resize=700%2C400&ssl=1 2x"},"classes":[]},{"id":11,"url":"https:\/\/zaragoza.wordcamp.org\/2018\/ubicacion\/","url_meta":{"origin":12,"position":2},"title":"Ubicaci\u00f3n: ETOPIA","author":"Alejandro Gil Mialdea","date":"11\/08\/2017","format":false,"excerpt":"El lugar elegido para WordCamp Zaragoza 2018 es ETOPIA Centro de Arte y Tecnolog\u00eda; un equipamiento de nueva generaci\u00f3n dise\u00f1ado para albergar y promover proyectos creativos y emprendedores. Un lugar para investigar, aprender, probar, contar, pasear, compartir. Un espacio reservado para la cultura contempor\u00e1nea. Un espacio abierto a todos los\u2026","rel":"","context":"Entrada similar","block_context":{"text":"Entrada similar","link":""},"img":{"alt_text":"","src":"https:\/\/i0.wp.com\/zaragoza.wordcamp.org\/2018\/files\/2017\/12\/etopia-1.jpg?fit=1200%2C800&ssl=1&resize=350%2C200","width":350,"height":200,"srcset":"https:\/\/i0.wp.com\/zaragoza.wordcamp.org\/2018\/files\/2017\/12\/etopia-1.jpg?fit=1200%2C800&ssl=1&resize=350%2C200 1x, https:\/\/i0.wp.com\/zaragoza.wordcamp.org\/2018\/files\/2017\/12\/etopia-1.jpg?fit=1200%2C800&ssl=1&resize=525%2C300 1.5x, https:\/\/i0.wp.com\/zaragoza.wordcamp.org\/2018\/files\/2017\/12\/etopia-1.jpg?fit=1200%2C800&ssl=1&resize=700%2C400 2x, https:\/\/i0.wp.com\/zaragoza.wordcamp.org\/2018\/files\/2017\/12\/etopia-1.jpg?fit=1200%2C800&ssl=1&resize=1050%2C600 3x"},"classes":[]}],"jetpack_shortlink":"https:\/\/wp.me\/PheMyu-c","_links":{"self":[{"href":"https:\/\/zaragoza.wordcamp.org\/2018\/wp-json\/wp\/v2\/pages\/12","targetHints":{"allow":["GET"]}}],"collection":[{"href":"https:\/\/zaragoza.wordcamp.org\/2018\/wp-json\/wp\/v2\/pages"}],"about":[{"href":"https:\/\/zaragoza.wordcamp.org\/2018\/wp-json\/wp\/v2\/types\/page"}],"author":[{"embeddable":true,"href":"https:\/\/zaragoza.wordcamp.org\/2018\/wp-json\/wp\/v2\/users\/6642423"}],"replies":[{"embeddable":true,"href":"https:\/\/zaragoza.wordcamp.org\/2018\/wp-json\/wp\/v2\/comments?post=12"}],"version-history":[{"count":4,"href":"https:\/\/zaragoza.wordcamp.org\/2018\/wp-json\/wp\/v2\/pages\/12\/revisions"}],"predecessor-version":[{"id":2588,"href":"https:\/\/zaragoza.wordcamp.org\/2018\/wp-json\/wp\/v2\/pages\/12\/revisions\/2588"}],"wp:attachment":[{"href":"https:\/\/zaragoza.wordcamp.org\/2018\/wp-json\/wp\/v2\/media?parent=12"}],"curies":[{"name":"wp","href":"https:\/\/api.w.org\/{rel}","templated":true}]}}