{"id":11,"date":"2017-08-11T09:17:38","date_gmt":"2017-08-11T09:17:38","guid":{"rendered":"https:\/\/2018.zaragoza.wordcamp.org\/location\/"},"modified":"2017-12-11T23:33:11","modified_gmt":"2017-12-11T22:33:11","slug":"ubicacion","status":"publish","type":"page","link":"https:\/\/zaragoza.wordcamp.org\/2018\/ubicacion\/","title":{"rendered":"Ubicaci\u00f3n: ETOPIA"},"content":{"rendered":"<p>El lugar elegido para WordCamp Zaragoza 2018 es <strong>ETOPIA Centro de Arte y Tecnolog\u00eda<\/strong>; un equipamiento de nueva generaci\u00f3n dise\u00f1ado para albergar y promover proyectos creativos y emprendedores.<\/p>\n<p>Un lugar para <em>investigar, aprender, probar, contar, pasear, compartir<\/em>. Un espacio reservado para la cultura contempor\u00e1nea. Un espacio abierto a todos los ciudadanos, a todas las empresas, a todos los creadores interesados en desarrollar, explorar y compartir nuevas ideas. Un lugar de encuentro permanente, organizado o casual, entre personas creativas: <strong>un verdadero ecosistema de innovaci\u00f3n<\/strong>.<\/p>\n<p><strong>El lugar ideal para una celebrar una WordCamp.<\/strong><\/p>\n<h2>\u00bfD\u00f3nde se ubica ETOPIA?<\/h2>\n<p>El edificio ETOPIA se encuentra a cinco minutos andando de la Estaci\u00f3n del AVE \u2014 conectada directamente a trav\u00e9s de una pasarela \u2014 en plena puerta de entrada a Zaragoza a trav\u00e9s de la autopista A-68.<\/p>\n<p>Se ubica en el punto de intersecci\u00f3n de dos de los ejes urbanos con m\u00e1s capacidad de atracci\u00f3n cultural y empresarial: el Parque Empresarial Expo (zona de la Exposici\u00f3n Internacional que tuvo lugar en Zaragoza, en 2008), que incluye el Pabell\u00f3n Puente, la Torre del Agua, el Instituto de Investigaci\u00f3n de Cambio Clim\u00e1tico, el Acuario Fluvial y el Parque Metropolitano del Agua \u00abLuis Bu\u00f1uel\u00bb.<\/p>\n<div class=\"googlemaps\">\n\t\t\t\t<iframe loading=\"lazy\" width=\"800\" height=\"600\" frameborder=\"0\" scrolling=\"no\" marginheight=\"0\" marginwidth=\"0\"  src=\"https:\/\/www.google.com\/maps\/embed?pb=!1m18!1m12!1m3!1d2980.833986087112!2d-0.9093224845657607!3d41.65932877924006!2m3!1f0!2f0!3f0!3m2!1i1024!2i768!4f13.1!3m3!1m2!1s0xd596b4aded0f4d1:0x12f8c30f1a51a61f!2sETOPIA%20Centro%20de%20Arte%20y%20Tecnolog\u00eda!5e0!3m2!1ses!2ses!4v1509961555755\"><\/iframe>\n\t\t\t<\/div>\n<h2><strong>\u00bfC\u00f3mo llegar a ETOPIA?<\/strong><\/h2>\n<p>El edificio garantiza la m\u00e1xima accesibilidad a trav\u00e9s del AVE (con el centro de Madrid y Barcelona a menos de una hora y media), entrada a la ciudad por la Z-40, ferrocarril de cercan\u00edas, estaci\u00f3n central de autobuses interurbanos, carril bici y lineas circulares de autob\u00fas urbano.<\/p>\n<h3>C\u00f3mo llegar hasta Zaragoza<\/h3>\n<p>Lo m\u00e1s efectivo es usar el transporte colectivo. Zaragoza cuenta con numerosas comunicaciones a trav\u00e9s de tren, bus y avi\u00f3n.<\/p>\n<ul>\n<li>En bus: Consulta la web de <a href=\"https:\/\/www.alsa.es\/\" target=\"_blank\" rel=\"noopener\">Alsa<\/a> o, si lo necesitas, la web de compa\u00f1\u00edas de bus interurbano que operan desde-hasta Zaragoza en la web de la <a href=\"https:\/\/www.estacion-zaragoza.es\/info_gral\/lineas_regulares\" target=\"_blank\" rel=\"noopener\">Estaci\u00f3n Intermodal de Zaragoza<\/a><\/li>\n<li>En tren: Consulta la web de <a href=\"http:\/\/www.renfe.com\/\" target=\"_blank\" rel=\"noopener\">Renfe<\/a><\/li>\n<li>En avi\u00f3n: Consulta la web de de <a href=\"http:\/\/www.aena.es\/es\/aeropuerto-zaragoza\/destinos-aeropuerto.html\" target=\"_blank\" rel=\"noopener\">Aena<\/a><\/li>\n<\/ul>\n<h3>L\u00edneas de bus urbano:<\/h3>\n<p><img data-recalc-dims=\"1\" loading=\"lazy\" decoding=\"async\" class=\"lineabus\" src=\"https:\/\/i0.wp.com\/2018.zaragoza.wordcamp.org\/files\/2017\/08\/bus-Ci2.png?resize=70%2C27&#038;ssl=1\" alt=\"\" width=\"70\" height=\"27\" \/> <span class=\"lineabus\">Desde Mar\u00eda Zambrano &#8211; GranCasa <a title=\"C\u00f3mo ir de GranCasa a Etopia, Zaragoza\" href=\"https:\/\/goo.gl\/maps\/cJnuj3b6Le72\" target=\"_blank\" rel=\"noopener\">\u2192<\/a><\/span><\/p>\n<p><img data-recalc-dims=\"1\" loading=\"lazy\" decoding=\"async\" class=\"lineabus\" src=\"https:\/\/i0.wp.com\/2018.zaragoza.wordcamp.org\/files\/2017\/08\/bus-34.png?resize=70%2C27&#038;ssl=1\" alt=\"\" width=\"70\" height=\"27\" \/> <span class=\"lineabus\">Desde Plaza Espa\u00f1a <a title=\"C\u00f3mo ir de Plaza Espa\u00f1a a Etopia, Zaragoza\" href=\"https:\/\/goo.gl\/maps\/6AGEkpgcNSt\" target=\"_blank\" rel=\"noopener\">\u2192<\/a><\/span><\/p>\n<p><img data-recalc-dims=\"1\" loading=\"lazy\" decoding=\"async\" src=\"https:\/\/i0.wp.com\/2018.zaragoza.wordcamp.org\/files\/2017\/08\/bus-51.png?resize=70%2C27&#038;ssl=1\" alt=\"\" width=\"70\" height=\"27\" \/> <span class=\"lineabus\">Desde Plaza Arag\u00f3n \/ Puerta del Carmen <a title=\"C\u00f3mo ir de Plaza Arag\u00f3n a Etopia, Zaragoza\" href=\"https:\/\/goo.gl\/maps\/haqRLSLzyjH2\" target=\"_blank\" rel=\"noopener\">\u2192<\/a><\/span><\/p>\n<p>Puedes consultar m\u00e1s informaci\u00f3n en la web de <a href=\"http:\/\/zaragoza.avanzagrupo.com\/\" target=\"_blank\" rel=\"noopener\">Avanza<\/a>, empresa que gestiona los autobuses urbanos de Zaragoza.<\/p>\n<h3>Servicio BiZi<\/h3>\n<p>En Zaragoza, como en muchos otras ciudades espa\u00f1oles, existe un servicio municipal de alquiler de bicicletas llamado Bizi. Puedes adquirir, por ejemplo, un bono temporal de 3 d\u00edas.<\/p>\n<p>Consulta m\u00e1s informaci\u00f3n en la web oficial de <a href=\"https:\/\/www.bizizaragoza.com\/es\/content\/abono-temporal-0\" target=\"_blank\" rel=\"noopener\">Bizi<\/a>.<\/p>\n<p><img data-recalc-dims=\"1\" loading=\"lazy\" decoding=\"async\" data-attachment-id=\"264\" data-permalink=\"https:\/\/zaragoza.wordcamp.org\/2018\/ubicacion\/barrio-del-ave\/\" data-orig-file=\"https:\/\/i0.wp.com\/zaragoza.wordcamp.org\/2018\/files\/2017\/08\/barrio-del-ave.jpg?fit=1200%2C700&amp;ssl=1\" data-orig-size=\"1200,700\" data-comments-opened=\"0\" data-image-meta=\"{&quot;aperture&quot;:&quot;0&quot;,&quot;credit&quot;:&quot;&quot;,&quot;camera&quot;:&quot;&quot;,&quot;caption&quot;:&quot;&quot;,&quot;created_timestamp&quot;:&quot;0&quot;,&quot;copyright&quot;:&quot;&quot;,&quot;focal_length&quot;:&quot;0&quot;,&quot;iso&quot;:&quot;0&quot;,&quot;shutter_speed&quot;:&quot;0&quot;,&quot;title&quot;:&quot;&quot;,&quot;orientation&quot;:&quot;0&quot;}\" data-image-title=\"Barrio del AVE: Zaragoza\" data-image-description=\"\" data-image-caption=\"\" data-large-file=\"https:\/\/i0.wp.com\/zaragoza.wordcamp.org\/2018\/files\/2017\/08\/barrio-del-ave.jpg?fit=840%2C490&amp;ssl=1\" class=\"alignnone size-full wp-image-264\" src=\"https:\/\/i0.wp.com\/2018.zaragoza.wordcamp.org\/files\/2017\/08\/barrio-del-ave.jpg?resize=840%2C490&#038;ssl=1\" alt=\"\" width=\"840\" height=\"490\" srcset=\"https:\/\/i0.wp.com\/zaragoza.wordcamp.org\/2018\/files\/2017\/08\/barrio-del-ave.jpg?w=1200&amp;ssl=1 1200w, https:\/\/i0.wp.com\/zaragoza.wordcamp.org\/2018\/files\/2017\/08\/barrio-del-ave.jpg?resize=300%2C175&amp;ssl=1 300w, https:\/\/i0.wp.com\/zaragoza.wordcamp.org\/2018\/files\/2017\/08\/barrio-del-ave.jpg?resize=768%2C448&amp;ssl=1 768w, https:\/\/i0.wp.com\/zaragoza.wordcamp.org\/2018\/files\/2017\/08\/barrio-del-ave.jpg?resize=1024%2C597&amp;ssl=1 1024w, https:\/\/i0.wp.com\/zaragoza.wordcamp.org\/2018\/files\/2017\/08\/barrio-del-ave.jpg?resize=500%2C292&amp;ssl=1 500w\" sizes=\"auto, (max-width: 709px) 85vw, (max-width: 909px) 67vw, (max-width: 1362px) 62vw, 840px\" \/><\/p>\n","protected":false},"excerpt":{"rendered":"<p>El lugar elegido para WordCamp Zaragoza 2018 es ETOPIA Centro de Arte y Tecnolog\u00eda; un equipamiento de nueva generaci\u00f3n dise\u00f1ado para albergar y promover proyectos creativos y emprendedores. Un lugar para investigar, aprender, probar, contar, pasear, compartir. Un espacio reservado para la cultura contempor\u00e1nea. Un espacio abierto a todos los ciudadanos, a todas las empresas, &hellip; <a href=\"https:\/\/zaragoza.wordcamp.org\/2018\/ubicacion\/\" class=\"more-link\">Continuar leyendo<span class=\"screen-reader-text\"> \u00abUbicaci\u00f3n: ETOPIA\u00bb<\/span><\/a><\/p>\n","protected":false},"author":6642423,"featured_media":1421,"parent":0,"menu_order":0,"comment_status":"closed","ping_status":"closed","template":"","meta":{"_crdt_document":"","footnotes":""},"class_list":["post-11","page","type-page","status-publish","has-post-thumbnail","hentry"],"jetpack_sharing_enabled":true,"jetpack_likes_enabled":true,"jetpack-related-posts":[{"id":13,"url":"https:\/\/zaragoza.wordcamp.org\/2018\/compra-tu-entrada\/","url_meta":{"origin":11,"position":0},"title":"Compra tu entrada","author":"Alejandro Gil Mialdea","date":"26\/11\/2017","format":false,"excerpt":"Actualizaci\u00f3n 08\/01\/2018 TODAS LAS ENTRADAS AGOTADAS \u00a1Ya est\u00e1n disponibles las entradas para la primera WordCamp Zaragoza en 2018! IMPORTANTE: Las entradas son personales e intransferibles. Si por alguna raz\u00f3n no puedes asistir al evento, puedes solicitar el reembolso hasta el d\u00eda 6 de enero de 2018 o avisarnos y pondremos\u2026","rel":"","context":"Entrada similar","block_context":{"text":"Entrada similar","link":""},"img":{"alt_text":"","src":"https:\/\/i0.wp.com\/zaragoza.wordcamp.org\/2018\/files\/2017\/12\/cropped-wczgz18-favicon.png?fit=512%2C512&resize=350%2C200#038;ssl=1","width":350,"height":200},"classes":[]},{"id":19,"url":"https:\/\/zaragoza.wordcamp.org\/2018\/codigo-de-conducta\/","url_meta":{"origin":11,"position":1},"title":"C\u00f3digo de conducta","author":"Alejandro Gil Mialdea","date":"11\/08\/2017","format":false,"excerpt":"PROP\u00d3SITO WordCamp Zaragoza cree en una comunidad abierta a todo el mundo. Como tal, estamos comprometidos a proporcionar un ambiente amigable, seguro y acogedor para todos; independientemente de su sexo, orientaci\u00f3n sexual, discapacidad, etnia, religi\u00f3n, sistema operativo preferido, lenguaje de programaci\u00f3n o editor de texto. Este c\u00f3digo de conducta resume\u2026","rel":"","context":"Entrada similar","block_context":{"text":"Entrada similar","link":""},"img":{"alt_text":"","src":"https:\/\/i0.wp.com\/zaragoza.wordcamp.org\/2018\/files\/2017\/12\/cropped-wczgz18-favicon.png?fit=512%2C512&resize=350%2C200#038;ssl=1","width":350,"height":200},"classes":[]},{"id":17,"url":"https:\/\/zaragoza.wordcamp.org\/2018\/contacta\/","url_meta":{"origin":11,"position":2},"title":"Contacta","author":"Alejandro Gil Mialdea","date":"11\/08\/2017","format":false,"excerpt":"\u00bfQuieres contarnos o proponernos algo interesante para la WordCamp? Puedes contactar con nosotros: A trav\u00e9s de Twitter @zaragozawp o usando el siguiente formulario:","rel":"","context":"Entrada similar","block_context":{"text":"Entrada similar","link":""},"img":{"alt_text":"","src":"https:\/\/i0.wp.com\/zaragoza.wordcamp.org\/2018\/files\/2017\/12\/cropped-wczgz18-favicon.png?fit=512%2C512&resize=350%2C200#038;ssl=1","width":350,"height":200},"classes":[]},{"id":1462,"url":"https:\/\/zaragoza.wordcamp.org\/2018\/voluntarios\/","url_meta":{"origin":11,"position":3},"title":"Voluntarios","author":"jjpeleato","date":"13\/12\/2017","format":false,"excerpt":"Ver lista Voluntari@s de Twitter Alfredo Piqueras Me llamo Alfredo Piqueras y trabajo como aut\u00f3nomo desde 2006 en mi proyecto personal, Espacio Creativo. Me dedico fundamentalmente al desarrollo de p\u00e1ginas web y trabajos de imagen corporativa. Y ahora apostando fuerte por el Marketing on-line y la fotograf\u00eda, a no parar\u2026","rel":"","context":"Entrada similar","block_context":{"text":"Entrada similar","link":""},"img":{"alt_text":"","src":"https:\/\/i0.wp.com\/zaragoza.wordcamp.org\/2018\/files\/2017\/12\/cropped-wczgz18-favicon.png?fit=512%2C512&resize=350%2C200#038;ssl=1","width":350,"height":200},"classes":[]},{"id":8,"url":"https:\/\/zaragoza.wordcamp.org\/2018\/ponentes\/","url_meta":{"origin":11,"position":4},"title":"Ponentes","author":"jjpeleato","date":"11\/08\/2017","format":false,"excerpt":"","rel":"","context":"Entrada similar","block_context":{"text":"Entrada similar","link":""},"img":{"alt_text":"","src":"https:\/\/i0.wp.com\/zaragoza.wordcamp.org\/2018\/files\/2017\/12\/cropped-wczgz18-favicon.png?fit=512%2C512&resize=350%2C200#038;ssl=1","width":350,"height":200},"classes":[]},{"id":10,"url":"https:\/\/zaragoza.wordcamp.org\/2018\/patrocinadores\/","url_meta":{"origin":11,"position":5},"title":"Patrocinadores","author":"Alejandro Gil Mialdea","date":"11\/08\/2017","format":false,"excerpt":"","rel":"","context":"Entrada similar","block_context":{"text":"Entrada similar","link":""},"img":{"alt_text":"","src":"https:\/\/i0.wp.com\/zaragoza.wordcamp.org\/2018\/files\/2017\/12\/cropped-wczgz18-favicon.png?fit=512%2C512&resize=350%2C200#038;ssl=1","width":350,"height":200},"classes":[]}],"jetpack_shortlink":"https:\/\/wp.me\/PheMyu-b","_links":{"self":[{"href":"https:\/\/zaragoza.wordcamp.org\/2018\/wp-json\/wp\/v2\/pages\/11","targetHints":{"allow":["GET"]}}],"collection":[{"href":"https:\/\/zaragoza.wordcamp.org\/2018\/wp-json\/wp\/v2\/pages"}],"about":[{"href":"https:\/\/zaragoza.wordcamp.org\/2018\/wp-json\/wp\/v2\/types\/page"}],"author":[{"embeddable":true,"href":"https:\/\/zaragoza.wordcamp.org\/2018\/wp-json\/wp\/v2\/users\/6642423"}],"replies":[{"embeddable":true,"href":"https:\/\/zaragoza.wordcamp.org\/2018\/wp-json\/wp\/v2\/comments?post=11"}],"version-history":[{"count":18,"href":"https:\/\/zaragoza.wordcamp.org\/2018\/wp-json\/wp\/v2\/pages\/11\/revisions"}],"predecessor-version":[{"id":405,"href":"https:\/\/zaragoza.wordcamp.org\/2018\/wp-json\/wp\/v2\/pages\/11\/revisions\/405"}],"wp:featuredmedia":[{"embeddable":true,"href":"https:\/\/zaragoza.wordcamp.org\/2018\/wp-json\/wp\/v2\/media\/1421"}],"wp:attachment":[{"href":"https:\/\/zaragoza.wordcamp.org\/2018\/wp-json\/wp\/v2\/media?parent=11"}],"curies":[{"name":"wp","href":"https:\/\/api.w.org\/{rel}","templated":true}]}}